{"id":32462,"date":"2026-04-15T15:30:22","date_gmt":"2026-04-15T12:30:22","guid":{"rendered":"https:\/\/www.smilehairclinic.com\/misyon-ve-vizyon\/"},"modified":"2026-04-15T16:02:39","modified_gmt":"2026-04-15T13:02:39","slug":"uppdrag-och-vision","status":"publish","type":"page","link":"https:\/\/www.smilehairclinic.com\/sv\/uppdrag-och-vision\/","title":{"rendered":"Uppdrag och Vision"},"content":{"rendered":"<p data-start=\"33\" data-end=\"44\"><strong data-start=\"33\" data-end=\"44\">Mission<\/strong><\/p>\n<p data-start=\"46\" data-end=\"740\">V\u00e5r mission p\u00e5 Smile Hair Clinic \u00e4r att erbjuda p\u00e5litliga, innovativa och h\u00f6gkvalitativa l\u00f6sningar f\u00f6r h\u00e5rtransplantation till v\u00e5ra patienter. Inom ramen f\u00f6r etiska och professionella v\u00e4rderingar str\u00e4var vi efter att \u00f6vertr\u00e4ffa v\u00e5ra patienters f\u00f6rv\u00e4ntningar genom skr\u00e4ddarsydda metoder. Genom att noggrant f\u00f6lja teknologiska framsteg till\u00e4mpar vi de mest effektiva behandlingsmetoderna och \u00f6kar kompetensen hos v\u00e5rt expertteam genom kontinuerlig utbildning. V\u00e5rt fokus \u00e4r att erbjuda en s\u00e4ker, bekv\u00e4m och transparent serviceupplevelse med h\u00f6g kvalitet och patientn\u00f6jdhet i centrum. V\u00e5rt m\u00e5l \u00e4r att f\u00f6rb\u00e4ttra v\u00e5ra patienters livskvalitet och vinna deras f\u00f6rtroende genom de tj\u00e4nster vi erbjuder.<\/p>\n<p data-start=\"742\" data-end=\"752\"><strong data-start=\"742\" data-end=\"752\">Vision<\/strong><\/p>\n<p data-start=\"754\" data-end=\"1629\" data-is-last-node=\"\" data-is-only-node=\"\">V\u00e5r vision p\u00e5 Smile Hair Clinic \u00e4r att bli v\u00e4rldens b\u00e4sta klinik f\u00f6r h\u00e5rtransplantation. I denna str\u00e4van erbjuder vi innovativa och h\u00f6gkvalitativa h\u00e4lsov\u00e5rdstj\u00e4nster till v\u00e5ra patienter. Genom att vara trogna True\u2122-filosofins principer s\u00e4tter vi m\u00e4nniskors h\u00e4lsa och lycka i centrum f\u00f6r allt vi g\u00f6r. N\u00e4r vi v\u00e4ljer v\u00e5ra anst\u00e4llda prioriterar vi experter med erfarenhet och kompetens, och vi st\u00f6djer deras kontinuerliga utveckling och motivation. Genom att anv\u00e4nda den senaste teknologin och innovativa metoder bibeh\u00e5ller vi v\u00e5rt ledarskap i branschen. Genom att prioritera s\u00e4kerheten f\u00f6r b\u00e5de patienter och personal erbjuder vi en s\u00e4ker och bekv\u00e4m behandlingsprocess. Genom att agera med samh\u00e4llsansvar str\u00e4var vi efter att bidra positivt till samh\u00e4llet och milj\u00f6n. Genom att v\u00e4xa globalt str\u00e4var vi efter att bli en internationellt erk\u00e4nd och refererad h\u00e4lsov\u00e5rdsinstitution.<\/p>\n","protected":false},"excerpt":{"rendered":"<p>Mission V\u00e5r mission p\u00e5 Smile Hair Clinic \u00e4r att erbjuda p\u00e5litliga, innovativa och h\u00f6gkvalitativa l\u00f6sningar f\u00f6r h\u00e5rtransplantation till v\u00e5ra patienter. Inom ramen f\u00f6r etiska och professionella v\u00e4rderingar str\u00e4var vi efter att \u00f6vertr\u00e4ffa v\u00e5ra patienters f\u00f6rv\u00e4ntningar genom skr\u00e4ddarsydda metoder. Genom att noggrant f\u00f6lja teknologiska framsteg till\u00e4mpar vi de mest effektiva behandlingsmetoderna och \u00f6kar kompetensen hos v\u00e5rt [&hellip;]<\/p>\n","protected":false},"author":1,"featured_media":32543,"parent":0,"menu_order":0,"comment_status":"closed","ping_status":"closed","template":"","meta":{"footnotes":""},"class_list":["post-32462","page","type-page","status-publish","has-post-thumbnail","hentry"],"_links":{"self":[{"href":"https:\/\/www.smilehairclinic.com\/sv\/wp-json\/wp\/v2\/pages\/32462","targetHints":{"allow":["GET"]}}],"collection":[{"href":"https:\/\/www.smilehairclinic.com\/sv\/wp-json\/wp\/v2\/pages"}],"about":[{"href":"https:\/\/www.smilehairclinic.com\/sv\/wp-json\/wp\/v2\/types\/page"}],"author":[{"embeddable":true,"href":"https:\/\/www.smilehairclinic.com\/sv\/wp-json\/wp\/v2\/users\/1"}],"replies":[{"embeddable":true,"href":"https:\/\/www.smilehairclinic.com\/sv\/wp-json\/wp\/v2\/comments?post=32462"}],"version-history":[{"count":2,"href":"https:\/\/www.smilehairclinic.com\/sv\/wp-json\/wp\/v2\/pages\/32462\/revisions"}],"predecessor-version":[{"id":32489,"href":"https:\/\/www.smilehairclinic.com\/sv\/wp-json\/wp\/v2\/pages\/32462\/revisions\/32489"}],"wp:featuredmedia":[{"embeddable":true,"href":"https:\/\/www.smilehairclinic.com\/sv\/wp-json\/wp\/v2\/media\/32543"}],"wp:attachment":[{"href":"https:\/\/www.smilehairclinic.com\/sv\/wp-json\/wp\/v2\/media?parent=32462"}],"curies":[{"name":"wp","href":"https:\/\/api.w.org\/{rel}","templated":true}]}}