{"id":25874,"date":"2025-03-07T12:05:06","date_gmt":"2025-03-07T09:05:06","guid":{"rendered":"https:\/\/www.smilehairclinic.com\/genel\/"},"modified":"2025-11-11T14:48:26","modified_gmt":"2025-11-11T11:48:26","slug":"allman","status":"publish","type":"page","link":"https:\/\/www.smilehairclinic.com\/sv\/allman\/","title":{"rendered":"Allm\u00e4n"},"content":{"rendered":"\n<h2 class=\"wp-block-heading\">Allm\u00e4n<\/h2>\n\n\n<div id=\"rank-math-faq\" class=\"rank-math-block\">\n<div class=\"rank-math-list \">\n<div id=\"faq-question-1762505004917\" class=\"rank-math-list-item\">\n<h3 class=\"rank-math-question \">H\u00e5lls h\u00e5rtransplantationskirurgi hemlig och s\u00e4ker?<\/h3>\n<div class=\"rank-math-answer \">\n\n<p>Ja! Enligt turkisk lag finns det mycket strikta regler om patientsekretess. Inga bilder f\u00f6re eller efter operationen f\u00e5r delas p\u00e5 sociala medier eller webbplatser utan patientens tillst\u00e5nd.<\/p>\n\n<\/div>\n<\/div>\n<div id=\"faq-question-1762505013244\" class=\"rank-math-list-item\">\n<h3 class=\"rank-math-question \">Varf\u00f6r b\u00f6r man f\u00f6redra T\u00fcrkiye f\u00f6r h\u00e5rtransplantation?<\/h3>\n<div class=\"rank-math-answer \">\n\n<p>Turkiet ligger vid sk\u00e4rningspunkten mellan Asien och Europa och \u00e4r ett stort centrum f\u00f6r medicinsk turism. B\u00e5de h\u00f6gkvalitativ service och rimliga priser g\u00f6r Turkiet attraktivt f\u00f6r patienter som vill genomg\u00e5 h\u00e5rtransplantation.<\/p>\n\n<\/div>\n<\/div>\n<div id=\"faq-question-1762505018910\" class=\"rank-math-list-item\">\n<h3 class=\"rank-math-question \">Varf\u00f6r \u00e4r h\u00e5rtransplantation billigt i Turkiet?<\/h3>\n<div class=\"rank-math-answer \">\n\n<p>Turkiet har under de senaste 10 \u00e5ren blivit ett av de ledande l\u00e4nderna inom h\u00e5rtransplantation. Den \u00f6kande konkurrensen har, under marknadsekonomins villkor, lett till l\u00e4gre priser. Detta inneb\u00e4r inte att kvaliteten kompromissas; erfarna kliniker erbjuder tj\u00e4nster till tusentals patienter fr\u00e5n hela v\u00e4rlden.<\/p>\n\n<\/div>\n<\/div>\n<div id=\"faq-question-1762505025568\" class=\"rank-math-list-item\">\n<h3 class=\"rank-math-question \">Varf\u00f6r \u00e4r framg\u00e5ngsgraden h\u00f6gre vid FUE-h\u00e5rtransplantation?<\/h3>\n<div class=\"rank-math-answer \">\n\n<p>Vid FUE-metoden v\u00e4ljs och klassificeras kvalitativa grafts innan de placeras i l\u00e4mpliga omr\u00e5den. Denna planering \u00f6kar framg\u00e5ngsgraden och ger ett mer naturligt resultat.<\/p>\n\n<\/div>\n<\/div>\n<div id=\"faq-question-1762505038615\" class=\"rank-math-list-item\">\n<h3 class=\"rank-math-question \">Vem utf\u00f6r h\u00e5rtransplantation?<\/h3>\n<div class=\"rank-math-answer \">\n\n<p>H\u00e5rtransplantation utf\u00f6rs av specialistv\u00e5rdpersonal med medicinsk bakgrund. Dessa inkluderar l\u00e4kare, sjuksk\u00f6terskor, anestesitekniker, paramediker och operationsrumspersonal.<\/p>\n\n<\/div>\n<\/div>\n<div id=\"faq-question-1762505043648\" class=\"rank-math-list-item\">\n<h3 class=\"rank-math-question \">Vilka \u00e4r patienterna p\u00e5 Smile Hair Clinic?<\/h3>\n<div class=\"rank-math-answer \">\n\n<p>Personer fr\u00e5n hela v\u00e4rlden som vill g\u00f6ra h\u00e5rtransplantation \u00e4r v\u00e5ra patienter. F\u00f6r n\u00e4rvarande kommer 90\u202f% av v\u00e5ra patienter fr\u00e5n Storbritannien och Irland. Vi f\u00e5r ocks\u00e5 stor efterfr\u00e5gan fr\u00e5n USA, Kanada och andra europeiska l\u00e4nder.<\/p>\n\n<\/div>\n<\/div>\n<div id=\"faq-question-1762505054578\" class=\"rank-math-list-item\">\n<h3 class=\"rank-math-question \">Vilken \u00e4r den b\u00e4sta h\u00e5rtransplantationstekniken?<\/h3>\n<div class=\"rank-math-answer \">\n\n<p>Valet av teknik best\u00e4ms utifr\u00e5n patientens behov. P\u00e5 v\u00e5r klinik anv\u00e4nds DHI- och Sapphire FUE-metoderna. H\u00e5rs\u00e4ckarna tas med FUE-metoden och implanteras sedan med antingen DHI eller Sapphire-bladmetoden. Varje teknik erbjuder olika f\u00f6rdelar.<\/p>\n\n<\/div>\n<\/div>\n<div id=\"faq-question-1762505178974\" class=\"rank-math-list-item\">\n<h3 class=\"rank-math-question \">Vilket land \u00e4r b\u00e4st f\u00f6r h\u00e5rtransplantation?<\/h3>\n<div class=\"rank-math-answer \">\n\n<p>Under de senaste 10 \u00e5ren har Istanbul setts som v\u00e4rldens huvudstad f\u00f6r h\u00e5rtransplantation. Varje \u00e5r kommer \u00f6ver en miljon personer till Istanbul f\u00f6r h\u00e5rtransplantation. J\u00e4mf\u00f6rt med Europa och USA erbjuder staden mer prisv\u00e4rda alternativ och framg\u00e5ngsrika resultat.<\/p>\n\n<\/div>\n<\/div>\n<div id=\"faq-question-1762505185502\" class=\"rank-math-list-item\">\n<h3 class=\"rank-math-question \">Vilken metod anv\u00e4nds vid sk\u00e4ggtransplantation?<\/h3>\n<div class=\"rank-math-answer \">\n\n<p>Den mest anv\u00e4nda metoden f\u00f6r sk\u00e4ggtransplantation \u00e4r FUE. FUT-tekniken har till stor del ersatts av FUE. Idag utf\u00f6rs \u00f6ver 90\u202f% av sk\u00e4ggtransplantationerna med FUE-metoden.<\/p>\n\n<\/div>\n<\/div>\n<div id=\"faq-question-1762505209496\" class=\"rank-math-list-item\">\n<h3 class=\"rank-math-question \">Vad \u00e4r Sapphire FUE-metoden?<\/h3>\n<div class=\"rank-math-answer \">\n\n<p>Sapphire FUE \u00e4r en FUE-metod d\u00e4r safirblad anv\u00e4nds f\u00f6r att \u00f6ppna kanaler under h\u00e5rtransplantationen. Det m\u00f6jligg\u00f6r mer precisa snitt.<\/p>\n\n<\/div>\n<\/div>\n<div id=\"faq-question-1762505216223\" class=\"rank-math-list-item\">\n<h3 class=\"rank-math-question \">Vad kostar en h\u00e5rtransplantation i Storbritannien?<\/h3>\n<div class=\"rank-math-answer \">\n\n<p>Priserna varierar mycket mellan olika kliniker. Enligt patienters erfarenheter b\u00f6rjar priserna ungef\u00e4r vid 4\u202f500 pund och kan g\u00e5 upp till 15\u202f000\u201320\u202f000 pund.<\/p>\n\n<\/div>\n<\/div>\n<div id=\"faq-question-1762505221510\" class=\"rank-math-list-item\">\n<h3 class=\"rank-math-question \">Vad inneb\u00e4r begr\u00e4nsat utrymme f\u00f6r donatorer?<\/h3>\n<div class=\"rank-math-answer \">\n\n<p>Begr\u00e4nsat donatoromr\u00e5de inneb\u00e4r att h\u00e5rt\u00e4theten i det omr\u00e5de d\u00e4r grafts kan tas \u00e4r otillr\u00e4cklig. Orsakerna kan vara tidigare genomf\u00f6rda operationer, stora \u00e4rr, minskad h\u00e5rt\u00e4thet i donatoromr\u00e5det eller tunna h\u00e5rstr\u00e5n.<\/p>\n\n<\/div>\n<\/div>\n<div id=\"faq-question-1762505228849\" class=\"rank-math-list-item\">\n<h3 class=\"rank-math-question \">Vad \u00e4r ISHRS-ackreditering?<\/h3>\n<div class=\"rank-math-answer \">\n\n<p>ISHRS \u00e4r den internationella f\u00f6reningen f\u00f6r h\u00e5rkirurgi. Den samlar h\u00e5rtransplantationskirurger och yrkespersoner fr\u00e5n hela v\u00e4rlden. Att en l\u00e4kare eller ett team \u00e4r medlem i ISHRS inneb\u00e4r h\u00f6ga etiska standarder och ett professionellt f\u00f6rh\u00e5llningss\u00e4tt.<\/p>\n\n<\/div>\n<\/div>\n<div id=\"faq-question-1762505231878\" class=\"rank-math-list-item\">\n<h3 class=\"rank-math-question \">Vad \u00e4r framtiden f\u00f6r h\u00e5rtransplantation eller behandling av h\u00e5ravfall?<\/h3>\n<div class=\"rank-math-answer \">\n\n<p>M\u00e5nga studier p\u00e5g\u00e5r om behandling av h\u00e5ravfall. Idag har FDA endast godk\u00e4nt tre behandlingar mot h\u00e5ravfall: Minoxidil, Finasterid och l\u00e5gintensiv laserbehandling (Triple LT). Kirurgiska metoder \u00e4r FUE och FUT.<\/p>\n\n<\/div>\n<\/div>\n<div id=\"faq-question-1762505235871\" class=\"rank-math-list-item\">\n<h3 class=\"rank-math-question \">Vad \u00e4r kanaldensiteten under h\u00e5rtransplantation?<\/h3>\n<div class=\"rank-math-answer \">\n\n<p>En bra h\u00e5rt\u00e4thet inneb\u00e4r att 40\u201360 kanaler \u00f6ppnas per cm\u00b2. 30\u201340 r\u00e4knas som medel och 20\u201330 som l\u00e5g t\u00e4thet. Att \u00f6ppna f\u00f6r m\u00e5nga kanaler kan dock skada blodk\u00e4rlen och minska graftens \u00f6verlevnad. Det viktigaste \u00e4r korrekt vinkel, r\u00e4tt djup och balanserad t\u00e4thet.<\/p>\n\n<\/div>\n<\/div>\n<div id=\"faq-question-1762505240674\" class=\"rank-math-list-item\">\n<h3 class=\"rank-math-question \">Kan h\u00e5rtransplantation g\u00f6ras med hj\u00e4lp av kroppsh\u00e5r?<\/h3>\n<div class=\"rank-math-answer \">\n\n<p>Ja. F\u00f6rutom bakhuvudet kan sk\u00e4gg och br\u00f6st anv\u00e4ndas som donatoromr\u00e5de. Vissa kliniker kan \u00e4ven ta grafts fr\u00e5n ben eller armar.<\/p>\n\n<\/div>\n<\/div>\n<div id=\"faq-question-1762505245044\" class=\"rank-math-list-item\">\n<h3 class=\"rank-math-question \">Vad \u00e4r Alopecia Areata?<\/h3>\n<div class=\"rank-math-answer \">\n\n<p>Alopecia Areata \u00e4r en autoimmun sjukdom d\u00e4r immunf\u00f6rsvaret attackerar h\u00e5rs\u00e4ckarna. Detta leder till f\u00f6rs\u00e4mring, inflammation och h\u00e5ravfall i h\u00e5rs\u00e4ckarna.<\/p>\n\n<\/div>\n<\/div>\n<div id=\"faq-question-1762505252490\" class=\"rank-math-list-item\">\n<h3 class=\"rank-math-question \">Vad \u00e4r sk\u00e4ggtransplantation?<\/h3>\n<div class=\"rank-math-answer \">\n\n<p>Sk\u00e4ggtransplantation inneb\u00e4r att h\u00e5rs\u00e4ckar tas fr\u00e5n donatoromr\u00e5det och transplanteras till ansiktet. Inom n\u00e5gra m\u00e5nader anpassar sig de transplanterade h\u00e5rstr\u00e5na till ansiktsomr\u00e5det. F\u00f6r ett naturligt utseende b\u00f6r endast enskilda h\u00e5rs\u00e4ckar anv\u00e4ndas.<\/p>\n\n<\/div>\n<\/div>\n<div id=\"faq-question-1762505255712\" class=\"rank-math-list-item\">\n<h3 class=\"rank-math-question \">Vad kan man g\u00f6ra med befintligt h\u00e5r?<\/h3>\n<div class=\"rank-math-answer \">\n\n<p>Under operationen \u00e4r m\u00e5let att bevara det befintliga h\u00e5ret. Detta ger en f\u00f6rdel om en andra operation skulle beh\u00f6vas i framtiden. Med hj\u00e4lp av f\u00f6rstoringsglas identifieras det befintliga h\u00e5ret och ingreppet planeras utan att skada det.<\/p>\n\n<\/div>\n<\/div>\n<div id=\"faq-question-1762505263154\" class=\"rank-math-list-item\">\n<h3 class=\"rank-math-question \">Vilka \u00e4r orsakerna till h\u00e5ravfall hos m\u00e4n?<\/h3>\n<div class=\"rank-math-answer \">\n\n<p>Den vanligaste orsaken \u00e4r manligt h\u00e5ravfall. \u00c4ven alopecia areata, h\u00e5rf\u00f6rlust p\u00e5 grund av \u00e4rrv\u00e4vnad, kroniska sjukdomar och vissa mediciner kan orsaka h\u00e5ravfall.<\/p>\n\n<\/div>\n<\/div>\n<div id=\"faq-question-1762505265641\" class=\"rank-math-list-item\">\n<h3 class=\"rank-math-question \">Finns det n\u00e5gra andra behandlingsalternativ f\u00f6rutom h\u00e5rtransplantation?<\/h3>\n<div class=\"rank-math-answer \">\n\n<p>Beroende p\u00e5 graden av h\u00e5ravfall kan medicinska behandlingar till\u00e4mpas. Vid manligt h\u00e5ravfall kan minoxidil och finasterid anv\u00e4ndas. Vid autoimmuna sjukdomar kan andra behandlingsprotokoll kr\u00e4vas. Efter kemoterapi m\u00e5ste man v\u00e4nta p\u00e5 att h\u00e5ret \u00e5terh\u00e4mtar sig.<\/p>\n\n<\/div>\n<\/div>\n<div id=\"faq-question-1762505270466\" class=\"rank-math-list-item\">\n<h3 class=\"rank-math-question \">Arbetar personalen heltid?<\/h3>\n<div class=\"rank-math-answer \">\n\n<p>P\u00e5 Smile Hair Clinic arbetar hela teamet heltid. Eftersom l\u00e4kare och kirurgiska team arbetar i samma system s\u00e4kerst\u00e4lls samordning och standardiserad kvalitet vid operationerna.<\/p>\n\n<\/div>\n<\/div>\n<div id=\"faq-question-1762505278298\" class=\"rank-math-list-item\">\n<h3 class=\"rank-math-question \">Finns det en icke-kirurgisk h\u00e5rtransplantation?<\/h3>\n<div class=\"rank-math-answer \">\n\n<p>Nej. H\u00e5rtransplantation utf\u00f6rs endast med kirurgiska metoder.<\/p>\n\n<\/div>\n<\/div>\n<div id=\"faq-question-1762505283164\" class=\"rank-math-list-item\">\n<h3 class=\"rank-math-question \">\u00c4r h\u00e5rtransplantation en enkel procedur?<\/h3>\n<div class=\"rank-math-answer \">\n\n<p>Den viktigaste faktorn f\u00f6r framg\u00e5ng \u00e4r korrekt planering och f\u00f6rberedelse. N\u00e4r patienten bed\u00f6ms p\u00e5 ett l\u00e4mpligt s\u00e4tt \u00f6kar framg\u00e5ngsgraden.<\/p>\n\n<\/div>\n<\/div>\n<div id=\"faq-question-1762505287635\" class=\"rank-math-list-item\">\n<h3 class=\"rank-math-question \">\u00c4r roboth\u00e5rtransplantation det b\u00e4sta alternativet?<\/h3>\n<div class=\"rank-math-answer \">\n\n<p>Det finns ingen enskild b\u00e4sta metod f\u00f6r alla patienter. Robot-, FUE- eller FUT-metoder v\u00e4ljs utifr\u00e5n patientens behov. Ett erfaret team kan uppn\u00e5 samma framg\u00e5ng med klassisk FUE.<\/p>\n\n<\/div>\n<\/div>\n<div id=\"faq-question-1762505290148\" class=\"rank-math-list-item\">\n<h3 class=\"rank-math-question \">Jag har gjort en h\u00e5rtransplantation tidigare och \u00e4r inte n\u00f6jd, kan det g\u00f6ras igen?<\/h3>\n<div class=\"rank-math-answer \">\n\n<p>Ja. Denna procedur kallas revisionsh\u00e5rtransplantation. Den anv\u00e4nds f\u00f6r patienter som har opererats p\u00e5 andra kliniker men inte \u00e4r n\u00f6jda med resultatet. Den kr\u00e4ver noggrann planering och ett erfaret team.<\/p>\n\n<\/div>\n<\/div>\n<div id=\"faq-question-1762505297723\" class=\"rank-math-list-item\">\n<h3 class=\"rank-math-question \">Hur fungerar h\u00e5rtransplantation?<\/h3>\n<div class=\"rank-math-answer \">\n\n<p>Enkelt uttryckt tas h\u00e5rs\u00e4ckar fr\u00e5n donatoromr\u00e5det och transplanteras till de kala omr\u00e5dena.<\/p>\n\n<\/div>\n<\/div>\n<div id=\"faq-question-1762505308781\" class=\"rank-math-list-item\">\n<h3 class=\"rank-math-question \">Hur kan jag stoppa h\u00e5ravfall?<\/h3>\n<div class=\"rank-math-answer \">\n\n<p>F\u00f6rst b\u00f6r en bed\u00f6mning g\u00f6ras av en dermatolog eller h\u00e5rtransplantationsspecialist. N\u00e4r h\u00e5ravfallet har stabiliserats planeras h\u00e5rtransplantationen.<\/p>\n\n<\/div>\n<\/div>\n<div id=\"faq-question-1762505312790\" class=\"rank-math-list-item\">\n<h3 class=\"rank-math-question \">Hur v\u00e4ljer jag den b\u00e4sta h\u00e5rtransplantationskliniken i Turkiet?<\/h3>\n<div class=\"rank-math-answer \">\n\n<p>Patientrecensioner, resultatbilder och kliniska erfarenheter kan granskas. Det viktigaste \u00e4r att kliniken drivs av l\u00e4kare och inte endast best\u00e5r av tekniker.<\/p>\n\n<\/div>\n<\/div>\n<div id=\"faq-question-1762505318346\" class=\"rank-math-list-item\">\n<h3 class=\"rank-math-question \">Spelar det n\u00e5gon roll var h\u00e5rtransplantationen utf\u00f6rs?<\/h3>\n<div class=\"rank-math-answer \">\n\n<p>Ja. Det b\u00f6r utf\u00f6ras p\u00e5 licensierade v\u00e5rdinr\u00e4ttningar med kirurg, sjuksk\u00f6terska och operationsrumspersonal. Olicensierade kliniker kan leda till misslyckade resultat.<\/p>\n\n<\/div>\n<\/div>\n<div id=\"faq-question-1762505324284\" class=\"rank-math-list-item\">\n<h3 class=\"rank-math-question \">L\u00e4mnar h\u00e5rtransplantation \u00e4rr?<\/h3>\n<div class=\"rank-math-answer \">\n\n<p>Sm\u00e5 \u00e4rr kan kvarst\u00e5 i donatoromr\u00e5det. Vid en v\u00e4l utf\u00f6rd operation \u00e4r dock \u00e4rren inte s\u00e4rskilt m\u00e4rkbara och syns inte med blotta \u00f6gat.<\/p>\n\n<\/div>\n<\/div>\n<div id=\"faq-question-1762505328630\" class=\"rank-math-list-item\">\n<h3 class=\"rank-math-question \">Om jag genomg\u00e5r en transplantation av vitt h\u00e5r, kommer det transplanterade h\u00e5ret ocks\u00e5 att vara vitt?<\/h3>\n<div class=\"rank-math-answer \">\n\n<p>Ja. H\u00e5r v\u00e4xer med samma f\u00e4rg och struktur var det \u00e4n tas ifr\u00e5n.<\/p>\n\n<\/div>\n<\/div>\n<div id=\"faq-question-1762505332585\" class=\"rank-math-list-item\">\n<h3 class=\"rank-math-question \">\u00c4r det n\u00f6dv\u00e4ndigt att \u00e5ka utomlands f\u00f6r en h\u00e5rtransplantation?<\/h3>\n<div class=\"rank-math-answer \">\n\n<p>Nej. Den b\u00e4sta metoden \u00e4r den som utf\u00f6rs med en teknik som passar dig av en kirurg du litar p\u00e5.<\/p>\n\n<\/div>\n<\/div>\n<div id=\"faq-question-1762505336809\" class=\"rank-math-list-item\">\n<h3 class=\"rank-math-question \">Kan jag vara f\u00f6r ung f\u00f6r en h\u00e5rtransplantation?<\/h3>\n<div class=\"rank-math-answer \">\n\n<p>F\u00f6r att vara l\u00e4mplig f\u00f6r en h\u00e5rtransplantation b\u00f6r du vara omkring 18 \u00e5r och under 60 \u00e5r. P\u00e5 vissa kliniker kan det \u00e4ven g\u00f6ras f\u00f6r personer \u00f6ver 65 \u00e5r. Beslutet \u00e4r dock individuellt. N\u00e4sta viktiga faktor \u00e4r inte \u00e5ldern, utan graden och omfattningen av patientens h\u00e5ravfall.<\/p>\n\n<\/div>\n<\/div>\n<\/div>\n<\/div>","protected":false},"excerpt":{"rendered":"<p>Allm\u00e4n<\/p>\n","protected":false},"author":1,"featured_media":0,"parent":0,"menu_order":0,"comment_status":"closed","ping_status":"closed","template":"","meta":{"footnotes":""},"class_list":["post-25874","page","type-page","status-publish","hentry"],"_links":{"self":[{"href":"https:\/\/www.smilehairclinic.com\/sv\/wp-json\/wp\/v2\/pages\/25874","targetHints":{"allow":["GET"]}}],"collection":[{"href":"https:\/\/www.smilehairclinic.com\/sv\/wp-json\/wp\/v2\/pages"}],"about":[{"href":"https:\/\/www.smilehairclinic.com\/sv\/wp-json\/wp\/v2\/types\/page"}],"author":[{"embeddable":true,"href":"https:\/\/www.smilehairclinic.com\/sv\/wp-json\/wp\/v2\/users\/1"}],"replies":[{"embeddable":true,"href":"https:\/\/www.smilehairclinic.com\/sv\/wp-json\/wp\/v2\/comments?post=25874"}],"version-history":[{"count":2,"href":"https:\/\/www.smilehairclinic.com\/sv\/wp-json\/wp\/v2\/pages\/25874\/revisions"}],"predecessor-version":[{"id":26136,"href":"https:\/\/www.smilehairclinic.com\/sv\/wp-json\/wp\/v2\/pages\/25874\/revisions\/26136"}],"wp:attachment":[{"href":"https:\/\/www.smilehairclinic.com\/sv\/wp-json\/wp\/v2\/media?parent=25874"}],"curies":[{"name":"wp","href":"https:\/\/api.w.org\/{rel}","templated":true}]}}