{"id":19538,"date":"2025-05-30T12:51:14","date_gmt":"2025-05-30T09:51:14","guid":{"rendered":"https:\/\/www.smilehairclinic.com\/cookiepolicy\/"},"modified":"2026-04-30T16:35:20","modified_gmt":"2026-04-30T13:35:20","slug":"cookiepolicy","status":"publish","type":"page","link":"https:\/\/www.smilehairclinic.com\/sv\/cookiepolicy\/","title":{"rendered":"Cookiepolicy"},"content":{"rendered":"<p>H\u00e4r \u00e4r samma text, \u00f6versatt till svenska, med den ursprungliga formateringen bibeh\u00e5llen:<\/p>\n<p>&nbsp;<\/p>\n<h2>INFORMATION OM ANV\u00c4NDNING AV KAKOR P\u00c5 WEBBPLATSEN<\/h2>\n<h3>I. INTRODUKTION<\/h3>\n<p>&nbsp;<\/p>\n<p>Detta meddelande om kakor har utarbetats av Smile Hair Sa\u011fl\u0131k Hizmetleri ve Turizm Dan. Tic. Ltd. \u015eti. <b>(&#8221;Smile Hair Clinic&#8221;)<\/b> i egenskap av personuppgiftsansvarig i enlighet med lag nr 6698 om skydd av personuppgifter <b>(KVKK)<\/b> och den europeiska allm\u00e4nna dataskyddsf\u00f6rordningen <b>(EU GDPR och UK GDPR)<\/b>.<\/p>\n<p>Under driften av v\u00e5r webbplats <a class=\"ng-star-inserted\" href=\"https:\/\/www.smilehairclinic.com\/sv\/\" target=\"_blank\" rel=\"noopener\">www.smilehairclinic.com<\/a> kan <b>bes\u00f6kare p\u00e5 webbplatsen<\/b> (som <b>registrerade personer<\/b>) bes\u00f6ka <b>v\u00e5r webbplats<\/b> f\u00f6r att f\u00e5 information om v\u00e5ra produkter och tj\u00e4nster utan att dela personlig information. Vi vill ocks\u00e5 informera dig om de omr\u00e5den d\u00e4r kakor \u00e4r konfigurerade f\u00f6r att samla in information om anv\u00e4ndningen av webbplatsen.<\/p>\n<p>Som <b>Smile Hair Clinic<\/b> anv\u00e4nder vi kakor <b>(&#8221;Kakor&#8221;)<\/b> f\u00f6r att f\u00f6rb\u00e4ttra din upplevelse under dina bes\u00f6k p\u00e5 v\u00e5ra onlinekanaler. Anv\u00e4ndningen av dessa teknologier utf\u00f6rs i enlighet med den lagstiftning vi \u00e4r underst\u00e4llda, s\u00e4rskilt KVKK och GDPR.<\/p>\n<p>&nbsp;<\/p>\n<h3>II. DEFINITIONER<\/h3>\n<p>&nbsp;<\/p>\n<p>&nbsp;<\/p>\n<div class=\"table-block-component\">\n<div class=\"table-block has-export-button\">\n<div class=\"table-content not-end-of-paragraph\">\n<table>\n<tbody>\n<tr>\n<td width=\"225\"><b>Definition<\/b><\/td>\n<td width=\"416\"><b>Beskrivning<\/b><\/td>\n<\/tr>\n<tr>\n<td width=\"225\"><b>Kaka<\/b><\/td>\n<td width=\"416\">Sm\u00e5 datalagringsfiler som sparas av webbplatser p\u00e5 din dator, mobiltelefon, surfplatta eller andra mobila enheter som du anv\u00e4nder.<\/td>\n<\/tr>\n<tr>\n<td width=\"225\"><b>Kakmeddelande<\/b><\/td>\n<td width=\"416\">Smile Hair Clinics meddelande om cookiepolicyn.<\/td>\n<\/tr>\n<tr>\n<td width=\"225\"><b>Registrerad person<\/b><\/td>\n<td width=\"416\">Den fysiska person vars personuppgifter behandlas.<\/td>\n<\/tr>\n<tr>\n<td width=\"225\"><b>Personuppgifter<\/b><\/td>\n<td width=\"416\">All information som r\u00f6r en identifierad eller identifierbar fysisk person.<\/td>\n<\/tr>\n<tr>\n<td width=\"225\"><b>KVKK<\/b><\/td>\n<td width=\"416\">Lag nr 6698 om skydd av personuppgifter.<\/td>\n<\/tr>\n<tr>\n<td width=\"225\"><b>GDPR<\/b><\/td>\n<td width=\"416\">Allm\u00e4n dataskyddsf\u00f6rordning &#8211; Den europeiska allm\u00e4nna dataskyddsf\u00f6rordningen.<\/td>\n<\/tr>\n<tr>\n<td width=\"225\"><b>Styrelsen<\/b><\/td>\n<td width=\"416\">Styrelsen f\u00f6r skydd av personuppgifter och relevant dataskyddsmyndighet i medlemsstaten.<\/td>\n<\/tr>\n<tr>\n<td width=\"225\"><b>Smile Hair Clinic<\/b><\/td>\n<td width=\"416\">Smile Hair Sa\u011fl\u0131k Hizmetleri ve Turizm Dan. Tic. Ltd. \u015eti.<\/td>\n<\/tr>\n<tr>\n<td width=\"225\"><b>Webbplats \/ Hemsida<\/b><\/td>\n<td width=\"416\">Webbplatsen <a class=\"traceable-link\" href=\"https:\/\/www.smilehairclinic.com\/sv\/\">www.smilehairclinic.com<\/a>.<\/td>\n<\/tr>\n<\/tbody>\n<\/table>\n<\/div>\n<\/div>\n<\/div>\n<h2><\/h2>\n<div class=\"table-block-component\">\n<div class=\"table-block has-export-button\">\n<div class=\"table-content not-end-of-paragraph\">\n<table>\n<tbody>\n<tr>\n<td width=\"225\"><b>Personuppgiftsansvarig<\/b><\/td>\n<td width=\"416\">Den fysiska eller juridiska person som best\u00e4mmer syftena och medlen f\u00f6r behandling av personuppgifter, och som \u00e4r ansvarig f\u00f6r uppr\u00e4ttande och hantering av dataregistreringssystemet.<\/td>\n<\/tr>\n<\/tbody>\n<\/table>\n<\/div>\n<\/div>\n<\/div>\n<h2>**<\/h2>\n<p>&nbsp;<\/p>\n<p>&nbsp;<\/p>\n<h2>III. BEHANDLADE PERSONUPPGIFTER OCH SYFTE MED BEHANDLINGEN<\/h2>\n<p>&nbsp;<\/p>\n<p>&nbsp;<\/p>\n<h3>A. Syfte med behandling av personuppgifter via kakor<\/h3>\n<p>&nbsp;<\/p>\n<p>&nbsp;<\/p>\n<p>N\u00e4r du bes\u00f6ker v\u00e5r webbplats behandlas din enhets IP-adress, din internetleverant\u00f6rs identitet, namn och version av ditt operativsystem, namn och version av din webbl\u00e4sare, datum\/tid f\u00f6r ditt bes\u00f6k och data fr\u00e5n de sidor du har bes\u00f6kt, samt dina spr\u00e5kpreferenser inom ramen f\u00f6r <b>transaktionss\u00e4kerhet<\/b>. Syftet med detta <b>kakmeddelande<\/b> \u00e4r att informera dig om behandlingen av personuppgifter som erh\u00e5lls genom anv\u00e4ndning av kakor av den <b>registrerade personen<\/b> under driften av <b>webbplatsen<\/b>. I detta dokument vill vi f\u00f6rklara vilka typer av kakor vi anv\u00e4nder p\u00e5 v\u00e5r webbplats och f\u00f6r vilka \u00e4ndam\u00e5l, samt hur du kan kontrollera dessa kakor.<\/p>\n<p>En kaka \u00e4r en liten datalagringsfil som sparas av webbplatser p\u00e5 din dator, mobiltelefon, surfplatta eller andra mobila enheter som du anv\u00e4nder. Denna fil lagrar information om din navigering p\u00e5 webbplatsen. P\u00e5 s\u00e5 s\u00e4tt kommer dina \u00e5tkomstenheter att komma ih\u00e5g dessa data n\u00e4r du anv\u00e4nder webbplatsen igen. D\u00e4rf\u00f6r \u00e4r kakor n\u00f6dv\u00e4ndiga och viktiga f\u00f6r att du ska kunna anv\u00e4nda webbplatsen effektivt och enklare.<\/p>\n<p>F\u00f6r mer detaljerad information om kakor kan du bes\u00f6ka <a class=\"ng-star-inserted\" href=\"https:\/\/www.aboutcookies.org\" target=\"_blank\" rel=\"noopener\">https:\/\/www.aboutcookies.org<\/a> och <a class=\"ng-star-inserted\" href=\"https:\/\/www.allaboutcookies.org\" target=\"_blank\" rel=\"noopener\">https:\/\/www.allaboutcookies.org<\/a>.<\/p>\n<p>&nbsp;<\/p>\n<h4>F\u00f6r att utf\u00f6ra de grundl\u00e4ggande funktioner som \u00e4r n\u00f6dv\u00e4ndiga f\u00f6r webbplatsens drift:<\/h4>\n<p>&nbsp;<\/p>\n<p>Medlemmar som loggar in beh\u00f6ver inte ange sitt l\u00f6senord igen n\u00e4r de bes\u00f6ker olika sidor p\u00e5 webbplatsen; f\u00f6r att analysera webbplatsen och \u00f6ka dess prestanda; integration av olika servrar som webbplatsen k\u00f6rs p\u00e5; best\u00e4mma antalet bes\u00f6kare p\u00e5 webbplatsen och anpassa prestandainst\u00e4llningarna d\u00e4refter eller underl\u00e4tta f\u00f6r bes\u00f6kare att hitta det de s\u00f6ker.<\/p>\n<p>&nbsp;<\/p>\n<h4>F\u00f6r att \u00f6ka webbplatsens funktionalitet och ge anv\u00e4ndarv\u00e4nlighet.<\/h4>\n<p>&nbsp;<\/p>\n<p>Dela p\u00e5 tredjeparts sociala mediekanaler via webbplatsen, kom ih\u00e5g anv\u00e4ndarnamnet eller s\u00f6kfr\u00e5gorna f\u00f6r den bes\u00f6kare som bes\u00f6kte webbplatsen vid ett senare bes\u00f6k.<\/p>\n<p>Som <b>Smile Hair Clinic<\/b> vill vi betona att vi, inom ramen f\u00f6r <b>kakmeddelandet<\/b>, kan lagra dina personuppgifter begr\u00e4nsat till uppfyllandet av ovan n\u00e4mnda syften och i enlighet med lagstiftningen, och vid behov dela dem med relevanta institutioner och organisationer.<\/p>\n<p>&nbsp;<\/p>\n<h3>B. Syfte med anv\u00e4ndning av kakor<\/h3>\n<p>&nbsp;<\/p>\n<p>Syftena med anv\u00e4ndningen av kakor av <b>Smile Hair Clinic<\/b> \u00e4r f\u00f6ljande:<\/p>\n<p><b>Obligatoriska kakor:<\/b> Dessa kakor \u00e4r absolut n\u00f6dv\u00e4ndiga f\u00f6r att webbplatsen ska fungera korrekt. Dessa kakor \u00e4r n\u00f6dv\u00e4ndiga f\u00f6r systemadministration och f\u00f6rhindrande av bedr\u00e4gliga transaktioner, och webbplatsen fungerar inte om de blockeras.<\/p>\n<p>De prim\u00e4ra kakor vi anv\u00e4nder i detta sammanhang \u00e4r:<\/p>\n<p>&nbsp;<\/p>\n<p>&nbsp;<\/p>\n<p>&nbsp;<\/p>\n<p>&nbsp;<\/p>\n<p>&nbsp;<\/p>\n<p>&nbsp;<\/p>\n<p>&nbsp;<\/p>\n<div class=\"table-block-component\">\n<div class=\"table-block has-export-button\">\n<div class=\"table-content not-end-of-paragraph\">\n<table>\n<tbody>\n<tr>\n<td width=\"151\"><b>Kakanamn<\/b><\/td>\n<td width=\"137\"><b>Kakleverant\u00f6r<\/b><\/td>\n<td width=\"88\"><b>Typ av kakv\u00e4ndning<\/b><\/td>\n<td width=\"157\"><b>V\u00e5ra anv\u00e4ndnings\u00e4ndam\u00e5l<\/b><\/td>\n<td width=\"104\"><b>Varaktighet<\/b><\/td>\n<\/tr>\n<tr>\n<td width=\"151\">&nbsp;<\/p>\n<p>cookieconsent_status<\/td>\n<td width=\"137\">&nbsp;<\/p>\n<p>google.com<\/td>\n<td width=\"88\">&nbsp;<\/p>\n<p>Obligatoriska kakor<\/td>\n<td width=\"157\">S\u00e4kerst\u00e4lla att webbplatsen fungerar korrekt under bes\u00f6ket<\/td>\n<td width=\"104\"><\/td>\n<\/tr>\n<\/tbody>\n<\/table>\n<\/div>\n<\/div>\n<\/div>\n<p>&nbsp;<\/p>\n<h2>IV. METOD F\u00d6R INSAMLING AV PERSONUPPGIFTER OCH R\u00c4TTSLIG GRUND<\/h2>\n<p>&nbsp;<\/p>\n<p>Dina personuppgifter som n\u00e4mns ovan samlas in automatiskt vid \u00e5tkomst via webbplatsen, baserat p\u00e5 den r\u00e4ttsliga grund som anges i artikel 5.2 (f) i KVKK och\/eller artikel 6.1 (f) i GDPR, som anger &#8221;att behandling av uppgifter \u00e4r n\u00f6dv\u00e4ndig f\u00f6r den personuppgiftsansvariges legitima intressen, om inte den registrerades grundl\u00e4ggande r\u00e4ttigheter och friheter \u00e5sidos\u00e4tts&#8221;.<\/p>\n<p>Om frivilliga kakor samlas in av oss, kommer dessutom ditt uttryckliga samtycke att beg\u00e4ras i detta avseende.<\/p>\n<p>&nbsp;<\/p>\n<h2>V. LAGRING AV PERSONUPPGIFTER<\/h2>\n<p>&nbsp;<\/p>\n<p>&nbsp;<\/p>\n<h2>VII. Lagringsperiod f\u00f6r personuppgifter<\/h2>\n<p>&nbsp;<\/p>\n<p>Dina personuppgifter kommer att behandlas och lagras under en begr\u00e4nsad period i enlighet med Smile Hair Clinics policy f\u00f6r lagring och radering av personuppgifter, under det lagliga undantag som n\u00e4mns ovan i enlighet med artikel 5.2 i KVKK och artikel 6.1 b) och f\u00f6ljande best\u00e4mmelser i GDPR.<\/p>\n<p>&nbsp;<\/p>\n<h3>B. Kaktyper efter lagringsperiod<\/h3>\n<p>&nbsp;<\/p>\n<p><b>Best\u00e4ndiga kakor:<\/b> Detta \u00e4r kakor som finns kvar p\u00e5 personens dator fram till ett visst datum, eller tills anv\u00e4ndaren raderar dem. Dessa kakor anv\u00e4nds fr\u00e4mst f\u00f6r att m\u00e4ta anv\u00e4ndarens r\u00f6relser och preferenser p\u00e5 webbplatsen.<\/p>\n<p><b>Tillf\u00e4lliga kakor och sessionskakor:<\/b> Dessa kakor anv\u00e4nds f\u00f6r att dela upp anv\u00e4ndarens bes\u00f6k i sessioner och samlar inte in data fr\u00e5n anv\u00e4ndaren. Kakan raderas n\u00e4r anv\u00e4ndaren st\u00e4nger den bes\u00f6kta webbsidan, eller n\u00e4r den f\u00f6rblir passiv under en viss period.<\/p>\n<p>Ut\u00f6ver ovanst\u00e5ende anv\u00e4nder vi b\u00e5de v\u00e5ra egna kakor och tredjepartskakor p\u00e5 v\u00e5r webbplats. Vi kan f\u00f6rklara de kakor vi anv\u00e4nder i detta avseende enligt f\u00f6ljande:<\/p>\n<p><b><u>F\u00f6rstapartskakor:<\/u><\/b> Dessa \u00e4r kakor som placeras av v\u00e5r egen webbplats och anv\u00e4nds f\u00f6r \u00e4ndam\u00e5l relaterade till v\u00e5ra egna produkter och tj\u00e4nster.<\/p>\n<p><b><u>Tredjepartskakor:<\/u><\/b> Dessa \u00e4r kakor som placeras av tredje parter ut\u00f6ver v\u00e5r egen webbplats, och vars syften och anv\u00e4ndningsmetoder beror p\u00e5 tredje parter. Dina data behandlas anonymt av tredje parter.<\/p>\n<p>&nbsp;<\/p>\n<h2>VI. \u00d6VERF\u00d6RING AV PERSONUPPGIFTER<\/h2>\n<p>&nbsp;<\/p>\n<p>Dina personuppgifter \u00f6verf\u00f6rs i princip inte till tredje part.<\/p>\n<p>&nbsp;<\/p>\n<h2>VII. DINA R\u00c4TTIGHETER R\u00d6RANDE DINA PERSONUPPGIFTER<\/h2>\n<p>&nbsp;<\/p>\n<p>Enligt den lagstiftning du omfattas av kan du framst\u00e4lla dina r\u00e4ttigheter och beg\u00e4randen, som regleras i artikel 11 i KVKK och avsnitt 3 i GDPR, till <b>Smile Hair Clinic<\/b>.<\/p>\n<p>Om du framst\u00e4ller dina beg\u00e4randen avseende dessa r\u00e4ttigheter till <b>Smile Hair Clinic<\/b>, kommer dina ans\u00f6kningar att utv\u00e4rderas och slutf\u00f6ras s\u00e5 snart som m\u00f6jligt och senast inom 30 (trettio) dagar. \u00c4ven om principen \u00e4r att inga avgifter tas ut f\u00f6r beg\u00e4randen, f\u00f6rbeh\u00e5ller sig <b>Smile Hair Clinic<\/b> r\u00e4tten att ta ut avgifter i enlighet med den avgiftstabell som fastst\u00e4lls av styrelsen.<\/p>\n<p>Som <b>Smile Hair Clinic<\/b> kan vi upph\u00f6ra med att anv\u00e4nda de kakor vi anv\u00e4nder p\u00e5 v\u00e5r webbplats, \u00e4ndra deras typer eller funktioner, eller l\u00e4gga till nya kakor p\u00e5 v\u00e5r webbplats. D\u00e4rf\u00f6r f\u00f6rbeh\u00e5ller vi oss r\u00e4tten att \u00e4ndra best\u00e4mmelserna i detta <b>kakmeddelande<\/b> n\u00e4r som helst. I detta fall kommer du att informeras om de insamlade kakorna i v\u00e5rt uppdaterade meddelande. Varje uppdatering som utf\u00f6rs p\u00e5 meddelandet tr\u00e4der i kraft vid publicering p\u00e5 denna webbplats och p\u00e5 n\u00e5gon offentlig plattform. Du kan hitta datumet f\u00f6r senaste uppdatering i b\u00f6rjan av texten. F\u00f6r mer detaljerad information om behandlingen av <b>Smile Hair Clinic<\/b>, v\u00e4nligen granska <b>Smile Hair Clinics<\/b> <i>Policy f\u00f6r behandling och skydd av personuppgifter<\/i>, som finns p\u00e5 <a class=\"ng-star-inserted\" href=\"https:\/\/www.smilehairclinic.com\/sv\/\" target=\"_blank\" rel=\"noopener\">www.smilehairclinic.com<\/a>.<\/p>\n<p>Metoden f\u00f6r att \u00e4ndra val av kakv\u00e4ndning varierar beroende p\u00e5 webbl\u00e4sartyp och kan l\u00e4ras fr\u00e5n relevant tj\u00e4nsteleverant\u00f6r. Om du vill blockera eller begr\u00e4nsa webbl\u00e4sarkakor p\u00e5 din enhet kan du g\u00f6ra detta fr\u00e5n dina webbl\u00e4sarinst\u00e4llningar. Alternativet &#8221;Hj\u00e4lp&#8221; i din webbl\u00e4sare ger information om blockering och begr\u00e4nsning av webbl\u00e4sarkakor. Om du v\u00e4ljer att radera kakor raderas dina preferenser p\u00e5 den relevanta webbplatsen.<\/p>\n<p>&nbsp;<\/p>\n<h2>VIII. PROCEDUR F\u00d6R BORTTAGNING AV KAKOR<\/h2>\n<p>&nbsp;<\/p>\n<p>Du kan anv\u00e4nda f\u00f6ljande l\u00e4nkar f\u00f6r de vanligaste webbl\u00e4sarna f\u00f6r att blockera kakor i dina webbl\u00e4sare:<\/p>\n<p>Google Chrome: <a class=\"ng-star-inserted\" href=\"https:\/\/support.google.com\/chrome\/answer\/95647?co=GENIE.Platform%3DDesktop&amp;hl=sv\" target=\"_blank\" rel=\"noopener\">https:\/\/support.google.com\/chrome\/answer\/95647?co=GENIE.Platform%3DDesktop&amp;hl=tr<\/a> Mozilla:<\/p>\n<p><a class=\"ng-star-inserted\" href=\"https:\/\/www.google.com\/search?q=https:\/\/support.mozilla.org\/sv\/kb\/aktivera-inaktivera-kakor-webbplatser-lagrar-preferenser\" target=\"_blank\" rel=\"noopener\">https:\/\/support.mozilla.org\/sv\/kb\/aktivera-inaktivera-kakor-webbplatser-lagrar-preferenser<\/a> Internet Explorer:<\/p>\n<p><a class=\"ng-star-inserted\" href=\"https:\/\/support.microsoft.com\/sv-se\/help\/17442\/windows-internet-explorer-delete-manage-cookies\" target=\"_blank\" rel=\"noopener\">https:\/\/support.microsoft.com\/sv-se\/help\/17442\/windows-internet-explorer-delete-manage-cookies<\/a><\/p>\n<p>Det \u00e4r inte m\u00f6jligt att radera de kakor som \u00e4r n\u00f6dv\u00e4ndiga f\u00f6r att webbplatsen och mobilapplikationen ska fungera. Vi vill ocks\u00e5 betona att om du v\u00e4ljer att blockera kakor helt, kanske <b>Smile Hair Clinics<\/b> webbplats inte fungerar korrekt.<\/p>\n<p>Du kan ocks\u00e5 hitta n\u00f6dv\u00e4ndiga dokument om hur du blockerar kakor i olika station\u00e4ra webbl\u00e4sare p\u00e5 <a class=\"ng-star-inserted\" href=\"https:\/\/www.aboutcookies.org\" target=\"_blank\" rel=\"noopener\">www.aboutcookies.org<\/a>.<\/p>\n<p>&nbsp;<\/p>\n<h2>VIII. MEDDELANDETS IKRAFTTR\u00c4DANDE<\/h2>\n<p>&nbsp;<\/p>\n<p>Denna policy, utf\u00e4rdad av <b>Smile Hair Clinic<\/b>, tr\u00e4dde i kraft den 2021-05-01, och n\u00f6dv\u00e4ndiga uppdateringar kommer att g\u00f6ras om hela policyn eller specifika artiklar f\u00f6rnyas.<\/p>\n","protected":false},"excerpt":{"rendered":"<p>H\u00e4r \u00e4r samma text, \u00f6versatt till svenska, med den ursprungliga formateringen bibeh\u00e5llen: &nbsp; INFORMATION OM ANV\u00c4NDNING AV KAKOR P\u00c5 WEBBPLATSEN I. INTRODUKTION &nbsp; Detta meddelande om kakor har utarbetats av Smile Hair Sa\u011fl\u0131k Hizmetleri ve Turizm Dan. Tic. Ltd. \u015eti. (&#8221;Smile Hair Clinic&#8221;) i egenskap av personuppgiftsansvarig i enlighet med lag nr 6698 om skydd [&hellip;]<\/p>\n","protected":false},"author":1,"featured_media":0,"parent":0,"menu_order":0,"comment_status":"closed","ping_status":"closed","template":"","meta":{"footnotes":""},"class_list":["post-19538","page","type-page","status-publish","hentry"],"_links":{"self":[{"href":"https:\/\/www.smilehairclinic.com\/sv\/wp-json\/wp\/v2\/pages\/19538","targetHints":{"allow":["GET"]}}],"collection":[{"href":"https:\/\/www.smilehairclinic.com\/sv\/wp-json\/wp\/v2\/pages"}],"about":[{"href":"https:\/\/www.smilehairclinic.com\/sv\/wp-json\/wp\/v2\/types\/page"}],"author":[{"embeddable":true,"href":"https:\/\/www.smilehairclinic.com\/sv\/wp-json\/wp\/v2\/users\/1"}],"replies":[{"embeddable":true,"href":"https:\/\/www.smilehairclinic.com\/sv\/wp-json\/wp\/v2\/comments?post=19538"}],"version-history":[{"count":5,"href":"https:\/\/www.smilehairclinic.com\/sv\/wp-json\/wp\/v2\/pages\/19538\/revisions"}],"predecessor-version":[{"id":32851,"href":"https:\/\/www.smilehairclinic.com\/sv\/wp-json\/wp\/v2\/pages\/19538\/revisions\/32851"}],"wp:attachment":[{"href":"https:\/\/www.smilehairclinic.com\/sv\/wp-json\/wp\/v2\/media?parent=19538"}],"curies":[{"name":"wp","href":"https:\/\/api.w.org\/{rel}","templated":true}]}}