{"id":14486,"date":"2021-07-29T11:27:03","date_gmt":"2021-07-29T08:27:03","guid":{"rendered":"https:\/\/www.smilehairclinic.com\/klinigimiz\/"},"modified":"2025-05-26T17:40:42","modified_gmt":"2025-05-26T14:40:42","slug":"var-klinik","status":"publish","type":"page","link":"https:\/\/www.smilehairclinic.com\/sv\/var-klinik\/","title":{"rendered":"V\u00e5r klinik"},"content":{"rendered":"<p>Smile Hair Clinic grundades 2018 av Dr. Dr., som b\u00e5da \u00e4r v\u00e4lk\u00e4nda kirurger i hela Europa och har \u00e4gnat \u00e5r av sina liv \u00e5t att utveckla FUE-h\u00e5rtransplantationstekniker. Gokay Bilgin och Dr. Det grundades av Mehmet Erdogan. Kliniken ligger i Ata\u015fehir, ett av Istanbuls mest popul\u00e4ra distrikt, och erbjuder tj\u00e4nster i en 10-v\u00e5ningsbyggnad p\u00e5 1600 m2. Kliniken erbjuder tj\u00e4nster inom alla medicinsk-estetiska till\u00e4mpningar. Klinikens viktigaste uppdrag \u00e4r att f\u00e5 sina patienter att k\u00e4nna sig hemma, i en familj\u00e4r milj\u00f6 och trygga. V\u00e5r klinik, d\u00e4r turkisk g\u00e4stfrihet och kvalitetsstandarder \u00e4r oumb\u00e4rliga, har varit stolta \u00f6ver att erbjuda sina g\u00e4ster kvalitetsservice sedan starten.<\/p>\n<p>Vid FUE-h\u00e5rtransplantationer \u00f6vervakas alla processer av l\u00e4kare och varje teammedlem som \u00e4r involverad i operationen har f\u00e5tt medicinsk utbildning. Hittills har h\u00e5rtransplantationer utf\u00f6rts p\u00e5 fler \u00e4n 15 000 patienter fr\u00e5n olika l\u00e4nder och framg\u00e5ngsrika resultat har uppn\u00e5tts.<\/p>\n<p>Smile Hairs varma och g\u00e4stv\u00e4nliga team arbetar med m\u00e5let att f\u00e5 patienterna att k\u00e4nna sig hemma. Stolarna d\u00e4r ingreppet utf\u00f6rs \u00e4r specialtillverkade och viskomadrasser anv\u00e4nds, v\u00e5ra patienter k\u00e4nner sig bekv\u00e4ma under hela h\u00e5rtransplantationsprocessen.<\/p>\n<p>P\u00e5 Smile Hair Clinic; Patienter fr\u00e5n hela v\u00e4rlden erbjuds behandlingar med den senaste tekniken inom h\u00e5rtransplantation. \u201dSAFIRH\u00c5RTRANSPLANTATION\u201d \u00e4r standard p\u00e5 v\u00e5r klinik. G\u00e4ster fr\u00e5n hela v\u00e4rlden kan dra nytta av Smile Hairs \u00f6vers\u00e4ttningstj\u00e4nster kostnadsfritt;De kan ocks\u00e5 f\u00e5 tillg\u00e5ng till tj\u00e4nster som hotellbokningar, upph\u00e4mtning p\u00e5 flygplatsen, avl\u00e4mning p\u00e5 flygplatsen och visumr\u00e5dgivning.<\/p>\n","protected":false},"excerpt":{"rendered":"<p>Smile Hair Clinic grundades 2018 av Dr. Dr., som b\u00e5da \u00e4r v\u00e4lk\u00e4nda kirurger i hela Europa och har \u00e4gnat \u00e5r av sina liv \u00e5t att utveckla FUE-h\u00e5rtransplantationstekniker. Gokay Bilgin och Dr. Det grundades av Mehmet Erdogan. Kliniken ligger i Ata\u015fehir, ett av Istanbuls mest popul\u00e4ra distrikt, och erbjuder tj\u00e4nster i en 10-v\u00e5ningsbyggnad p\u00e5 1600 m2. [&hellip;]<\/p>\n","protected":false},"author":1,"featured_media":20267,"parent":0,"menu_order":0,"comment_status":"closed","ping_status":"closed","template":"","meta":{"footnotes":""},"class_list":["post-14486","page","type-page","status-publish","has-post-thumbnail","hentry"],"_links":{"self":[{"href":"https:\/\/www.smilehairclinic.com\/sv\/wp-json\/wp\/v2\/pages\/14486","targetHints":{"allow":["GET"]}}],"collection":[{"href":"https:\/\/www.smilehairclinic.com\/sv\/wp-json\/wp\/v2\/pages"}],"about":[{"href":"https:\/\/www.smilehairclinic.com\/sv\/wp-json\/wp\/v2\/types\/page"}],"author":[{"embeddable":true,"href":"https:\/\/www.smilehairclinic.com\/sv\/wp-json\/wp\/v2\/users\/1"}],"replies":[{"embeddable":true,"href":"https:\/\/www.smilehairclinic.com\/sv\/wp-json\/wp\/v2\/comments?post=14486"}],"version-history":[{"count":2,"href":"https:\/\/www.smilehairclinic.com\/sv\/wp-json\/wp\/v2\/pages\/14486\/revisions"}],"predecessor-version":[{"id":14660,"href":"https:\/\/www.smilehairclinic.com\/sv\/wp-json\/wp\/v2\/pages\/14486\/revisions\/14660"}],"wp:featuredmedia":[{"embeddable":true,"href":"https:\/\/www.smilehairclinic.com\/sv\/wp-json\/wp\/v2\/media\/20267"}],"wp:attachment":[{"href":"https:\/\/www.smilehairclinic.com\/sv\/wp-json\/wp\/v2\/media?parent=14486"}],"curies":[{"name":"wp","href":"https:\/\/api.w.org\/{rel}","templated":true}]}}