{"id":14484,"date":"2022-06-30T15:07:19","date_gmt":"2022-06-30T12:07:19","guid":{"rendered":"https:\/\/www.smilehairclinic.com\/medikal-kurul\/"},"modified":"2025-05-26T17:40:52","modified_gmt":"2025-05-26T14:40:52","slug":"lakarnamnden","status":"publish","type":"page","link":"https:\/\/www.smilehairclinic.com\/sv\/lakarnamnden\/","title":{"rendered":"L\u00e4karn\u00e4mnden"},"content":{"rendered":"<p><strong>Smile Hair Clinics medicinska r\u00e5d<\/strong> har bildats i samarbete mellan v\u00e5ra grundarl\u00e4kare och \u00f6vriga v\u00e5rdprofessioner. V\u00e5rt m\u00e5l \u00e4r att f\u00f6rmedla vetenskapligt korrekta, tillf\u00f6rlitliga och uppdaterade uppgifter om h\u00e5rh\u00e4lsa och dess behandlingar.<\/p>\n<p>V\u00e5rt r\u00e5d f\u00f6ljer kliniska framsteg noga, utv\u00e4rderar v\u00e5ra patienters verkliga erfarenheter och delar dessa \u00f6ppet med allm\u00e4nheten. Allt inneh\u00e5ll vi producerar utarbetas enligt medicinsk etisk princip och granskas direkt av det medicinska r\u00e5det. V\u00e5ra publikationer \u00e4r avsedda som information och ers\u00e4tter inte diagnos eller behandlingsrekommendationer.<\/p>\n<p>P\u00e5 Smile Hair Clinic prioriterar vi \u00f6ppenhet, vetenskaplig noggrannhet och patientn\u00f6jdhet. Vi \u00e4r passionerade i v\u00e5rt arbete och agerar med respekt f\u00f6r b\u00e5de v\u00e5rt yrke och dig som patient.<\/p>\n<p><strong>P\u00e5 Smile Hair Clinic tror vi:<\/strong><br \/>\nR\u00e4tt information \u00e4r grunden f\u00f6r en trygg v\u00e5rdresa.<\/p>\n<h2>Medicinska redakt\u00f6rsr\u00e5det<\/h2>\n<ul>\n<li>Dr. G\u00f6kay Bilgin \u2013 Grundande partner, specialist p\u00e5 h\u00e5rtransplantation<\/li>\n<li>Dr. Mehmet Erdo\u011fan \u2013 Grundande partner, specialist p\u00e5 h\u00e5rtransplantation<\/li>\n<li>Dr. Firdavs Ahmedov \u2013 Medicinsk inneh\u00e5llsredakt\u00f6r<\/li>\n<\/ul>\n","protected":false},"excerpt":{"rendered":"<p>Smile Hair Clinics medicinska r\u00e5d har bildats i samarbete mellan v\u00e5ra grundarl\u00e4kare och \u00f6vriga v\u00e5rdprofessioner. V\u00e5rt m\u00e5l \u00e4r att f\u00f6rmedla vetenskapligt korrekta, tillf\u00f6rlitliga och uppdaterade uppgifter om h\u00e5rh\u00e4lsa och dess behandlingar. V\u00e5rt r\u00e5d f\u00f6ljer kliniska framsteg noga, utv\u00e4rderar v\u00e5ra patienters verkliga erfarenheter och delar dessa \u00f6ppet med allm\u00e4nheten. Allt inneh\u00e5ll vi producerar utarbetas enligt medicinsk [&hellip;]<\/p>\n","protected":false},"author":1,"featured_media":0,"parent":0,"menu_order":0,"comment_status":"closed","ping_status":"closed","template":"","meta":{"footnotes":""},"class_list":["post-14484","page","type-page","status-publish","hentry"],"_links":{"self":[{"href":"https:\/\/www.smilehairclinic.com\/sv\/wp-json\/wp\/v2\/pages\/14484","targetHints":{"allow":["GET"]}}],"collection":[{"href":"https:\/\/www.smilehairclinic.com\/sv\/wp-json\/wp\/v2\/pages"}],"about":[{"href":"https:\/\/www.smilehairclinic.com\/sv\/wp-json\/wp\/v2\/types\/page"}],"author":[{"embeddable":true,"href":"https:\/\/www.smilehairclinic.com\/sv\/wp-json\/wp\/v2\/users\/1"}],"replies":[{"embeddable":true,"href":"https:\/\/www.smilehairclinic.com\/sv\/wp-json\/wp\/v2\/comments?post=14484"}],"version-history":[{"count":3,"href":"https:\/\/www.smilehairclinic.com\/sv\/wp-json\/wp\/v2\/pages\/14484\/revisions"}],"predecessor-version":[{"id":14663,"href":"https:\/\/www.smilehairclinic.com\/sv\/wp-json\/wp\/v2\/pages\/14484\/revisions\/14663"}],"wp:attachment":[{"href":"https:\/\/www.smilehairclinic.com\/sv\/wp-json\/wp\/v2\/media?parent=14484"}],"curies":[{"name":"wp","href":"https:\/\/api.w.org\/{rel}","templated":true}]}}