{"id":9655,"date":"2021-07-29T11:56:58","date_gmt":"2021-07-29T08:56:58","guid":{"rendered":"https:\/\/www.smilehairclinic.com\/pyetje-te-shpeshta\/"},"modified":"2025-11-10T14:55:02","modified_gmt":"2025-11-10T11:55:02","slug":"pyetje-te-shpeshta","status":"publish","type":"page","link":"https:\/\/www.smilehairclinic.com\/sq\/pyetje-te-shpeshta\/","title":{"rendered":"Pyetje T\u00eb Shpeshta"},"content":{"rendered":"\n\n<div id=\"rank-math-faq\" class=\"rank-math-block\">\n<div class=\"rank-math-list \">\n<div id=\"faq-question-1762775273246\" class=\"rank-math-list-item\">\n<h3 class=\"rank-math-question \">Sa koh\u00eb duhet t\u00eb p\u00ebrdor krem q\u00eb p\u00ebrmban antibiotik\u00eb?<\/h3>\n<div class=\"rank-math-answer \">\n\n<p>N\u00ebse zona juaj dhuruese \u00ebsht\u00eb sh\u00ebruar brenda 5 dit\u00ebve pas operacionit, nuk keni nevoj\u00eb t\u00eb vazhdoni t\u00eb p\u00ebrdorni kremra q\u00eb p\u00ebrmbajn\u00eb antibiotik\u00eb.<\/p>\n\n<\/div>\n<\/div>\n<div id=\"faq-question-1762775345936\" class=\"rank-math-list-item\">\n<h3 class=\"rank-math-question \">Sa koh\u00eb duhet t\u00eb vesh kapel\u00eb pas transplantimit t\u00eb flok\u00ebve?<\/h3>\n<div class=\"rank-math-answer \">\n\n<p>Pas transplantimit t\u00eb flok\u00ebve, ju rekomandojm\u00eb t\u00eb p\u00ebrdorni kapel\u00ebn ton\u00eb pas 10 dit\u00ebsh.<\/p>\n\n<\/div>\n<\/div>\n<div id=\"faq-question-1762775347007\" class=\"rank-math-list-item\">\n<h3 class=\"rank-math-question \">Kur mund t\u00eb b\u00ebj sport pas operacionit?<\/h3>\n<div class=\"rank-math-answer \">\n\n<p>Ju duhet t\u00eb prisni t\u00eb pakt\u00ebn 1 muaj pas operacionit p\u00ebr t\u00eb filluar ushtrimet.<\/p>\n\n<\/div>\n<\/div>\n<div id=\"faq-question-1762775347603\" class=\"rank-math-list-item\">\n<h3 class=\"rank-math-question \">A duhet ta laj kok\u00ebn \u00e7do dit\u00eb pas transplantimit t\u00eb flok\u00ebve?<\/h3>\n<div class=\"rank-math-answer \">\n\n<p>Ju duhet t\u00eb lani kok\u00ebn \u00e7do dit\u00eb p\u00ebr 1 muaj pas transplantimit t\u00eb flok\u00ebve.<\/p>\n\n<\/div>\n<\/div>\n<div id=\"faq-question-1762775348291\" class=\"rank-math-list-item\">\n<h3 class=\"rank-math-question \">Kur mund t\u00eb heq fash\u00ebn time pas mbjelljes s\u00eb flok\u00ebve?<\/h3>\n<div class=\"rank-math-answer \">\n\n<p>Dit\u00ebn e dyt\u00eb pas operacionit duhet ta lani kok\u00ebn. Fasha hiqet para se t\u00eb lani kok\u00ebn dhe nuk ka nevoj\u00eb t\u00eb rip\u00ebrdoret.<\/p>\n\n<\/div>\n<\/div>\n<div id=\"faq-question-1762775385248\" class=\"rank-math-list-item\">\n<h3 class=\"rank-math-question \">Sa koh\u00eb duhet t\u00eb p\u00ebrdor shampo speciale?<\/h3>\n<div class=\"rank-math-answer \">\n\n<p>Ju duhet t\u00eb p\u00ebrdorni shampon e rekomanduar p\u00ebr 1 muaj. Ju mund t\u00eb vazhdoni t\u00eb p\u00ebrdorni shampon q\u00eb p\u00ebrdorni gjithmone pasi t\u00eb siguroheni q\u00eb flok\u00ebt dhe zona e kok\u00ebs tuaj jan\u00eb t\u00eb sh\u00ebndetshme.<\/p>\n\n<\/div>\n<\/div>\n<div id=\"faq-question-1762775385803\" class=\"rank-math-list-item\">\n<h3 class=\"rank-math-question \">Sa koh\u00eb duhet t\u00eb p\u00ebrdor sprej Panthenol?<\/h3>\n<div class=\"rank-math-answer \">\n\n<p>Duhet ta p\u00ebrdorni p\u00ebr rreth 15 dit\u00eb derisa koret t\u00eb hiqet plot\u00ebsisht nga l\u00ebkura.<\/p>\n\n<\/div>\n<\/div>\n<div id=\"faq-question-1762775386591\" class=\"rank-math-list-item\">\n<h3 class=\"rank-math-question \">Kur mund t\u00eb b\u00ebj marr\u00ebdh\u00ebnie seksuale pas transplantimit t\u00eb flok\u00ebve?<\/h3>\n<div class=\"rank-math-answer \">\n\n<p>Nuk ka asnj\u00eb kufizim n\u00eb marr\u00ebdh\u00ebniet seksuale pas operacionit, rekomandohet t\u00eb mos harxhohet shum\u00eb p\u00ebrpjekje.<\/p>\n\n<\/div>\n<\/div>\n<div id=\"faq-question-1762775387591\" class=\"rank-math-list-item\">\n<h3 class=\"rank-math-question \">A mund t\u00eb p\u00ebrdor nj\u00eb produkt ndryshe nga produktet e rekomanduara?<\/h3>\n<div class=\"rank-math-answer \">\n\n<p>Ju duhet t\u00eb ekzaminoni me kujdes p\u00ebrmbajtjen e produkteve q\u00eb do t\u00eb p\u00ebrdorni, duhet t\u00eb zgjidhni produkte natyrale q\u00eb nuk do t\u2019ju d\u00ebmtojn\u00eb dhe q\u00eb nuk p\u00ebrmbajn\u00eb paraben.<\/p>\n\n<\/div>\n<\/div>\n<div id=\"faq-question-1762775388519\" class=\"rank-math-list-item\">\n<h3 class=\"rank-math-question \">A mund t\u00eb p\u00ebrdor sprej panthenol n\u00eb zon\u00ebn e donator\u00ebve?<\/h3>\n<div class=\"rank-math-answer \">\n\n<p>Mund ta p\u00ebrdorni, por me k\u00ebt\u00eb spreji do t\u00eb mbaroj\u00eb shum\u00eb shpejt.<\/p>\n\n<\/div>\n<\/div>\n<div id=\"faq-question-1762775459578\" class=\"rank-math-list-item\">\n<h3 class=\"rank-math-question \">A ka ndonj\u00eb produkt tjet\u00ebr q\u00eb mund t\u00eb p\u00ebrdor n\u00eb vend t\u00eb sprejit Panthenol?<\/h3>\n<div class=\"rank-math-answer \">\n\n<p>Ju mund t\u00eb p\u00ebrdorni Bepanthol locionin p\u00ebr trup, ky produkt \u00ebsht\u00eb n\u00eb dispozicion n\u00eb t\u00eb gjitha farmacite.<\/p>\n\n<\/div>\n<\/div>\n<div id=\"faq-question-1762775460585\" class=\"rank-math-list-item\">\n<h3 class=\"rank-math-question \">Po n\u00eb lidhje me prerjet e flok\u00ebve pas transplantimit t\u00eb flok\u00ebve?<\/h3>\n<div class=\"rank-math-answer \">\n\n<p>Ju mund te prisni flok\u00ebt tuaj 1 muaj pas operacionit. Por, flok\u00ebt e mbjelle mund t\u00eb priten vet\u00ebm me g\u00ebrsh\u00ebr\u00eb.<\/p>\n\n<\/div>\n<\/div>\n<div id=\"faq-question-1762775461221\" class=\"rank-math-list-item\">\n<h3 class=\"rank-math-question \">\u00c7far\u00eb duhet t\u00eb b\u00ebj n\u00ebse shfaqet \u00ebnjtje?<\/h3>\n<div class=\"rank-math-answer \">\n\n<p>\u00cbnjtja \u00ebsht\u00eb normale, mos u shqet\u00ebsoni. N\u00eb cdo dy or\u00eb mund t\u00eb aplikoni akull p\u00ebr 10 minuta, mund t\u00eb masazhoni kok\u00ebn but\u00ebsisht. \u00cbnjtjet do t\u00eb zhduket brenda disa dit\u00ebsh.<\/p>\n\n<\/div>\n<\/div>\n<div id=\"faq-question-1762775475526\" class=\"rank-math-list-item\">\n<h3 class=\"rank-math-question \">A merren n\u00eb bagazhin e dor\u00ebs n\u00eb aeroplan ila\u00e7et q\u00eb p\u00ebrdoren pas transplantimit t\u00eb flok\u00ebve?<\/h3>\n<div class=\"rank-math-answer \">\n\n<p>Jo nuk merren, k\u00ebshtu q\u00eb duhet t\u00eb kontrolloni ila\u00e7et tuaja. Mund t\u00eb sjellni me vete 4 shishe bosh x 100 ml dhe t\u00eb mbushni me produktet q\u00eb ne ofrojm\u00eb.<\/p>\n\n<\/div>\n<\/div>\n<div id=\"faq-question-1762775499230\" class=\"rank-math-list-item\">\n<h3 class=\"rank-math-question \">Flok\u00ebt e transplantuar kan\u00eb r\u00ebn\u00eb, a duhet t\u00eb shqet\u00ebsohem?<\/h3>\n<div class=\"rank-math-answer \">\n\n<p>R\u00ebnia e flok\u00ebve t\u00eb transplantuar \u00ebsht\u00eb normale. Edhe n\u00ebse flok\u00ebt kan\u00eb r\u00ebn\u00eb, gj\u00ebndrat e flok\u00ebve t\u00eb transplantuar mbeten t\u00eb paprekura. Mos harroni se transplantimi i flok\u00ebve \u00ebsht\u00eb nj\u00eb proces q\u00eb k\u00ebrkon durim.<\/p>\n\n<\/div>\n<\/div>\n<div id=\"faq-question-1762775500061\" class=\"rank-math-list-item\">\n<h3 class=\"rank-math-question \">A mund t\u00eb dal\u00eb n\u00eb diell pas 3 muaj? \u00c7far\u00eb duhet t\u00eb b\u00ebj?<\/h3>\n<div class=\"rank-math-answer \">\n\n<p>N\u00eb raste t\u00eb tilla, ju rekomandojm\u00eb t\u00eb p\u00ebrdorni nj\u00eb kapel\u00eb ose krem dielli me faktor t\u00eb lart\u00eb.<\/p>\n\n<\/div>\n<\/div>\n<div id=\"faq-question-1762775501553\" class=\"rank-math-list-item\">\n<h3 class=\"rank-math-question \">\u00c7far\u00eb ndodh n\u00ebse nuk marr finasteride dhe minoxidil?<\/h3>\n<div class=\"rank-math-answer \">\n\n<p>P\u00ebrdorimi i produkteve q\u00eb p\u00ebrmbajn\u00eb k\u00ebto substanca nuk jan\u00eb t\u00eb detyruesh\u00ebm, por p\u00ebrshpejton procesin e sh\u00ebrimit.<\/p>\n\n<\/div>\n<\/div>\n<div id=\"faq-question-1762775502185\" class=\"rank-math-list-item\">\n<h3 class=\"rank-math-question \">Pas transplantimit t\u00eb flok\u00ebve sa koh\u00eb duhet t\u00eb fle me kujdes?<\/h3>\n<div class=\"rank-math-answer \">\n\n<p>Rekomandohet q\u00eb p\u00ebr nj\u00eb jav\u00eb t\u00eb flini me kujdes.<\/p>\n\n<\/div>\n<\/div>\n<div id=\"faq-question-1762775542258\" class=\"rank-math-list-item\">\n<h3 class=\"rank-math-question \">Rezultatet e transplantimit t\u00eb flok\u00ebve kur b\u00ebhen t\u00eb dukshme?<\/h3>\n<div class=\"rank-math-answer \">\n\n<p>N\u00eb 6 muajt e par\u00eb pas operacionit t\u00eb transplantimit t\u00eb flok\u00ebve, rezultati b\u00ebhet i duksh\u00ebm n\u00eb 50%. Nj\u00eb rezultat i plot\u00eb zgjat nga 12 deri n\u00eb 18 muaj.<\/p>\n\n<\/div>\n<\/div>\n<div id=\"faq-question-1762775543857\" class=\"rank-math-list-item\">\n<h3 class=\"rank-math-question \">Kur mund t\u00eb filloj t\u00eb laj flok\u00ebt si m\u00eb par\u00eb?<\/h3>\n<div class=\"rank-math-answer \">\n\n<p>Pas rreth 15 dit\u00ebsh, me majat e gishtave leht\u00eb mund t\u00eb filloni me masazh t\u00eb flok\u00ebve, dhe pas 1 muaji mund t\u00eb filloni t\u00eb lani sakt\u00ebsisht si m\u00eb par\u00eb.<\/p>\n\n<\/div>\n<\/div>\n<div id=\"faq-question-1762775544393\" class=\"rank-math-list-item\">\n<h3 class=\"rank-math-question \">A \u00ebsht\u00eb transplantimi i flok\u00ebve nj\u00eb procedur\u00eb e dhimbshme dhe e v\u00ebshtir\u00eb?<\/h3>\n<div class=\"rank-math-answer \">\n\n<p>Dhimbja e p\u00ebrjetuar gjat\u00eb transplantimit t\u00eb flok\u00ebve ndryshon nga personi n\u00eb person, por meqen\u00ebse operacioni kryhet n\u00ebn anestezi lokale, nuk ndihet asnj\u00eb dhimbje e fort\u00eb. N\u00eb ve\u00e7anti, operacionet me anestezi pa gjilp\u00ebr\u00eb jan\u00eb shum\u00eb m\u00eb t\u00eb rehatshme dhe pa dhimbje p\u00ebr pacient\u00ebt.<\/p>\n\n<\/div>\n<\/div>\n<div id=\"faq-question-1762775573931\" class=\"rank-math-list-item\">\n<h3 class=\"rank-math-question \">Pas operacionit flok\u00ebt e mia t\u00eb reja a do t\u00eb duket natyrale? A do t\u00eb duket qe kam b\u00ebr\u00eb transplantim flok\u00ebsh?<\/h3>\n<div class=\"rank-math-answer \">\n\n<p>Kur operacionet kryhen nga mjek\u00eb profesionist\u00eb dhe me p\u00ebrvoj\u00eb, personi ka flok\u00eb me pamje natyrale. Smile Hair \u00ebsht\u00eb nj\u00eb klinik\u00eb e besueshme n\u00eb k\u00ebt\u00eb drejtim.<\/p>\n\n<\/div>\n<\/div>\n<div id=\"faq-question-1762775574784\" class=\"rank-math-list-item\">\n<h3 class=\"rank-math-question \">A duhet t\u00eb q\u00ebndroj n\u00eb spital pas operacionit?<\/h3>\n<div class=\"rank-math-answer \">\n\n<p>Jo, mund t\u00eb shkoni n\u00eb sht\u00ebpi ose hotelin tuaj n\u00eb t\u00eb nj\u00ebjt\u00ebn dit\u00eb.<\/p>\n\n<\/div>\n<\/div>\n<div id=\"faq-question-1762775575647\" class=\"rank-math-list-item\">\n<h3 class=\"rank-math-question \">Cila \u00ebsht\u00eb pika m\u00eb e r\u00ebnd\u00ebsishme q\u00eb duhet t\u2019i kushtoj v\u00ebmendje pas operacionit?<\/h3>\n<div class=\"rank-math-answer \">\n\n<p>\u00cbsht\u00eb shum\u00eb e r\u00ebnd\u00ebsishme q\u00eb ju t\u00eb mbroni zon\u00ebn e transplantuar t\u00eb flok\u00ebve nga goditje e forta.<\/p>\n\n<\/div>\n<\/div>\n<div id=\"faq-question-1762775576699\" class=\"rank-math-list-item\">\n<h3 class=\"rank-math-question \">Sa zgjat operacioni i transplantimit t\u00eb flok\u00ebve?<\/h3>\n<div class=\"rank-math-answer \">\n\n<p>Nj\u00eb proces q\u00eb zgjat nga 6 deri n\u00eb 8 or\u00eb. Anestezia lokale aplikohet n\u00eb zon\u00eb n\u00eb 2-3 or\u00ebt e para dhe pritet t\u00eb ket\u00eb efekt. Pastaj, me nj\u00eb procedur\u00eb 30 \u2013 45 minuta, grafti me gj\u00ebndra flok\u00ebsh hiqet nga zona dhuruese. N\u00eb 2 \u2013 3 or\u00ebt e fundit, graftet vendosen n\u00eb kanalet e hapura.<\/p>\n\n<\/div>\n<\/div>\n<div id=\"faq-question-1762775613150\" class=\"rank-math-list-item\">\n<h3 class=\"rank-math-question \">A mund t\u00eb b\u00ebhet transplantimi i flok\u00ebve edhe n\u00ebse flok\u00ebt e mia kan\u00eb r\u00ebn\u00eb n\u00eb t\u00ebr\u00ebsi?<\/h3>\n<div class=\"rank-math-answer \">\n\n<p>Po, rr\u00ebnj\u00ebt e marra nga pjes\u00eb t\u00eb ndryshme t\u00eb trupit si shpina dhe gjoksi mund t\u00eb transferohen n\u00eb zon\u00ebn e kok\u00ebs me metod\u00ebn Body Hair Transplant.<\/p>\n\n<\/div>\n<\/div>\n<div id=\"faq-question-1762775613749\" class=\"rank-math-list-item\">\n<h3 class=\"rank-math-question \">Dit\u00ebt pas transplantimit t\u00eb flok\u00ebve a mund t\u00eb dal\u00eb nga sht\u00ebpia \/ hoteli?<\/h3>\n<div class=\"rank-math-answer \">\n\n<p>Po, mund t\u00eb dilni nga sht\u00ebpia \/ hoteli juaj dhe t\u00eb sh\u00ebtisni qytetin pas nj\u00eb periudhe pushimi t\u00eb rekomanduar nga mjeku juaj.<\/p>\n\n<\/div>\n<\/div>\n<div id=\"faq-question-1762775614525\" class=\"rank-math-list-item\">\n<h3 class=\"rank-math-question \">Probleme t\u00eb ndryshme sh\u00ebndet\u00ebsore a parandalon transplantimin e flok\u00ebve?<\/h3>\n<div class=\"rank-math-answer \">\n\n<p>Disa s\u00ebmundje ose ila\u00e7e q\u00eb p\u00ebrdoren mund t\u00eb parandalojn\u00eb transplantimin e flok\u00ebve. \u00cbsht\u00eb shum\u00eb e r\u00ebnd\u00ebsishme q\u00eb historin\u00eb tuaj t\u00eb sh\u00ebndetit dhe ila\u00e7et plot\u00ebsisht t\u2019ia tregoni mjekut. N\u00eb raste t\u00eb tilla, mund t\u00eb merren parasysh teknika dhe trajtime e ndryshme.<\/p>\n\n<\/div>\n<\/div>\n<div id=\"faq-question-1762775615371\" class=\"rank-math-list-item\">\n<h3 class=\"rank-math-question \">A \u00ebsht\u00eb i rreziksh\u00ebm transplantimi i flok\u00ebve?<\/h3>\n<div class=\"rank-math-answer \">\n\n<p>Kjo procedur\u00eb nuk p\u00ebrfshin ndonj\u00eb rrezik kur kryhet nga mjek\u00eb me p\u00ebrvoj\u00eb dhe t\u00eb kualifikuar n\u00eb kushte t\u00eb p\u00ebrshtatshme klinike.<\/p>\n\n<\/div>\n<\/div>\n<\/div>\n<\/div>","protected":false},"excerpt":{"rendered":"","protected":false},"author":1,"featured_media":0,"parent":0,"menu_order":0,"comment_status":"closed","ping_status":"closed","template":"","meta":{"footnotes":""},"class_list":["post-9655","page","type-page","status-publish","hentry"],"_links":{"self":[{"href":"https:\/\/www.smilehairclinic.com\/sq\/wp-json\/wp\/v2\/pages\/9655","targetHints":{"allow":["GET"]}}],"collection":[{"href":"https:\/\/www.smilehairclinic.com\/sq\/wp-json\/wp\/v2\/pages"}],"about":[{"href":"https:\/\/www.smilehairclinic.com\/sq\/wp-json\/wp\/v2\/types\/page"}],"author":[{"embeddable":true,"href":"https:\/\/www.smilehairclinic.com\/sq\/wp-json\/wp\/v2\/users\/1"}],"replies":[{"embeddable":true,"href":"https:\/\/www.smilehairclinic.com\/sq\/wp-json\/wp\/v2\/comments?post=9655"}],"version-history":[{"count":2,"href":"https:\/\/www.smilehairclinic.com\/sq\/wp-json\/wp\/v2\/pages\/9655\/revisions"}],"predecessor-version":[{"id":25256,"href":"https:\/\/www.smilehairclinic.com\/sq\/wp-json\/wp\/v2\/pages\/9655\/revisions\/25256"}],"wp:attachment":[{"href":"https:\/\/www.smilehairclinic.com\/sq\/wp-json\/wp\/v2\/media?parent=9655"}],"curies":[{"name":"wp","href":"https:\/\/api.w.org\/{rel}","templated":true}]}}