{"id":9653,"date":"2021-07-29T11:27:03","date_gmt":"2021-07-29T08:27:03","guid":{"rendered":"https:\/\/www.smilehairclinic.com\/klinika-jone\/"},"modified":"2025-07-07T17:51:06","modified_gmt":"2025-07-07T14:51:06","slug":"klinika-jone","status":"publish","type":"page","link":"https:\/\/www.smilehairclinic.com\/sq\/klinika-jone\/","title":{"rendered":"Klinika Jon\u00eb"},"content":{"rendered":"<p>Smile Hair Clinic u themelua n\u00eb vitin 2018 nga Dr. Dr., t\u00eb cil\u00ebt jan\u00eb t\u00eb dy kirurg\u00eb t\u00eb njohur n\u00eb t\u00eb gjith\u00eb Evrop\u00ebn dhe i kan\u00eb kushtuar vite t\u00eb jet\u00ebs s\u00eb tyre zhvillimit t\u00eb teknikave t\u00eb transplantimit t\u00eb flok\u00ebve FUE. Gokay Bilgin dhe Dr. Ajo u themelua nga Mehmet Erdogan. E vendosur n\u00eb Ata\u015fehir, nj\u00eb nga lagjet m\u00eb t\u00eb njohura t\u00eb Stambollit, klinika ofron sh\u00ebrbime n\u00eb nj\u00eb nd\u00ebrtes\u00eb inteligjente 10-kat\u00ebshe, 1600 m2. Klinika ofron sh\u00ebrbime n\u00eb t\u00eb gjitha aplikimet estetike mjek\u00ebsore. Misioni m\u00eb i r\u00ebnd\u00ebsish\u00ebm i klinik\u00ebs \u00ebsht\u00eb q\u00eb pacient\u00ebt e saj t\u00eb ndihen si n\u00eb sht\u00ebpin\u00eb e tyre, n\u00eb nj\u00eb mjedis familjar dhe t\u00eb sigurt. Klinika jon\u00eb, ku mikpritja turke dhe standardet e cil\u00ebsis\u00eb jan\u00eb t\u00eb paz\u00ebvend\u00ebsueshme, ka qen\u00eb krenare t\u00eb ofroj\u00eb sh\u00ebrbim cil\u00ebsor p\u00ebr mysafir\u00ebt e saj q\u00eb nga dita e themelimit.<\/p>\n<p>N\u00eb procedurat e transplantimit t\u00eb flok\u00ebve FUE, t\u00eb gjitha proceset monitorohen nga mjek\u00ebt dhe \u00e7do an\u00ebtar i ekipit t\u00eb p\u00ebrfshir\u00eb n\u00eb operacion ka marr\u00eb trajnim mjek\u00ebsor. Deri m\u00eb sot, transplantimi i flok\u00ebve \u00ebsht\u00eb kryer n\u00eb m\u00eb shum\u00eb se 15,000 pacient\u00eb nga vende t\u00eb ndryshme dhe jan\u00eb arritur rezultate t\u00eb suksesshme.<\/p>\n<p>Ekipi i ngroht\u00eb dhe mikprit\u00ebs i Smile Hair punon p\u00ebr t&#8217;i b\u00ebr\u00eb pacient\u00ebt t\u00eb ndihen si n\u00eb sht\u00ebpin\u00eb e tyre. Karriget ku kryhet procedura jan\u00eb t\u00eb prodhuara posa\u00e7\u00ebrisht dhe p\u00ebrdoren dyshek\u00eb visko, pacient\u00ebt tan\u00eb ndihen rehat gjat\u00eb gjith\u00eb procesit t\u00eb mbjelljes s\u00eb flok\u00ebve.<\/p>\n<p>N\u00eb Smile Hair Clinic; Pacient\u00ebve nga e gjith\u00eb bota u ofrohen trajtime duke p\u00ebrdorur teknologjin\u00eb m\u00eb t\u00eb fundit n\u00eb mbjelljen e flok\u00ebve. \u201cTRANSPLANTIMI I FLOK\u00cbVE SAPHIRE\u201d \u00ebsht\u00eb standard n\u00eb klinik\u00ebn ton\u00eb. T\u00eb ftuar nga e gjith\u00eb bota mund t\u00eb p\u00ebrfitojn\u00eb nga sh\u00ebrbimet e p\u00ebrkthimit t\u00eb Smile Hair pa pages\u00eb; Ata gjithashtu mund t\u00eb ken\u00eb akses n\u00eb sh\u00ebrbime t\u00eb tilla si rezervime hotelesh, marrje nga aeroporti, largim nga aeroporti dhe konsulenc\u00eb p\u00ebr viza.<\/p>\n","protected":false},"excerpt":{"rendered":"<p>Smile Hair Clinic u themelua n\u00eb vitin 2018 nga Dr. Dr., t\u00eb cil\u00ebt jan\u00eb t\u00eb dy kirurg\u00eb t\u00eb njohur n\u00eb t\u00eb gjith\u00eb Evrop\u00ebn dhe i kan\u00eb kushtuar vite t\u00eb jet\u00ebs s\u00eb tyre zhvillimit t\u00eb teknikave t\u00eb transplantimit t\u00eb flok\u00ebve FUE. Gokay Bilgin dhe Dr. Ajo u themelua nga Mehmet Erdogan. E vendosur n\u00eb Ata\u015fehir, nj\u00eb [&hellip;]<\/p>\n","protected":false},"author":1,"featured_media":20255,"parent":0,"menu_order":0,"comment_status":"closed","ping_status":"closed","template":"","meta":{"footnotes":""},"class_list":["post-9653","page","type-page","status-publish","has-post-thumbnail","hentry"],"_links":{"self":[{"href":"https:\/\/www.smilehairclinic.com\/sq\/wp-json\/wp\/v2\/pages\/9653","targetHints":{"allow":["GET"]}}],"collection":[{"href":"https:\/\/www.smilehairclinic.com\/sq\/wp-json\/wp\/v2\/pages"}],"about":[{"href":"https:\/\/www.smilehairclinic.com\/sq\/wp-json\/wp\/v2\/types\/page"}],"author":[{"embeddable":true,"href":"https:\/\/www.smilehairclinic.com\/sq\/wp-json\/wp\/v2\/users\/1"}],"replies":[{"embeddable":true,"href":"https:\/\/www.smilehairclinic.com\/sq\/wp-json\/wp\/v2\/comments?post=9653"}],"version-history":[{"count":1,"href":"https:\/\/www.smilehairclinic.com\/sq\/wp-json\/wp\/v2\/pages\/9653\/revisions"}],"predecessor-version":[{"id":18820,"href":"https:\/\/www.smilehairclinic.com\/sq\/wp-json\/wp\/v2\/pages\/9653\/revisions\/18820"}],"wp:featuredmedia":[{"embeddable":true,"href":"https:\/\/www.smilehairclinic.com\/sq\/wp-json\/wp\/v2\/media\/20255"}],"wp:attachment":[{"href":"https:\/\/www.smilehairclinic.com\/sq\/wp-json\/wp\/v2\/media?parent=9653"}],"curies":[{"name":"wp","href":"https:\/\/api.w.org\/{rel}","templated":true}]}}