{"id":9652,"date":"2022-06-30T15:07:19","date_gmt":"2022-06-30T12:07:19","guid":{"rendered":"https:\/\/www.smilehairclinic.com\/bordi-mjekesor\/"},"modified":"2025-07-07T17:45:11","modified_gmt":"2025-07-07T14:45:11","slug":"medical-board","status":"publish","type":"page","link":"https:\/\/www.smilehairclinic.com\/sq\/medical-board\/","title":{"rendered":"BORDI MJEK\u00cbSOR"},"content":{"rendered":"<p>Bordi yn\u00eb sh\u00ebndet\u00ebsor, i p\u00ebrb\u00ebr\u00eb nga mjek\u00ebt tan\u00eb dhe ekipi i mediave sociale, ndjek vazhdimisht zhvillime t\u00eb r\u00ebnd\u00ebsishme dhe ndan p\u00ebrvoja t\u00eb reja me ju p\u00ebr t&#8217;ju ofruar informacion t\u00eb besuesh\u00ebm dhe faktik, p\u00ebr t\u00eb ndar\u00eb p\u00ebrvojat e pacient\u00ebve tan\u00eb dhe p\u00ebr t&#8217;ju informuar p\u00ebr vler\u00ebsimet e tyre klinike. Si an\u00ebtar\u00eb t\u00eb Smile Hair Clinic, ne i japim p\u00ebrpar\u00ebsi lumturis\u00eb s\u00eb pacient\u00ebve tan\u00eb, vler\u00ebsojm\u00eb integritetin dhe duam dhe respektojm\u00eb at\u00eb q\u00eb b\u00ebjm\u00eb. E gjith\u00eb p\u00ebrmbajtja jon\u00eb nuk p\u00ebrb\u00ebn k\u00ebshilla mjek\u00ebsore, por p\u00ebrgatitet drejtp\u00ebrdrejt nga bordi yn\u00eb sh\u00ebndet\u00ebsor dhe i n\u00ebnshtrohet mbik\u00ebqyrjes mjek\u00ebsore.<\/p>\n<p>KORDI REDAKTORI MJEK\u00cbSOR<br \/>\nDr. Gokay Bilgin<br \/>\nDr. Mehmet Erdogan<br \/>\nDr. Firdavs Ahmedov<\/p>\n<p>&nbsp;<\/p>\n","protected":false},"excerpt":{"rendered":"<p>Bordi yn\u00eb sh\u00ebndet\u00ebsor, i p\u00ebrb\u00ebr\u00eb nga mjek\u00ebt tan\u00eb dhe ekipi i mediave sociale, ndjek vazhdimisht zhvillime t\u00eb r\u00ebnd\u00ebsishme dhe ndan p\u00ebrvoja t\u00eb reja me ju p\u00ebr t&#8217;ju ofruar informacion t\u00eb besuesh\u00ebm dhe faktik, p\u00ebr t\u00eb ndar\u00eb p\u00ebrvojat e pacient\u00ebve tan\u00eb dhe p\u00ebr t&#8217;ju informuar p\u00ebr vler\u00ebsimet e tyre klinike. Si an\u00ebtar\u00eb t\u00eb Smile Hair Clinic, [&hellip;]<\/p>\n","protected":false},"author":1,"featured_media":0,"parent":0,"menu_order":0,"comment_status":"closed","ping_status":"closed","template":"","meta":{"footnotes":""},"class_list":["post-9652","page","type-page","status-publish","hentry"],"_links":{"self":[{"href":"https:\/\/www.smilehairclinic.com\/sq\/wp-json\/wp\/v2\/pages\/9652","targetHints":{"allow":["GET"]}}],"collection":[{"href":"https:\/\/www.smilehairclinic.com\/sq\/wp-json\/wp\/v2\/pages"}],"about":[{"href":"https:\/\/www.smilehairclinic.com\/sq\/wp-json\/wp\/v2\/types\/page"}],"author":[{"embeddable":true,"href":"https:\/\/www.smilehairclinic.com\/sq\/wp-json\/wp\/v2\/users\/1"}],"replies":[{"embeddable":true,"href":"https:\/\/www.smilehairclinic.com\/sq\/wp-json\/wp\/v2\/comments?post=9652"}],"version-history":[{"count":1,"href":"https:\/\/www.smilehairclinic.com\/sq\/wp-json\/wp\/v2\/pages\/9652\/revisions"}],"predecessor-version":[{"id":12994,"href":"https:\/\/www.smilehairclinic.com\/sq\/wp-json\/wp\/v2\/pages\/9652\/revisions\/12994"}],"wp:attachment":[{"href":"https:\/\/www.smilehairclinic.com\/sq\/wp-json\/wp\/v2\/media?parent=9652"}],"curies":[{"name":"wp","href":"https:\/\/api.w.org\/{rel}","templated":true}]}}