{"id":32451,"date":"2026-04-15T15:30:22","date_gmt":"2026-04-15T12:30:22","guid":{"rendered":"https:\/\/www.smilehairclinic.com\/misyon-ve-vizyon\/"},"modified":"2026-04-15T15:36:36","modified_gmt":"2026-04-15T12:36:36","slug":"misioni-dhe-vizioni","status":"publish","type":"page","link":"https:\/\/www.smilehairclinic.com\/sq\/misioni-dhe-vizioni\/","title":{"rendered":"Misioni dhe Vizioni"},"content":{"rendered":"<p data-start=\"35\" data-end=\"46\"><strong data-start=\"35\" data-end=\"46\">Misioni<\/strong><\/p>\n<p data-start=\"48\" data-end=\"788\">Si Smile Hair Clinic, misioni yn\u00eb \u00ebsht\u00eb t\u00eb ofrojm\u00eb zgjidhje besnike, inovative dhe me cil\u00ebsi t\u00eb lart\u00eb p\u00ebr transplantimin e flok\u00ebve p\u00ebr pacient\u00ebt tan\u00eb. Brenda kuadrit t\u00eb vlerave etike dhe profesionale, q\u00ebllimi yn\u00eb \u00ebsht\u00eb t\u00eb kalojm\u00eb pritshm\u00ebrit\u00eb e pacient\u00ebve tan\u00eb duke p\u00ebrdorur qasje individuale. Duke ndjekur ngusht\u00eb zhvillimet teknologjike, ne zbatojm\u00eb metodat m\u00eb efektive t\u00eb trajtimit dhe p\u00ebrmir\u00ebsojm\u00eb aft\u00ebsit\u00eb e ekipit ton\u00eb ekspert duke ofruar trajnime t\u00eb vazhdueshme. Prioriteti yn\u00eb \u00ebsht\u00eb t\u00eb ofrojm\u00eb nj\u00eb p\u00ebrvoj\u00eb sh\u00ebrbimi t\u00eb sigurt, t\u00eb rehatshme dhe t\u00eb qart\u00eb, duke vendosur cil\u00ebsin\u00eb dhe k\u00ebnaq\u00ebsin\u00eb e pacient\u00ebve n\u00eb thelb. Q\u00ebllimi yn\u00eb \u00ebsht\u00eb t\u00eb rrisim cil\u00ebsin\u00eb e jet\u00ebs s\u00eb pacient\u00ebve tan\u00eb dhe t\u00eb fitojm\u00eb besimin e tyre me sh\u00ebrbimet q\u00eb ofrojm\u00eb.<\/p>\n<p data-start=\"790\" data-end=\"801\"><strong data-start=\"790\" data-end=\"801\">Vizioni<\/strong><\/p>\n<p data-start=\"803\" data-end=\"1781\" data-is-last-node=\"\" data-is-only-node=\"\">Si Smile Hair Clinic, vizioni yn\u00eb \u00ebsht\u00eb t\u00eb b\u00ebhemi klinika m\u00eb e mir\u00eb p\u00ebr transplantimin e flok\u00ebve n\u00eb bot\u00eb. N\u00eb k\u00ebt\u00eb drejtim, ne ofrojm\u00eb sh\u00ebrbime sh\u00ebndet\u00ebsore inovative dhe me cil\u00ebsi t\u00eb lart\u00eb p\u00ebr pacient\u00ebt tan\u00eb. Duke mbajtur parimet e filozofis\u00eb True\u2122 n\u00eb thelb, ne e vendosim sh\u00ebndetin dhe lumturin\u00eb e njeriut n\u00eb qend\u00ebr t\u00eb gjith\u00e7kaje q\u00eb b\u00ebjm\u00eb. Kur zgjedhim punonj\u00ebsit, ne preferojm\u00eb profesionist\u00eb t\u00eb ekspertizuar, me p\u00ebrvoj\u00eb dhe t\u00eb kualifikuar, dhe mb\u00ebshtesim zhvillimin dhe motivimin e tyre t\u00eb vazhduesh\u00ebm. Duke p\u00ebrdorur teknologjin\u00eb m\u00eb t\u00eb fundit dhe metodat inovative, ne ruajm\u00eb lidershipin ton\u00eb n\u00eb industri. Duke vendosur sigurin\u00eb e pacient\u00ebve dhe punonj\u00ebsve n\u00eb plan t\u00eb par\u00eb, ne ofrojm\u00eb nj\u00eb proces trajtimi t\u00eb sigurt dhe t\u00eb rehatsh\u00ebm. Duke vepruar me nd\u00ebrgjegje t\u00eb p\u00ebrgjegj\u00ebsis\u00eb shoq\u00ebrore, synojm\u00eb t\u00eb kontribuojm\u00eb pozitivisht n\u00eb shoq\u00ebri dhe mjedis. Duke u rritur n\u00eb nivel global, ne po ecim p\u00ebrpara p\u00ebr t&#8217;u b\u00ebr\u00eb nj\u00eb institucion sh\u00ebndet\u00ebsor i njohur dhe referenc\u00eb n\u00eb mbar\u00eb bot\u00ebn.<\/p>\n","protected":false},"excerpt":{"rendered":"<p>Misioni Si Smile Hair Clinic, misioni yn\u00eb \u00ebsht\u00eb t\u00eb ofrojm\u00eb zgjidhje besnike, inovative dhe me cil\u00ebsi t\u00eb lart\u00eb p\u00ebr transplantimin e flok\u00ebve p\u00ebr pacient\u00ebt tan\u00eb. Brenda kuadrit t\u00eb vlerave etike dhe profesionale, q\u00ebllimi yn\u00eb \u00ebsht\u00eb t\u00eb kalojm\u00eb pritshm\u00ebrit\u00eb e pacient\u00ebve tan\u00eb duke p\u00ebrdorur qasje individuale. Duke ndjekur ngusht\u00eb zhvillimet teknologjike, ne zbatojm\u00eb metodat m\u00eb efektive [&hellip;]<\/p>\n","protected":false},"author":1,"featured_media":0,"parent":0,"menu_order":0,"comment_status":"closed","ping_status":"closed","template":"","meta":{"footnotes":""},"class_list":["post-32451","page","type-page","status-publish","hentry"],"_links":{"self":[{"href":"https:\/\/www.smilehairclinic.com\/sq\/wp-json\/wp\/v2\/pages\/32451","targetHints":{"allow":["GET"]}}],"collection":[{"href":"https:\/\/www.smilehairclinic.com\/sq\/wp-json\/wp\/v2\/pages"}],"about":[{"href":"https:\/\/www.smilehairclinic.com\/sq\/wp-json\/wp\/v2\/types\/page"}],"author":[{"embeddable":true,"href":"https:\/\/www.smilehairclinic.com\/sq\/wp-json\/wp\/v2\/users\/1"}],"replies":[{"embeddable":true,"href":"https:\/\/www.smilehairclinic.com\/sq\/wp-json\/wp\/v2\/comments?post=32451"}],"version-history":[{"count":3,"href":"https:\/\/www.smilehairclinic.com\/sq\/wp-json\/wp\/v2\/pages\/32451\/revisions"}],"predecessor-version":[{"id":32465,"href":"https:\/\/www.smilehairclinic.com\/sq\/wp-json\/wp\/v2\/pages\/32451\/revisions\/32465"}],"wp:attachment":[{"href":"https:\/\/www.smilehairclinic.com\/sq\/wp-json\/wp\/v2\/media?parent=32451"}],"curies":[{"name":"wp","href":"https:\/\/api.w.org\/{rel}","templated":true}]}}