{"id":25254,"date":"2025-03-07T12:05:06","date_gmt":"2025-03-07T09:05:06","guid":{"rendered":"https:\/\/www.smilehairclinic.com\/genel\/"},"modified":"2025-11-10T15:53:56","modified_gmt":"2025-11-10T12:53:56","slug":"gjeneral","status":"publish","type":"page","link":"https:\/\/www.smilehairclinic.com\/sq\/gjeneral\/","title":{"rendered":"Gjeneral"},"content":{"rendered":"\n<h2 class=\"wp-block-heading\">Gjeneral<\/h2>\n\n\n<div id=\"rank-math-faq\" class=\"rank-math-block\">\n<div class=\"rank-math-list \">\n<div id=\"faq-question-1762505004917\" class=\"rank-math-list-item\">\n<h3 class=\"rank-math-question \">A mbahet sekret dhe i sigurt operacioni i mbjelljes s\u00eb flok\u00ebve?<\/h3>\n<div class=\"rank-math-answer \">\n\n<p>Po! Sipas ligjeve turke, ekzistojn\u00eb rregulla shum\u00eb strikte n\u00eb lidhje me privat\u00ebsin\u00eb e pacientit. Pa lejen e pacientit, asnj\u00eb imazh para ose pas operacionit nuk publikohet n\u00eb rrjetet sociale apo n\u00eb faqet e internetit.<\/p>\n\n<\/div>\n<\/div>\n<div id=\"faq-question-1762505013244\" class=\"rank-math-list-item\">\n<h3 class=\"rank-math-question \">Pse duhet t\u00eb preferohet Turqia p\u00ebr transplantimin e flok\u00ebve?<\/h3>\n<div class=\"rank-math-answer \">\n\n<p>Turqia ndodhet n\u00eb pik\u00ebtakimin e Azis\u00eb dhe Evrop\u00ebs dhe \u00ebsht\u00eb nj\u00eb qend\u00ebr e madhe p\u00ebr turizmin sh\u00ebndet\u00ebsor. Si sh\u00ebrbimet cil\u00ebsore ashtu edhe \u00e7mimet e volitshme e b\u00ebjn\u00eb Turqin\u00eb t\u00ebrheq\u00ebse p\u00ebr pacient\u00ebt q\u00eb d\u00ebshirojn\u00eb t\u00eb kryejn\u00eb transplant flok\u00ebsh.<\/p>\n\n<\/div>\n<\/div>\n<div id=\"faq-question-1762505018910\" class=\"rank-math-list-item\">\n<h3 class=\"rank-math-question \">Pse transplantimi i flok\u00ebve \u00ebsht\u00eb i lir\u00eb n\u00eb Turqi?<\/h3>\n<div class=\"rank-math-answer \">\n\n<p>Gjat\u00eb 10 viteve t\u00eb fundit, Turqia \u00ebsht\u00eb b\u00ebr\u00eb nj\u00eb nga vendet lidere n\u00eb fush\u00ebn e transplantit t\u00eb flok\u00ebve. Konkurrenca n\u00eb rritje ka b\u00ebr\u00eb q\u00eb \u00e7mimet t\u00eb bien n\u00ebn kushtet e tregut t\u00eb lir\u00eb. Kjo nuk do t\u00eb thot\u00eb se \u00ebsht\u00eb b\u00ebr\u00eb kompromis me cil\u00ebsin\u00eb; klinikat me p\u00ebrvoj\u00eb u ofrojn\u00eb sh\u00ebrbime mij\u00ebra pacient\u00ebve nga e gjith\u00eb bota.<\/p>\n\n<\/div>\n<\/div>\n<div id=\"faq-question-1762505025568\" class=\"rank-math-list-item\">\n<h3 class=\"rank-math-question \">Pse jan\u00eb m\u00eb t\u00eb larta normat e suksesit n\u00eb transplantimin e flok\u00ebve FUE?<\/h3>\n<div class=\"rank-math-answer \">\n\n<p>N\u00eb metod\u00ebn FUE, graftet cil\u00ebsore p\u00ebrzgjidhen dhe klasifikohen, pastaj vendosen n\u00eb zonat e p\u00ebrshtatshme. Ky planifikim rrit shkall\u00ebn e suksesit dhe siguron rezultate m\u00eb natyrale.<\/p>\n\n<\/div>\n<\/div>\n<div id=\"faq-question-1762505038615\" class=\"rank-math-list-item\">\n<h3 class=\"rank-math-question \">Kush kryen transplantimin e flok\u00ebve?<\/h3>\n<div class=\"rank-math-answer \">\n\n<p>Transplanti i flok\u00ebve kryhet nga profesionist\u00eb t\u00eb kualifikuar t\u00eb sh\u00ebndet\u00ebsis\u00eb me p\u00ebrvoj\u00eb mjek\u00ebsore. Nd\u00ebr k\u00ebta p\u00ebrfshihen mjek\u00eb, infermier\u00eb, teknik\u00eb anestezie, paramedik\u00eb dhe personel i sall\u00ebs s\u00eb operacionit.<\/p>\n\n<\/div>\n<\/div>\n<div id=\"faq-question-1762505043648\" class=\"rank-math-list-item\">\n<h3 class=\"rank-math-question \">Cil\u00ebt jan\u00eb pacient\u00ebt e Klinik\u00ebs s\u00eb Flok\u00ebve Smile?<\/h3>\n<div class=\"rank-math-answer \">\n\n<p>Personat nga e gjith\u00eb bota q\u00eb d\u00ebshirojn\u00eb t\u00eb b\u00ebjn\u00eb transplant flok\u00ebsh jan\u00eb pacient\u00eb t\u00eb klinik\u00ebs son\u00eb. Aktualisht, 90% e pacient\u00ebve tan\u00eb vijn\u00eb nga Mbret\u00ebria e Bashkuar dhe Irlanda. Gjithashtu kemi k\u00ebrkes\u00eb t\u00eb madhe nga SHBA, Kanadaja dhe vendet evropiane.<\/p>\n\n<\/div>\n<\/div>\n<div id=\"faq-question-1762505054578\" class=\"rank-math-list-item\">\n<h3 class=\"rank-math-question \">Cila \u00ebsht\u00eb teknika m\u00eb e mir\u00eb e transplantimit t\u00eb flok\u00ebve?<\/h3>\n<div class=\"rank-math-answer \">\n\n<p>Zgjedhja e teknik\u00ebs p\u00ebrcaktohet sipas nevojave t\u00eb pacientit. N\u00eb klinik\u00ebn ton\u00eb aplikohen metodat DHI dhe Sapphire FUE. Rr\u00ebnj\u00ebt e flok\u00ebve merren me metod\u00ebn FUE dhe m\u00eb pas transplantohen duke p\u00ebrdorur teknik\u00ebn DHI ose tehun Sapphire. Secila teknik\u00eb ofron p\u00ebrpar\u00ebsi t\u00eb ndryshme.<\/p>\n\n<\/div>\n<\/div>\n<div id=\"faq-question-1762505178974\" class=\"rank-math-list-item\">\n<h3 class=\"rank-math-question \">Cili vend \u00ebsht\u00eb m\u00eb i miri p\u00ebr transplantimin e flok\u00ebve?<\/h3>\n<div class=\"rank-math-answer \">\n\n<p>Gjat\u00eb 10 viteve t\u00eb fundit, Stambolli konsiderohet si kryeqyteti bot\u00ebror i transplantit t\u00eb flok\u00ebve. \u00c7do vit, mbi 1 milion persona vijn\u00eb n\u00eb Stamboll p\u00ebr transplant flok\u00ebsh. Krahasuar me Evrop\u00ebn dhe SHBA-n\u00eb, ofrohen \u00e7mime m\u00eb t\u00eb volitshme dhe rezultate m\u00eb t\u00eb suksesshme.<\/p>\n\n<\/div>\n<\/div>\n<div id=\"faq-question-1762505185502\" class=\"rank-math-list-item\">\n<h3 class=\"rank-math-question \">Cila metod\u00eb p\u00ebrdoret n\u00eb transplantimin e mjekr\u00ebs?<\/h3>\n<div class=\"rank-math-answer \">\n\n<p>N\u00eb transplantin e mjekr\u00ebs, metoda m\u00eb e p\u00ebrdorur \u00ebsht\u00eb FUE. Teknik\u00ebs FUT tashm\u00eb i \u00ebsht\u00eb z\u00ebvend\u00ebsuar n\u00eb mas\u00eb t\u00eb madhe nga FUE. Sot, m\u00eb shum\u00eb se 90% e transplantimeve t\u00eb mjekr\u00ebs kryhen me metod\u00ebn FUE.<\/p>\n\n<\/div>\n<\/div>\n<div id=\"faq-question-1762505209496\" class=\"rank-math-list-item\">\n<h3 class=\"rank-math-question \">\u00c7far\u00eb \u00ebsht\u00eb metoda FUE me Safir?<\/h3>\n<div class=\"rank-math-answer \">\n\n<p>Sapphire FUE \u00ebsht\u00eb nj\u00eb metod\u00eb FUE ku gjat\u00eb transplantit t\u00eb flok\u00ebve p\u00ebrdoren maja safiri p\u00ebr hapjen e kanaleve. Kjo mund\u00ebson prerje m\u00eb precize dhe delikate.<\/p>\n\n<\/div>\n<\/div>\n<div id=\"faq-question-1762505216223\" class=\"rank-math-list-item\">\n<h3 class=\"rank-math-question \">Sa kushton nj\u00eb transplant flok\u00ebsh n\u00eb Mbret\u00ebrin\u00eb e Bashkuar?<\/h3>\n<div class=\"rank-math-answer \">\n\n<p>\u00c7mimet ndryshojn\u00eb ndjesh\u00ebm midis klinikave. Sipas p\u00ebrvojave t\u00eb pacient\u00ebve, \u00e7mimet fillojn\u00eb rreth 4.500 paund dhe mund t\u00eb arrijn\u00eb deri n\u00eb 15.000\u201320.000 paund.<\/p>\n\n<\/div>\n<\/div>\n<div id=\"faq-question-1762505221510\" class=\"rank-math-list-item\">\n<h3 class=\"rank-math-question \">\u00c7far\u00eb do t\u00eb thot\u00eb hap\u00ebsira e kufizuar e donator\u00ebve?<\/h3>\n<div class=\"rank-math-answer \">\n\n<p>Zona donatore e kufizuar n\u00ebnkupton munges\u00ebn e dend\u00ebsis\u00eb s\u00eb mjaftueshme t\u00eb flok\u00ebve n\u00eb rajonin nga ku mund t\u00eb merren graftet. Arsyeja p\u00ebr k\u00ebt\u00eb mund t\u00eb jet\u00eb operacionet e m\u00ebparshme, plag\u00ebt e m\u00ebdha, ulja e dend\u00ebsis\u00eb s\u00eb flok\u00ebve n\u00eb zon\u00ebn donatore ose fijet e holla t\u00eb flok\u00ebve.<\/p>\n\n<\/div>\n<\/div>\n<div id=\"faq-question-1762505228849\" class=\"rank-math-list-item\">\n<h3 class=\"rank-math-question \">\u00c7far\u00eb \u00ebsht\u00eb akreditimi ISHRS?<\/h3>\n<div class=\"rank-math-answer \">\n\n<p>ISHRS \u00ebsht\u00eb Shoqata Nd\u00ebrkomb\u00ebtare e Kirurgjis\u00eb s\u00eb Flok\u00ebve. Ajo bashkon kirurg\u00ebt dhe profesionist\u00ebt e transplantit t\u00eb flok\u00ebve nga e gjith\u00eb bota. An\u00ebtar\u00ebsia e nj\u00eb mjeku ose ekipi n\u00eb ISHRS n\u00ebnkupton standarde t\u00eb larta etike dhe nj\u00eb qasje profesionale.<\/p>\n\n<\/div>\n<\/div>\n<div id=\"faq-question-1762505231878\" class=\"rank-math-list-item\">\n<h3 class=\"rank-math-question \">Cila \u00ebsht\u00eb e ardhmja e transplantimit t\u00eb flok\u00ebve ose trajtimit t\u00eb r\u00ebnies s\u00eb flok\u00ebve?<\/h3>\n<div class=\"rank-math-answer \">\n\n<p>Shum\u00eb k\u00ebrkime po vazhdojn\u00eb mbi trajtimin e r\u00ebnies s\u00eb flok\u00ebve. Aktualisht, FDA ka miratuar vet\u00ebm tre metoda trajtimi p\u00ebr r\u00ebnien e flok\u00ebve: Minoxidil, Finasteride dhe terapin\u00eb me lazer me intensitet t\u00eb ul\u00ebt (Triple LT). Metodat kirurgjikale jan\u00eb FUE dhe FUT.<\/p>\n\n<\/div>\n<\/div>\n<div id=\"faq-question-1762505235871\" class=\"rank-math-list-item\">\n<h3 class=\"rank-math-question \">Cila \u00ebsht\u00eb dend\u00ebsia e kanalit gjat\u00eb transplantimit t\u00eb flok\u00ebve?<\/h3>\n<div class=\"rank-math-answer \">\n\n<p>Nj\u00eb dend\u00ebsi e mir\u00eb \u00ebsht\u00eb hapja e 40\u201360 kanaleve p\u00ebr cm\u00b2. Dend\u00ebsia 30\u201340 konsiderohet mesatare, nd\u00ebrsa 20\u201330 e ul\u00ebt. Megjithat\u00eb, hapja e tep\u00ebrt e kanaleve mund t\u00eb d\u00ebmtoj\u00eb struktur\u00ebn e en\u00ebve t\u00eb gjakut dhe t\u00eb ul\u00eb mbijetes\u00ebn e graft\u00ebve. M\u00eb e r\u00ebnd\u00ebsishmja \u00ebsht\u00eb k\u00ebndi i sakt\u00eb, thell\u00ebsia e duhur dhe nj\u00eb dend\u00ebsi e balancuar.<\/p>\n\n<\/div>\n<\/div>\n<div id=\"faq-question-1762505240674\" class=\"rank-math-list-item\">\n<h3 class=\"rank-math-question \">A mund t\u00eb b\u00ebhet transplantimi i flok\u00ebve duke p\u00ebrdorur qimet e trupit?<\/h3>\n<div class=\"rank-math-answer \">\n\n<p>Po. P\u00ebrve\u00e7 pjes\u00ebs s\u00eb pasme t\u00eb kok\u00ebs, zona e mjekr\u00ebs dhe kraharorit mund t\u00eb p\u00ebrdoren si zona donatore. Disa klinika mund t\u00eb marrin graft\u00eb edhe nga zona e k\u00ebmb\u00ebve ose krah\u00ebve.<\/p>\n\n<\/div>\n<\/div>\n<div id=\"faq-question-1762505245044\" class=\"rank-math-list-item\">\n<h3 class=\"rank-math-question \">\u00c7far\u00eb \u00ebsht\u00eb Alopecia Areata?<\/h3>\n<div class=\"rank-math-answer \">\n\n<p>Alopecia Areata \u00ebsht\u00eb nj\u00eb s\u00ebmundje autoimune q\u00eb ndodh kur sistemi imunitar sulmon rr\u00ebnj\u00ebt e flok\u00ebve. Kjo gjendje shkakton dob\u00ebsim, inflamacion dhe r\u00ebnie t\u00eb flok\u00ebve.<\/p>\n\n<\/div>\n<\/div>\n<div id=\"faq-question-1762505252490\" class=\"rank-math-list-item\">\n<h3 class=\"rank-math-question \">\u00c7far\u00eb \u00ebsht\u00eb transplantimi i mjekr\u00ebs?<\/h3>\n<div class=\"rank-math-answer \">\n\n<p>Transplanti i mjekr\u00ebs konsiston n\u00eb transferimin e rr\u00ebnj\u00ebve t\u00eb flok\u00ebve t\u00eb marra nga zona donatore n\u00eb zon\u00ebn e fytyr\u00ebs. Brenda disa muajsh, qimet e transplantuara p\u00ebrshtaten me fytyr\u00ebn. P\u00ebr nj\u00eb pamje natyrale, duhet t\u00eb p\u00ebrdoren vet\u00ebm rr\u00ebnj\u00eb t\u00eb vetme flok\u00ebsh.<\/p>\n\n<\/div>\n<\/div>\n<div id=\"faq-question-1762505255712\" class=\"rank-math-list-item\">\n<h3 class=\"rank-math-question \">\u00c7far\u00eb mund t\u00eb b\u00ebhet me flok\u00ebt ekzistues?<\/h3>\n<div class=\"rank-math-answer \">\n\n<p>Gjat\u00eb operacionit synohet ruajtja e flok\u00ebve ekzistues. Kjo ofron nj\u00eb avantazh n\u00eb rast se n\u00eb t\u00eb ardhmen nevojitet nj\u00eb nd\u00ebrhyrje e dyt\u00eb. Me ndihm\u00ebn e lupave p\u00ebrcaktohen flok\u00ebt ekzistues dhe planifikohet procedura pa i d\u00ebmtuar ata.<\/p>\n\n<\/div>\n<\/div>\n<div id=\"faq-question-1762505263154\" class=\"rank-math-list-item\">\n<h3 class=\"rank-math-question \">Cilat jan\u00eb shkaqet e r\u00ebnies s\u00eb flok\u00ebve tek meshkujt?<\/h3>\n<div class=\"rank-math-answer \">\n\n<p>Shkaku m\u00eb i zakonsh\u00ebm \u00ebsht\u00eb r\u00ebnia e flok\u00ebve e tipit mashkullor. P\u00ebrve\u00e7 k\u00ebsaj, alopecia areata, humbja e flok\u00ebve p\u00ebr shkak t\u00eb indeve t\u00eb plag\u00ebs, s\u00ebmundjet kronike dhe disa ila\u00e7e gjithashtu mund t\u00eb shkaktojn\u00eb r\u00ebnie t\u00eb flok\u00ebve.<\/p>\n\n<\/div>\n<\/div>\n<div id=\"faq-question-1762505265641\" class=\"rank-math-list-item\">\n<h3 class=\"rank-math-question \">A ka ndonj\u00eb mund\u00ebsi tjet\u00ebr trajtimi p\u00ebrve\u00e7 transplantimit t\u00eb flok\u00ebve?<\/h3>\n<div class=\"rank-math-answer \">\n\n<p>N\u00eb var\u00ebsi t\u00eb shkall\u00ebs s\u00eb r\u00ebnies s\u00eb flok\u00ebve, mund t\u00eb aplikohen trajtime mjek\u00ebsore. N\u00eb r\u00ebnien e tipit mashkullor mund t\u00eb p\u00ebrdoren minoxidil dhe finasteride. N\u00eb s\u00ebmundjet autoimune mund t\u00eb nevojiten protokolle t\u00eb ndryshme trajtimi. Pas kimioterapis\u00eb, duhet pritur q\u00eb flok\u00ebt t\u00eb rikuperohen natyrsh\u00ebm.<\/p>\n\n<\/div>\n<\/div>\n<div id=\"faq-question-1762505270466\" class=\"rank-math-list-item\">\n<h3 class=\"rank-math-question \">A punon stafi me koh\u00eb t\u00eb plot\u00eb?<\/h3>\n<div class=\"rank-math-answer \">\n\n<p>N\u00eb Smile Hair Clinic, i gjith\u00eb ekipi punon me koh\u00eb t\u00eb plot\u00eb. Meqen\u00ebse mjeku dhe ekipi kirurgjik punojn\u00eb sipas t\u00eb nj\u00ebjtit sistem, sigurohet harmoni dhe cil\u00ebsi e q\u00ebndrueshme n\u00eb \u00e7do operacion.<\/p>\n\n<\/div>\n<\/div>\n<div id=\"faq-question-1762505278298\" class=\"rank-math-list-item\">\n<h3 class=\"rank-math-question \">A ka transplantim flok\u00ebsh jo-kirurgjikal?<\/h3>\n<div class=\"rank-math-answer \">\n\n<p>Jo. Transplanti i flok\u00ebve kryhet vet\u00ebm me metoda kirurgjikale.<\/p>\n\n<\/div>\n<\/div>\n<div id=\"faq-question-1762505283164\" class=\"rank-math-list-item\">\n<h3 class=\"rank-math-question \">A \u00ebsht\u00eb transplantimi i flok\u00ebve nj\u00eb procedur\u00eb e thjesht\u00eb?<\/h3>\n<div class=\"rank-math-answer \">\n\n<p>Pika m\u00eb e r\u00ebnd\u00ebsishme e suksesit \u00ebsht\u00eb planifikimi dhe p\u00ebrgatitja e duhur. Kur pacienti vler\u00ebsohet si\u00e7 duhet, shkalla e suksesit t\u00eb rezultatit rritet.<\/p>\n\n<\/div>\n<\/div>\n<div id=\"faq-question-1762505287635\" class=\"rank-math-list-item\">\n<h3 class=\"rank-math-question \">A \u00ebsht\u00eb transplantimi robotik i flok\u00ebve opsioni m\u00eb i mir\u00eb?<\/h3>\n<div class=\"rank-math-answer \">\n\n<p>Nuk ekziston nj\u00eb metod\u00eb e vetme m\u00eb e mir\u00eb p\u00ebr \u00e7do pacient. Metodat robotike, FUE ose FUT zgjidhen sipas nevojave t\u00eb pacientit. Nj\u00eb ekip me p\u00ebrvoj\u00eb mund t\u00eb arrij\u00eb t\u00eb nj\u00ebjtin sukses edhe me metod\u00ebn klasike FUE.<\/p>\n\n<\/div>\n<\/div>\n<div id=\"faq-question-1762505290148\" class=\"rank-math-list-item\">\n<h3 class=\"rank-math-question \">Kam b\u00ebr\u00eb nj\u00eb transplant flok\u00ebsh m\u00eb par\u00eb dhe nuk jam e k\u00ebnaqur, a mund t\u00eb b\u00ebhet p\u00ebrs\u00ebri?<\/h3>\n<div class=\"rank-math-answer \">\n\n<p>Po. Kjo procedur\u00eb quhet transplant flok\u00ebsh rishikues (revision). Ajo zbatohet tek pacient\u00ebt q\u00eb jan\u00eb operuar n\u00eb klinika t\u00eb tjera dhe nuk jan\u00eb t\u00eb k\u00ebnaqur me rezultatin. K\u00ebrkon planifikim t\u00eb sakt\u00eb dhe nj\u00eb ekip me p\u00ebrvoj\u00eb.<\/p>\n\n<\/div>\n<\/div>\n<div id=\"faq-question-1762505297723\" class=\"rank-math-list-item\">\n<h3 class=\"rank-math-question \">Si funksionon transplantimi i flok\u00ebve?<\/h3>\n<div class=\"rank-math-answer \">\n\n<p>Th\u00ebn\u00eb thjesht, rr\u00ebnj\u00ebt e flok\u00ebve merren nga zona donatore dhe transplantohen n\u00eb zonat pa flok\u00eb.<\/p>\n\n<\/div>\n<\/div>\n<div id=\"faq-question-1762505308781\" class=\"rank-math-list-item\">\n<h3 class=\"rank-math-question \">Si mund ta ndaloj r\u00ebnien e flok\u00ebve?<\/h3>\n<div class=\"rank-math-answer \">\n\n<p>S\u00eb pari, duhet b\u00ebr\u00eb nj\u00eb vler\u00ebsim nga dermatologu ose specialisti i transplantit t\u00eb flok\u00ebve. Pasi r\u00ebnia e flok\u00ebve t\u00eb jet\u00eb stabilizuar, planifikohet transplanti i flok\u00ebve.<\/p>\n\n<\/div>\n<\/div>\n<div id=\"faq-question-1762505312790\" class=\"rank-math-list-item\">\n<h3 class=\"rank-math-question \">Si ta zgjedh klinik\u00ebn m\u00eb t\u00eb mir\u00eb p\u00ebr transplantimin e flok\u00ebve n\u00eb Turqi?<\/h3>\n<div class=\"rank-math-answer \">\n\n<p>Mund t\u00eb shqyrtohen komentet e pacient\u00ebve, fotot e rezultateve dhe p\u00ebrvojat e klinik\u00ebs. M\u00eb e r\u00ebnd\u00ebsishmja \u00ebsht\u00eb q\u00eb klinika t\u00eb drejtohet nga mjek\u00eb dhe jo t\u00eb p\u00ebrb\u00ebhet vet\u00ebm nga teknik\u00eb.<\/p>\n\n<\/div>\n<\/div>\n<div id=\"faq-question-1762505318346\" class=\"rank-math-list-item\">\n<h3 class=\"rank-math-question \">A ka r\u00ebnd\u00ebsi se ku kryhet transplanti i flok\u00ebve?<\/h3>\n<div class=\"rank-math-answer \">\n\n<p>Po. Procedura duhet t\u00eb kryhet n\u00eb institucione sh\u00ebndet\u00ebsore t\u00eb licencuara q\u00eb kan\u00eb kirurg, infermier\u00eb dhe personel operativ. Klinikat e paregjistruara mund t\u00eb \u00e7ojn\u00eb n\u00eb rezultate t\u00eb pasuksesshme.<\/p>\n\n<\/div>\n<\/div>\n<div id=\"faq-question-1762505324284\" class=\"rank-math-list-item\">\n<h3 class=\"rank-math-question \">A l\u00eb plag\u00eb transplantimi i flok\u00ebve?<\/h3>\n<div class=\"rank-math-answer \">\n\n<p>N\u00eb zon\u00ebn donatore mund t\u00eb mbeten gjurm\u00eb t\u00eb vogla. Megjithat\u00eb, n\u00ebse operacioni kryhet mir\u00eb, k\u00ebto shenja nuk jan\u00eb shum\u00eb t\u00eb dukshme dhe nuk v\u00ebrehen me sy t\u00eb lir\u00eb.<\/p>\n\n<\/div>\n<\/div>\n<div id=\"faq-question-1762505328630\" class=\"rank-math-list-item\">\n<h3 class=\"rank-math-question \">N\u00ebse kam nj\u00eb transplant flok\u00ebsh t\u00eb bardh\u00eb, a do t\u00eb jen\u00eb t\u00eb bardha edhe flok\u00ebt e transplantuar?<\/h3>\n<div class=\"rank-math-answer \">\n\n<p>Po. Flok\u00ebt q\u00eb merren nga nj\u00eb zon\u00eb rriten me t\u00eb nj\u00ebjt\u00ebn ngjyr\u00eb dhe struktur\u00eb.<\/p>\n\n<\/div>\n<\/div>\n<div id=\"faq-question-1762505332585\" class=\"rank-math-list-item\">\n<h3 class=\"rank-math-question \">A \u00ebsht\u00eb e nevojshme t\u00eb shkosh jasht\u00eb vendit p\u00ebr nj\u00eb transplant flok\u00ebsh?<\/h3>\n<div class=\"rank-math-answer \">\n\n<p>Jo. Metoda m\u00eb e mir\u00eb \u00ebsht\u00eb ajo q\u00eb kryhet me teknik\u00ebn m\u00eb t\u00eb p\u00ebrshtatshme p\u00ebr ju nga kirurgu n\u00eb t\u00eb cilin keni besim.<\/p>\n\n<\/div>\n<\/div>\n<div id=\"faq-question-1762505336809\" class=\"rank-math-list-item\">\n<h3 class=\"rank-math-question \">A mund t\u00eb jem shum\u00eb i ri p\u00ebr nj\u00eb transplant flok\u00ebsh?<\/h3>\n<div class=\"rank-math-answer \">\n\n<p>P\u00ebr t\u2019u kualifikuar p\u00ebr nj\u00eb operacion transplantimi flok\u00ebsh, duhet t\u00eb jeni rreth 18 vje\u00e7 dhe n\u00ebn 60 vje\u00e7. N\u00eb disa klinika, procedura mund t\u00eb kryhet edhe p\u00ebr moshat mbi 65 vje\u00e7. Megjithat\u00eb, vendimi \u00ebsht\u00eb individual. Faktori tjet\u00ebr i r\u00ebnd\u00ebsish\u00ebm nuk \u00ebsht\u00eb mosha, por shkalla dhe p\u00ebrhapja e r\u00ebnies s\u00eb flok\u00ebve.<\/p>\n\n<\/div>\n<\/div>\n<\/div>\n<\/div>","protected":false},"excerpt":{"rendered":"<p>Gjeneral<\/p>\n","protected":false},"author":1,"featured_media":0,"parent":0,"menu_order":0,"comment_status":"closed","ping_status":"closed","template":"","meta":{"footnotes":""},"class_list":["post-25254","page","type-page","status-publish","hentry"],"_links":{"self":[{"href":"https:\/\/www.smilehairclinic.com\/sq\/wp-json\/wp\/v2\/pages\/25254","targetHints":{"allow":["GET"]}}],"collection":[{"href":"https:\/\/www.smilehairclinic.com\/sq\/wp-json\/wp\/v2\/pages"}],"about":[{"href":"https:\/\/www.smilehairclinic.com\/sq\/wp-json\/wp\/v2\/types\/page"}],"author":[{"embeddable":true,"href":"https:\/\/www.smilehairclinic.com\/sq\/wp-json\/wp\/v2\/users\/1"}],"replies":[{"embeddable":true,"href":"https:\/\/www.smilehairclinic.com\/sq\/wp-json\/wp\/v2\/comments?post=25254"}],"version-history":[{"count":2,"href":"https:\/\/www.smilehairclinic.com\/sq\/wp-json\/wp\/v2\/pages\/25254\/revisions"}],"predecessor-version":[{"id":25271,"href":"https:\/\/www.smilehairclinic.com\/sq\/wp-json\/wp\/v2\/pages\/25254\/revisions\/25271"}],"wp:attachment":[{"href":"https:\/\/www.smilehairclinic.com\/sq\/wp-json\/wp\/v2\/media?parent=25254"}],"curies":[{"name":"wp","href":"https:\/\/api.w.org\/{rel}","templated":true}]}}