{"id":25522,"date":"2025-03-07T12:05:06","date_gmt":"2025-03-07T09:05:06","guid":{"rendered":"https:\/\/www.smilehairclinic.com\/genel\/"},"modified":"2025-11-11T12:00:21","modified_gmt":"2025-11-11T09:00:21","slug":"em-geral","status":"publish","type":"page","link":"https:\/\/www.smilehairclinic.com\/pt\/em-geral\/","title":{"rendered":"Em geral"},"content":{"rendered":"\n<h2 class=\"wp-block-heading\">Em geral<\/h2>\n\n\n<div id=\"rank-math-faq\" class=\"rank-math-block\">\n<div class=\"rank-math-list \">\n<div id=\"faq-question-1762505004917\" class=\"rank-math-list-item\">\n<h3 class=\"rank-math-question \">A cirurgia de transplante capilar \u00e9 mantida em segredo e \u00e9 segura?<\/h3>\n<div class=\"rank-math-answer \">\n\n<p>Sim! De acordo com as leis turcas, existem regras muito rigorosas sobre a confidencialidade dos pacientes. Nenhuma imagem antes ou depois da cirurgia \u00e9 compartilhada nas redes sociais ou em sites da internet sem a autoriza\u00e7\u00e3o do paciente.<\/p>\n\n<\/div>\n<\/div>\n<div id=\"faq-question-1762505013244\" class=\"rank-math-list-item\">\n<h3 class=\"rank-math-question \">Por que a Turquia deve ser a op\u00e7\u00e3o preferida para transplante capilar?<\/h3>\n<div class=\"rank-math-answer \">\n\n<p>A Turquia est\u00e1 localizada no ponto de encontro entre a \u00c1sia e a Europa e \u00e9 um grande centro de turismo de sa\u00fade. A combina\u00e7\u00e3o de servi\u00e7os de alta qualidade e pre\u00e7os acess\u00edveis torna a Turquia uma op\u00e7\u00e3o atraente para pacientes que desejam realizar um transplante capilar.<\/p>\n\n<\/div>\n<\/div>\n<div id=\"faq-question-1762505018910\" class=\"rank-math-list-item\">\n<h3 class=\"rank-math-question \">Por que o transplante capilar \u00e9 barato na Turquia?<\/h3>\n<div class=\"rank-math-answer \">\n\n<p>Nos \u00faltimos 10 anos, a Turquia tornou-se um dos pa\u00edses l\u00edderes na \u00e1rea de transplante capilar. O aumento da concorr\u00eancia, sob as condi\u00e7\u00f5es de livre mercado, levou \u00e0 redu\u00e7\u00e3o dos pre\u00e7os. Isso n\u00e3o significa que a qualidade tenha sido comprometida; cl\u00ednicas experientes atendem milhares de pacientes de todo o mundo.<\/p>\n\n<\/div>\n<\/div>\n<div id=\"faq-question-1762505025568\" class=\"rank-math-list-item\">\n<h3 class=\"rank-math-question \">Por que as taxas de sucesso s\u00e3o maiores no transplante capilar FUE?<\/h3>\n<div class=\"rank-math-answer \">\n\n<p>No m\u00e9todo FUE, os enxertos de melhor qualidade s\u00e3o selecionados e classificados antes de serem colocados nas \u00e1reas adequadas. Esse planejamento aumenta as taxas de sucesso e proporciona resultados mais naturais.<\/p>\n\n<\/div>\n<\/div>\n<div id=\"faq-question-1762505038615\" class=\"rank-math-list-item\">\n<h3 class=\"rank-math-question \">Quem realiza transplante capilar?<\/h3>\n<div class=\"rank-math-answer \">\n\n<p>O transplante capilar \u00e9 realizado por profissionais de sa\u00fade especializados com forma\u00e7\u00e3o m\u00e9dica. Entre eles est\u00e3o m\u00e9dicos, enfermeiros, t\u00e9cnicos de anestesia, param\u00e9dicos e equipe de sala de cirurgia.<\/p>\n\n<\/div>\n<\/div>\n<div id=\"faq-question-1762505043648\" class=\"rank-math-list-item\">\n<h3 class=\"rank-math-question \">Quem s\u00e3o os pacientes da Smile Hair Clinic?<\/h3>\n<div class=\"rank-math-answer \">\n\n<p>Pessoas de todo o mundo que desejam realizar um transplante capilar s\u00e3o pacientes da nossa cl\u00ednica. Atualmente, 90% dos nossos pacientes v\u00eam do Reino Unido e da Irlanda. Tamb\u00e9m recebemos grande demanda dos EUA, Canad\u00e1 e pa\u00edses da Europa.<\/p>\n\n<\/div>\n<\/div>\n<div id=\"faq-question-1762505054578\" class=\"rank-math-list-item\">\n<h3 class=\"rank-math-question \">Qual \u00e9 a melhor t\u00e9cnica de transplante capilar?<\/h3>\n<div class=\"rank-math-answer \">\n\n<p>A escolha da t\u00e9cnica \u00e9 determinada de acordo com a necessidade do paciente. Nossa cl\u00ednica utiliza os m\u00e9todos DHI e Sapphire FUE. Os fol\u00edculos capilares s\u00e3o retirados pelo m\u00e9todo FUE e, em seguida, transplantados utilizando a t\u00e9cnica DHI ou a l\u00e2mina Sapphire. Cada t\u00e9cnica oferece vantagens diferentes.<\/p>\n\n<\/div>\n<\/div>\n<div id=\"faq-question-1762505178974\" class=\"rank-math-list-item\">\n<h3 class=\"rank-math-question \">Qual o melhor pa\u00eds para realizar um transplante capilar?<\/h3>\n<div class=\"rank-math-answer \">\n\n<p>Nos \u00faltimos 10 anos, Istambul tem sido considerada a capital mundial do transplante capilar. Mais de 1 milh\u00e3o de pessoas visitam Istambul anualmente para realizar o procedimento. Em compara\u00e7\u00e3o com a Europa e os EUA, s\u00e3o oferecidos pre\u00e7os mais acess\u00edveis e resultados bem-sucedidos.<\/p>\n\n<\/div>\n<\/div>\n<div id=\"faq-question-1762505185502\" class=\"rank-math-list-item\">\n<h3 class=\"rank-math-question \">Qual m\u00e9todo \u00e9 utilizado no transplante de barba?<\/h3>\n<div class=\"rank-math-answer \">\n\n<p>O m\u00e9todo mais utilizado para o transplante de barba \u00e9 o FUE. A t\u00e9cnica FUT foi amplamente substitu\u00edda pelo FUE. Hoje, mais de 90% dos transplantes de barba s\u00e3o realizados pelo m\u00e9todo FUE.<\/p>\n\n<\/div>\n<\/div>\n<div id=\"faq-question-1762505209496\" class=\"rank-math-list-item\">\n<h3 class=\"rank-math-question \">O que \u00e9 o m\u00e9todo Sapphire FUE?<\/h3>\n<div class=\"rank-math-answer \">\n\n<p>O Sapphire FUE \u00e9 um m\u00e9todo FUE em que pontas de safira s\u00e3o usadas para abrir os canais durante o transplante capilar. Isso permite cortes mais precisos.<\/p>\n\n<\/div>\n<\/div>\n<div id=\"faq-question-1762505216223\" class=\"rank-math-list-item\">\n<h3 class=\"rank-math-question \">Qual o custo de um transplante capilar no Reino Unido?<\/h3>\n<div class=\"rank-math-answer \">\n\n<p>Os pre\u00e7os variam bastante entre as cl\u00ednicas. De acordo com a experi\u00eancia dos pacientes, os valores podem come\u00e7ar em aproximadamente 4.500 libras e chegar a 15.000-20.000 libras.<\/p>\n\n<\/div>\n<\/div>\n<div id=\"faq-question-1762505221510\" class=\"rank-math-list-item\">\n<h3 class=\"rank-math-question \">O que significa espa\u00e7o limitado para doadores?<\/h3>\n<div class=\"rank-math-answer \">\n\n<p>A \u00e1rea doadora limitada ocorre quando a densidade capilar na regi\u00e3o de onde os enxertos podem ser retirados \u00e9 insuficiente. Isso pode ser causado por cirurgias anteriores, grandes cicatrizes, diminui\u00e7\u00e3o da densidade capilar na \u00e1rea doadora ou fios de cabelo finos.<\/p>\n\n<\/div>\n<\/div>\n<div id=\"faq-question-1762505228849\" class=\"rank-math-list-item\">\n<h3 class=\"rank-math-question \">O que \u00e9 a acredita\u00e7\u00e3o ISHRS?<\/h3>\n<div class=\"rank-math-answer \">\n\n<p>ISHRS \u00e9 a Sociedade Internacional de Cirurgia Capilar. Re\u00fane cirurgi\u00f5es e profissionais de transplante capilar de todo o mundo. O fato de um m\u00e9dico ou equipe ser membro da ISHRS indica altos padr\u00f5es \u00e9ticos e uma abordagem profissional.<\/p>\n\n<\/div>\n<\/div>\n<div id=\"faq-question-1762505231878\" class=\"rank-math-list-item\">\n<h3 class=\"rank-math-question \">Qual \u00e9 o futuro do transplante capilar ou do tratamento da queda de cabelo?<\/h3>\n<div class=\"rank-math-answer \">\n\n<p>Muitas pesquisas est\u00e3o em andamento sobre o tratamento da queda de cabelo. Atualmente, a FDA aprovou apenas tr\u00eas m\u00e9todos de tratamento para a queda de cabelo: Minoxidil, Finasterida e terapia a laser de baixa intensidade (Triple LT). Os m\u00e9todos cir\u00fargicos s\u00e3o FUE e FUT.<\/p>\n\n<\/div>\n<\/div>\n<div id=\"faq-question-1762505235871\" class=\"rank-math-list-item\">\n<h3 class=\"rank-math-question \">Qual \u00e9 a densidade de canais durante o transplante capilar?<\/h3>\n<div class=\"rank-math-answer \">\n\n<p>Uma boa densidade consiste na abertura de 40-60 canais por cm\u00b2. 30-40 \u00e9 considerada densidade m\u00e9dia e 20-30 baixa. No entanto, abrir muitos canais pode prejudicar a estrutura vascular e reduzir a sobreviv\u00eancia dos enxertos. O mais importante \u00e9 o \u00e2ngulo correto, a profundidade adequada e uma densidade equilibrada.<\/p>\n\n<\/div>\n<\/div>\n<div id=\"faq-question-1762505240674\" class=\"rank-math-list-item\">\n<h3 class=\"rank-math-question \">\u00c9 poss\u00edvel realizar o transplante capilar utilizando pelos do corpo?<\/h3>\n<div class=\"rank-math-answer \">\n\n<p>Sim. Al\u00e9m da parte de tr\u00e1s da cabe\u00e7a, a barba e a regi\u00e3o do peito podem ser usadas como \u00e1rea doadora. Algumas cl\u00ednicas tamb\u00e9m conseguem retirar enxertos das pernas ou bra\u00e7os.<\/p>\n\n<\/div>\n<\/div>\n<div id=\"faq-question-1762505245044\" class=\"rank-math-list-item\">\n<h3 class=\"rank-math-question \">O que \u00e9 alopecia areata?<\/h3>\n<div class=\"rank-math-answer \">\n\n<p>A Alopecia Areata \u00e9 uma doen\u00e7a autoimune causada pelo ataque do sistema imunol\u00f3gico aos fol\u00edculos capilares. Isso provoca retra\u00e7\u00e3o, inflama\u00e7\u00e3o e queda dos cabelos.<\/p>\n\n<\/div>\n<\/div>\n<div id=\"faq-question-1762505252490\" class=\"rank-math-list-item\">\n<h3 class=\"rank-math-question \">O que \u00e9 transplante de barba?<\/h3>\n<div class=\"rank-math-answer \">\n\n<p>O transplante de barba consiste na transfer\u00eancia de fol\u00edculos capilares da \u00e1rea doadora para a regi\u00e3o facial. Em alguns meses, os fios transplantados se adaptam \u00e0 \u00e1rea do rosto. Para um resultado natural, apenas fol\u00edculos individuais devem ser utilizados.<\/p>\n\n<\/div>\n<\/div>\n<div id=\"faq-question-1762505255712\" class=\"rank-math-list-item\">\n<h3 class=\"rank-math-question \">O que pode ser feito com o cabelo j\u00e1 existente?<\/h3>\n<div class=\"rank-math-answer \">\n\n<p>Durante a cirurgia, o objetivo \u00e9 proteger os cabelos existentes. Isso oferece vantagem caso seja necess\u00e1ria uma segunda opera\u00e7\u00e3o no futuro. Com o uso de lupas, os fios existentes s\u00e3o identificados e o procedimento \u00e9 planejado sem causar danos.<\/p>\n\n<\/div>\n<\/div>\n<div id=\"faq-question-1762505263154\" class=\"rank-math-list-item\">\n<h3 class=\"rank-math-question \">Quais s\u00e3o as causas da queda de cabelo em homens?<\/h3>\n<div class=\"rank-math-answer \">\n\n<p>A causa mais comum \u00e9 a calv\u00edcie de padr\u00e3o masculino. Al\u00e9m disso, a alopecia areata, a perda de cabelo devido a cicatrizes, doen\u00e7as cr\u00f4nicas e certos medicamentos tamb\u00e9m podem causar queda de cabelo.<\/p>\n\n<\/div>\n<\/div>\n<div id=\"faq-question-1762505265641\" class=\"rank-math-list-item\">\n<h3 class=\"rank-math-question \">Existem outras op\u00e7\u00f5es de tratamento al\u00e9m do transplante capilar?<\/h3>\n<div class=\"rank-math-answer \">\n\n<p>Tratamentos m\u00e9dicos podem ser aplicados de acordo com o n\u00edvel de queda de cabelo. Na calv\u00edcie de padr\u00e3o masculino, podem ser utilizados minoxidil e finasterida. Em doen\u00e7as autoimunes, podem ser necess\u00e1rios protocolos de tratamento diferentes. Ap\u00f3s a quimioterapia, \u00e9 necess\u00e1rio aguardar para que os cabelos se recuperem.<\/p>\n\n<\/div>\n<\/div>\n<div id=\"faq-question-1762505270466\" class=\"rank-math-list-item\">\n<h3 class=\"rank-math-question \">Os funcion\u00e1rios trabalham em tempo integral?<\/h3>\n<div class=\"rank-math-answer \">\n\n<p>Na Smile Hair Clinic, toda a equipe trabalha em tempo integral. Como m\u00e9dicos e equipe cir\u00fargica operam com o mesmo sistema, h\u00e1 harmonia e padr\u00e3o de qualidade durante os procedimentos.<\/p>\n\n<\/div>\n<\/div>\n<div id=\"faq-question-1762505278298\" class=\"rank-math-list-item\">\n<h3 class=\"rank-math-question \">Existe transplante capilar n\u00e3o cir\u00fargico?<\/h3>\n<div class=\"rank-math-answer \">\n\n<p>N\u00e3o. O transplante capilar s\u00f3 pode ser realizado por meio de m\u00e9todos cir\u00fargicos.<\/p>\n\n<\/div>\n<\/div>\n<div id=\"faq-question-1762505283164\" class=\"rank-math-list-item\">\n<h3 class=\"rank-math-question \">O transplante capilar \u00e9 um procedimento simples?<\/h3>\n<div class=\"rank-math-answer \">\n\n<p>O ponto mais importante para o sucesso \u00e9 o planejamento e a prepara\u00e7\u00e3o adequados. Quando o paciente \u00e9 avaliado corretamente, a taxa de sucesso aumenta.<\/p>\n\n<\/div>\n<\/div>\n<div id=\"faq-question-1762505287635\" class=\"rank-math-list-item\">\n<h3 class=\"rank-math-question \">O transplante capilar rob\u00f3tico \u00e9 a melhor op\u00e7\u00e3o?<\/h3>\n<div class=\"rank-math-answer \">\n\n<p>N\u00e3o existe um \u00fanico melhor m\u00e9todo para todos os pacientes. T\u00e9cnicas como rob\u00f3tica, FUE ou FUT s\u00e3o escolhidas de acordo com a necessidade do paciente. Uma equipe experiente pode alcan\u00e7ar o mesmo sucesso utilizando o FUE cl\u00e1ssico.<\/p>\n\n<\/div>\n<\/div>\n<div id=\"faq-question-1762505290148\" class=\"rank-math-list-item\">\n<h3 class=\"rank-math-question \">J\u00e1 fiz um transplante capilar antes e n\u00e3o fiquei satisfeito, \u00e9 poss\u00edvel refaz\u00ea-lo?<\/h3>\n<div class=\"rank-math-answer \">\n\n<p>Sim. Esse procedimento \u00e9 chamado de transplante capilar de revis\u00e3o. \u00c9 realizado em pacientes que fizeram cirurgia em outras cl\u00ednicas e n\u00e3o ficaram satisfeitos com o resultado. Requer planejamento adequado e uma equipe experiente.<\/p>\n\n<\/div>\n<\/div>\n<div id=\"faq-question-1762505297723\" class=\"rank-math-list-item\">\n<h3 class=\"rank-math-question \">Como funciona o transplante capilar?<\/h3>\n<div class=\"rank-math-answer \">\n\n<p>Em termos simples, os fol\u00edculos capilares s\u00e3o retirados da \u00e1rea doadora e transplantados para as \u00e1reas calvas.<\/p>\n\n<\/div>\n<\/div>\n<div id=\"faq-question-1762505308781\" class=\"rank-math-list-item\">\n<h3 class=\"rank-math-question \">Como posso parar a queda de cabelo?<\/h3>\n<div class=\"rank-math-answer \">\n\n<p>Primeiro, deve-se realizar uma avalia\u00e7\u00e3o com um dermatologista ou especialista em transplante capilar. O transplante \u00e9 planejado ap\u00f3s a queda de cabelo se estabilizar.<\/p>\n\n<\/div>\n<\/div>\n<div id=\"faq-question-1762505312790\" class=\"rank-math-list-item\">\n<h3 class=\"rank-math-question \">Como escolher a melhor cl\u00ednica de transplante capilar na Turquia?<\/h3>\n<div class=\"rank-math-answer \">\n\n<p>Podem ser avaliados coment\u00e1rios de pacientes, fotos de resultados e a experi\u00eancia da cl\u00ednica. O mais importante \u00e9 que a cl\u00ednica seja gerida por m\u00e9dicos, e n\u00e3o composta apenas por t\u00e9cnicos.<\/p>\n\n<\/div>\n<\/div>\n<div id=\"faq-question-1762505318346\" class=\"rank-math-list-item\">\n<h3 class=\"rank-math-question \">Faz diferen\u00e7a onde o transplante capilar \u00e9 realizado?<\/h3>\n<div class=\"rank-math-answer \">\n\n<p>Sim. Deve ser realizado em institui\u00e7\u00f5es de sa\u00fade licenciadas, com cirurgi\u00f5es, enfermeiros e equipe de sala de cirurgia. Cl\u00ednicas n\u00e3o registradas podem levar a resultados insatisfat\u00f3rios.<\/p>\n\n<\/div>\n<\/div>\n<div id=\"faq-question-1762505324284\" class=\"rank-math-list-item\">\n<h3 class=\"rank-math-question \">O transplante capilar deixa cicatrizes?<\/h3>\n<div class=\"rank-math-answer \">\n\n<p>Podem ficar pequenas cicatrizes na \u00e1rea doadora. No entanto, em uma cirurgia bem realizada, as cicatrizes n\u00e3o s\u00e3o muito vis\u00edveis e passam despercebidas a olho nu.<\/p>\n\n<\/div>\n<\/div>\n<div id=\"faq-question-1762505328630\" class=\"rank-math-list-item\">\n<h3 class=\"rank-math-question \">Se eu fizer um transplante de cabelo branco, o cabelo transplantado tamb\u00e9m ser\u00e1 branco?<\/h3>\n<div class=\"rank-math-answer \">\n\n<p>Sim. O cabelo cresce com a mesma cor e estrutura, independentemente de onde seja retirado.<\/p>\n\n<\/div>\n<\/div>\n<div id=\"faq-question-1762505332585\" class=\"rank-math-list-item\">\n<h3 class=\"rank-math-question \">\u00c9 necess\u00e1rio ir ao exterior para fazer um transplante capilar?<\/h3>\n<div class=\"rank-math-answer \">\n\n<p>N\u00e3o. O melhor m\u00e9todo \u00e9 aquele realizado pelo cirurgi\u00e3o de sua confian\u00e7a, utilizando a t\u00e9cnica mais adequada para voc\u00ea.<\/p>\n\n<\/div>\n<\/div>\n<div id=\"faq-question-1762505336809\" class=\"rank-math-list-item\">\n<h3 class=\"rank-math-question \">Ser\u00e1 que sou muito jovem para um transplante capilar?<\/h3>\n<div class=\"rank-math-answer \">\n\n<p>Para ser eleg\u00edvel para um transplante capilar, \u00e9 necess\u00e1rio ter aproximadamente 18 anos e menos de 60 anos. Em algumas cl\u00ednicas, pode ser realizado em pessoas com 65 anos ou mais. No entanto, a decis\u00e3o \u00e9 individual, e o fator mais importante n\u00e3o \u00e9 a idade, mas o grau e a extens\u00e3o da queda de cabelo do paciente.<\/p>\n\n<\/div>\n<\/div>\n<\/div>\n<\/div>","protected":false},"excerpt":{"rendered":"<p>Em geral<\/p>\n","protected":false},"author":1,"featured_media":0,"parent":0,"menu_order":0,"comment_status":"closed","ping_status":"closed","template":"","meta":{"footnotes":""},"class_list":["post-25522","page","type-page","status-publish","hentry"],"_links":{"self":[{"href":"https:\/\/www.smilehairclinic.com\/pt\/wp-json\/wp\/v2\/pages\/25522","targetHints":{"allow":["GET"]}}],"collection":[{"href":"https:\/\/www.smilehairclinic.com\/pt\/wp-json\/wp\/v2\/pages"}],"about":[{"href":"https:\/\/www.smilehairclinic.com\/pt\/wp-json\/wp\/v2\/types\/page"}],"author":[{"embeddable":true,"href":"https:\/\/www.smilehairclinic.com\/pt\/wp-json\/wp\/v2\/users\/1"}],"replies":[{"embeddable":true,"href":"https:\/\/www.smilehairclinic.com\/pt\/wp-json\/wp\/v2\/comments?post=25522"}],"version-history":[{"count":2,"href":"https:\/\/www.smilehairclinic.com\/pt\/wp-json\/wp\/v2\/pages\/25522\/revisions"}],"predecessor-version":[{"id":25530,"href":"https:\/\/www.smilehairclinic.com\/pt\/wp-json\/wp\/v2\/pages\/25522\/revisions\/25530"}],"wp:attachment":[{"href":"https:\/\/www.smilehairclinic.com\/pt\/wp-json\/wp\/v2\/media?parent=25522"}],"curies":[{"name":"wp","href":"https:\/\/api.w.org\/{rel}","templated":true}]}}