{"id":17402,"date":"2021-07-29T11:27:03","date_gmt":"2021-07-29T08:27:03","guid":{"rendered":"https:\/\/www.smilehairclinic.com\/nossa-clinica\/"},"modified":"2025-07-07T14:26:26","modified_gmt":"2025-07-07T11:26:26","slug":"sobre-sorriso-clinica-capilar","status":"publish","type":"page","link":"https:\/\/www.smilehairclinic.com\/pt\/sobre-sorriso-clinica-capilar\/","title":{"rendered":"Nossa Cl\u00ednica"},"content":{"rendered":"<p>A Smile Hair Clinic foi fundada em 2018 pelos Drs. Dr., ambos cirurgi\u00f5es renomados em toda a Europa e que dedicaram anos de suas vidas ao desenvolvimento de t\u00e9cnicas de transplante capilar FUE. Gokay Bilgin e Dr. Foi fundada por Mehmet Erdogan. Localizada em Ata\u015fehir, um dos bairros mais populares de Istambul, a cl\u00ednica oferece servi\u00e7os em um edif\u00edcio inteligente de 10 andares e 1.600 m\u00b2. A cl\u00ednica oferece servi\u00e7os em todas as aplica\u00e7\u00f5es est\u00e9ticas m\u00e9dicas. A miss\u00e3o mais importante da cl\u00ednica \u00e9 fazer com que seus pacientes se sintam em casa, em um ambiente familiar e seguro. Nossa cl\u00ednica, onde a hospitalidade turca e os padr\u00f5es de qualidade s\u00e3o indispens\u00e1veis, tem orgulho de oferecer um servi\u00e7o de qualidade aos seus h\u00f3spedes desde o dia em que foi fundada.<\/p>\n<p>Nos procedimentos de transplante capilar FUE, todos os processos s\u00e3o monitorados por m\u00e9dicos e cada membro da equipe envolvido na opera\u00e7\u00e3o recebeu treinamento m\u00e9dico. At\u00e9 o momento, o transplante capilar foi realizado em mais de 15.000 pacientes de diferentes pa\u00edses e resultados bem-sucedidos foram alcan\u00e7ados.<\/p>\n<p>A equipe acolhedora e hospitaleira da Smile Hair trabalha com o objetivo de fazer com que os pacientes se sintam em casa. As cadeiras onde o procedimento \u00e9 realizado s\u00e3o especialmente fabricadas e s\u00e3o utilizados colch\u00f5es de visco, fazendo com que nossos pacientes se sintam confort\u00e1veis \u200b\u200bdurante todo o processo de transplante capilar.<\/p>\n<p>Na Smile Hair Clinic; Pacientes do mundo inteiro recebem tratamentos usando a mais recente tecnologia em transplante capilar. \u201cTRANSPLANTE CAPILAR DE SAPHIRE\u201d \u00e9 padr\u00e3o em nossa cl\u00ednica. H\u00f3spedes do mundo inteiro podem se beneficiar dos servi\u00e7os de tradu\u00e7\u00e3o da Smile Hair gratuitamente; Eles tamb\u00e9m podem acessar servi\u00e7os como reservas de hotel, traslado de ida e volta ao aeroporto e consultoria de visto.<\/p>\n<p>&nbsp;<\/p>\n","protected":false},"excerpt":{"rendered":"<p>A Smile Hair Clinic foi fundada em 2018 pelos Drs. Dr., ambos cirurgi\u00f5es renomados em toda a Europa e que dedicaram anos de suas vidas ao desenvolvimento de t\u00e9cnicas de transplante capilar FUE. Gokay Bilgin e Dr. Foi fundada por Mehmet Erdogan. Localizada em Ata\u015fehir, um dos bairros mais populares de Istambul, a cl\u00ednica oferece [&hellip;]<\/p>\n","protected":false},"author":1,"featured_media":20264,"parent":0,"menu_order":0,"comment_status":"closed","ping_status":"closed","template":"","meta":{"footnotes":""},"class_list":["post-17402","page","type-page","status-publish","has-post-thumbnail","hentry"],"_links":{"self":[{"href":"https:\/\/www.smilehairclinic.com\/pt\/wp-json\/wp\/v2\/pages\/17402","targetHints":{"allow":["GET"]}}],"collection":[{"href":"https:\/\/www.smilehairclinic.com\/pt\/wp-json\/wp\/v2\/pages"}],"about":[{"href":"https:\/\/www.smilehairclinic.com\/pt\/wp-json\/wp\/v2\/types\/page"}],"author":[{"embeddable":true,"href":"https:\/\/www.smilehairclinic.com\/pt\/wp-json\/wp\/v2\/users\/1"}],"replies":[{"embeddable":true,"href":"https:\/\/www.smilehairclinic.com\/pt\/wp-json\/wp\/v2\/comments?post=17402"}],"version-history":[{"count":1,"href":"https:\/\/www.smilehairclinic.com\/pt\/wp-json\/wp\/v2\/pages\/17402\/revisions"}],"predecessor-version":[{"id":18783,"href":"https:\/\/www.smilehairclinic.com\/pt\/wp-json\/wp\/v2\/pages\/17402\/revisions\/18783"}],"wp:featuredmedia":[{"embeddable":true,"href":"https:\/\/www.smilehairclinic.com\/pt\/wp-json\/wp\/v2\/media\/20264"}],"wp:attachment":[{"href":"https:\/\/www.smilehairclinic.com\/pt\/wp-json\/wp\/v2\/media?parent=17402"}],"curies":[{"name":"wp","href":"https:\/\/api.w.org\/{rel}","templated":true}]}}