{"id":7897,"date":"2021-07-29T11:56:58","date_gmt":"2021-07-29T08:56:58","guid":{"rendered":"https:\/\/www.smilehairclinic.com\/faq\/"},"modified":"2025-11-10T14:23:59","modified_gmt":"2025-11-10T11:23:59","slug":"domande-frequenti","status":"publish","type":"page","link":"https:\/\/www.smilehairclinic.com\/it\/domande-frequenti\/","title":{"rendered":"Domande frequenti"},"content":{"rendered":"\n\n<div id=\"rank-math-faq\" class=\"rank-math-block\">\n<div class=\"rank-math-list \">\n<div id=\"faq-question-1762771842152\" class=\"rank-math-list-item\">\n<h3 class=\"rank-math-question \">Posso sottopormi all\u2019intervento pur avendo perso capelli nella zona della nuca?<\/h3>\n<div class=\"rank-math-answer \">\n\n<p>Accordion Sample DescriptionS\u00ec, possiamo effettuare trapianto peli del corpo (BHT), in cui preleviamo unit\u00e0 follicolari da barba, petto e schiena.<\/p>\n\n<\/div>\n<\/div>\n<div id=\"faq-question-1762771896212\" class=\"rank-math-list-item\">\n<h3 class=\"rank-math-question \">Ci sono eventuali costi extra per farmaci o trattamenti post operatori?<\/h3>\n<div class=\"rank-math-answer \">\n\n<p>No, includiamo tutti i farmaci e i prodotti di cui avrai bisogno per almeno 15 giorni post intervento. I trattamenti post operatori di lavaggio sono acquistabili presso i Saloni Autorizzati presenti nelle citt\u00e0 disponibili, a totale discrezione del paziente.<\/p>\n\n<\/div>\n<\/div>\n<div id=\"faq-question-1762771897160\" class=\"rank-math-list-item\">\n<h3 class=\"rank-math-question \">Ho bisogno di un visto per la Turchia?<\/h3>\n<div class=\"rank-math-answer \">\n\n<p>Essendo italiano, sei un cittadino dell\u2019Unione Europea, quindi non \u00e8 necessario.<\/p>\n\n<\/div>\n<\/div>\n<div id=\"faq-question-1762771897954\" class=\"rank-math-list-item\">\n<h3 class=\"rank-math-question \">Devo portare qualcosa in particolare in valigia?<\/h3>\n<div class=\"rank-math-answer \">\n\n<p>Se prevedi di viaggiare con un bagaglio a mano, sappi che dovrai imbarcarlo al ritorno per via dei prodotti che forniamo dopo l\u2019intervento. Consigliamo anche abiti comodi per la giornata di dell\u2019intervento.<\/p>\n\n<\/div>\n<\/div>\n<div id=\"faq-question-1762771899150\" class=\"rank-math-list-item\">\n<h3 class=\"rank-math-question \">La Turchia \u00e8 sicura per viaggiare?<\/h3>\n<div class=\"rank-math-answer \">\n\n<p>Con oltre 15 milioni di abitanti, Istanbul \u00e8 una delle citt\u00e0 pi\u00f9 grandi del mondo. \u00c8 pi\u00f9 sicura della maggior parte delle metropoli mondiali e accoglie milioni di turisti ogni anno.<\/p>\n\n<\/div>\n<\/div>\n<div id=\"faq-question-1762771899914\" class=\"rank-math-list-item\">\n<h3 class=\"rank-math-question \">Fornite supporto post-operatorio ai vostri pazienti? Sono in grado di parlare con il mio chirurgo dopo il trapianto di capelli per qualsiasi problema?<\/h3>\n<div class=\"rank-math-answer \">\n\n<p>S\u00ec, Francesco \u00e8 sempre disponibile telefonicamente per i pazienti italiani gi\u00e0 da prima dell\u2019intervento e risponder\u00e0 a tutte le tue domande, dialogando dal vivo con i dottori, traducendo le loro risposte e le loro raccomandazioni. Sappiamo che \u00e8 un lungo periodo e i nostri medici saranno felici di sciogliere tutti i tuoi dubbi.<\/p>\n\n<\/div>\n<\/div>\n<div id=\"faq-question-1762771900914\" class=\"rank-math-list-item\">\n<h3 class=\"rank-math-question \">L\u2019intervento viene eseguito in clinica o in ospedale?<\/h3>\n<div class=\"rank-math-answer \">\n\n<p>Il Ministero della Salute turco impone che la chirurgia del trapianto di capelli venga eseguita solo negli ospedali o nelle cliniche di chirurgia diurna autorizzate. Eseguiamo operazioni in un ospedale completamente equipaggiato di un dipartimento di medicina d\u2019emergenza che riceve pazienti tutto il giorno. Inoltre tutti i nostri dottori sono certificati dalla AHA-ACLS (American Heart Association \u2013 Adult Cardiac Life Support). Ci troviamo in una struttura ospedaliera, Moodist Hospital di Istanbul, dove godiamo dell\u2019intero primo piano con accesso privato<\/p>\n\n<\/div>\n<\/div>\n<div id=\"faq-question-1762771901806\" class=\"rank-math-list-item\">\n<h3 class=\"rank-math-question \">Ho un responsabile che coordiner\u00e0 il mio viaggio e mi informer\u00e0 su tutti i dettagli prima della partenza?<\/h3>\n<div class=\"rank-math-answer \">\n\n<p>Se scegli il pacchetto Basic, il nostro case manager Mattia ti contatter\u00e0 24 ore prima della partenza per la Turchia e ti rammender\u00e0 tutti i dettagli riguardo autista, hotel, luogo dell\u2019incontro, fornendoti ulteriori raccomandazioni finali. Se scegli il pacchetto Deluxe, oltre alle indicazioni del case manager Mattia, riceverai assistenza e consulenza per tutta la durata del viaggio da Francesco, che ti accompagner\u00e0 personalmente in Turchia.<\/p>\n\n<\/div>\n<\/div>\n<div id=\"faq-question-1762771902650\" class=\"rank-math-list-item\">\n<h3 class=\"rank-math-question \">I medici e il personale parlano italiano o avr\u00f2 a disposizione un traduttore?<\/h3>\n<div class=\"rank-math-answer \">\n\n<p>Purtroppo no, ma nella nostra clinica sar\u00e0 disponibile un interprete italiano il giorno dell\u2019intervento.<br \/>Se scegli il pacchetto Deluxe invece Francesco sar\u00e0 anche il tuo traduttore personale.<\/p>\n\n<\/div>\n<\/div>\n<div id=\"faq-question-1762771903734\" class=\"rank-math-list-item\">\n<h3 class=\"rank-math-question \">\u00c8 possibile essere sia vostro paziente che un turista in occasione del mio intervento di trapianto di capelli? Quanto tempo dovrei rimanere in pi\u00f9?<\/h3>\n<div class=\"rank-math-answer \">\n\n<p>La maggior parte dei nostri pazienti proviene da vari paesi di tutto il mondo. Ai pazienti italiani raccomandiamo di restare almeno 2 notti, servizio gi\u00e0 incluso nei pacchetti, ma potresti anticipare la tua partenza di qualche giorno per goderti Istanbul, approfittando delle nostre convenzioni con gli alberghi di Kadikoy. Oppure potresti semplicemente rimanere una notte in pi\u00f9 per ricevere il primo shampoo post intervento. Contattaci per avere maggiori informazioni sui costi extra e sugli itinerari turistici consigliati.<\/p>\n\n<\/div>\n<\/div>\n<div id=\"faq-question-1762771904278\" class=\"rank-math-list-item\">\n<h3 class=\"rank-math-question \">Quale forma di pagamento accettate?<\/h3>\n<div class=\"rank-math-answer \">\n\n<p>Accettiamo pagamenti in contanti o con bonifico bancario. Se scegli questa seconda opzione, assicurati che si completi il trasferimento bancario prima della data di partenza.<\/p>\n\n<\/div>\n<\/div>\n<div id=\"faq-question-1762771905336\" class=\"rank-math-list-item\">\n<h3 class=\"rank-math-question \">Accettate qualche assicurazione?<\/h3>\n<div class=\"rank-math-answer \">\n\n<p>No, perch\u00e9 il trapianto di capelli \u00e8 un\u2019operazione di chirurgia estetica e le compagnie assicurative non forniscono copertura. Inoltre non collaboriamo con nessuna compagnia assicurativa.<\/p>\n\n<\/div>\n<\/div>\n<div id=\"faq-question-1762771906532\" class=\"rank-math-list-item\">\n<h3 class=\"rank-math-question \">Cosa devo fare per ricevere una valutazione dai dottori?<\/h3>\n<div class=\"rank-math-answer \">\n\n<p>Richiedi il nostro Modulo di Valutazione, che andr\u00e0 compilato con le tue informazioni mediche, i tuoi dati anagrafici, e i dettagli sull\u2019insorgenza della tua perdita di capelli. Dovrai inoltre allegare alcune foto nitide della tua situazione (parte anteriore, superiore, posteriore e laterale della testa). Invia i dati richiesti al nostro numero Whatsapp +393355653750 o al nostro indirizzo e-mail italia@smilehairclinic.com. Inoltreremo la documentazione dettagliata al Dr. Mehmet Erdogan e al Dr. Gokay Bilgin, successivamente riceverai una valutazione approfondita entro 2 giorni lavorativi.<\/p>\n\n<\/div>\n<\/div>\n<div id=\"faq-question-1762772036790\" class=\"rank-math-list-item\">\n<h3 class=\"rank-math-question \">Quante unit\u00e0 follicolari prelevate al massimo? Come lo decidete?<\/h3>\n<div class=\"rank-math-answer \">\n\n<p>Non siamo maghi e non creiamo miracoli; il numero di unit\u00e0 follicolari \u00e8 determinato dalle capacit\u00e0 della zona donatrice e noi preleviamo sempre la quantit\u00e0 massima di grafts senza arrecare alcun danno all\u2019area parietale e occipitale della testa. Non \u00e8 consigliato estrarre mediamente pi\u00f9 4250 unit\u00e0 follicolari (salvo eccezioni) in un intervento, perch\u00e8 quando si eseguono le incisioni si va a diminuire la circolazione sanguigna dello scalpo, quindi se impiantassimo unit\u00e0 follicolari in numero superiore\/eccessivo queste non attecchirebbero (morirebbero). La gente spesso vede su internet annunci che promettono estrazioni da 6000 o 7000 grafts: la maggior parte di questi slogan non riflette affatto la verit\u00e0. Anche se fosse impiantato quel numero di unit\u00e1 follicolari, come gi\u00e0 spiegato queste morirebbero e non si otterrebbe il risultato sperato. Un altro trucco utilizzato dalle cliniche disoneste \u00e8 la divisione delle grafts multiple. Nella maggior parte delle unit\u00e0 follicolari c\u2019\u00e8 sempre pi\u00f9 di un capello, ci sono infatti innesti da 2, 3, 4 o 5 capelli. Alcuni assistenti tagliano il follicolo trasformandolo da multiplo in singolo, per aumentare il numero delle unit\u00e0 follicolari dichiarate. Questo per\u00f2 ha un effetto negativo, perch\u00e8 il numero di capelli in un\u2019unit\u00e0 follicolare contribuisce alla densit\u00e0 del risultato: pertanto tagliando le grafts multiple e rendendole singole si avranno sicuramente pi\u00f9 unit\u00e0 follicolari, ma quando queste cresceranno la densit\u00e0 non sar\u00e0 purtroppo soddisfacente. La zona donatrice verr\u00e0 contrassegnata con una penna prima dell\u2019intervento e i dottori preleveranno migliaia di grafts senza creare cicatrici riscontrabili a occhio nudo. In conclusione possiamo estrarre una qualsiasi quantit\u00e0 di unit\u00e0 follicolari, ma \u00e8 molto importante evitare un prelievo eccessivo (over-harvesting), altrimenti i pazienti dovranno affrontare un problema estetico irreversibile per il resto della loro vita.<\/p>\n\n<\/div>\n<\/div>\n<div id=\"faq-question-1762772037874\" class=\"rank-math-list-item\">\n<h3 class=\"rank-math-question \">Esiste una garanzia per il risultato del trapianto di capelli?<\/h3>\n<div class=\"rank-math-answer \">\n\n<p>A meno che non ci siano condizioni mediche che colpiscono le unit\u00e0 follicolari come la chemioterapia, danni chimici o danni da radiazioni, le unit\u00e0 follicolari impiantate cresceranno al 90% nell\u2019area frontale e nell\u2019area mediana. Il tasso di successo \u00e8 leggermente inferiore per il vertex (apice superiore della testa), poich\u00e9 il tipo di crescita e la circolazione sanguigna sono diverse in questa area dello scalpo.<\/p>\n\n<\/div>\n<\/div>\n<div id=\"faq-question-1762772038690\" class=\"rank-math-list-item\">\n<h3 class=\"rank-math-question \">Quanto dura l\u2019intervento?<\/h3>\n<div class=\"rank-math-answer \">\n\n<p>L\u2019intervento dura dalle 6 alle 8 ore, sebbene questo intervallo pu\u00f2 variare in base alle condizioni del paziente, al numero di unit\u00e0 follicolari e ai requisiti chirurgici previsti. Va considerato che la fase di consultazione con i dottori dura sempre oltre un\u2019ora.<\/p>\n\n<\/div>\n<\/div>\n<div id=\"faq-question-1762772039689\" class=\"rank-math-list-item\">\n<h3 class=\"rank-math-question \">Consigliate due o pi\u00f9 sessioni per il mio caso? Quanto devo aspettare le sessioni successive?<\/h3>\n<div class=\"rank-math-answer \">\n\n<p>Se \u00e8 prevista una pianificazione chirurgica di due sessioni e prevediamo di trapiantare le unit\u00e0 follicolari in 2 diverse zone riceventi, il recupero della zona donatrice richiede circa 6 mesi per poter trapiantare nuove unit\u00e0 follicolari nella seconda zona ricevente. Tuttavia \u00e8 consigliabile attendere 12 mesi per sottoporsi a un nuovo intervento.<\/p>\n\n<\/div>\n<\/div>\n<div id=\"faq-question-1762772040742\" class=\"rank-math-list-item\">\n<h3 class=\"rank-math-question \">Quanto devo attendere per vedere crescere i capelli trapiantati?<\/h3>\n<div class=\"rank-math-answer \">\n\n<p>Si riscontra una crescita dei capelli trapiantati nelle prime due settimane post intervento, ma questa \u00e8 seguita da una caduta dei capelli tra la seconda e la terza settimana. \u00c8 il periodo pi\u00f9 impegnativo per i pazienti, perch\u00e8 la maggior parte del cuoio capelluto (fino all\u201980% dei capelli trapiantati e circa il 10-20% dei capelli indigeni) si svuota temporaneamente. I capelli inizieranno a crescere dopo il 4\u00b0 mese e i risultati raggiungeranno il 40-50% nel 6\u00b0 mese, il 70-80% nel 12\u00b0 mese e il 90-95% tra il 18\u00b0 e il 24\u00b0 mese,<\/p>\n\n<\/div>\n<\/div>\n<div id=\"faq-question-1762772089406\" class=\"rank-math-list-item\">\n<h3 class=\"rank-math-question \">Devo interrompere Minoxidil o Finasteride prima dell\u2019intervento chirurgico?<\/h3>\n<div class=\"rank-math-answer \">\n\n<p>Il Minoxidil deve essere interrotto 7 giorni prima dell\u2019intervento. Non dovresti assumere Aspirina, Warfarin, Clopidogrel e qualsiasi farmaco anti-coagulante prima dell\u2019intervento, perch\u00e8 aumenterebbe il rischio di un eccessivo sanguinamento. Puoi invece continuare a prendere Finasteride.<\/p>\n\n<\/div>\n<\/div>\n<div id=\"faq-question-1762772089949\" class=\"rank-math-list-item\">\n<h3 class=\"rank-math-question \">Quali test di laboratorio vengono analizzati prima dell\u2019intervento?<\/h3>\n<div class=\"rank-math-answer \">\n\n<p>I test di epatite B, epatite C e HIV vengono analizzati presso la nostra clinica prima di ogni intervento chirurgico. L\u2019operazione non viene eseguita se l\u2019epatite C o HIV risultano essere positive, pertanto ti consigliamo di essere sicuro dei risultati di questi esami prima della partenza. Se desideri conoscere l\u2019eziologia della loro caduta dei capelli, su richiesta possiamo proporre alcuni test per chiarirne la causa.<\/p>\n\n<\/div>\n<\/div>\n<div id=\"faq-question-1762772090562\" class=\"rank-math-list-item\">\n<h3 class=\"rank-math-question \">Posso soggiornare in un altro hotel a mia scelta?<\/h3>\n<div class=\"rank-math-answer \">\n\n<p>Offriamo un soggiorno in un hotel a quattro stelle nel prezzo del pacchetto, ma puoi scegliere un altro hotel o cambiare alloggio prima o dopo la data dell\u2019intervento. La nostra politica commerciale copre soltanto gli hotel nelle vicinanze della clinica (quartiere Kadikoy), pertanto le tue preferenze personali potrebbero comportare costi aggiuntivi. Gentilmente confrontati con noi prima di prenotare un\u2019altra struttura.<\/p>\n\n<\/div>\n<\/div>\n<div id=\"faq-question-1762772091974\" class=\"rank-math-list-item\">\n<h3 class=\"rank-math-question \">Il vostro personale medico lavora a tempo pieno?<\/h3>\n<div class=\"rank-math-answer \">\n\n<p>La chirurgia del trapianto di capelli \u00e8 un settore in crescita che attira molte persone da tutto il mondo, di conseguenza le cliniche cercano di ammettere tutti i pazienti invece di rifiutare la loro candidatura. Abbiamo due dottori nella nostra clinica e tutto il personale \u00e8 impiegato a tempo pieno, poich\u00e9 riteniamo che questo intervento richieda cure ed esperienze chirurgiche speciali. Garantiamo inoltre che il nostro team adotti e segua un approccio chirurgico comune, per questo tutto il personale della nostra clinica \u00e8 istruito e formato dai nostri dottori. Abbiamo programmi di formazione speciali, pertanto potrai notare alcuni tirocinanti che seguiranno la procedura chirurgica.<\/p>\n\n<\/div>\n<\/div>\n<div id=\"faq-question-1762772092682\" class=\"rank-math-list-item\">\n<h3 class=\"rank-math-question \">Il pranzo \u00e8 in clinica \u00e8 incluso dal pacchetto? O devo pagare?<\/h3>\n<div class=\"rank-math-answer \">\n\n<p>S\u00ec, il pranzo \u00e8 incluso dal pacchetto, poich\u00e9 ci vogliono molte ore per eseguire l\u2019intervento chirurgico. Il suo costo \u00e8 quindi gratuito.<\/p>\n\n<\/div>\n<\/div>\n<div id=\"faq-question-1762772093505\" class=\"rank-math-list-item\">\n<h3 class=\"rank-math-question \">Le consultazioni sono gratuite e devo pagare?<\/h3>\n<div class=\"rank-math-answer \">\n\n<p>Non addebitiamo nulla per qualsiasi richiesta di valutazione medica online o telefonica.<\/p>\n\n<\/div>\n<\/div>\n<div id=\"faq-question-1762772094130\" class=\"rank-math-list-item\">\n<h3 class=\"rank-math-question \">Quanto dura la successiva consultazione con il referente? E quella in clinica con i dottori in clinica?<\/h3>\n<div class=\"rank-math-answer \">\n\n<p>La consultazione online (Whatsapp) o telefonica con Francesco\u2026 dura fino alla risposta di tutte le tue domande. Non a caso \u00e8 conosciuto per la sua grande disponibilit\u00e0 nell\u2019affrontare e chiarire i pi\u00f9 svariati dubbi di chi aspira a informarsi alla perfezione prima di scegliere di sottoporsi all\u2019intervento.<br \/>Per quanto riguarda la consultazione in clinica, verrai brevemente informato su tutti i passaggi dell\u2019intervento dal Dr. Mehmet Erdogan e\/o dal Dr. Gokay Bilgin prima dell\u2019intervento. Seguir\u00e0 un un colloquio pi\u00f9 approfondito in sala operatoria con uno dei dottori, in cui saranno valutate pi\u00f9 specificatamente le condizioni del tuo caso.<\/p>\n\n<\/div>\n<\/div>\n<div id=\"faq-question-1762772095045\" class=\"rank-math-list-item\">\n<h3 class=\"rank-math-question \">Eseguite interventi anche su capelli caratterizzati da texture africana?<\/h3>\n<div class=\"rank-math-answer \">\n\n<p>I capelli dei soggetti di origine africana hanno bisogno di cure e tecniche speciali, ma accettiamo anche pazienti con queste caratteristiche.<\/p>\n\n<\/div>\n<\/div>\n<div id=\"faq-question-1762772215115\" class=\"rank-math-list-item\">\n<h3 class=\"rank-math-question \">Il vostro staff include tecnici e infermieri?<\/h3>\n<div class=\"rank-math-answer \">\n\n<p>Preferiamo assegnare loro il titolo di assistenti chirurgici perch\u00e9 hanno una formazione specifica sulla chirurgia della calvizie e sulle tecniche di trapianto di capelli. Tutti gli assistenti chirurgici hanno un programma di addestramento per l\u2019estrazione, la separazione e l\u2019impianto delle unit\u00e0 follicolari.<\/p>\n\n<\/div>\n<\/div>\n<div id=\"faq-question-1762772215990\" class=\"rank-math-list-item\">\n<h3 class=\"rank-math-question \">Usate strumenti speciali per selezionare le unit\u00e0 follicolari?<\/h3>\n<div class=\"rank-math-answer \">\n\n<p>Riteniamo che la percentuale di successo siano influenzate dalla percentuale di estrazione. Usiamo speciali lenti di ingrandimento per identificare e separare unit\u00e0 follicolari singole e multiple, pertanto la chirurgia del trapianto di capelli segue un processo fisiologico e naturale.<\/p>\n\n<\/div>\n<\/div>\n<\/div>\n<\/div>","protected":false},"excerpt":{"rendered":"","protected":false},"author":7,"featured_media":0,"parent":0,"menu_order":0,"comment_status":"closed","ping_status":"closed","template":"","meta":{"footnotes":""},"class_list":["post-7897","page","type-page","status-publish","hentry"],"_links":{"self":[{"href":"https:\/\/www.smilehairclinic.com\/it\/wp-json\/wp\/v2\/pages\/7897","targetHints":{"allow":["GET"]}}],"collection":[{"href":"https:\/\/www.smilehairclinic.com\/it\/wp-json\/wp\/v2\/pages"}],"about":[{"href":"https:\/\/www.smilehairclinic.com\/it\/wp-json\/wp\/v2\/types\/page"}],"author":[{"embeddable":true,"href":"https:\/\/www.smilehairclinic.com\/it\/wp-json\/wp\/v2\/users\/7"}],"replies":[{"embeddable":true,"href":"https:\/\/www.smilehairclinic.com\/it\/wp-json\/wp\/v2\/comments?post=7897"}],"version-history":[{"count":4,"href":"https:\/\/www.smilehairclinic.com\/it\/wp-json\/wp\/v2\/pages\/7897\/revisions"}],"predecessor-version":[{"id":25251,"href":"https:\/\/www.smilehairclinic.com\/it\/wp-json\/wp\/v2\/pages\/7897\/revisions\/25251"}],"wp:attachment":[{"href":"https:\/\/www.smilehairclinic.com\/it\/wp-json\/wp\/v2\/media?parent=7897"}],"curies":[{"name":"wp","href":"https:\/\/api.w.org\/{rel}","templated":true}]}}