{"id":7892,"date":"2021-07-29T11:27:03","date_gmt":"2021-07-29T08:27:03","guid":{"rendered":"https:\/\/www.smilehairclinic.com\/la-nostra-clinica\/"},"modified":"2025-10-21T12:21:22","modified_gmt":"2025-10-21T09:21:22","slug":"clinica","status":"publish","type":"page","link":"https:\/\/www.smilehairclinic.com\/it\/clinica\/","title":{"rendered":"La Nostra Clinica"},"content":{"rendered":"<p>Smile Hair Clinic \u00e8 stata fondata nel 2018 dal Dott. G\u00f6kay Bilgin e il Dott. \u00c8 stata fondata da Mehmet Erdo\u011fan. Situata ad Ata\u015fehir, uno dei quartieri pi\u00f9 famosi di Istanbul, la clinica fornisce servizi in un edificio elegante di 10 piani e 1600 m2. La clinica fornisce servizi in tutte le applicazioni medico-estetiche. La missione pi\u00f9 importante della clinica \u00e8 far sentire i suoi pazienti al sicuro e a casa nel loro ambiente familiare. La nostra clinica, dove l&#8217;ospitalit\u00e0 turca e gli standard di qualit\u00e0 sono indispensabili, \u00e8 orgogliosa di offrire un servizio di qualit\u00e0 ai suoi ospiti sin dal giorno della sua fondazione.<\/p>\n<p>Nelle procedure di trapianto di capelli FUE, tutti i processi sono seguiti da medici e ogni membro del team coinvolto nell\u2019operazione ha ricevuto una formazione medica. Ad oggi, il trapianto di capelli \u00e8 stato eseguito su pi\u00f9 di 15.000 pazienti provenienti da diversi paesi e sono stati ottenuti risultati positivi.<\/p>\n<p>Il team amichevole e ospitale di Smile Hair lavora con l&#8217;obiettivo di far sentire i pazienti a casa. Le sedie su cui viene eseguita la procedura sono fabbricate appositamente e vengono utilizzati letti viscosi, i nostri pazienti si sentono a proprio agio durante l\u2019intero processo di trapianto di capelli.<\/p>\n<p>Alla Smile Hair Clinic; Ai pazienti provenienti da tutto il mondo vengono offerti trattamenti utilizzando la pi\u00f9 recente tecnologia nel trapianto di capelli. Il \u201cTRAPIANTO DI CAPELLI SAPHIR\u201d \u00e8 uno standard nella nostra clinica. Ospiti provenienti da tutto il mondo possono beneficiare gratuitamente dei servizi di traduzione di Smile Hair; Possono inoltre accedere a servizi quali prenotazione alberghiera, incontro in aeroporto, riconsegna in aeroporto e consulenza per i visti.<\/p>\n","protected":false},"excerpt":{"rendered":"<p>Smile Hair Clinic \u00e8 stata fondata nel 2018 dal Dott. G\u00f6kay Bilgin e il Dott. \u00c8 stata fondata da Mehmet Erdo\u011fan. Situata ad Ata\u015fehir, uno dei quartieri pi\u00f9 famosi di Istanbul, la clinica fornisce servizi in un edificio elegante di 10 piani e 1600 m2. La clinica fornisce servizi in tutte le applicazioni medico-estetiche. La [&hellip;]<\/p>\n","protected":false},"author":7,"featured_media":20262,"parent":0,"menu_order":0,"comment_status":"closed","ping_status":"closed","template":"","meta":{"footnotes":""},"class_list":["post-7892","page","type-page","status-publish","has-post-thumbnail","hentry"],"_links":{"self":[{"href":"https:\/\/www.smilehairclinic.com\/it\/wp-json\/wp\/v2\/pages\/7892","targetHints":{"allow":["GET"]}}],"collection":[{"href":"https:\/\/www.smilehairclinic.com\/it\/wp-json\/wp\/v2\/pages"}],"about":[{"href":"https:\/\/www.smilehairclinic.com\/it\/wp-json\/wp\/v2\/types\/page"}],"author":[{"embeddable":true,"href":"https:\/\/www.smilehairclinic.com\/it\/wp-json\/wp\/v2\/users\/7"}],"replies":[{"embeddable":true,"href":"https:\/\/www.smilehairclinic.com\/it\/wp-json\/wp\/v2\/comments?post=7892"}],"version-history":[{"count":2,"href":"https:\/\/www.smilehairclinic.com\/it\/wp-json\/wp\/v2\/pages\/7892\/revisions"}],"predecessor-version":[{"id":9434,"href":"https:\/\/www.smilehairclinic.com\/it\/wp-json\/wp\/v2\/pages\/7892\/revisions\/9434"}],"wp:featuredmedia":[{"embeddable":true,"href":"https:\/\/www.smilehairclinic.com\/it\/wp-json\/wp\/v2\/media\/20262"}],"wp:attachment":[{"href":"https:\/\/www.smilehairclinic.com\/it\/wp-json\/wp\/v2\/media?parent=7892"}],"curies":[{"name":"wp","href":"https:\/\/api.w.org\/{rel}","templated":true}]}}