{"id":32457,"date":"2026-04-15T15:30:22","date_gmt":"2026-04-15T12:30:22","guid":{"rendered":"https:\/\/www.smilehairclinic.com\/misyon-ve-vizyon\/"},"modified":"2026-04-15T15:55:44","modified_gmt":"2026-04-15T12:55:44","slug":"missione-e-visione","status":"publish","type":"page","link":"https:\/\/www.smilehairclinic.com\/it\/missione-e-visione\/","title":{"rendered":"Missione e Visione"},"content":{"rendered":"<p data-start=\"35\" data-end=\"47\"><strong data-start=\"35\" data-end=\"47\">Missione<\/strong><\/p>\n<p data-start=\"49\" data-end=\"805\">La nostra missione presso Smile Hair Clinic \u00e8 offrire soluzioni affidabili, innovative e di alta qualit\u00e0 per il trapianto di capelli ai nostri pazienti. Nel rispetto dei valori etici e professionali, ci impegniamo a superare le aspettative dei nostri pazienti con approcci personalizzati. Seguendo da vicino gli sviluppi tecnologici, applichiamo i metodi di trattamento pi\u00f9 efficaci e accresciamo le competenze del nostro team di esperti tramite formazione continua. La nostra priorit\u00e0 \u00e8 offrire un&#8217;esperienza di servizio sicura, confortevole e trasparente, con un focus sulla qualit\u00e0 e la soddisfazione del paziente. Il nostro obiettivo \u00e8 migliorare la qualit\u00e0 della vita dei nostri pazienti e guadagnare la loro fiducia attraverso i servizi che offriamo.<\/p>\n<p data-start=\"807\" data-end=\"818\"><strong data-start=\"807\" data-end=\"818\">Visione<\/strong><\/p>\n<p data-start=\"820\" data-end=\"1823\" data-is-last-node=\"\" data-is-only-node=\"\">La nostra visione presso Smile Hair Clinic \u00e8 diventare la migliore clinica di trapianto di capelli al mondo. In questo contesto, offriamo ai nostri pazienti servizi sanitari innovativi e di alta qualit\u00e0. Rimanendo fedeli ai principi della filosofia True\u2122, mettiamo la salute e la felicit\u00e0 umana al centro di tutto ci\u00f2 che facciamo. Nella selezione del nostro personale, preferiamo professionisti specializzati, esperti e competenti, e supportiamo il loro sviluppo continuo e la loro motivazione. Utilizzando le tecnologie pi\u00f9 recenti e metodi innovativi, manteniamo la nostra leadership nel settore. Concentrandoci sulla sicurezza dei pazienti e dei dipendenti, offriamo un processo di trattamento sicuro e confortevole. Agendo con una consapevolezza di responsabilit\u00e0 sociale, ci proponiamo di contribuire positivamente alla societ\u00e0 e all&#8217;ambiente. Crescendo a livello globale, stiamo progredendo verso l&#8217;obiettivo di diventare un&#8217;istituzione sanitaria riconosciuta e di riferimento a livello mondiale.<\/p>\n","protected":false},"excerpt":{"rendered":"<p>Missione La nostra missione presso Smile Hair Clinic \u00e8 offrire soluzioni affidabili, innovative e di alta qualit\u00e0 per il trapianto di capelli ai nostri pazienti. Nel rispetto dei valori etici e professionali, ci impegniamo a superare le aspettative dei nostri pazienti con approcci personalizzati. Seguendo da vicino gli sviluppi tecnologici, applichiamo i metodi di trattamento [&hellip;]<\/p>\n","protected":false},"author":1,"featured_media":0,"parent":0,"menu_order":0,"comment_status":"closed","ping_status":"closed","template":"","meta":{"footnotes":""},"class_list":["post-32457","page","type-page","status-publish","hentry"],"_links":{"self":[{"href":"https:\/\/www.smilehairclinic.com\/it\/wp-json\/wp\/v2\/pages\/32457","targetHints":{"allow":["GET"]}}],"collection":[{"href":"https:\/\/www.smilehairclinic.com\/it\/wp-json\/wp\/v2\/pages"}],"about":[{"href":"https:\/\/www.smilehairclinic.com\/it\/wp-json\/wp\/v2\/types\/page"}],"author":[{"embeddable":true,"href":"https:\/\/www.smilehairclinic.com\/it\/wp-json\/wp\/v2\/users\/1"}],"replies":[{"embeddable":true,"href":"https:\/\/www.smilehairclinic.com\/it\/wp-json\/wp\/v2\/comments?post=32457"}],"version-history":[{"count":3,"href":"https:\/\/www.smilehairclinic.com\/it\/wp-json\/wp\/v2\/pages\/32457\/revisions"}],"predecessor-version":[{"id":32479,"href":"https:\/\/www.smilehairclinic.com\/it\/wp-json\/wp\/v2\/pages\/32457\/revisions\/32479"}],"wp:attachment":[{"href":"https:\/\/www.smilehairclinic.com\/it\/wp-json\/wp\/v2\/media?parent=32457"}],"curies":[{"name":"wp","href":"https:\/\/api.w.org\/{rel}","templated":true}]}}