{"id":25347,"date":"2025-03-07T11:55:45","date_gmt":"2025-03-07T08:55:45","guid":{"rendered":"https:\/\/www.smilehairclinic.com\/operasyon-oncesi\/"},"modified":"2025-11-11T16:05:28","modified_gmt":"2025-11-11T13:05:28","slug":"prima-delloperazione","status":"publish","type":"page","link":"https:\/\/www.smilehairclinic.com\/it\/prima-delloperazione\/","title":{"rendered":"Prima dell&#8217;operazione"},"content":{"rendered":"\n<h2 class=\"wp-block-heading\">Prima dell&#8217;operazione<\/h2>\n\n\n<div id=\"rank-math-faq\" class=\"rank-math-block\">\n<div class=\"rank-math-list \">\n<div id=\"faq-question-1762503181640\" class=\"rank-math-list-item\">\n<h3 class=\"rank-math-question \">Le donne sono candidate al trapianto di capelli?<\/h3>\n<div class=\"rank-math-answer \">\n\n<p>S\u00ec, certo. La caduta dei capelli si verifica in circa il 50-65% degli uomini e nel 40-45% delle donne. Anche nelle donne con perdita di capelli avanzata \u00e8 possibile eseguire il trapianto di capelli. Circa il 10% dei pazienti che si rivolgono alla nostra clinica sono donne.<\/p>\n\n<\/div>\n<\/div>\n<div id=\"faq-question-1762503232994\" class=\"rank-math-list-item\">\n<h3 class=\"rank-math-question \">Sei un candidato idoneo per l&#8217;intervento di trapianto di capelli?<\/h3>\n<div class=\"rank-math-answer \">\n\n<p>Valutiamo ogni paziente individualmente perch\u00e9 il trapianto di capelli \u00e8 una procedura estetica e le aspettative di ciascuno sono diverse. Pertanto, la decisione \u00e8 personalizzata. Tuttavia, la regola generale accettata \u00e8 che il livello di perdita dei capelli superi una certa soglia.<\/p>\n\n<\/div>\n<\/div>\n<div id=\"faq-question-1762503247320\" class=\"rank-math-list-item\">\n<h3 class=\"rank-math-question \">Bisogna restare svegli durante l&#8217;intervento di trapianto di capelli?<\/h3>\n<div class=\"rank-math-answer \">\n\n<p>Di solito preferiamo che i pazienti siano svegli durante l\u2019operazione. Pu\u00f2 essere eseguita anche con sedazione leggera o anestesia locale, ma non si consiglia l\u2019anestesia generale. La procedura \u00e8 semplice e tollerabile. I farmaci sedativi leggeri somministrati prima dell\u2019operazione sono spesso sufficienti.<\/p>\n\n<\/div>\n<\/div>\n<div id=\"faq-question-1762503259464\" class=\"rank-math-list-item\">\n<h3 class=\"rank-math-question \">Il trapianto di capelli pu\u00f2 essere fatale?<\/h3>\n<div class=\"rank-math-answer \">\n\n<p>Il trapianto di capelli \u00e8 un intervento chirurgico e comporta alcuni rischi, ma questi sono molto bassi. Possono verificarsi reazioni allergiche agli anestetici locali o ai farmaci utilizzati, ma con un\u2019\u00e9quipe attrezzata la situazione pu\u00f2 essere rapidamente controllata. Raramente pu\u00f2 verificarsi una perdita di sangue, ma anche questo pu\u00f2 essere prevenuto da team di esperti. Pertanto, \u00e8 importante che l\u2019operazione venga eseguita in cliniche competenti dotate di attrezzature per interventi di emergenza.<\/p>\n\n<\/div>\n<\/div>\n<div id=\"faq-question-1762503283098\" class=\"rank-math-list-item\">\n<h3 class=\"rank-math-question \">Posso scegliere il colore dei miei capelli?<\/h3>\n<div class=\"rank-math-answer \">\n\n<p>Il giorno dell\u2019operazione, insieme al medico, si decide la linea dei capelli e l\u2019area in cui verr\u00e0 eseguito il trapianto. Puoi scegliere la tua linea dei capelli, ma devono essere considerate anche le raccomandazioni del medico. Se la linea desiderata \u00e8 adatta a te, il trapianto verr\u00e0 eseguito di conseguenza.<\/p>\n\n<\/div>\n<\/div>\n<div id=\"faq-question-1762503287156\" class=\"rank-math-list-item\">\n<h3 class=\"rank-math-question \">\u00c8 possibile bere alcolici prima del trapianto di capelli?<\/h3>\n<div class=\"rank-math-answer \">\n\n<p>I pazienti non devono consumare alcol almeno 3-5 giorni prima dell\u2019intervento. L\u2019alcol pu\u00f2 causare dilatazione dei vasi sanguigni e aumentare il sanguinamento durante l\u2019operazione.<\/p>\n\n<\/div>\n<\/div>\n<div id=\"faq-question-1762503293765\" class=\"rank-math-list-item\">\n<h3 class=\"rank-math-question \">Come ottenere una consulenza prima del trapianto di capelli?<\/h3>\n<div class=\"rank-math-answer \">\n\n<p>Innanzitutto, \u00e8 necessario contattare la nostra clinica e inviare le foto preliminari desiderate. Su queste foto viene effettuata una valutazione preliminare. Successivamente, viene pianificata una consulenza online o di persona.<\/p>\n\n<\/div>\n<\/div>\n<div id=\"faq-question-1762503301672\" class=\"rank-math-list-item\">\n<h3 class=\"rank-math-question \">Quanto tempo richiede il trapianto di sopracciglia?<\/h3>\n<div class=\"rank-math-answer \">\n\n<p>Il trapianto di sopracciglia dura circa 3-4 ore.<\/p>\n\n<\/div>\n<\/div>\n<div id=\"faq-question-1762503308288\" class=\"rank-math-list-item\">\n<h3 class=\"rank-math-question \">Quanto dura una consulenza?<\/h3>\n<div class=\"rank-math-answer \">\n\n<p>La durata della consulenza varia in base alle esigenze del paziente. In media, le visite di persona durano 20-40 minuti, mentre le consulenze online possono richiedere un po\u2019 pi\u00f9 di tempo. La valutazione preliminare effettuata il giorno dell\u2019operazione dura circa 15-30 minuti.<\/p>\n\n<\/div>\n<\/div>\n<div id=\"faq-question-1762503315876\" class=\"rank-math-list-item\">\n<h3 class=\"rank-math-question \">Quanti innesti sono necessari per ottenere una testa completa?<\/h3>\n<div class=\"rank-math-answer \">\n\n<p>Questo numero varia a seconda della struttura del cuoio capelluto. In alcuni pazienti 5000 innesti possono coprire solo il 60% dell\u2019area, mentre in altri 4000 innesti possono coprire l\u2019intera area. Il punto pi\u00f9 importante \u00e8 la densit\u00e0 della zona donatrice. Un numero elevato di innesti non significa sempre un risultato migliore.<\/p>\n\n<\/div>\n<\/div>\n<div id=\"faq-question-1762503323367\" class=\"rank-math-list-item\">\n<h3 class=\"rank-math-question \">Quanti innesti sono necessari per una copertura completa?<\/h3>\n<div class=\"rank-math-answer \">\n\n<p>Le misurazioni della fronte, della sommit\u00e0 e della zona centrale, insieme allo spessore dei capelli e alla struttura degli innesti, vengono utilizzate per il calcolo. In un paziente medio, per ottenere una densit\u00e0 completa possono essere necessari 10.000-13.000 innesti. Non si prelevano cos\u00ec tanti innesti in una sola sessione; la procedura procede a zone.<\/p>\n\n<\/div>\n<\/div>\n<div id=\"faq-question-1762503331365\" class=\"rank-math-list-item\">\n<h3 class=\"rank-math-question \">Il trapianto di capelli \u00e8 visibile?<\/h3>\n<div class=\"rank-math-answer \">\n\n<p>Un trapianto di capelli eseguito con qualit\u00e0 non dovrebbe essere evidente dall\u2019esterno. L\u2019obiettivo \u00e8 un aspetto naturale e una buona densit\u00e0. Se \u00e8 facile capire che qualcuno ha fatto un trapianto di capelli, significa che \u00e8 stato eseguito male.<\/p>\n\n<\/div>\n<\/div>\n<div id=\"faq-question-1762503339606\" class=\"rank-math-list-item\">\n<h3 class=\"rank-math-question \">\u00c8 necessaria la rasatura durante il trapianto di capelli?<\/h3>\n<div class=\"rank-math-answer \">\n\n<p>Nella maggior parte dei casi viene eseguita la rasatura completa. Questa procedura offre al chirurgo un campo visivo pi\u00f9 ampio.<\/p>\n\n<\/div>\n<\/div>\n<div id=\"faq-question-1762503349752\" class=\"rank-math-list-item\">\n<h3 class=\"rank-math-question \">Dovrei tagliarmi i capelli prima del trapianto di capelli?<\/h3>\n<div class=\"rank-math-answer \">\n\n<p>Diciamo ai nostri pazienti di non tagliarsi i capelli, perch\u00e9 dobbiamo segnare l\u2019area in cui verr\u00e0 eseguito il trapianto, e questo viene fatto nella nostra clinica.<\/p>\n\n<\/div>\n<\/div>\n<div id=\"faq-question-1762503354517\" class=\"rank-math-list-item\">\n<h3 class=\"rank-math-question \">Cosa dovrei fare se ho paura dell&#8217;intervento di trapianto di capelli?<\/h3>\n<div class=\"rank-math-answer \">\n\n<p>Innanzitutto, \u00e8 importante avere fiducia nel proprio medico. Non esitare a fare domande. Se sei molto ansioso, pu\u00f2 essere somministrato un farmaco sedativo.<\/p>\n\n<\/div>\n<\/div>\n<div id=\"faq-question-1762503362922\" class=\"rank-math-list-item\">\n<h3 class=\"rank-math-question \">Come proteggere i capelli esistenti durante il trapianto di capelli?<\/h3>\n<div class=\"rank-math-answer \">\n\n<p>I nostri chirurghi utilizzano sistemi di ingrandimento per vedere chiaramente i follicoli piliferi. In questo modo i follicoli esistenti non vengono danneggiati.<\/p>\n\n<\/div>\n<\/div>\n<div id=\"faq-question-1762503378468\" class=\"rank-math-list-item\">\n<h3 class=\"rank-math-question \">Cosa succede se sono molto nervoso prima dell&#8217;intervento?<\/h3>\n<div class=\"rank-math-answer \">\n\n<p>In caso di forte tensione, viene somministrato un farmaco sedativo per garantire il rilassamento del paziente.<\/p>\n\n<\/div>\n<\/div>\n<div id=\"faq-question-1762503382602\" class=\"rank-math-list-item\">\n<h3 class=\"rank-math-question \">Qual \u00e8 l&#8217;area donatrice pi\u00f9 adatta?<\/h3>\n<div class=\"rank-math-answer \">\n\n<p>L\u2019area donatrice pi\u00f9 adatta \u00e8 la parte posteriore della testa. I follicoli piliferi in questa zona sono resistenti all\u2019effetto caduta del testosterone e, pertanto, non cadono dopo il trapianto.<\/p>\n\n<\/div>\n<\/div>\n<\/div>\n<\/div>\n\n\n<p>&nbsp;<\/p>\n","protected":false},"excerpt":{"rendered":"<p>Prima dell&#8217;operazione &nbsp;<\/p>\n","protected":false},"author":1,"featured_media":0,"parent":0,"menu_order":0,"comment_status":"closed","ping_status":"closed","template":"","meta":{"footnotes":""},"class_list":["post-25347","page","type-page","status-publish","hentry"],"_links":{"self":[{"href":"https:\/\/www.smilehairclinic.com\/it\/wp-json\/wp\/v2\/pages\/25347","targetHints":{"allow":["GET"]}}],"collection":[{"href":"https:\/\/www.smilehairclinic.com\/it\/wp-json\/wp\/v2\/pages"}],"about":[{"href":"https:\/\/www.smilehairclinic.com\/it\/wp-json\/wp\/v2\/types\/page"}],"author":[{"embeddable":true,"href":"https:\/\/www.smilehairclinic.com\/it\/wp-json\/wp\/v2\/users\/1"}],"replies":[{"embeddable":true,"href":"https:\/\/www.smilehairclinic.com\/it\/wp-json\/wp\/v2\/comments?post=25347"}],"version-history":[{"count":3,"href":"https:\/\/www.smilehairclinic.com\/it\/wp-json\/wp\/v2\/pages\/25347\/revisions"}],"predecessor-version":[{"id":26780,"href":"https:\/\/www.smilehairclinic.com\/it\/wp-json\/wp\/v2\/pages\/25347\/revisions\/26780"}],"wp:attachment":[{"href":"https:\/\/www.smilehairclinic.com\/it\/wp-json\/wp\/v2\/media?parent=25347"}],"curies":[{"name":"wp","href":"https:\/\/api.w.org\/{rel}","templated":true}]}}