{"id":18635,"date":"2025-07-04T17:51:31","date_gmt":"2025-07-04T14:51:31","guid":{"rendered":"https:\/\/www.smilehairclinic.com\/?page_id=18635"},"modified":"2025-10-21T12:20:52","modified_gmt":"2025-10-21T09:20:52","slug":"perche-scegliere-smile-hair-clinic","status":"publish","type":"page","link":"https:\/\/www.smilehairclinic.com\/it\/perche-scegliere-smile-hair-clinic\/","title":{"rendered":"Perch\u00e9 scegliere Smile Hair Clinic?"},"content":{"rendered":"<h2><strong>La trasformazione inizia qui!<\/strong><\/h2>\n<p class=\"Standard\">L\u2019estetica \u00e8 il nostro senso interiore di perfezione. I capelli incorniciano la nostra immagine e un\u2019immagine ben curata aumenta la nostra fiducia in se stessi. Gli uomini di oggi hanno bisogno di guardare e sentirsi al meglio. Le procedure e le tecniche mediche migliori della Smile Hair Clinic, combinate con un delicato tocco di ospitalit\u00e0, garantiscono un trapianto di capelli dall\u2019aspetto naturale e di successo. ,<\/p>\n<p class=\"Standard\">Nella leadership di due medici riconosciuti a livello mondiale (li chiamiamo i perfezionisti), Smile Hair Clinic esiste per trasformare l\u2019aspetto degli uomini, in modo che gli uomini si sentono molto pi\u00f9 sicuri e iniziare un nuovo, capitolo appagante nella loro vita.<\/p>\n<p class=\"Standard\">Smile Hair Clinic, esegue i pi\u00f9 alti standard di qualit\u00e0 nelle operazioni di trapianto di capelli e che si riflette garantendo la tecnica di trapianto FUE Sapphire \u00e8 un must-have standard in tutte le operazioni. Questa \u00e8 una chiara manifestazione di Smile Hair Clinic che \u00e8 stabilito da medici, e le operazioni sono rigorosamente eseguite da o sotto la e di medici.<\/p>\n<h2 class=\"Standard\"><b>Trasformarti in un vero gentiluomo<\/b><\/h2>\n<p class=\"Standard\">Noi di Smile crediamo che il trapianto di capelli sia solo il primo passo per trasformarsi in un Vero Gentiluomo. Smile Hair Clinic non solo esegue le pi\u00f9 alte operazioni di trapianto di capelli medico grado, ma trasforma anche gli uomini nella loro migliore versione. A Smile, definiamo questo come essere un vero gentiluomo. Un vero gentiluomo brilla tra la folla con la sua toelettatura, stile e hobby. Un vero gentiluomo vive una vita di classe, attivo, e ammirato dove si guadagna l\u2019attrazione degli altri. Oggi, Smile ha una comunit\u00e0 di oltre 10.000 uomini che hanno goduto di una vera trasformazione nella loro vita. Quando si visita la clinica, si incontrano signori che la pensano provenienti da tutta Europa e altri regioni.<\/p>\n<h2>Superiorit\u00e0 Medica Del Nostro Approccio e Tecniche<\/h2>\n<p>L\u2019estetica \u00e8 il nostro senso interiore di perfezione, alla Smile Hair Clinic crediamo che la perfezione sia sempre sostenuta da progressi scientifici aggiornati. Una combinazione di arte e scienza nel nostro approccio garantisce i migliori risultati che abbiamo raggiunto negli ultimi anni.<\/p>\n<p>L\u2019estrazione di innesti corretti dall\u2019area donatrice \u00e8 il primo e fondamentale passo nelle nostre tecniche. Perch\u00e9, grazie alla nostra tecnica di True Planning, determiniamo il numero esatto di innesti necessari e li selezioniamo con cura evitando il surriscaldamento. Un mito comune nel trapianto \u00e8 che estrarre un numero maggiore di innesti dalle aree donatrici significa che l\u2019operazione porter\u00e0 al successo, questo \u00e8 sbagliato. Il principio fondamentale qui \u00e8 pianificare la capacit\u00e0 di selezionare gli innesti corretti dall\u2019area donatrice in primo luogo. Con la pianificazione True, garantiamo anche che l\u2019area donatrice rimanga piena di risorse se hai bisogno di un\u2019altra operazione di trapianto a lungo termine. Durante il nostro processo di estrazione, monitoriamo sempre i tassi frattali per garantire che l\u2019innesto estratto sia di alta qualit\u00e0 e sano.<\/p>\n<p>Un altro passo chiave \u00e8 la pianificazione dell\u2019area di trapianto, organizzando innesti singoli, doppi e tripli per sostenere l\u2019aspetto naturale e spesso. Alla luce degli studi scientifici, non \u00e8 necessario trapiantare numeri elevati in aree specifiche. Pertanto, la pianificazione angoli corretti, e piantare innesti corretti in alcune aree sono molto pi\u00f9 efficaci che solo cercando di trapiantare un elevato numero di innesti.<\/p>\n<p>Considerando che ogni paziente ha un diverso tipo di struttura facciale e pelle di colore diverso, \u00e8 essenziale per condurre la pianificazione rispetto alle caratteristiche facciali del paziente. A questo punto, i parametri dei canali sono essenziali per il successo. Questi parametri sono la direzione, l\u2019angolo e la profondit\u00e0 del canale. Questi parametri dovrebbero essere scorretti in armonia con i capelli esistenti dei pazienti. Determinare la profondit\u00e0 corretta del canale si traduce in una crescita sana nuovi capelli.<\/p>\n<p><strong>Trapianto di capelli La chirurgia \u00e8 un\u2019arte dell\u2019illusione, si tratta di sostenere un aspetto naturale, transizioni e correggere le ombre. Combiniamo questa arte con la fisica scientifica e la matematica.<\/strong><\/p>\n<h2>Pi\u00f9 Alti Standard Di Funzionamento Medico Di Grado<\/h2>\n<p>Smile Hair Clinic sta per il beneficio del paziente prima, quindi Smile non promette mai risultati surrealistici in anticipo e non crea mai un\u2019aspettativa irraggiungibile. Invece, i professionisti della Smile Hair Clinic sono l\u00ec per capire le aspettative del paziente e trovare soluzioni nel miglior modo possibile. Smile Hair Clinic non mette altri criteri di successo prima dell\u2019aspetto naturale dei capelli. Si prega di tenere a mente che ci sono numerosi fattori che influenzano l\u2019operazione di trapianto di capelli l\u00e0 fuori. Smile Hair Clinic si prende cura della tua salute ed \u00e8 preparato per tutte le possibili complicazioni. Periodicamente, l\u2019intera squadra riceve formazione periodica sul supporto vitale di emergenza, secondo le linee guida AHA (American Heart Association)<\/p>\n<p>&nbsp;<\/p>\n","protected":false},"excerpt":{"rendered":"<p>La trasformazione inizia qui! L\u2019estetica \u00e8 il nostro senso interiore di perfezione. I capelli incorniciano la nostra immagine e un\u2019immagine ben curata aumenta la nostra fiducia in se stessi. Gli uomini di oggi hanno bisogno di guardare e sentirsi al meglio. Le procedure e le tecniche mediche migliori della Smile Hair Clinic, combinate con un [&hellip;]<\/p>\n","protected":false},"author":7,"featured_media":18636,"parent":0,"menu_order":0,"comment_status":"closed","ping_status":"closed","template":"","meta":{"footnotes":""},"class_list":["post-18635","page","type-page","status-publish","has-post-thumbnail","hentry"],"_links":{"self":[{"href":"https:\/\/www.smilehairclinic.com\/it\/wp-json\/wp\/v2\/pages\/18635","targetHints":{"allow":["GET"]}}],"collection":[{"href":"https:\/\/www.smilehairclinic.com\/it\/wp-json\/wp\/v2\/pages"}],"about":[{"href":"https:\/\/www.smilehairclinic.com\/it\/wp-json\/wp\/v2\/types\/page"}],"author":[{"embeddable":true,"href":"https:\/\/www.smilehairclinic.com\/it\/wp-json\/wp\/v2\/users\/7"}],"replies":[{"embeddable":true,"href":"https:\/\/www.smilehairclinic.com\/it\/wp-json\/wp\/v2\/comments?post=18635"}],"version-history":[{"count":1,"href":"https:\/\/www.smilehairclinic.com\/it\/wp-json\/wp\/v2\/pages\/18635\/revisions"}],"predecessor-version":[{"id":18650,"href":"https:\/\/www.smilehairclinic.com\/it\/wp-json\/wp\/v2\/pages\/18635\/revisions\/18650"}],"wp:featuredmedia":[{"embeddable":true,"href":"https:\/\/www.smilehairclinic.com\/it\/wp-json\/wp\/v2\/media\/18636"}],"wp:attachment":[{"href":"https:\/\/www.smilehairclinic.com\/it\/wp-json\/wp\/v2\/media?parent=18635"}],"curies":[{"name":"wp","href":"https:\/\/api.w.org\/{rel}","templated":true}]}}