{"id":7687,"date":"2021-07-29T11:56:58","date_gmt":"2021-07-29T08:56:58","guid":{"rendered":"https:\/\/www.smilehairclinic.com\/foire-aux-questions\/"},"modified":"2025-11-10T17:49:44","modified_gmt":"2025-11-10T14:49:44","slug":"foire-aux-questions","status":"publish","type":"page","link":"https:\/\/www.smilehairclinic.com\/fr\/foire-aux-questions\/","title":{"rendered":"Foire Aux Questions"},"content":{"rendered":"\n\n<div id=\"rank-math-faq\" class=\"rank-math-block\">\n<div class=\"rank-math-list \">\n<div id=\"faq-question-1762785859544\" class=\"rank-math-list-item\">\n<h3 class=\"rank-math-question \">Combien de temps dois-je utiliser une cr\u00e8me antibiotique ?<\/h3>\n<div class=\"rank-math-answer \">\n\n<p>Si votre zone donneuse a gu\u00e9ri dans les 5 jours suivant l\u2019op\u00e9ration, vous n\u2019avez pas besoin de continuer \u00e0 utiliser des cr\u00e8mes contenant des antibiotiques.<\/p>\n\n<\/div>\n<\/div>\n<div id=\"faq-question-1762785867234\" class=\"rank-math-list-item\">\n<h3 class=\"rank-math-question \">Combien de temps dois-je porter un chapeau apr\u00e8s la transplantation capillaire?<\/h3>\n<div class=\"rank-math-answer \">\n\n<p>Nous vous recommandons d\u2019utiliser le chapeau que nous vous donnons pendant 10 jour apr\u00e8s la transplantation capillaire.<\/p>\n\n<\/div>\n<\/div>\n<div id=\"faq-question-1762785868287\" class=\"rank-math-list-item\">\n<h3 class=\"rank-math-question \">Quand puis-je faire du sport apr\u00e8s l\u2019op\u00e9ration?<\/h3>\n<div class=\"rank-math-answer \">\n\n<p>Vous devez attendre au moins 1 mois apr\u00e8s l\u2019op\u00e9ration pour commencer \u00e0 faire des exercices.<\/p>\n\n<\/div>\n<\/div>\n<div id=\"faq-question-1762785874405\" class=\"rank-math-list-item\">\n<h3 class=\"rank-math-question \">Dois-je me laver la t\u00eate tous les jours apr\u00e8s la transplantation capillaire?<\/h3>\n<div class=\"rank-math-answer \">\n\n<p>Vous devez vous laver la t\u00eate tous les jours pendant 1 mois apr\u00e8s la transplantation capillaire.<\/p>\n\n<\/div>\n<\/div>\n<div id=\"faq-question-1762785875517\" class=\"rank-math-list-item\">\n<h3 class=\"rank-math-question \">Quand puis-je retirer mon bandage apr\u00e8s la transplantation capillaire?<\/h3>\n<div class=\"rank-math-answer \">\n\n<p>Vous devrez laver votre t\u00eate le deuxi\u00e8me jour apr\u00e8s l\u2019op\u00e9ration. Le bandage est a enlev\u00e9 avant de laver votre t\u00eate et il n\u2019a pas besoin d\u2019\u00eatre r\u00e9utilis\u00e9.<\/p>\n\n<\/div>\n<\/div>\n<div id=\"faq-question-1762785876367\" class=\"rank-math-list-item\">\n<h3 class=\"rank-math-question \">Combien de temps dois-je utiliser un shampooing sp\u00e9cial?<\/h3>\n<div class=\"rank-math-answer \">\n\n<p>Vous devez utiliser le shampooing recommand\u00e9 pendant 1 mois. Vous pouvez continuer \u00e0 utiliser le shampooing que vous utilisez apr\u00e8s vous \u00eatre assur\u00e9 que vos cheveux et votre t\u00eate sont en bonne sant\u00e9.<\/p>\n\n<\/div>\n<\/div>\n<div id=\"faq-question-1762785877387\" class=\"rank-math-list-item\">\n<h3 class=\"rank-math-question \">Combien de temps dois-je utiliser le spray Panthenol?<\/h3>\n<div class=\"rank-math-answer \">\n\n<p>Vous devriez l\u2019utiliser pendant environ 15 jours jusqu\u2019\u00e0 ce que les cro\u00fbtes soient compl\u00e8tement d\u00e9tach\u00e9es de la peau.<\/p>\n\n<\/div>\n<\/div>\n<div id=\"faq-question-1762785878151\" class=\"rank-math-list-item\">\n<h3 class=\"rank-math-question \">Quand puis-je avoir un rapport sexuel apr\u00e8s une transplantation capillaire?<\/h3>\n<div class=\"rank-math-answer \">\n\n<p>Il n\u2019y a aucune restriction concernant les rapports sexuels apr\u00e8s l\u2019op\u00e9ration, il est recommand\u00e9 de ne pas d\u00e9penser beaucoup d\u2019effort.<\/p>\n\n<\/div>\n<\/div>\n<div id=\"faq-question-1762785878843\" class=\"rank-math-list-item\">\n<h3 class=\"rank-math-question \">Puis-je utiliser un produit diff\u00e9rent des produits recommand\u00e9s?<\/h3>\n<div class=\"rank-math-answer \">\n\n<p>Vous devrez examiner attentivement le contenu des produits que vous utiliserez, vous devrez choisir des produits naturels qui ne vous feront pas de mal, qui ne contiennent pas de parab\u00e8ne.<\/p>\n\n<\/div>\n<\/div>\n<div id=\"faq-question-1762785879827\" class=\"rank-math-list-item\">\n<h3 class=\"rank-math-question \">Puis-je utiliser le spray Panth\u00e9nol dans la r\u00e9gion donneuse?<\/h3>\n<div class=\"rank-math-answer \">\n\n<p>Vous pouvez l\u2019utiliser, mais le spray se terminera tr\u00e8s rapidement.<\/p>\n\n<\/div>\n<\/div>\n<div id=\"faq-question-1762785967562\" class=\"rank-math-list-item\">\n<h3 class=\"rank-math-question \">Qu\u2019en est-il de la coupe de cheveux apr\u00e8s une transplantation capillaire?<\/h3>\n<div class=\"rank-math-answer \">\n\n<p>Vous pouvez vous couper les cheveux 1 mois apr\u00e8s l\u2019op\u00e9ration. Cependant, les cheveux transplant\u00e9s ne peuvent \u00eatre coup\u00e9s qu\u2019avec des ciseaux.<\/p>\n\n<\/div>\n<\/div>\n<div id=\"faq-question-1762785968561\" class=\"rank-math-list-item\">\n<h3 class=\"rank-math-question \">Y a-t-il un autre produit que je peux utiliser \u00e0 la place du spray Panthenol?<\/h3>\n<div class=\"rank-math-answer \">\n\n<p>Vous pouvez utiliser la lotion pour le corps Bepanthol, ce produit est disponible dans toutes les pharmacies.<\/p>\n\n<\/div>\n<\/div>\n<div id=\"faq-question-1762785969505\" class=\"rank-math-list-item\">\n<h3 class=\"rank-math-question \">Que dois-je faire si un gonflement se produit?<\/h3>\n<div class=\"rank-math-answer \">\n\n<p>L\u2019apparition de gonflement est normale, ne vous inqui\u00e9tons pas. Vous pouvez appliquer de la glace pendant 10 minutes toutes les deux heures et masser doucement votre t\u00eate. Les gonflements disparaissent au bout de quelques jours.<\/p>\n\n<\/div>\n<\/div>\n<div id=\"faq-question-1762785971749\" class=\"rank-math-list-item\">\n<h3 class=\"rank-math-question \">Les m\u00e9dicaments utilis\u00e9s apr\u00e8s la transplantation capillaire sont-ils accept\u00e9s dans les bagages \u00e0 main dans l\u2019avion?<\/h3>\n<div class=\"rank-math-answer \">\n\n<p>Non, ils ne sont pas accept\u00e9s, par cons\u00e9quent vous devrez v\u00e9rifier vos m\u00e9dicaments. Vous pouvez apporter aupr\u00e8s de vous 4 bouteilles vides de 100 ml les remplir avec les produits donn\u00e9s.<\/p>\n\n<\/div>\n<\/div>\n<div id=\"faq-question-1762785972399\" class=\"rank-math-list-item\">\n<h3 class=\"rank-math-question \">Les cheveux transplant\u00e9s sont tomb\u00e9s, dois-je m\u2019en inqui\u00e9ter?<\/h3>\n<div class=\"rank-math-answer \">\n\n<p>La chute des cheveux transplant\u00e9s est normale. M\u00eame si les cheveux sont tomb\u00e9s, les follicules pileux greff\u00e9s restent intacts. Il ne faut pas oublier qu\u2019une transplantation capillaire est un processus qui n\u00e9cessite de la patience.<\/p>\n\n<\/div>\n<\/div>\n<div id=\"faq-question-1762786026518\" class=\"rank-math-list-item\">\n<h3 class=\"rank-math-question \">Puis-je sortir sous le soleil environ 3 mois apr\u00e8s? Que dois-je faire?<\/h3>\n<div class=\"rank-math-answer \">\n\n<p>Dans de tels cas, il est fortement recommand\u00e9 d\u2019utiliser un chapeau ou une cr\u00e8me solaire \u00e0 facteur \u00e9lev\u00e9.<\/p>\n\n<\/div>\n<\/div>\n<div id=\"faq-question-1762786027263\" class=\"rank-math-list-item\">\n<h3 class=\"rank-math-question \">Que se passe-t-il si je n\u2019utilise pas de Finast\u00e9ride ni de Minoxidil?<\/h3>\n<div class=\"rank-math-answer \">\n\n<p>L\u2019utilisation de produits contenant ces substances n\u2019est pas obligatoire mais ils acc\u00e9l\u00e8rent le processus de gu\u00e9rison.<\/p>\n\n<\/div>\n<\/div>\n<div id=\"faq-question-1762786028267\" class=\"rank-math-list-item\">\n<h3 class=\"rank-math-question \">Combien de temps dois-je dormir avec soin apr\u00e8s la transplantation capillaire?<\/h3>\n<div class=\"rank-math-answer \">\n\n<p>Il est recommand\u00e9 de dormir prudemment pendant une semaine.<\/p>\n\n<\/div>\n<\/div>\n<div id=\"faq-question-1762786029511\" class=\"rank-math-list-item\">\n<h3 class=\"rank-math-question \">Quand les r\u00e9sultats de la transplantation capillaire seront-ils visibles?<\/h3>\n<div class=\"rank-math-answer \">\n\n<p>Dans les 6 mois qui suivent l\u2019op\u00e9ration de transplantation capillaire, le r\u00e9sultat devient visible \u00e0 50 %. L\u2019obtention d\u2019un r\u00e9sultat total peut durer entre 12 et 18 mois.<\/p>\n\n<\/div>\n<\/div>\n<div id=\"faq-question-1762786030183\" class=\"rank-math-list-item\">\n<h3 class=\"rank-math-question \">Quand puis-je commencer \u00e0 me laver les cheveux comme avant?<\/h3>\n<div class=\"rank-math-answer \">\n\n<p>Vous pouvez commencer \u00e0 masser doucement vos cheveux avec vos doigts \u00e0 peu pr\u00e8s 15 jours apr\u00e8s, et vous pouvez commencer \u00e0 laver exactement comme avant 1 mois apr\u00e8s.<\/p>\n\n<\/div>\n<\/div>\n<div id=\"faq-question-1762786071125\" class=\"rank-math-list-item\">\n<h3 class=\"rank-math-question \">La transplantation capillaire est-elle une op\u00e9ration douloureuse et difficile?<\/h3>\n<div class=\"rank-math-answer \">\n\n<p>La douleur ressentie lors de la transplantation capillaire varie d\u2019une personne \u00e0 l\u2019autre cependant, l\u2019op\u00e9ration \u00e9tant r\u00e9alis\u00e9e sous anesth\u00e9sie locale, aucune douleur intense n\u2019est ressentie. En particulier, les op\u00e9rations effectu\u00e9es avec une anesth\u00e9sie sans aiguille sont beaucoup plus confortables et indolores pour les patients.<\/p>\n\n<\/div>\n<\/div>\n<div id=\"faq-question-1762786071895\" class=\"rank-math-list-item\">\n<h3 class=\"rank-math-question \">Suite \u00e0 l\u2019op\u00e9ration, mes nouveaux cheveux auront-ils une apparence naturelle? Est-ce qu\u2019il sera visible que je me suis fait une transplantation capillaire?<\/h3>\n<div class=\"rank-math-answer \">\n\n<p>Lorsque les op\u00e9rations sont effectu\u00e9es par des m\u00e9decins professionnels et exp\u00e9riment\u00e9s dans leur domaine, la personne obtient des cheveux d\u2019apparence naturelle. Smile Hair est une clinique fiable \u00e0 cet \u00e9gard.<\/p>\n\n<\/div>\n<\/div>\n<div id=\"faq-question-1762786073015\" class=\"rank-math-list-item\">\n<h3 class=\"rank-math-question \">Dois-je rester \u00e0 l\u2019h\u00f4pital apr\u00e8s l\u2019op\u00e9ration?<\/h3>\n<div class=\"rank-math-answer \">\n\n<p>Non, vous pouvez rentrer chez vous ou \u00e0 votre h\u00f4tel le m\u00eame jour.<\/p>\n\n<\/div>\n<\/div>\n<div id=\"faq-question-1762786074515\" class=\"rank-math-list-item\">\n<h3 class=\"rank-math-question \">Quel est le point le plus important apr\u00e8s l\u2019op\u00e9ration auquel je dois faire attention?<\/h3>\n<div class=\"rank-math-answer \">\n\n<p>Il est tr\u00e8s important que vous prot\u00e9giez la zone de transplantation capillaire des chocs violents.<\/p>\n\n<\/div>\n<\/div>\n<div id=\"faq-question-1762786075333\" class=\"rank-math-list-item\">\n<h3 class=\"rank-math-question \">Combien de temps durera l\u2019op\u00e9ration de transplantation capillaire?<\/h3>\n<div class=\"rank-math-answer \">\n\n<p>Il s\u2019agit d\u2019une op\u00e9ration qui dure entre 6 et 8 heures. Une anesth\u00e9sie locale est appliqu\u00e9e sur la r\u00e9gion au cours des 2 \u00e0 3 premi\u00e8res heures et une attente a lieu le temps qu\u2019il fasse effet. Ensuite, avec une op\u00e9ration qui dure entre 30 et 45 minutes, les structures intitul\u00e9s greffes dans lequel des follicules pileux se trouvent sont pr\u00e9lev\u00e9s de la zone donneuse. Au cours des 2 \u00e0 3 derni\u00e8res heures, les greffes pr\u00e9lev\u00e9s sont install\u00e9s dans les rainures qui ont \u00e9t\u00e9 ouvertes.<\/p>\n\n<\/div>\n<\/div>\n<div id=\"faq-question-1762786124042\" class=\"rank-math-list-item\">\n<h3 class=\"rank-math-question \">Peut-on faire une transplantation capillaire m\u00eame si tous mes cheveux sont tomb\u00e9s?<\/h3>\n<div class=\"rank-math-answer \">\n\n<p>Oui, avec la m\u00e9thode Body Hair Transplant, les racines pr\u00e9lev\u00e9es de diff\u00e9rentes r\u00e9gions du corps telles que le dos et la poitrine peuvent \u00eatre transplant\u00e9s dans la r\u00e9gion de la t\u00eate.<\/p>\n\n<\/div>\n<\/div>\n<div id=\"faq-question-1762786124619\" class=\"rank-math-list-item\">\n<h3 class=\"rank-math-question \">Puis-je quitter le domicile\/ l\u2019h\u00f4tel les jours qui suivent la transplantation capillaire?<\/h3>\n<div class=\"rank-math-answer \">\n\n<p>Oui, vous pouvez quitter votre domicile \/ votre h\u00f4tel et explorer la ville apr\u00e8s une p\u00e9riode de repos recommand\u00e9e par votre m\u00e9decin.<\/p>\n\n<\/div>\n<\/div>\n<div id=\"faq-question-1762786148229\" class=\"rank-math-list-item\">\n<h3 class=\"rank-math-question \">Le fait d\u2019avoir diff\u00e9rents probl\u00e8mes de sant\u00e9 emp\u00eache-t-il la transplantation capillaire?<\/h3>\n<div class=\"rank-math-answer \">\n\n<p>Certaines maladies ou certains m\u00e9dicaments utilis\u00e9s peuvent emp\u00eacher la transplantation capillaire. Il est tr\u00e8s important que vous transmettiez int\u00e9gralement vos ant\u00e9c\u00e9dents m\u00e9dicaux et les m\u00e9dicaments utilis\u00e9s \u00e0 votre m\u00e9decin. Dans de tels cas, diff\u00e9rentes techniques et traitements peuvent \u00eatre envisag\u00e9s.<\/p>\n\n<\/div>\n<\/div>\n<div id=\"faq-question-1762786148933\" class=\"rank-math-list-item\">\n<h3 class=\"rank-math-question \">La transplantation capillaire est-elle risqu\u00e9e?<\/h3>\n<div class=\"rank-math-answer \">\n\n<p>Cette op\u00e9ration ne constitue aucun risque lorsqu\u2019elle est effectu\u00e9e par des m\u00e9decins exp\u00e9riment\u00e9s et qualifi\u00e9s dans leur domaine, sous des conditions cliniques appropri\u00e9es.<\/p>\n\n<\/div>\n<\/div>\n<\/div>\n<\/div>","protected":false},"excerpt":{"rendered":"","protected":false},"author":1,"featured_media":0,"parent":0,"menu_order":0,"comment_status":"closed","ping_status":"closed","template":"","meta":{"footnotes":""},"class_list":["post-7687","page","type-page","status-publish","hentry"],"_links":{"self":[{"href":"https:\/\/www.smilehairclinic.com\/fr\/wp-json\/wp\/v2\/pages\/7687","targetHints":{"allow":["GET"]}}],"collection":[{"href":"https:\/\/www.smilehairclinic.com\/fr\/wp-json\/wp\/v2\/pages"}],"about":[{"href":"https:\/\/www.smilehairclinic.com\/fr\/wp-json\/wp\/v2\/types\/page"}],"author":[{"embeddable":true,"href":"https:\/\/www.smilehairclinic.com\/fr\/wp-json\/wp\/v2\/users\/1"}],"replies":[{"embeddable":true,"href":"https:\/\/www.smilehairclinic.com\/fr\/wp-json\/wp\/v2\/comments?post=7687"}],"version-history":[{"count":1,"href":"https:\/\/www.smilehairclinic.com\/fr\/wp-json\/wp\/v2\/pages\/7687\/revisions"}],"predecessor-version":[{"id":25309,"href":"https:\/\/www.smilehairclinic.com\/fr\/wp-json\/wp\/v2\/pages\/7687\/revisions\/25309"}],"wp:attachment":[{"href":"https:\/\/www.smilehairclinic.com\/fr\/wp-json\/wp\/v2\/media?parent=7687"}],"curies":[{"name":"wp","href":"https:\/\/api.w.org\/{rel}","templated":true}]}}