{"id":7680,"date":"2021-07-29T11:27:03","date_gmt":"2021-07-29T08:27:03","guid":{"rendered":"https:\/\/www.smilehairclinic.com\/notre-clinique\/"},"modified":"2025-01-27T10:13:24","modified_gmt":"2025-01-27T07:13:24","slug":"notre-clinique","status":"publish","type":"page","link":"https:\/\/www.smilehairclinic.com\/fr\/notre-clinique\/","title":{"rendered":"Notre Clinique"},"content":{"rendered":"<p>Smile Hair Clinic a \u00e9t\u00e9 fond\u00e9e en 2018 par le Dr. G\u00f6kay Bilgin et le Dr. Elle a \u00e9t\u00e9 fond\u00e9e par Mehmet Erdo\u011fan. Situ\u00e9e \u00e0 Ata\u015fehir, l&rsquo;un des quartiers les plus populaires d&rsquo;Istanbul, la clinique propose ses services dans un b\u00e2timent intelligent de 10 \u00e9tages et 1600 m2. La clinique offre des services dans toutes les applications m\u00e9dico-esth\u00e9tiques. La mission la plus importante de la clinique est de faire en sorte que ses patients se sentent en s\u00e9curit\u00e9 et chez eux dans leur environnement familial. Notre clinique, o\u00f9 l&rsquo;hospitalit\u00e9 turque et les normes de qualit\u00e9 sont indispensables, est fi\u00e8re de fournir un service de qualit\u00e9 \u00e0 ses clients depuis le jour de sa cr\u00e9ation.<\/p>\n<p>Dans les proc\u00e9dures de <a href=\"https:\/\/www.smilehairclinic.com\/fr\/\">greffe de cheveux<\/a> FUE, tous les processus sont suivis par des m\u00e9decins et chaque membre de l\u2019\u00e9quipe impliqu\u00e9 dans l\u2019op\u00e9ration a re\u00e7u une formation m\u00e9dicale. \u00c0 ce jour, la greffe de cheveux a \u00e9t\u00e9 r\u00e9alis\u00e9e sur plus de 15 000 patients de diff\u00e9rents pays et des r\u00e9sultats positifs ont \u00e9t\u00e9 obtenus.<\/p>\n<p>L&rsquo;\u00e9quipe amicale et hospitali\u00e8re de Smile Hair travaille dans le but que les patients se sentent chez eux. Les fauteuils sur lesquels la proc\u00e9dure est effectu\u00e9e sont sp\u00e9cialement fabriqu\u00e9s et des lits visco sont utilis\u00e9s, nos patients se sentent \u00e0 l&rsquo;aise tout au long du processus de greffe de cheveux.<\/p>\n<p>\u00c0 la clinique capillaire Smile\u00a0; Des patients du monde entier se voient proposer des traitements utilisant les derni\u00e8res technologies en mati\u00e8re de greffe de cheveux. La \u00ab GREFFE DE CHEVEUX SAPHIR \u00bb est la norme dans notre clinique. Les clients du monde entier peuvent b\u00e9n\u00e9ficier gratuitement des services de traduction de Smile Hair ; Ils peuvent \u00e9galement acc\u00e9der \u00e0 des services tels que la r\u00e9servation d&rsquo;h\u00f4tel, le rendez-vous \u00e0 l&rsquo;a\u00e9roport, le d\u00e9p\u00f4t \u00e0 l&rsquo;a\u00e9roport et le conseil en mati\u00e8re de visa.<\/p>\n","protected":false},"excerpt":{"rendered":"<p>Smile Hair Clinic a \u00e9t\u00e9 fond\u00e9e en 2018 par le Dr. G\u00f6kay Bilgin et le Dr. Elle a \u00e9t\u00e9 fond\u00e9e par Mehmet Erdo\u011fan. Situ\u00e9e \u00e0 Ata\u015fehir, l&rsquo;un des quartiers les plus populaires d&rsquo;Istanbul, la clinique propose ses services dans un b\u00e2timent intelligent de 10 \u00e9tages et 1600 m2. La clinique offre des services dans toutes [&hellip;]<\/p>\n","protected":false},"author":1,"featured_media":20259,"parent":0,"menu_order":0,"comment_status":"closed","ping_status":"closed","template":"","meta":{"footnotes":""},"class_list":["post-7680","page","type-page","status-publish","has-post-thumbnail","hentry"],"_links":{"self":[{"href":"https:\/\/www.smilehairclinic.com\/fr\/wp-json\/wp\/v2\/pages\/7680","targetHints":{"allow":["GET"]}}],"collection":[{"href":"https:\/\/www.smilehairclinic.com\/fr\/wp-json\/wp\/v2\/pages"}],"about":[{"href":"https:\/\/www.smilehairclinic.com\/fr\/wp-json\/wp\/v2\/types\/page"}],"author":[{"embeddable":true,"href":"https:\/\/www.smilehairclinic.com\/fr\/wp-json\/wp\/v2\/users\/1"}],"replies":[{"embeddable":true,"href":"https:\/\/www.smilehairclinic.com\/fr\/wp-json\/wp\/v2\/comments?post=7680"}],"version-history":[{"count":3,"href":"https:\/\/www.smilehairclinic.com\/fr\/wp-json\/wp\/v2\/pages\/7680\/revisions"}],"predecessor-version":[{"id":9437,"href":"https:\/\/www.smilehairclinic.com\/fr\/wp-json\/wp\/v2\/pages\/7680\/revisions\/9437"}],"wp:featuredmedia":[{"embeddable":true,"href":"https:\/\/www.smilehairclinic.com\/fr\/wp-json\/wp\/v2\/media\/20259"}],"wp:attachment":[{"href":"https:\/\/www.smilehairclinic.com\/fr\/wp-json\/wp\/v2\/media?parent=7680"}],"curies":[{"name":"wp","href":"https:\/\/api.w.org\/{rel}","templated":true}]}}