{"id":7679,"date":"2022-06-30T15:07:19","date_gmt":"2022-06-30T12:07:19","guid":{"rendered":"https:\/\/www.smilehairclinic.com\/conseil-medical\/"},"modified":"2025-05-08T10:45:36","modified_gmt":"2025-05-08T07:45:36","slug":"conseil-medical","status":"publish","type":"page","link":"https:\/\/www.smilehairclinic.com\/fr\/conseil-medical\/","title":{"rendered":"Conse\u0131l M\u00e9d\u0131cal"},"content":{"rendered":"<p>Notre conseil de sant\u00e9, compos\u00e9 de nos m\u00e9decins et de notre \u00e9quipe des m\u00e9dias sociaux, suit en permanence les d\u00e9veloppements importants et partage de nouvelles exp\u00e9riences avec vous afin de vous fournir des informations fiables et factuelles, de partager les exp\u00e9riences de nos patients et de vous tenir inform\u00e9 de leurs \u00e9valuations cliniques. En tant que membres de Smile Hair Clinic, nous accordons la priorit\u00e9 au bonheur de nos patients, valorisons la pr\u00e9cision, aimons et respectons le travail que nous effectuons. Tous nos contenus ne constituent pas un avis m\u00e9dical, mais sont pr\u00e9par\u00e9s directement par notre conseil de sant\u00e9 et sont m\u00e9dicalement inspect\u00e9s.<\/p>\n<p>COMIT\u00c9 DE R\u00c9DACTION M\u00c9DICAL<br \/>\nDr. Gokay Bilgin<br \/>\nDr. Mehmet Erdogan<br \/>\nDr. Firdavs Ahmedov<\/p>\n<p>&nbsp;<\/p>\n","protected":false},"excerpt":{"rendered":"<p>Notre conseil de sant\u00e9, compos\u00e9 de nos m\u00e9decins et de notre \u00e9quipe des m\u00e9dias sociaux, suit en permanence les d\u00e9veloppements importants et partage de nouvelles exp\u00e9riences avec vous afin de vous fournir des informations fiables et factuelles, de partager les exp\u00e9riences de nos patients et de vous tenir inform\u00e9 de leurs \u00e9valuations cliniques. En tant [&hellip;]<\/p>\n","protected":false},"author":1,"featured_media":0,"parent":0,"menu_order":0,"comment_status":"closed","ping_status":"closed","template":"","meta":{"footnotes":""},"class_list":["post-7679","page","type-page","status-publish","hentry"],"_links":{"self":[{"href":"https:\/\/www.smilehairclinic.com\/fr\/wp-json\/wp\/v2\/pages\/7679","targetHints":{"allow":["GET"]}}],"collection":[{"href":"https:\/\/www.smilehairclinic.com\/fr\/wp-json\/wp\/v2\/pages"}],"about":[{"href":"https:\/\/www.smilehairclinic.com\/fr\/wp-json\/wp\/v2\/types\/page"}],"author":[{"embeddable":true,"href":"https:\/\/www.smilehairclinic.com\/fr\/wp-json\/wp\/v2\/users\/1"}],"replies":[{"embeddable":true,"href":"https:\/\/www.smilehairclinic.com\/fr\/wp-json\/wp\/v2\/comments?post=7679"}],"version-history":[{"count":1,"href":"https:\/\/www.smilehairclinic.com\/fr\/wp-json\/wp\/v2\/pages\/7679\/revisions"}],"predecessor-version":[{"id":12997,"href":"https:\/\/www.smilehairclinic.com\/fr\/wp-json\/wp\/v2\/pages\/7679\/revisions\/12997"}],"wp:attachment":[{"href":"https:\/\/www.smilehairclinic.com\/fr\/wp-json\/wp\/v2\/media?parent=7679"}],"curies":[{"name":"wp","href":"https:\/\/api.w.org\/{rel}","templated":true}]}}