{"id":32454,"date":"2026-04-15T15:30:22","date_gmt":"2026-04-15T12:30:22","guid":{"rendered":"https:\/\/www.smilehairclinic.com\/misyon-ve-vizyon\/"},"modified":"2026-04-15T15:39:33","modified_gmt":"2026-04-15T12:39:33","slug":"mission-et-vision","status":"publish","type":"page","link":"https:\/\/www.smilehairclinic.com\/fr\/mission-et-vision\/","title":{"rendered":"Mission et Vision"},"content":{"rendered":"<p data-start=\"35\" data-end=\"46\"><strong data-start=\"35\" data-end=\"46\">Mission<\/strong><\/p>\n<p data-start=\"48\" data-end=\"826\">Notre mission chez Smile Hair Clinic est de fournir des solutions de <a href=\"https:\/\/www.smilehairclinic.com\/fr\/\">greffe de cheveux<\/a> fiables, innovantes et de haute qualit\u00e9 \u00e0 nos patients. Dans le cadre de valeurs \u00e9thiques et professionnelles, nous visons \u00e0 d\u00e9passer les attentes de nos patients gr\u00e2ce \u00e0 des approches personnalis\u00e9es. En suivant de pr\u00e8s les d\u00e9veloppements technologiques, nous appliquons les m\u00e9thodes de traitement les plus efficaces et augmentons les comp\u00e9tences de notre \u00e9quipe d&rsquo;experts gr\u00e2ce \u00e0 une formation continue. Notre priorit\u00e9 est d&rsquo;offrir une exp\u00e9rience de service s\u00fbre, confortable et transparente, en mettant l&rsquo;accent sur la qualit\u00e9 et la satisfaction des patients. Notre objectif est d&rsquo;am\u00e9liorer la qualit\u00e9 de vie de nos patients et de gagner leur confiance gr\u00e2ce aux services que nous offrons.<\/p>\n<p data-start=\"828\" data-end=\"838\"><strong data-start=\"828\" data-end=\"838\">Vision<\/strong><\/p>\n<p data-start=\"840\" data-end=\"1865\" data-is-last-node=\"\" data-is-only-node=\"\">Notre vision chez Smile Hair Clinic est de devenir la meilleure clinique de greffe de cheveux au monde. Dans cette optique, nous offrons des services de sant\u00e9 innovants et de haute qualit\u00e9 \u00e0 nos patients. En restant fid\u00e8les aux principes de la philosophie True\u2122, nous pla\u00e7ons la sant\u00e9 et le bonheur humain au c\u0153ur de nos pr\u00e9occupations. Lors de la s\u00e9lection de notre personnel, nous privil\u00e9gions les professionnels sp\u00e9cialis\u00e9s, exp\u00e9riment\u00e9s et comp\u00e9tents, et soutenons leur d\u00e9veloppement continu et leur motivation. En utilisant la technologie de pointe et des m\u00e9thodes innovantes, nous maintenons notre leadership dans l&rsquo;industrie. En mettant la s\u00e9curit\u00e9 des patients et des employ\u00e9s en priorit\u00e9, nous offrons un processus de traitement s\u00fbr et confortable. Agissant avec une conscience de responsabilit\u00e9 sociale, nous visons \u00e0 contribuer positivement \u00e0 la soci\u00e9t\u00e9 et \u00e0 l&rsquo;environnement. En nous d\u00e9veloppant \u00e0 l&rsquo;\u00e9chelle mondiale, nous avan\u00e7ons pour devenir une institution de sant\u00e9 reconnue et r\u00e9f\u00e9renc\u00e9e dans le monde entier.<\/p>\n","protected":false},"excerpt":{"rendered":"<p>Mission Notre mission chez Smile Hair Clinic est de fournir des solutions de greffe de cheveux fiables, innovantes et de haute qualit\u00e9 \u00e0 nos patients. Dans le cadre de valeurs \u00e9thiques et professionnelles, nous visons \u00e0 d\u00e9passer les attentes de nos patients gr\u00e2ce \u00e0 des approches personnalis\u00e9es. En suivant de pr\u00e8s les d\u00e9veloppements technologiques, nous [&hellip;]<\/p>\n","protected":false},"author":1,"featured_media":0,"parent":0,"menu_order":0,"comment_status":"closed","ping_status":"closed","template":"","meta":{"footnotes":""},"class_list":["post-32454","page","type-page","status-publish","hentry"],"_links":{"self":[{"href":"https:\/\/www.smilehairclinic.com\/fr\/wp-json\/wp\/v2\/pages\/32454","targetHints":{"allow":["GET"]}}],"collection":[{"href":"https:\/\/www.smilehairclinic.com\/fr\/wp-json\/wp\/v2\/pages"}],"about":[{"href":"https:\/\/www.smilehairclinic.com\/fr\/wp-json\/wp\/v2\/types\/page"}],"author":[{"embeddable":true,"href":"https:\/\/www.smilehairclinic.com\/fr\/wp-json\/wp\/v2\/users\/1"}],"replies":[{"embeddable":true,"href":"https:\/\/www.smilehairclinic.com\/fr\/wp-json\/wp\/v2\/comments?post=32454"}],"version-history":[{"count":2,"href":"https:\/\/www.smilehairclinic.com\/fr\/wp-json\/wp\/v2\/pages\/32454\/revisions"}],"predecessor-version":[{"id":32471,"href":"https:\/\/www.smilehairclinic.com\/fr\/wp-json\/wp\/v2\/pages\/32454\/revisions\/32471"}],"wp:attachment":[{"href":"https:\/\/www.smilehairclinic.com\/fr\/wp-json\/wp\/v2\/media?parent=32454"}],"curies":[{"name":"wp","href":"https:\/\/api.w.org\/{rel}","templated":true}]}}