{"id":25307,"date":"2025-03-07T12:05:06","date_gmt":"2025-03-07T09:05:06","guid":{"rendered":"https:\/\/www.smilehairclinic.com\/genel\/"},"modified":"2025-11-10T18:06:41","modified_gmt":"2025-11-10T15:06:41","slug":"general","status":"publish","type":"page","link":"https:\/\/www.smilehairclinic.com\/fr\/general\/","title":{"rendered":"G\u00e9n\u00e9ral"},"content":{"rendered":"\n<h2 class=\"wp-block-heading\">G\u00e9n\u00e9ral<\/h2>\n\n\n<div id=\"rank-math-faq\" class=\"rank-math-block\">\n<div class=\"rank-math-list \">\n<div id=\"faq-question-1762505004917\" class=\"rank-math-list-item\">\n<h3 class=\"rank-math-question \">La chirurgie de greffe de cheveux est-elle secr\u00e8te et s\u00fbre ?<\/h3>\n<div class=\"rank-math-answer \">\n\n<p>Oui ! Selon la l\u00e9gislation turque, il existe des r\u00e8gles tr\u00e8s strictes concernant la confidentialit\u00e9 des patients. Aucune image avant ou apr\u00e8s l\u2019op\u00e9ration n\u2019est publi\u00e9e sur les r\u00e9seaux sociaux ou les sites internet sans le consentement du patient.<\/p>\n\n<\/div>\n<\/div>\n<div id=\"faq-question-1762505013244\" class=\"rank-math-list-item\">\n<h3 class=\"rank-math-question \">Pourquoi la Turquie est-elle le choix id\u00e9al pour une greffe de cheveux\u00a0?<\/h3>\n<div class=\"rank-math-answer \">\n\n<p>La Turquie se situe au carrefour de l\u2019Asie et de l\u2019Europe et constitue un grand centre pour le tourisme m\u00e9dical. \u00c0 la fois la qualit\u00e9 des services et les prix abordables rendent la Turquie attrayante pour les patients souhaitant subir une <a href=\"https:\/\/www.smilehairclinic.com\/fr\/\">greffe de cheveux<\/a>.<\/p>\n\n<\/div>\n<\/div>\n<div id=\"faq-question-1762505018910\" class=\"rank-math-list-item\">\n<h3 class=\"rank-math-question \">Pourquoi la greffe de cheveux est-elle bon march\u00e9 en Turquie ?<\/h3>\n<div class=\"rank-math-answer \">\n\n<p>Au cours des dix derni\u00e8res ann\u00e9es, la Turquie est devenue l\u2019un des pays leaders dans le domaine de la greffe de cheveux. La concurrence croissante a permis une baisse des prix dans le cadre des conditions du march\u00e9 libre. Cela ne signifie pas que la qualit\u00e9 est compromise ; des cliniques exp\u00e9riment\u00e9es servent des milliers de patients venus du monde entier.<\/p>\n\n<\/div>\n<\/div>\n<div id=\"faq-question-1762505025568\" class=\"rank-math-list-item\">\n<h3 class=\"rank-math-question \">Pourquoi les taux de r\u00e9ussite sont-ils plus \u00e9lev\u00e9s avec la greffe de cheveux FUE\u00a0?<\/h3>\n<div class=\"rank-math-answer \">\n\n<p>Dans la m\u00e9thode FUE, des greffons de qualit\u00e9 sont s\u00e9lectionn\u00e9s, class\u00e9s et plac\u00e9s dans les zones appropri\u00e9es. Cette planification augmente les taux de r\u00e9ussite et permet d\u2019obtenir des r\u00e9sultats plus naturels.<\/p>\n\n<\/div>\n<\/div>\n<div id=\"faq-question-1762505038615\" class=\"rank-math-list-item\">\n<h3 class=\"rank-math-question \">Qui pratique la greffe de cheveux ?<\/h3>\n<div class=\"rank-math-answer \">\n\n<p>La greffe de cheveux est r\u00e9alis\u00e9e par des professionnels de sant\u00e9 sp\u00e9cialis\u00e9s ayant une formation m\u00e9dicale. Parmi eux figurent des m\u00e9decins, des infirmiers, des techniciens en anesth\u00e9sie, des param\u00e9dics et le personnel op\u00e9ratoire.<\/p>\n\n<\/div>\n<\/div>\n<div id=\"faq-question-1762505043648\" class=\"rank-math-list-item\">\n<h3 class=\"rank-math-question \">Qui sont les patients de la clinique capillaire Smile\u00a0?<\/h3>\n<div class=\"rank-math-answer \">\n\n<p>Des personnes du monde entier viennent dans notre clinique pour une greffe de cheveux. Actuellement, 90 % de nos patients viennent du Royaume-Uni et d\u2019Irlande. Nous recevons \u00e9galement une forte demande des \u00c9tats-Unis, du Canada et des pays europ\u00e9ens.<\/p>\n\n<\/div>\n<\/div>\n<div id=\"faq-question-1762505054578\" class=\"rank-math-list-item\">\n<h3 class=\"rank-math-question \">Quelle est la meilleure technique de greffe de cheveux\u00a0?<\/h3>\n<div class=\"rank-math-answer \">\n\n<p>Le choix de la technique est d\u00e9termin\u00e9 en fonction des besoins du patient. Dans notre clinique, les m\u00e9thodes DHI et FUE Saphir sont utilis\u00e9es. Les follicules pileux sont pr\u00e9lev\u00e9s selon la m\u00e9thode FUE, puis implant\u00e9s \u00e0 l\u2019aide de la technique DHI ou du scalpel Saphir. Chaque technique offre diff\u00e9rents avantages.<\/p>\n\n<\/div>\n<\/div>\n<div id=\"faq-question-1762505178974\" class=\"rank-math-list-item\">\n<h3 class=\"rank-math-question \">Quel est le meilleur pays pour une greffe de cheveux ?<\/h3>\n<div class=\"rank-math-answer \">\n\n<p>Depuis dix ans, Istanbul est consid\u00e9r\u00e9e comme la capitale mondiale de la greffe de cheveux. Chaque ann\u00e9e, plus d\u2019un million de personnes viennent \u00e0 Istanbul pour une greffe de cheveux. Compar\u00e9 \u00e0 l\u2019Europe et aux \u00c9tats-Unis, elle offre des prix plus abordables et des r\u00e9sultats r\u00e9ussis.<\/p>\n\n<\/div>\n<\/div>\n<div id=\"faq-question-1762505185502\" class=\"rank-math-list-item\">\n<h3 class=\"rank-math-question \">Quelle m\u00e9thode est utilis\u00e9e pour la greffe de barbe ?<\/h3>\n<div class=\"rank-math-answer \">\n\n<p>La m\u00e9thode la plus utilis\u00e9e pour la greffe de barbe est la FUE. La technique FUT a largement \u00e9t\u00e9 remplac\u00e9e par la FUE. Aujourd\u2019hui, plus de 90 % des greffes de barbe sont r\u00e9alis\u00e9es avec la m\u00e9thode FUE.<\/p>\n\n<\/div>\n<\/div>\n<div id=\"faq-question-1762505209496\" class=\"rank-math-list-item\">\n<h3 class=\"rank-math-question \">Qu&rsquo;est-ce que la m\u00e9thode Sapphire FUE\u00a0?<\/h3>\n<div class=\"rank-math-answer \">\n\n<p>La FUE Saphir est une m\u00e9thode FUE dans laquelle des pointes en saphir sont utilis\u00e9es pour ouvrir les canaux lors de la greffe de cheveux. Elle permet des incisions plus pr\u00e9cises.<\/p>\n\n<\/div>\n<\/div>\n<div id=\"faq-question-1762505216223\" class=\"rank-math-list-item\">\n<h3 class=\"rank-math-question \">Quel est le co\u00fbt d&rsquo;une greffe de cheveux au Royaume-Uni\u00a0?<\/h3>\n<div class=\"rank-math-answer \">\n\n<p>Les prix varient consid\u00e9rablement d\u2019une clinique \u00e0 l\u2019autre. Selon les exp\u00e9riences des patients, les tarifs commencent aux alentours de 4 500 livres sterling et peuvent atteindre 15 000 \u00e0 20 000 livres sterling.<\/p>\n\n<\/div>\n<\/div>\n<div id=\"faq-question-1762505221510\" class=\"rank-math-list-item\">\n<h3 class=\"rank-math-question \">Que signifie \u00ab espace limit\u00e9 pour les donateurs \u00bb ?<\/h3>\n<div class=\"rank-math-answer \">\n\n<p>La zone donneuse limit\u00e9e correspond \u00e0 une densit\u00e9 capillaire insuffisante dans la r\u00e9gion d\u2019o\u00f9 les greffons peuvent \u00eatre pr\u00e9lev\u00e9s. Cela peut \u00eatre d\u00fb \u00e0 des interventions chirurgicales ant\u00e9rieures, de grandes cicatrices, une diminution de la densit\u00e9 des cheveux dans la zone donneuse ou des cheveux trop fins.<\/p>\n\n<\/div>\n<\/div>\n<div id=\"faq-question-1762505228849\" class=\"rank-math-list-item\">\n<h3 class=\"rank-math-question \">Qu\u2019est-ce que l\u2019accr\u00e9ditation ISHRS\u00a0?<\/h3>\n<div class=\"rank-math-answer \">\n\n<p>L\u2019ISHRS est la Soci\u00e9t\u00e9 Internationale de Chirurgie Capillaire. Elle rassemble les chirurgiens et professionnels de la greffe de cheveux du monde entier. Qu\u2019un m\u00e9decin ou une \u00e9quipe soit membre de l\u2019ISHRS signifie qu\u2019ils respectent des normes \u00e9thiques \u00e9lev\u00e9es et adoptent une approche professionnelle.<\/p>\n\n<\/div>\n<\/div>\n<div id=\"faq-question-1762505231878\" class=\"rank-math-list-item\">\n<h3 class=\"rank-math-question \">Quel est l&rsquo;avenir de la greffe de cheveux ou du traitement de la chute des cheveux\u00a0?<\/h3>\n<div class=\"rank-math-answer \">\n\n<p>De nombreuses recherches sont en cours sur le traitement de la perte de cheveux. Aujourd\u2019hui, la FDA n\u2019a approuv\u00e9 que trois m\u00e9thodes pour traiter la chute de cheveux : le minoxidil, le finast\u00e9ride et la th\u00e9rapie au laser de faible intensit\u00e9 (Triple LT). Les m\u00e9thodes chirurgicales sont la FUE et la FUT.<\/p>\n\n<\/div>\n<\/div>\n<div id=\"faq-question-1762505235871\" class=\"rank-math-list-item\">\n<h3 class=\"rank-math-question \">Quelle est la densit\u00e9 canalaire lors d&rsquo;une greffe de cheveux\u00a0?<\/h3>\n<div class=\"rank-math-answer \">\n\n<p>Une bonne densit\u00e9 correspond \u00e0 l\u2019ouverture de 40 \u00e0 60 canaux par cm\u00b2. Une densit\u00e9 de 30 \u00e0 40 est consid\u00e9r\u00e9e comme moyenne, et de 20 \u00e0 30 comme faible. Cependant, ouvrir trop de canaux peut endommager la vascularisation et r\u00e9duire la survie des greffons. L\u2019\u00e9l\u00e9ment le plus important est l\u2019angle correct, la profondeur appropri\u00e9e et une densit\u00e9 \u00e9quilibr\u00e9e.<\/p>\n\n<\/div>\n<\/div>\n<div id=\"faq-question-1762505240674\" class=\"rank-math-list-item\">\n<h3 class=\"rank-math-question \">Peut-on r\u00e9aliser une greffe de cheveux \u00e0 partir de poils corporels\u00a0?<\/h3>\n<div class=\"rank-math-answer \">\n\n<p>Oui. Outre la partie arri\u00e8re du cr\u00e2ne, la zone donneuse peut inclure la barbe et la poitrine. Certaines cliniques peuvent \u00e9galement pr\u00e9lever des greffons sur les jambes ou les bras.<\/p>\n\n<\/div>\n<\/div>\n<div id=\"faq-question-1762505245044\" class=\"rank-math-list-item\">\n<h3 class=\"rank-math-question \">Qu&rsquo;est-ce que l&rsquo;alop\u00e9cie areata ?<\/h3>\n<div class=\"rank-math-answer \">\n\n<p>L\u2019alop\u00e9cie areata est une maladie auto-immune dans laquelle le syst\u00e8me immunitaire attaque les follicules pileux. Cela entra\u00eene un recul, une inflammation et une chute des cheveux.<\/p>\n\n<\/div>\n<\/div>\n<div id=\"faq-question-1762505252490\" class=\"rank-math-list-item\">\n<h3 class=\"rank-math-question \">Qu&rsquo;est-ce qu&rsquo;une greffe de barbe ?<\/h3>\n<div class=\"rank-math-answer \">\n\n<p>La greffe de barbe consiste \u00e0 transf\u00e9rer les follicules pileux pr\u00e9lev\u00e9s dans la zone donneuse vers le visage. En quelques mois, les poils implant\u00e9s s\u2019adaptent \u00e0 la r\u00e9gion faciale. Pour un r\u00e9sultat naturel, seuls des follicules unitaires doivent \u00eatre utilis\u00e9s.<\/p>\n\n<\/div>\n<\/div>\n<div id=\"faq-question-1762505255712\" class=\"rank-math-list-item\">\n<h3 class=\"rank-math-question \">Que peut-on faire aux cheveux existants ?<\/h3>\n<div class=\"rank-math-answer \">\n\n<p>Lors de l\u2019op\u00e9ration, l\u2019objectif est de prot\u00e9ger les cheveux existants. Cela offre un avantage si une seconde intervention est n\u00e9cessaire ult\u00e9rieurement. Les cheveux existants sont identifi\u00e9s \u00e0 l\u2019aide de loupes et le plan op\u00e9ratoire est \u00e9tabli sans les endommager.<\/p>\n\n<\/div>\n<\/div>\n<div id=\"faq-question-1762505263154\" class=\"rank-math-list-item\">\n<h3 class=\"rank-math-question \">Quelles sont les causes de la chute des cheveux chez les hommes ?<\/h3>\n<div class=\"rank-math-answer \">\n\n<p>La cause la plus fr\u00e9quente est la calvitie masculine. L\u2019alop\u00e9cie areata, la perte de cheveux due aux cicatrices, les maladies chroniques et certains m\u00e9dicaments peuvent \u00e9galement provoquer la chute des cheveux.<\/p>\n\n<\/div>\n<\/div>\n<div id=\"faq-question-1762505265641\" class=\"rank-math-list-item\">\n<h3 class=\"rank-math-question \">Existe-t-il d&rsquo;autres options de traitement que la greffe de cheveux\u00a0?<\/h3>\n<div class=\"rank-math-answer \">\n\n<p>Des traitements m\u00e9dicaux peuvent \u00eatre appliqu\u00e9s en fonction du degr\u00e9 de chute des cheveux. Dans le cas de la calvitie masculine, le minoxidil et le finast\u00e9ride peuvent \u00eatre utilis\u00e9s. Pour les maladies auto-immunes, diff\u00e9rents protocoles th\u00e9rapeutiques peuvent \u00eatre n\u00e9cessaires. Apr\u00e8s une chimioth\u00e9rapie, il faut attendre la repousse des cheveux.<\/p>\n\n<\/div>\n<\/div>\n<div id=\"faq-question-1762505270466\" class=\"rank-math-list-item\">\n<h3 class=\"rank-math-question \">Le personnel travaille-t-il \u00e0 temps plein ?<\/h3>\n<div class=\"rank-math-answer \">\n\n<p>Chez Smile Hair Clinic, toute l\u2019\u00e9quipe travaille \u00e0 temps plein. Comme le m\u00e9decin et l\u2019\u00e9quipe chirurgicale op\u00e8rent selon le m\u00eame syst\u00e8me, cela garantit coordination et qualit\u00e9 standard lors des interventions.<\/p>\n\n<\/div>\n<\/div>\n<div id=\"faq-question-1762505278298\" class=\"rank-math-list-item\">\n<h3 class=\"rank-math-question \">Existe-t-il une greffe de cheveux sans chirurgie ?<\/h3>\n<div class=\"rank-math-answer \">\n\n<p>Non. La greffe de cheveux ne se pratique que par voie chirurgicale.<\/p>\n\n<\/div>\n<\/div>\n<div id=\"faq-question-1762505283164\" class=\"rank-math-list-item\">\n<h3 class=\"rank-math-question \">La greffe de cheveux est-elle une proc\u00e9dure simple ?<\/h3>\n<div class=\"rank-math-answer \">\n\n<p>Le point le plus important pour le succ\u00e8s est une planification et une pr\u00e9paration correctes. Lorsque le patient est correctement \u00e9valu\u00e9, le taux de r\u00e9ussite augmente.<\/p>\n\n<\/div>\n<\/div>\n<div id=\"faq-question-1762505287635\" class=\"rank-math-list-item\">\n<h3 class=\"rank-math-question \">La greffe de cheveux robotis\u00e9e est-elle la meilleure option\u00a0?<\/h3>\n<div class=\"rank-math-answer \">\n\n<p>Il n\u2019existe pas une seule meilleure m\u00e9thode pour chaque patient. Les techniques robotique, FUE ou FUT sont choisies en fonction des besoins du patient. Une \u00e9quipe exp\u00e9riment\u00e9e peut obtenir le m\u00eame succ\u00e8s avec une FUE classique.<\/p>\n\n<\/div>\n<\/div>\n<div id=\"faq-question-1762505290148\" class=\"rank-math-list-item\">\n<h3 class=\"rank-math-question \">J&rsquo;ai d\u00e9j\u00e0 subi une greffe de cheveux et je n&rsquo;en suis pas satisfait, est-il possible de la refaire ?<\/h3>\n<div class=\"rank-math-answer \">\n\n<p>Oui. Cette proc\u00e9dure s\u2019appelle une greffe de cheveux de r\u00e9vision. Elle est r\u00e9alis\u00e9e chez les patients ayant subi une op\u00e9ration dans une autre clinique et n\u2019\u00e9tant pas satisfaits du r\u00e9sultat. Elle n\u00e9cessite une planification correcte et une \u00e9quipe exp\u00e9riment\u00e9e.<\/p>\n\n<\/div>\n<\/div>\n<div id=\"faq-question-1762505297723\" class=\"rank-math-list-item\">\n<h3 class=\"rank-math-question \">Comment fonctionne une greffe de cheveux ?<\/h3>\n<div class=\"rank-math-answer \">\n\n<p>Pour simplifier, les follicules pileux sont pr\u00e9lev\u00e9s dans la zone donneuse et transplant\u00e9s vers les zones d\u00e9pourvues de cheveux.<\/p>\n\n<\/div>\n<\/div>\n<div id=\"faq-question-1762505308781\" class=\"rank-math-list-item\">\n<h3 class=\"rank-math-question \">Comment puis-je stopper la chute des cheveux\u00a0?<\/h3>\n<div class=\"rank-math-answer \">\n\n<p>Une \u00e9valuation doit d\u2019abord \u00eatre r\u00e9alis\u00e9e par un dermatologue ou un sp\u00e9cialiste en greffe de cheveux. La greffe est planifi\u00e9e une fois que la chute des cheveux est stabilis\u00e9e.<\/p>\n\n<\/div>\n<\/div>\n<div id=\"faq-question-1762505312790\" class=\"rank-math-list-item\">\n<h3 class=\"rank-math-question \">Comment choisir la meilleure clinique de greffe de cheveux en Turquie ?<\/h3>\n<div class=\"rank-math-answer \">\n\n<p>Les avis des patients, les photos des r\u00e9sultats et l\u2019exp\u00e9rience de la clinique peuvent \u00eatre examin\u00e9s. Le plus important est que la clinique soit dirig\u00e9e par des m\u00e9decins et non compos\u00e9e uniquement de techniciens.<\/p>\n\n<\/div>\n<\/div>\n<div id=\"faq-question-1762505318346\" class=\"rank-math-list-item\">\n<h3 class=\"rank-math-question \">L&rsquo;endroit o\u00f9 la greffe de cheveux est pratiqu\u00e9e a-t-il une importance ?<\/h3>\n<div class=\"rank-math-answer \">\n\n<p>Oui. Elle doit \u00eatre r\u00e9alis\u00e9e dans des \u00e9tablissements de sant\u00e9 agr\u00e9\u00e9s, disposant de chirurgiens, d\u2019infirmiers et de personnel op\u00e9ratoire. Les cliniques non enregistr\u00e9es peuvent entra\u00eener des r\u00e9sultats insatisfaisants.<\/p>\n\n<\/div>\n<\/div>\n<div id=\"faq-question-1762505324284\" class=\"rank-math-list-item\">\n<h3 class=\"rank-math-question \">La greffe de cheveux laisse-t-elle des cicatrices\u00a0?<\/h3>\n<div class=\"rank-math-answer \">\n\n<p>De petites cicatrices peuvent rester dans la zone donneuse. Cependant, dans une op\u00e9ration bien r\u00e9alis\u00e9e, elles ne sont pas tr\u00e8s visibles et ne se remarquent pas \u00e0 l\u2019\u0153il nu.<\/p>\n\n<\/div>\n<\/div>\n<div id=\"faq-question-1762505328630\" class=\"rank-math-list-item\">\n<h3 class=\"rank-math-question \">Si je subis une greffe de cheveux blancs, les cheveux transplant\u00e9s seront-ils \u00e9galement blancs\u00a0?<\/h3>\n<div class=\"rank-math-answer \">\n\n<p>Oui. Les cheveux poussent avec la m\u00eame couleur et la m\u00eame structure, quel que soit l&rsquo;endroit o\u00f9 ils sont pr\u00e9lev\u00e9s.<\/p>\n\n<\/div>\n<\/div>\n<div id=\"faq-question-1762505332585\" class=\"rank-math-list-item\">\n<h3 class=\"rank-math-question \">Est-il n\u00e9cessaire de se faire greffer des cheveux \u00e0 l&rsquo;\u00e9tranger ?<\/h3>\n<div class=\"rank-math-answer \">\n\n<p>Non. La meilleure m\u00e9thode est celle r\u00e9alis\u00e9e par un chirurgien de confiance, en utilisant la technique qui vous convient le mieux.<\/p>\n\n<\/div>\n<\/div>\n<div id=\"faq-question-1762505336809\" class=\"rank-math-list-item\">\n<h3 class=\"rank-math-question \">Suis-je trop jeune pour une greffe de cheveux ?<\/h3>\n<div class=\"rank-math-answer \">\n\n<p>Pour \u00eatre \u00e9ligible \u00e0 une greffe de cheveux, il faut g\u00e9n\u00e9ralement avoir environ 18 ans et moins de 60 ans. Certaines cliniques acceptent des patients de 65 ans et plus. Cependant, la d\u00e9cision est individuelle. L\u2019\u00e9l\u00e9ment le plus important n\u2019est pas l\u2019\u00e2ge, mais le degr\u00e9 et l\u2019\u00e9tendue de la chute des cheveux du patient.<\/p>\n\n<\/div>\n<\/div>\n<\/div>\n<\/div>","protected":false},"excerpt":{"rendered":"<p>G\u00e9n\u00e9ral<\/p>\n","protected":false},"author":1,"featured_media":0,"parent":0,"menu_order":0,"comment_status":"closed","ping_status":"closed","template":"","meta":{"footnotes":""},"class_list":["post-25307","page","type-page","status-publish","hentry"],"_links":{"self":[{"href":"https:\/\/www.smilehairclinic.com\/fr\/wp-json\/wp\/v2\/pages\/25307","targetHints":{"allow":["GET"]}}],"collection":[{"href":"https:\/\/www.smilehairclinic.com\/fr\/wp-json\/wp\/v2\/pages"}],"about":[{"href":"https:\/\/www.smilehairclinic.com\/fr\/wp-json\/wp\/v2\/types\/page"}],"author":[{"embeddable":true,"href":"https:\/\/www.smilehairclinic.com\/fr\/wp-json\/wp\/v2\/users\/1"}],"replies":[{"embeddable":true,"href":"https:\/\/www.smilehairclinic.com\/fr\/wp-json\/wp\/v2\/comments?post=25307"}],"version-history":[{"count":2,"href":"https:\/\/www.smilehairclinic.com\/fr\/wp-json\/wp\/v2\/pages\/25307\/revisions"}],"predecessor-version":[{"id":25321,"href":"https:\/\/www.smilehairclinic.com\/fr\/wp-json\/wp\/v2\/pages\/25307\/revisions\/25321"}],"wp:attachment":[{"href":"https:\/\/www.smilehairclinic.com\/fr\/wp-json\/wp\/v2\/media?parent=25307"}],"curies":[{"name":"wp","href":"https:\/\/api.w.org\/{rel}","templated":true}]}}