{"id":8190,"date":"2021-07-29T11:27:03","date_gmt":"2021-07-29T08:27:03","guid":{"rendered":"https:\/\/www.smilehairclinic.com\/nuestra-clinica\/"},"modified":"2025-01-27T10:13:59","modified_gmt":"2025-01-27T07:13:59","slug":"nuestra-clinica","status":"publish","type":"page","link":"https:\/\/www.smilehairclinic.com\/es\/nuestra-clinica\/","title":{"rendered":"Nuestra Cl\u00ednica"},"content":{"rendered":"<p>Smile Hair Clinic fue fundada en 2018 por el Dr. Dr., ambos cirujanos reconocidos en toda Europa y que han dedicado a\u00f1os de su vida al desarrollo de t\u00e9cnicas de trasplante de cabello FUE. Gokay Bilgin y el Dr. Fue fundada por Mehmet Erdogan. Ubicada en Ata\u015fehir, uno de los distritos m\u00e1s populares de Estambul, la cl\u00ednica ofrece servicios en un edificio inteligente de 10 pisos y 1600 m2. La cl\u00ednica ofrece servicios en todas las aplicaciones m\u00e9dico est\u00e9ticas. La misi\u00f3n m\u00e1s importante de la cl\u00ednica es hacer que sus pacientes se sientan como en casa, en un ambiente familiar y seguro. Nuestra cl\u00ednica, donde la hospitalidad turca y los est\u00e1ndares de calidad son indispensables, se enorgullece de brindar un servicio de calidad a sus hu\u00e9spedes desde el d\u00eda de su fundaci\u00f3n.<\/p>\n<p>En los procedimientos de trasplante de cabello FUE, todos los procesos son supervisados \u200b\u200bpor m\u00e9dicos y cada miembro del equipo involucrado en la operaci\u00f3n ha recibido capacitaci\u00f3n m\u00e9dica. Hasta la fecha, se han realizado trasplantes de cabello a m\u00e1s de 15.000 pacientes de diferentes pa\u00edses y se han logrado resultados exitosos.<\/p>\n<p>El equipo c\u00e1lido y hospitalario de Smile Hair trabaja con el objetivo de hacer que los pacientes se sientan como en casa. Los sillones donde se realiza el procedimiento son fabricados especialmente y se utilizan colchones viscoel\u00e1sticos, nuestros pacientes se sienten c\u00f3modos durante todo el proceso de trasplante capilar.<\/p>\n<p>En Smile Hair Clinic; A pacientes de todo el mundo se les ofrecen tratamientos utilizando la \u00faltima tecnolog\u00eda en trasplante de cabello. El \u201cTRASPLANTE DE CABELLO SAFIRO\u201d es est\u00e1ndar en nuestra cl\u00ednica. Los hu\u00e9spedes de todo el mundo pueden beneficiarse de los servicios de traducci\u00f3n de Smile Hair de forma gratuita; Tambi\u00e9n pueden acceder a servicios como reservas de hotel, recogida en el aeropuerto, traslado de vuelta al aeropuerto y consultor\u00eda de visas.<\/p>\n","protected":false},"excerpt":{"rendered":"<p>Smile Hair Clinic fue fundada en 2018 por el Dr. Dr., ambos cirujanos reconocidos en toda Europa y que han dedicado a\u00f1os de su vida al desarrollo de t\u00e9cnicas de trasplante de cabello FUE. Gokay Bilgin y el Dr. Fue fundada por Mehmet Erdogan. Ubicada en Ata\u015fehir, uno de los distritos m\u00e1s populares de Estambul, [&hellip;]<\/p>\n","protected":false},"author":1,"featured_media":20266,"parent":0,"menu_order":0,"comment_status":"closed","ping_status":"closed","template":"","meta":{"footnotes":""},"class_list":["post-8190","page","type-page","status-publish","has-post-thumbnail","hentry"],"_links":{"self":[{"href":"https:\/\/www.smilehairclinic.com\/es\/wp-json\/wp\/v2\/pages\/8190","targetHints":{"allow":["GET"]}}],"collection":[{"href":"https:\/\/www.smilehairclinic.com\/es\/wp-json\/wp\/v2\/pages"}],"about":[{"href":"https:\/\/www.smilehairclinic.com\/es\/wp-json\/wp\/v2\/types\/page"}],"author":[{"embeddable":true,"href":"https:\/\/www.smilehairclinic.com\/es\/wp-json\/wp\/v2\/users\/1"}],"replies":[{"embeddable":true,"href":"https:\/\/www.smilehairclinic.com\/es\/wp-json\/wp\/v2\/comments?post=8190"}],"version-history":[{"count":2,"href":"https:\/\/www.smilehairclinic.com\/es\/wp-json\/wp\/v2\/pages\/8190\/revisions"}],"predecessor-version":[{"id":9439,"href":"https:\/\/www.smilehairclinic.com\/es\/wp-json\/wp\/v2\/pages\/8190\/revisions\/9439"}],"wp:featuredmedia":[{"embeddable":true,"href":"https:\/\/www.smilehairclinic.com\/es\/wp-json\/wp\/v2\/media\/20266"}],"wp:attachment":[{"href":"https:\/\/www.smilehairclinic.com\/es\/wp-json\/wp\/v2\/media?parent=8190"}],"curies":[{"name":"wp","href":"https:\/\/api.w.org\/{rel}","templated":true}]}}