{"id":8189,"date":"2022-06-30T15:07:19","date_gmt":"2022-06-30T12:07:19","guid":{"rendered":"https:\/\/www.smilehairclinic.com\/junta-medica\/"},"modified":"2025-07-08T15:35:29","modified_gmt":"2025-07-08T12:35:29","slug":"medica-board","status":"publish","type":"page","link":"https:\/\/www.smilehairclinic.com\/es\/medica-board\/","title":{"rendered":"JUNTA MEDICA"},"content":{"rendered":"<p>Nuestro consejo de salud, compuesto por nuestros m\u00e9dicos y equipo de redes sociales, sigue constantemente los desarrollos importantes y comparte nuevas experiencias con usted para brindarle informaci\u00f3n confiable y objetiva, compartir las experiencias de nuestros pacientes e informarle sobre sus evaluaciones cl\u00ednicas. Como miembros de Smile Hair Clinic, priorizamos la felicidad de nuestros pacientes, valoramos la integridad y amamos y respetamos lo que hacemos. Todo nuestro contenido no constituye asesoramiento m\u00e9dico, sino que est\u00e1 elaborado directamente por nuestro consejo de salud y pasa por supervisi\u00f3n m\u00e9dica.<\/p>\n<p>CONSEJO EDITORIAL M\u00c9DICO<br \/>\nDr. Gokay Bilgin<br \/>\nDr. Mehmet Erdogan<br \/>\nDr. Firdavs Ahmedov<\/p>\n","protected":false},"excerpt":{"rendered":"<p>Nuestro consejo de salud, compuesto por nuestros m\u00e9dicos y equipo de redes sociales, sigue constantemente los desarrollos importantes y comparte nuevas experiencias con usted para brindarle informaci\u00f3n confiable y objetiva, compartir las experiencias de nuestros pacientes e informarle sobre sus evaluaciones cl\u00ednicas. Como miembros de Smile Hair Clinic, priorizamos la felicidad de nuestros pacientes, valoramos [&hellip;]<\/p>\n","protected":false},"author":1,"featured_media":0,"parent":0,"menu_order":0,"comment_status":"closed","ping_status":"closed","template":"","meta":{"footnotes":""},"class_list":["post-8189","page","type-page","status-publish","hentry"],"_links":{"self":[{"href":"https:\/\/www.smilehairclinic.com\/es\/wp-json\/wp\/v2\/pages\/8189","targetHints":{"allow":["GET"]}}],"collection":[{"href":"https:\/\/www.smilehairclinic.com\/es\/wp-json\/wp\/v2\/pages"}],"about":[{"href":"https:\/\/www.smilehairclinic.com\/es\/wp-json\/wp\/v2\/types\/page"}],"author":[{"embeddable":true,"href":"https:\/\/www.smilehairclinic.com\/es\/wp-json\/wp\/v2\/users\/1"}],"replies":[{"embeddable":true,"href":"https:\/\/www.smilehairclinic.com\/es\/wp-json\/wp\/v2\/comments?post=8189"}],"version-history":[{"count":1,"href":"https:\/\/www.smilehairclinic.com\/es\/wp-json\/wp\/v2\/pages\/8189\/revisions"}],"predecessor-version":[{"id":13003,"href":"https:\/\/www.smilehairclinic.com\/es\/wp-json\/wp\/v2\/pages\/8189\/revisions\/13003"}],"wp:attachment":[{"href":"https:\/\/www.smilehairclinic.com\/es\/wp-json\/wp\/v2\/media?parent=8189"}],"curies":[{"name":"wp","href":"https:\/\/api.w.org\/{rel}","templated":true}]}}