{"id":32461,"date":"2026-04-15T15:30:22","date_gmt":"2026-04-15T12:30:22","guid":{"rendered":"https:\/\/www.smilehairclinic.com\/misyon-ve-vizyon\/"},"modified":"2026-04-15T16:01:43","modified_gmt":"2026-04-15T13:01:43","slug":"mision-y-vision","status":"publish","type":"page","link":"https:\/\/www.smilehairclinic.com\/es\/mision-y-vision\/","title":{"rendered":"Misi\u00f3n y Visi\u00f3n"},"content":{"rendered":"<p data-start=\"36\" data-end=\"46\"><strong data-start=\"36\" data-end=\"46\">Misi\u00f3n<\/strong><\/p>\n<p data-start=\"48\" data-end=\"802\">Nuestra misi\u00f3n en Smile Hair Clinic es ofrecer soluciones confiables, innovadoras y de alta calidad para el trasplante de cabello a nuestros pacientes. Dentro de los valores \u00e9ticos y profesionales, buscamos superar las expectativas de nuestros pacientes con enfoques personalizados. Siguiendo de cerca los avances tecnol\u00f3gicos, aplicamos los m\u00e9todos de tratamiento m\u00e1s efectivos y mejoramos las competencias de nuestro equipo especializado a trav\u00e9s de la formaci\u00f3n continua. Nuestra prioridad es ofrecer una experiencia de servicio segura, c\u00f3moda y transparente, con un enfoque en la calidad y la satisfacci\u00f3n del paciente. Nuestro objetivo es mejorar la calidad de vida de nuestros pacientes y ganar su confianza a trav\u00e9s de los servicios que ofrecemos.<\/p>\n<p data-start=\"804\" data-end=\"814\"><strong data-start=\"804\" data-end=\"814\">Visi\u00f3n<\/strong><\/p>\n<p data-start=\"816\" data-end=\"1742\" data-is-last-node=\"\" data-is-only-node=\"\">Nuestra visi\u00f3n en Smile Hair Clinic es convertirnos en la mejor cl\u00ednica de trasplante de cabello del mundo. En este sentido, ofrecemos a nuestros pacientes servicios de salud innovadores y de alta calidad. Siguiendo los principios de la filosof\u00eda True\u2122, ponemos la salud y la felicidad humana en el centro de todo lo que hacemos. Al seleccionar a nuestros empleados, preferimos profesionales especializados, experimentados y competentes, y apoyamos su desarrollo y motivaci\u00f3n continuos. Utilizando la tecnolog\u00eda m\u00e1s avanzada y m\u00e9todos innovadores, mantenemos nuestro liderazgo en la industria. Priorizando la seguridad de los pacientes y empleados, ofrecemos un proceso de tratamiento seguro y c\u00f3modo. Actuando con responsabilidad social, buscamos contribuir positivamente a la sociedad y al medio ambiente. Al crecer a nivel global, avanzamos hacia convertirnos en una instituci\u00f3n de salud reconocida y de referencia mundial.<\/p>\n","protected":false},"excerpt":{"rendered":"<p>Misi\u00f3n Nuestra misi\u00f3n en Smile Hair Clinic es ofrecer soluciones confiables, innovadoras y de alta calidad para el trasplante de cabello a nuestros pacientes. Dentro de los valores \u00e9ticos y profesionales, buscamos superar las expectativas de nuestros pacientes con enfoques personalizados. Siguiendo de cerca los avances tecnol\u00f3gicos, aplicamos los m\u00e9todos de tratamiento m\u00e1s efectivos y [&hellip;]<\/p>\n","protected":false},"author":1,"featured_media":0,"parent":0,"menu_order":0,"comment_status":"closed","ping_status":"closed","template":"","meta":{"footnotes":""},"class_list":["post-32461","page","type-page","status-publish","hentry"],"_links":{"self":[{"href":"https:\/\/www.smilehairclinic.com\/es\/wp-json\/wp\/v2\/pages\/32461","targetHints":{"allow":["GET"]}}],"collection":[{"href":"https:\/\/www.smilehairclinic.com\/es\/wp-json\/wp\/v2\/pages"}],"about":[{"href":"https:\/\/www.smilehairclinic.com\/es\/wp-json\/wp\/v2\/types\/page"}],"author":[{"embeddable":true,"href":"https:\/\/www.smilehairclinic.com\/es\/wp-json\/wp\/v2\/users\/1"}],"replies":[{"embeddable":true,"href":"https:\/\/www.smilehairclinic.com\/es\/wp-json\/wp\/v2\/comments?post=32461"}],"version-history":[{"count":2,"href":"https:\/\/www.smilehairclinic.com\/es\/wp-json\/wp\/v2\/pages\/32461\/revisions"}],"predecessor-version":[{"id":32487,"href":"https:\/\/www.smilehairclinic.com\/es\/wp-json\/wp\/v2\/pages\/32461\/revisions\/32487"}],"wp:attachment":[{"href":"https:\/\/www.smilehairclinic.com\/es\/wp-json\/wp\/v2\/media?parent=32461"}],"curies":[{"name":"wp","href":"https:\/\/api.w.org\/{rel}","templated":true}]}}