{"id":25569,"date":"2025-03-07T12:05:06","date_gmt":"2025-03-07T09:05:06","guid":{"rendered":"https:\/\/www.smilehairclinic.com\/genel\/"},"modified":"2025-11-11T13:56:49","modified_gmt":"2025-11-11T10:56:49","slug":"general","status":"publish","type":"page","link":"https:\/\/www.smilehairclinic.com\/es\/general\/","title":{"rendered":"General"},"content":{"rendered":"\n<h2 class=\"wp-block-heading\">General<\/h2>\n\n\n<div id=\"rank-math-faq\" class=\"rank-math-block\">\n<div class=\"rank-math-list \">\n<div id=\"faq-question-1762505004917\" class=\"rank-math-list-item\">\n<h3 class=\"rank-math-question \">\u00bfSe mantiene en secreto y es segura la cirug\u00eda de trasplante capilar?<\/h3>\n<div class=\"rank-math-answer \">\n\n<p>\u00a1S\u00ed! Seg\u00fan las leyes turcas, existen normas muy estrictas sobre la privacidad del paciente. Ninguna imagen del paciente se comparte en redes sociales o sitios web antes o despu\u00e9s de la cirug\u00eda sin su consentimiento.<\/p>\n\n<\/div>\n<\/div>\n<div id=\"faq-question-1762505013244\" class=\"rank-math-list-item\">\n<h3 class=\"rank-math-question \">\u00bfPor qu\u00e9 deber\u00eda preferirse Turqu\u00eda para el trasplante capilar?<\/h3>\n<div class=\"rank-math-answer \">\n\n<p>Turqu\u00eda se encuentra en el punto de encuentro entre Asia y Europa, y es un gran centro para el turismo de salud. Tanto la calidad del servicio como los precios accesibles hacen que Turqu\u00eda sea atractiva para los pacientes que desean hacerse un trasplante de cabello.<\/p>\n\n<\/div>\n<\/div>\n<div id=\"faq-question-1762505018910\" class=\"rank-math-list-item\">\n<h3 class=\"rank-math-question \">\u00bfPor qu\u00e9 es barato el trasplante capilar en Turqu\u00eda?<\/h3>\n<div class=\"rank-math-answer \">\n\n<p>En los \u00faltimos 10 a\u00f1os, Turqu\u00eda se ha convertido en uno de los pa\u00edses l\u00edderes en el \u00e1mbito del trasplante de cabello. El aumento de la competencia ha permitido que los precios disminuyan bajo condiciones de mercado libre. Esto no significa que se sacrifique la calidad; cl\u00ednicas experimentadas atienden a miles de pacientes de todo el mundo.<\/p>\n\n<\/div>\n<\/div>\n<div id=\"faq-question-1762505025568\" class=\"rank-math-list-item\">\n<h3 class=\"rank-math-question \">\u00bfPor qu\u00e9 las tasas de \u00e9xito son m\u00e1s altas en el trasplante capilar FUE?<\/h3>\n<div class=\"rank-math-answer \">\n\n<p>En el m\u00e9todo FUE, los injertos de calidad se seleccionan y clasifican para ser colocados en las \u00e1reas adecuadas. Esta planificaci\u00f3n aumenta las tasas de \u00e9xito y proporciona resultados m\u00e1s naturales.<\/p>\n\n<\/div>\n<\/div>\n<div id=\"faq-question-1762505038615\" class=\"rank-math-list-item\">\n<h3 class=\"rank-math-question \">\u00bfQui\u00e9n realiza trasplantes de cabello?<\/h3>\n<div class=\"rank-math-answer \">\n\n<p>El trasplante de cabello se realiza por profesionales de la salud con formaci\u00f3n m\u00e9dica. Entre ellos se encuentran m\u00e9dicos, enfermeras, t\u00e9cnicos en anestesia, param\u00e9dicos y personal de quir\u00f3fano.<\/p>\n\n<\/div>\n<\/div>\n<div id=\"faq-question-1762505043648\" class=\"rank-math-list-item\">\n<h3 class=\"rank-math-question \">\u00bfQui\u00e9nes son los pacientes de la Cl\u00ednica Capilar Smile?<\/h3>\n<div class=\"rank-math-answer \">\n\n<p>Pacientes de todo el mundo acuden a nuestra cl\u00ednica para hacerse un trasplante de cabello. Actualmente, el 90 % de nuestros pacientes provienen de Reino Unido e Irlanda. Tambi\u00e9n recibimos una gran demanda de Estados Unidos, Canad\u00e1 y pa\u00edses europeos.<\/p>\n\n<\/div>\n<\/div>\n<div id=\"faq-question-1762505054578\" class=\"rank-math-list-item\">\n<h3 class=\"rank-math-question \">\u00bfCu\u00e1l es la mejor t\u00e9cnica de trasplante capilar?<\/h3>\n<div class=\"rank-math-answer \">\n\n<p>La elecci\u00f3n de la t\u00e9cnica se determina seg\u00fan las necesidades del paciente. En nuestra cl\u00ednica se aplican los m\u00e9todos DHI y FUE con Sapphire. Los fol\u00edculos capilares se extraen mediante el m\u00e9todo FUE y luego se implantan utilizando la t\u00e9cnica DHI o con la cuchilla Sapphire. Cada t\u00e9cnica ofrece diferentes ventajas.<\/p>\n\n<\/div>\n<\/div>\n<div id=\"faq-question-1762505178974\" class=\"rank-math-list-item\">\n<h3 class=\"rank-math-question \">\u00bfQu\u00e9 pa\u00eds es el mejor para el trasplante capilar?<\/h3>\n<div class=\"rank-math-answer \">\n\n<p>Desde hace 10 a\u00f1os, Estambul es considerada la capital mundial del trasplante de cabello. Cada a\u00f1o, m\u00e1s de un mill\u00f3n de personas visitan Estambul para este procedimiento. Se ofrecen precios m\u00e1s accesibles y resultados exitosos en comparaci\u00f3n con Europa y Estados Unidos.<\/p>\n\n<\/div>\n<\/div>\n<div id=\"faq-question-1762505185502\" class=\"rank-math-list-item\">\n<h3 class=\"rank-math-question \">\u00bfQu\u00e9 m\u00e9todo se utiliza en el trasplante de barba?<\/h3>\n<div class=\"rank-math-answer \">\n\n<p>El m\u00e9todo m\u00e1s utilizado en el trasplante de barba es el FUE. La t\u00e9cnica FUT ha sido en gran medida reemplazada por FUE. Hoy en d\u00eda, m\u00e1s del 90 % de los trasplantes de barba se realizan con el m\u00e9todo FUE.<\/p>\n\n<\/div>\n<\/div>\n<div id=\"faq-question-1762505209496\" class=\"rank-math-list-item\">\n<h3 class=\"rank-math-question \">\u00bfQu\u00e9 es el m\u00e9todo FUE de zafiro?<\/h3>\n<div class=\"rank-math-answer \">\n\n<p>El Sapphire FUE es un m\u00e9todo FUE en el que se utilizan puntas de zafiro para abrir los canales durante el trasplante de cabello. Permite realizar cortes m\u00e1s precisos.<\/p>\n\n<\/div>\n<\/div>\n<div id=\"faq-question-1762505216223\" class=\"rank-math-list-item\">\n<h3 class=\"rank-math-question \">\u00bfCu\u00e1l es el coste de un trasplante capilar en el Reino Unido?<\/h3>\n<div class=\"rank-math-answer \">\n\n<p>Los precios var\u00edan considerablemente entre cl\u00ednicas. Seg\u00fan las experiencias de los pacientes, los precios pueden comenzar alrededor de 4.500 libras y llegar hasta 15.000-20.000 libras.<\/p>\n\n<\/div>\n<\/div>\n<div id=\"faq-question-1762505221510\" class=\"rank-math-list-item\">\n<h3 class=\"rank-math-question \">\u00bfQu\u00e9 significa espacio limitado para donantes?<\/h3>\n<div class=\"rank-math-answer \">\n\n<p>El \u00e1rea donante limitada se refiere a la insuficiente densidad de cabello en la zona de la que se pueden extraer los injertos. Esto puede deberse a operaciones previas, cicatrices grandes, disminuci\u00f3n de la densidad capilar en la zona donante o al hecho de que los cabellos sean finos.<\/p>\n\n<\/div>\n<\/div>\n<div id=\"faq-question-1762505228849\" class=\"rank-math-list-item\">\n<h3 class=\"rank-math-question \">\u00bfQu\u00e9 es la acreditaci\u00f3n ISHRS?<\/h3>\n<div class=\"rank-math-answer \">\n\n<p>La ISHRS es la Sociedad Internacional de Cirug\u00eda Capilar. Re\u00fane a cirujanos y profesionales del trasplante de cabello de todo el mundo. Que un m\u00e9dico o equipo sea miembro de la ISHRS significa que mantiene altos est\u00e1ndares \u00e9ticos y un enfoque profesional.<\/p>\n\n<\/div>\n<\/div>\n<div id=\"faq-question-1762505231878\" class=\"rank-math-list-item\">\n<h3 class=\"rank-math-question \">\u00bfCu\u00e1l es el futuro del trasplante capilar o del tratamiento de la ca\u00edda del cabello?<\/h3>\n<div class=\"rank-math-answer \">\n\n<p><strong>Se est\u00e1n llevando a cabo numerosas investigaciones sobre el tratamiento de la ca\u00edda del cabello. En la actualidad, la FDA ha aprobado solo tres m\u00e9todos de tratamiento para la p\u00e9rdida de cabello: Minoxidil, Finasterida y la terapia l\u00e1ser de baja intensidad (Triple LT). Los m\u00e9todos quir\u00fargicos son FUE y FUT.<\/strong><\/p>\n\n<\/div>\n<\/div>\n<div id=\"faq-question-1762505235871\" class=\"rank-math-list-item\">\n<h3 class=\"rank-math-question \">\u00bfCu\u00e1l es la densidad de canales durante el trasplante capilar?<\/h3>\n<div class=\"rank-math-answer \">\n\n<p>Una buena densidad consiste en abrir entre 40 y 60 canales por cm\u00b2. Entre 30 y 40 se considera densidad media, y entre 20 y 30 densidad baja. Sin embargo, abrir demasiados canales puede da\u00f1ar la estructura vascular y reducir la supervivencia de los injertos. Lo m\u00e1s importante es el \u00e1ngulo correcto, la profundidad adecuada y una densidad equilibrada.<\/p>\n\n<\/div>\n<\/div>\n<div id=\"faq-question-1762505240674\" class=\"rank-math-list-item\">\n<h3 class=\"rank-math-question \">\u00bfEs posible realizar un trasplante de cabello utilizando vello corporal?<\/h3>\n<div class=\"rank-math-answer \">\n\n<p><strong>S\u00ed. Adem\u00e1s de la parte posterior de la cabeza como zona donante, tambi\u00e9n se pueden utilizar la barba y la zona del pecho. Algunas cl\u00ednicas tambi\u00e9n pueden extraer injertos de las piernas o los brazos.<\/strong><\/p>\n\n<\/div>\n<\/div>\n<div id=\"faq-question-1762505245044\" class=\"rank-math-list-item\">\n<h3 class=\"rank-math-question \">\u00bfQu\u00e9 es la alopecia areata?<\/h3>\n<div class=\"rank-math-answer \">\n\n<p>La alopecia areata es una enfermedad autoinmune que se produce cuando el sistema inmunol\u00f3gico ataca los fol\u00edculos pilosos. Esta condici\u00f3n provoca retroceso, inflamaci\u00f3n y ca\u00edda del cabello en los fol\u00edculos.<\/p>\n\n<\/div>\n<\/div>\n<div id=\"faq-question-1762505252490\" class=\"rank-math-list-item\">\n<h3 class=\"rank-math-question \">\u00bfQu\u00e9 es el trasplante de barba?<\/h3>\n<div class=\"rank-math-answer \">\n\n<p>La implantaci\u00f3n de barba consiste en trasplantar los fol\u00edculos capilares tomados de la zona donante al \u00e1rea facial. En unos pocos meses, los pelos trasplantados se adaptan a la zona del rostro. Para un aspecto natural, deben utilizarse \u00fanicamente fol\u00edculos individuales.<\/p>\n\n<\/div>\n<\/div>\n<div id=\"faq-question-1762505255712\" class=\"rank-math-list-item\">\n<h3 class=\"rank-math-question \">\u00bfQu\u00e9 se puede hacer con el cabello existente?<\/h3>\n<div class=\"rank-math-answer \">\n\n<p>Durante la cirug\u00eda, se busca proteger el cabello existente. De este modo, si en el futuro se requiere una segunda operaci\u00f3n, esto ofrece una ventaja. Con lupas se identifican los cabellos existentes y se planifica el procedimiento sin da\u00f1arlos.<\/p>\n\n<\/div>\n<\/div>\n<div id=\"faq-question-1762505263154\" class=\"rank-math-list-item\">\n<h3 class=\"rank-math-question \">\u00bfCu\u00e1les son las causas de la ca\u00edda del cabello en los hombres?<\/h3>\n<div class=\"rank-math-answer \">\n\n<p>La causa m\u00e1s com\u00fan es la alopecia de patr\u00f3n masculino. Adem\u00e1s, la alopecia areata, la p\u00e9rdida de cabello por tejido cicatricial, las enfermedades cr\u00f3nicas y algunos medicamentos tambi\u00e9n pueden causar ca\u00edda del cabello.<\/p>\n\n<\/div>\n<\/div>\n<div id=\"faq-question-1762505265641\" class=\"rank-math-list-item\">\n<h3 class=\"rank-math-question \">\u00bfExisten otras opciones de tratamiento adem\u00e1s del trasplante capilar?<\/h3>\n<div class=\"rank-math-answer \">\n\n<p>Dependiendo del nivel de ca\u00edda, se pueden aplicar tratamientos m\u00e9dicos. En la p\u00e9rdida de cabello de tipo masculino se pueden usar minoxidil y finasterida. En enfermedades autoinmunes pueden ser necesarios diferentes protocolos de tratamiento. Despu\u00e9s de la quimioterapia, es necesario esperar para que el cabello se recupere.<\/p>\n\n<\/div>\n<\/div>\n<div id=\"faq-question-1762505270466\" class=\"rank-math-list-item\">\n<h3 class=\"rank-math-question \">\u00bfEl personal trabaja a tiempo completo?<\/h3>\n<div class=\"rank-math-answer \">\n\n<p>En Smile Hair Clinic, todo el equipo trabaja a tiempo completo. Como el m\u00e9dico y el equipo quir\u00fargico trabajan con el mismo sistema, se garantiza la coordinaci\u00f3n y la calidad est\u00e1ndar en las operaciones.<\/p>\n\n<\/div>\n<\/div>\n<div id=\"faq-question-1762505278298\" class=\"rank-math-list-item\">\n<h3 class=\"rank-math-question \">\u00bfExiste alg\u00fan tipo de trasplante capilar no quir\u00fargico?<\/h3>\n<div class=\"rank-math-answer \">\n\n<p>No. El trasplante de cabello solo se realiza mediante m\u00e9todos quir\u00fargicos.<\/p>\n\n<\/div>\n<\/div>\n<div id=\"faq-question-1762505283164\" class=\"rank-math-list-item\">\n<h3 class=\"rank-math-question \">\u00bfEs el trasplante capilar un procedimiento sencillo?<\/h3>\n<div class=\"rank-math-answer \">\n\n<p>El punto m\u00e1s importante para el \u00e9xito es la planificaci\u00f3n y preparaci\u00f3n adecuadas. Cuando el paciente es evaluado correctamente, la tasa de \u00e9xito del resultado aumenta.<\/p>\n\n<\/div>\n<\/div>\n<div id=\"faq-question-1762505287635\" class=\"rank-math-list-item\">\n<h3 class=\"rank-math-question \">\u00bfEs el trasplante capilar rob\u00f3tico la mejor opci\u00f3n?<\/h3>\n<div class=\"rank-math-answer \">\n\n<p>No existe un \u00fanico mejor m\u00e9todo para cada paciente. Los m\u00e9todos rob\u00f3tico, FUE o FUT se eligen seg\u00fan las necesidades del paciente. Un equipo experimentado puede alcanzar el mismo \u00e9xito incluso con el FUE cl\u00e1sico.<\/p>\n\n<\/div>\n<\/div>\n<div id=\"faq-question-1762505290148\" class=\"rank-math-list-item\">\n<h3 class=\"rank-math-question \">Me somet\u00ed a un trasplante de cabello anteriormente y no estoy satisfecho, \u00bfse puede volver a hacer?<\/h3>\n<div class=\"rank-math-answer \">\n\n<p>S\u00ed. Este procedimiento se llama trasplante de cabello de revisi\u00f3n. Se realiza en pacientes que se han operado en otras cl\u00ednicas y no est\u00e1n satisfechos con el resultado. Requiere una planificaci\u00f3n adecuada y un equipo experimentado.<\/p>\n\n<\/div>\n<\/div>\n<div id=\"faq-question-1762505297723\" class=\"rank-math-list-item\">\n<h3 class=\"rank-math-question \">\u00bfC\u00f3mo funciona el trasplante de cabello?<\/h3>\n<div class=\"rank-math-answer \">\n\n<p>Para explicarlo de manera simple, los fol\u00edculos capilares se toman de la zona donante y se trasplantan a las \u00e1reas sin cabello.<\/p>\n\n<\/div>\n<\/div>\n<div id=\"faq-question-1762505308781\" class=\"rank-math-list-item\">\n<h3 class=\"rank-math-question \">\u00bfC\u00f3mo puedo detener la ca\u00edda del cabello?<\/h3>\n<div class=\"rank-math-answer \">\n\n<p>Primero, debe realizarse una evaluaci\u00f3n por un dermat\u00f3logo o un especialista en trasplante de cabello. El trasplante se planifica una vez que la ca\u00edda del cabello se ha estabilizado.<\/p>\n\n<\/div>\n<\/div>\n<div id=\"faq-question-1762505312790\" class=\"rank-math-list-item\">\n<h3 class=\"rank-math-question \">\u00bfC\u00f3mo puedo elegir la mejor cl\u00ednica de trasplante capilar en Turqu\u00eda?<\/h3>\n<div class=\"rank-math-answer \">\n\n<p>Se pueden revisar los comentarios de los pacientes, las fotos de los resultados y las experiencias cl\u00ednicas. Lo m\u00e1s importante es que la cl\u00ednica est\u00e9 dirigida por m\u00e9dicos y no est\u00e9 compuesta \u00fanicamente por t\u00e9cnicos.<\/p>\n\n<\/div>\n<\/div>\n<div id=\"faq-question-1762505318346\" class=\"rank-math-list-item\">\n<h3 class=\"rank-math-question \">\u00bfImporta d\u00f3nde se realice el trasplante capilar?<\/h3>\n<div class=\"rank-math-answer \">\n\n<p>S\u00ed. Debe realizarse en establecimientos de salud autorizados que cuenten con cirujanos, enfermeras y personal de quir\u00f3fano. Las cl\u00ednicas no registradas pueden conducir a resultados fallidos.<\/p>\n\n<\/div>\n<\/div>\n<div id=\"faq-question-1762505324284\" class=\"rank-math-list-item\">\n<h3 class=\"rank-math-question \">\u00bfDeja cicatrices el trasplante de cabello?<\/h3>\n<div class=\"rank-math-answer \">\n\n<p>Pueden quedar peque\u00f1as cicatrices en la zona donante. Sin embargo, en una operaci\u00f3n bien realizada, las cicatrices no son muy visibles y no se perciben a simple vista.<\/p>\n\n<\/div>\n<\/div>\n<div id=\"faq-question-1762505328630\" class=\"rank-math-list-item\">\n<h3 class=\"rank-math-question \">Si me someto a un trasplante de cabello blanco, \u00bfel cabello trasplantado tambi\u00e9n ser\u00e1 blanco?<\/h3>\n<div class=\"rank-math-answer \">\n\n<p>S\u00ed. El cabello crece con el mismo color y estructura independientemente de su procedencia.<\/p>\n\n<\/div>\n<\/div>\n<div id=\"faq-question-1762505332585\" class=\"rank-math-list-item\">\n<h3 class=\"rank-math-question \">\u00bfEs necesario viajar al extranjero para un trasplante de cabello?<\/h3>\n<div class=\"rank-math-answer \">\n\n<p>No. El mejor m\u00e9todo es el procedimiento realizado con la t\u00e9cnica adecuada para usted por un cirujano de confianza.<\/p>\n\n<\/div>\n<\/div>\n<div id=\"faq-question-1762505336809\" class=\"rank-math-list-item\">\n<h3 class=\"rank-math-question \">\u00bfPodr\u00eda ser demasiado joven para un trasplante de cabello?<\/h3>\n<div class=\"rank-math-answer \">\n\n<p>Para ser apto para un trasplante de cabello, debe tener alrededor de 18 a\u00f1os y menos de 60. En algunas cl\u00ednicas tambi\u00e9n se realiza en mayores de 65 a\u00f1os. Sin embargo, la decisi\u00f3n es individual. Y un factor m\u00e1s importante que la edad es el grado o la extensi\u00f3n de la ca\u00edda del cabello del paciente.<\/p>\n\n<\/div>\n<\/div>\n<\/div>\n<\/div>","protected":false},"excerpt":{"rendered":"<p>General<\/p>\n","protected":false},"author":1,"featured_media":0,"parent":0,"menu_order":0,"comment_status":"closed","ping_status":"closed","template":"","meta":{"footnotes":""},"class_list":["post-25569","page","type-page","status-publish","hentry"],"_links":{"self":[{"href":"https:\/\/www.smilehairclinic.com\/es\/wp-json\/wp\/v2\/pages\/25569","targetHints":{"allow":["GET"]}}],"collection":[{"href":"https:\/\/www.smilehairclinic.com\/es\/wp-json\/wp\/v2\/pages"}],"about":[{"href":"https:\/\/www.smilehairclinic.com\/es\/wp-json\/wp\/v2\/types\/page"}],"author":[{"embeddable":true,"href":"https:\/\/www.smilehairclinic.com\/es\/wp-json\/wp\/v2\/users\/1"}],"replies":[{"embeddable":true,"href":"https:\/\/www.smilehairclinic.com\/es\/wp-json\/wp\/v2\/comments?post=25569"}],"version-history":[{"count":2,"href":"https:\/\/www.smilehairclinic.com\/es\/wp-json\/wp\/v2\/pages\/25569\/revisions"}],"predecessor-version":[{"id":25572,"href":"https:\/\/www.smilehairclinic.com\/es\/wp-json\/wp\/v2\/pages\/25569\/revisions\/25572"}],"wp:attachment":[{"href":"https:\/\/www.smilehairclinic.com\/es\/wp-json\/wp\/v2\/media?parent=25569"}],"curies":[{"name":"wp","href":"https:\/\/api.w.org\/{rel}","templated":true}]}}