{"id":6433,"date":"2024-10-13T23:41:49","date_gmt":"2024-10-13T20:41:49","guid":{"rendered":"https:\/\/www.smilehairclinic.com\/price\/"},"modified":"2025-11-13T11:12:10","modified_gmt":"2025-11-13T08:12:10","slug":"price","status":"publish","type":"page","link":"https:\/\/www.smilehairclinic.com\/en\/price\/","title":{"rendered":"Price"},"content":{"rendered":"    <section id=\"price-tables-area\">\r\n        <div class=\"price-tables-rows d-md-flex d-block\">\r\n                            <div class=\"table-col list-col d-lg-block d-none table-col-mb\">\r\n                    <div class=\"table-header\"><\/div>\r\n                    <div class=\"table-cells\">\r\n                                                    <div class=\"table-cell \">\r\n                                <span class=\"info-title\">Initial Briefing<\/span>\r\n                            <\/div>\r\n                                                    <div class=\"table-cell \">\r\n                                <span class=\"info-title\">Consultation<\/span>\r\n                            <\/div>\r\n                                                    <div class=\"table-cell \">\r\n                                <span class=\"info-title\">Planning<\/span>\r\n                            <\/div>\r\n                                                    <div class=\"table-cell \">\r\n                                <span class=\"info-title\">True Hairline Design<\/span>\r\n                            <\/div>\r\n                                                    <div class=\"table-cell \">\r\n                                <span class=\"info-title\">Micro Motor Fue Extraction<\/span>\r\n                            <\/div>\r\n                                                    <div class=\"table-cell \">\r\n                                <span class=\"info-title\">Sapphire Incision<\/span>\r\n                            <\/div>\r\n                                                    <div class=\"table-cell \">\r\n                                <span class=\"info-title\">Surgical Assistants<\/span>\r\n                            <\/div>\r\n                                                    <div class=\"table-cell \">\r\n                                <span class=\"info-title\">Platelet Rich Plasma (PRP)<\/span>\r\n                            <\/div>\r\n                                                    <div class=\"table-cell \">\r\n                                <span class=\"info-title\">Pre-op Blood Tests<\/span>\r\n                            <\/div>\r\n                                                    <div class=\"table-cell \">\r\n                                <span class=\"info-title\">After Care Package<\/span>\r\n                            <\/div>\r\n                                                    <div class=\"table-cell \">\r\n                                <span class=\"info-title\">Follow up and Support 12 Months<\/span>\r\n                            <\/div>\r\n                                                    <div class=\"table-cell \">\r\n                                <span class=\"info-title\">Exosome Therapy<\/span>\r\n                            <\/div>\r\n                                                    <div class=\"table-cell \">\r\n                                <span class=\"info-title\">Hair Care and Protection - 3 Months Kit<\/span>\r\n                            <\/div>\r\n                                                    <div class=\"table-cell \">\r\n                                <span class=\"info-title\">Transfer<\/span>\r\n                            <\/div>\r\n                                                    <div class=\"table-cell \">\r\n                                <span class=\"info-title\">Hotel<\/span>\r\n                            <\/div>\r\n                                                <div class=\"table-cell\"><\/div>\r\n                    <\/div>\r\n                    <div class=\"table-footer d-none\"><\/div>\r\n                <\/div>\r\n            \r\n                            <div class=\"table-col package-col gold-package table-col-mb\">\r\n                    <div class=\"table-header\">\r\n                        <div class=\"package-icon\">\r\n                            <img decoding=\"async\" src=\"https:\/\/www.smilehairclinic.com\/wp-content\/uploads\/2026\/03\/package_gold.webp\" alt=\"package_gold\" title=\"\">\r\n                        <\/div>\r\n                        <div class=\"package-title\">\r\n                            Gold                        <\/div>\r\n                        <div class=\"package-price\">\u20ac 2390<\/div>\r\n                    <\/div>\r\n                    <div class=\"table-cells\">\r\n                                                    <div class=\"table-cell \">\r\n                                <span class=\"info-title\">Consultation &amp; Planning<\/span>\r\n                                <span class=\"info-text\">\r\n                                    Smile Doctors                                <\/span>\r\n                            <\/div>\r\n                                                    <div class=\"table-cell \">\r\n                                <span class=\"info-title\">True\u2122 Hairline Design<\/span>\r\n                                <span class=\"info-text\">\r\n                                    Smile Doctors                                <\/span>\r\n                            <\/div>\r\n                                                    <div class=\"table-cell \">\r\n                                <span class=\"info-title\">Micro Motor FUE Extraction<\/span>\r\n                                <span class=\"info-text\">\r\n                                    Surgical Assistants                                <\/span>\r\n                            <\/div>\r\n                                                    <div class=\"table-cell \">\r\n                                <span class=\"info-title\">Sapphire Incision<\/span>\r\n                                <span class=\"info-text\">\r\n                                    Surgical Assistants                                <\/span>\r\n                            <\/div>\r\n                                                    <div class=\"table-cell \">\r\n                                <span class=\"info-title\">Manual Implantation<\/span>\r\n                                <span class=\"info-text\">\r\n                                    Surgical Technicians                                <\/span>\r\n                            <\/div>\r\n                                                    <div class=\"table-cell \">\r\n                                <span class=\"info-title\">Comprehensive Medical &amp; Aftercare Support<\/span>\r\n                                <span class=\"info-text\">\r\n                                    Includes pre-op blood tests, Platelet Rich Plasma (PRP) &amp; aftercare package                                <\/span>\r\n                            <\/div>\r\n                                                    <div class=\"table-cell icon-cell\">\r\n                                <span class=\"info-title\">1-Year Comprehensive Care Plan<\/span>\r\n                                <span class=\"info-text\">\r\n                                    <svg><use xlink:href=\"#check-mark\"><\/use><\/svg>                                <\/span>\r\n                            <\/div>\r\n                                                    <div class=\"table-cell icon-cell\">\r\n                                <span class=\"info-title\">Exosome Therapy<\/span>\r\n                                <span class=\"info-text\">\r\n                                    <svg><use xlink:href=\"#cross-mark\"><\/use><\/svg>                                <\/span>\r\n                            <\/div>\r\n                                                    <div class=\"table-cell icon-cell\">\r\n                                <span class=\"info-title\">Hair Care &amp; Protection - 3 Month Kit<\/span>\r\n                                <span class=\"info-text\">\r\n                                    <svg><use xlink:href=\"#cross-mark\"><\/use><\/svg>                                <\/span>\r\n                            <\/div>\r\n                                                    <div class=\"table-cell \">\r\n                                <span class=\"info-title\">Transfer<\/span>\r\n                                <span class=\"info-text\">\r\n                                    (Airport - Hotel - Clinic - Airport)                                <\/span>\r\n                            <\/div>\r\n                                                    <div class=\"table-cell \">\r\n                                <span class=\"info-title\">Hotel<\/span>\r\n                                <span class=\"info-text\">\r\n                                    2 Nights - 4 Star Hotel (Single Bed + Breakfast)                                <\/span>\r\n                            <\/div>\r\n                                                <div class=\"table-cell\">\r\n                            <div class=\"less-btn d-md-none d-block\">\r\n                                <svg><use xlink:href=\"#chevron-down\"><\/use><\/svg>\r\n                            <\/div>\r\n                                                            <a class=\"table-btn\" target=\"\" href=\"http:\/\/url:https:\/\/wa.me\/905491492400,%20text:Contact,%20target:\">\r\n                                    Contact                                <\/a>\r\n                                                    <\/div>\r\n                    <\/div>\r\n                    <div class=\"table-footer d-md-none d-flex\">\r\n                        <div class=\"table-btn more-btn\">More Information<\/div>\r\n                    <\/div>\r\n                <\/div>\r\n            \r\n                            <div class=\"table-col package-col platinum-package table-col-mb\">\r\n                    <div class=\"table-header\">\r\n                        <div class=\"package-icon\">\r\n                            <img decoding=\"async\" src=\"https:\/\/www.smilehairclinic.com\/wp-content\/uploads\/2024\/10\/platinium_Calisma-Yuzeyi-1.png\" alt=\"platinium_\u00c7al\u0131\u015fma Y\u00fczeyi 1\" title=\"\">\r\n                        <\/div>\r\n                        <div class=\"package-title\">\r\n                            Platinum                        <\/div>\r\n                        <div class=\"package-price\">\u20ac 3290<\/div>\r\n                    <\/div>\r\n                    <div class=\"table-cells\">\r\n                                                    <div class=\"table-cell \">\r\n                                <span class=\"info-title\">Consultation &amp; Planning<\/span>\r\n                                <span class=\"info-text\">\r\n                                    Smile Doctors                                <\/span>\r\n                            <\/div>\r\n                                                    <div class=\"table-cell \">\r\n                                <span class=\"info-title\">True\u2122 Hairline Design<\/span>\r\n                                <span class=\"info-text\">\r\n                                    Smile Doctors                                <\/span>\r\n                            <\/div>\r\n                                                    <div class=\"table-cell \">\r\n                                <span class=\"info-title\">Micro Motor FUE Extraction<\/span>\r\n                                <span class=\"info-text\">\r\n                                    Surgical Assistants                                <\/span>\r\n                            <\/div>\r\n                                                    <div class=\"table-cell \">\r\n                                <span class=\"info-title\">Sapphire Incision<\/span>\r\n                                <span class=\"info-text\">\r\n                                    Smile Doctors                                <\/span>\r\n                            <\/div>\r\n                                                    <div class=\"table-cell \">\r\n                                <span class=\"info-title\">Manual Implantation<\/span>\r\n                                <span class=\"info-text\">\r\n                                    Surgical Technicians                                <\/span>\r\n                            <\/div>\r\n                                                    <div class=\"table-cell \">\r\n                                <span class=\"info-title\">Comprehensive Medical &amp; Aftercare Support<\/span>\r\n                                <span class=\"info-text\">\r\n                                    Includes pre-op blood tests, Platelet-Rich Plasma (PRP) &amp; aftercare package                                <\/span>\r\n                            <\/div>\r\n                                                    <div class=\"table-cell icon-cell\">\r\n                                <span class=\"info-title\">1-Year Comprehensive Care Plan<\/span>\r\n                                <span class=\"info-text\">\r\n                                    <svg><use xlink:href=\"#check-mark\"><\/use><\/svg>                                <\/span>\r\n                            <\/div>\r\n                                                    <div class=\"table-cell icon-cell\">\r\n                                <span class=\"info-title\">Exosome Therapy<\/span>\r\n                                <span class=\"info-text\">\r\n                                    <svg><use xlink:href=\"#cross-mark\"><\/use><\/svg>                                <\/span>\r\n                            <\/div>\r\n                                                    <div class=\"table-cell icon-cell\">\r\n                                <span class=\"info-title\">Hair Care and Protection \u2013 3-Month Kit<\/span>\r\n                                <span class=\"info-text\">\r\n                                    <svg><use xlink:href=\"#cross-mark\"><\/use><\/svg>                                <\/span>\r\n                            <\/div>\r\n                                                    <div class=\"table-cell \">\r\n                                <span class=\"info-title\">Transfer<\/span>\r\n                                <span class=\"info-text\">\r\n                                    (Airport - Hotel - Clinic - Airport)                                <\/span>\r\n                            <\/div>\r\n                                                    <div class=\"table-cell \">\r\n                                <span class=\"info-title\">Hotel<\/span>\r\n                                <span class=\"info-text\">\r\n                                    2 Nights \u2013 5-Star Hotel Accommodation (Single Bed + Breakfast)                                <\/span>\r\n                            <\/div>\r\n                                                <div class=\"table-cell\">\r\n                            <div class=\"less-btn d-md-none d-block\">\r\n                                <svg><use xlink:href=\"#chevron-down\"><\/use><\/svg>\r\n                            <\/div>\r\n                                                            <a class=\"table-btn\" target=\"\" href=\"https:\/\/wa.me\/905491492400\" rel=\"noopener\">\r\n                                    Contact                                <\/a>\r\n                                                    <\/div>\r\n                    <\/div>\r\n                    <div class=\"table-footer d-md-none d-flex\">\r\n                        <div class=\"table-btn more-btn\">More Information<\/div>\r\n                    <\/div>\r\n                <\/div>\r\n            \r\n                            <div class=\"table-col package-col diamond-package table-col-mb\">\r\n                    <div class=\"table-header\">\r\n                        <div class=\"package-icon\">\r\n                            <img decoding=\"async\" src=\"https:\/\/www.smilehairclinic.com\/wp-content\/uploads\/2024\/10\/diamond_Calisma-Yuzeyi-1.png\" alt=\"diamond_\u00c7al\u0131\u015fma Y\u00fczeyi 1\" title=\"\">\r\n                        <\/div>\r\n                        <div class=\"package-title\">\r\n                            Diamond                        <\/div>\r\n                        <div class=\"package-price\">\u20ac 5790<\/div>\r\n                    <\/div>\r\n                    <div class=\"table-cells\">\r\n                                                    <div class=\"table-cell \">\r\n                                <span class=\"info-title\">Consultation &amp; Planning<\/span>\r\n                                <span class=\"info-text\">\r\n                                    Dr. G\u00f6kay Bilgin\/Dr. Mehmet Erdogan\/Dr. Firdavs Ahmedov                                <\/span>\r\n                            <\/div>\r\n                                                    <div class=\"table-cell \">\r\n                                <span class=\"info-title\">True\u2122 Hairline Design<\/span>\r\n                                <span class=\"info-text\">\r\n                                    Dr. G\u00f6kay Bilgin\/Dr. Mehmet Erdogan\/Dr. Firdavs Ahmedov                                <\/span>\r\n                            <\/div>\r\n                                                    <div class=\"table-cell \">\r\n                                <span class=\"info-title\">Micro Motor FUE Extraction<\/span>\r\n                                <span class=\"info-text\">\r\n                                    Surgical Assistants                                <\/span>\r\n                            <\/div>\r\n                                                    <div class=\"table-cell \">\r\n                                <span class=\"info-title\">Sapphire Incision<\/span>\r\n                                <span class=\"info-text\">\r\n                                    Dr. G\u00f6kay Bilgin\/Dr. Mehmet Erdogan\/Dr. Firdavs Ahmedov                                <\/span>\r\n                            <\/div>\r\n                                                    <div class=\"table-cell \">\r\n                                <span class=\"info-title\">Manual Implantation<\/span>\r\n                                <span class=\"info-text\">\r\n                                    Surgical Technicians                                <\/span>\r\n                            <\/div>\r\n                                                    <div class=\"table-cell \">\r\n                                <span class=\"info-title\">Comprehensive Medical &amp; Aftercare Support<\/span>\r\n                                <span class=\"info-text\">\r\n                                     Includes pre-op blood tests, Platelet-Rich Plasma (PRP) &amp; aftercare package                                <\/span>\r\n                            <\/div>\r\n                                                    <div class=\"table-cell icon-cell\">\r\n                                <span class=\"info-title\">1-Year Comprehensive Care Plan <\/span>\r\n                                <span class=\"info-text\">\r\n                                    <svg><use xlink:href=\"#check-mark\"><\/use><\/svg>                                <\/span>\r\n                            <\/div>\r\n                                                    <div class=\"table-cell icon-cell\">\r\n                                <span class=\"info-title\">Exosome Therapy<\/span>\r\n                                <span class=\"info-text\">\r\n                                    <svg><use xlink:href=\"#check-mark\"><\/use><\/svg>                                <\/span>\r\n                            <\/div>\r\n                                                    <div class=\"table-cell icon-cell\">\r\n                                <span class=\"info-title\">Hair Care and Protection - 3 Months Kit<\/span>\r\n                                <span class=\"info-text\">\r\n                                    <svg><use xlink:href=\"#check-mark\"><\/use><\/svg>                                <\/span>\r\n                            <\/div>\r\n                                                    <div class=\"table-cell \">\r\n                                <span class=\"info-title\">Transfer<\/span>\r\n                                <span class=\"info-text\">\r\n                                    (Airport - Hotel - Clinic - Airport)                                <\/span>\r\n                            <\/div>\r\n                                                    <div class=\"table-cell \">\r\n                                <span class=\"info-title\">Hotel<\/span>\r\n                                <span class=\"info-text\">\r\n                                    3 Nights \u2013 5-Star Hotel Accommodation (Single Bed &amp; Breakfast)                                <\/span>\r\n                            <\/div>\r\n                                                <div class=\"table-cell\">\r\n                            <div class=\"less-btn d-md-none d-block\">\r\n                                <svg><use xlink:href=\"#chevron-down\"><\/use><\/svg>\r\n                            <\/div>\r\n                                                            <a class=\"table-btn\" target=\"\" href=\"https:\/\/wa.me\/905491492400\" rel=\"noopener\">\r\n                                    Contact                                <\/a>\r\n                                                    <\/div>\r\n                    <\/div>\r\n                    <div class=\"table-footer d-md-none d-flex\">\r\n                        <div class=\"table-btn more-btn\">More Information<\/div>\r\n                    <\/div>\r\n                <\/div>\r\n                    <\/div>\r\n    <\/section>\r\n    <script>\r\n    (function() {\r\n        function syncPriceTableRows() {\r\n            var area = document.getElementById('price-tables-area');\r\n            if (!area) return;\r\n            var cols = area.querySelectorAll('.table-col');\r\n            if (cols.length < 2) return;\r\n \r\n            area.querySelectorAll('.table-cell').forEach(function(cell) {\r\n                cell.style.minHeight = '';\r\n            });\r\n \r\n            var maxCells = 0;\r\n            cols.forEach(function(col) {\r\n                var count = col.querySelectorAll('.table-cell').length;\r\n                if (count > maxCells) maxCells = count;\r\n            });\r\n \r\n            for (var i = 0; i < maxCells; i++) {\r\n                var maxH = 0;\r\n                cols.forEach(function(col) {\r\n                    var cell = col.querySelectorAll('.table-cell')[i];\r\n                    if (cell) {\r\n                        var h = cell.getBoundingClientRect().height;\r\n                        if (h > maxH) maxH = h;\r\n                    }\r\n                });\r\n                cols.forEach(function(col) {\r\n                    var cell = col.querySelectorAll('.table-cell')[i];\r\n                    if (cell) cell.style.minHeight = maxH + 'px';\r\n                });\r\n            }\r\n        }\r\n\r\n        if (document.readyState === 'loading') {\r\n            document.addEventListener('DOMContentLoaded', syncPriceTableRows);\r\n        } else {\r\n            syncPriceTableRows();\r\n        }\r\n        window.addEventListener('resize', syncPriceTableRows);\r\n    })();\r\n    <\/script>\r\n    \n","protected":false},"excerpt":{"rendered":"","protected":false},"author":1,"featured_media":0,"parent":0,"menu_order":0,"comment_status":"closed","ping_status":"closed","template":"","meta":{"footnotes":""},"class_list":["post-6433","page","type-page","status-publish","hentry"],"_links":{"self":[{"href":"https:\/\/www.smilehairclinic.com\/en\/wp-json\/wp\/v2\/pages\/6433","targetHints":{"allow":["GET"]}}],"collection":[{"href":"https:\/\/www.smilehairclinic.com\/en\/wp-json\/wp\/v2\/pages"}],"about":[{"href":"https:\/\/www.smilehairclinic.com\/en\/wp-json\/wp\/v2\/types\/page"}],"author":[{"embeddable":true,"href":"https:\/\/www.smilehairclinic.com\/en\/wp-json\/wp\/v2\/users\/1"}],"replies":[{"embeddable":true,"href":"https:\/\/www.smilehairclinic.com\/en\/wp-json\/wp\/v2\/comments?post=6433"}],"version-history":[{"count":1,"href":"https:\/\/www.smilehairclinic.com\/en\/wp-json\/wp\/v2\/pages\/6433\/revisions"}],"predecessor-version":[{"id":27805,"href":"https:\/\/www.smilehairclinic.com\/en\/wp-json\/wp\/v2\/pages\/6433\/revisions\/27805"}],"wp:attachment":[{"href":"https:\/\/www.smilehairclinic.com\/en\/wp-json\/wp\/v2\/media?parent=6433"}],"curies":[{"name":"wp","href":"https:\/\/api.w.org\/{rel}","templated":true}]}}