{"id":7503,"date":"2022-06-30T15:07:19","date_gmt":"2022-06-30T12:07:19","guid":{"rendered":"https:\/\/www.smilehairclinic.com\/medizinisches-komitee\/"},"modified":"2025-05-08T10:45:48","modified_gmt":"2025-05-08T07:45:48","slug":"medizinisches-komitee","status":"publish","type":"page","link":"https:\/\/www.smilehairclinic.com\/de\/medizinisches-komitee\/","title":{"rendered":"MEDIZINISCHES KOMITEE"},"content":{"rendered":"<p>Unser Gesundheitsrat, bestehend aus unseren \u00c4rzten und dem Social-Media-Team, verfolgt st\u00e4ndig wichtige Entwicklungen und teilt neue Erfahrungen mit Ihnen, um Sie verl\u00e4sslich und faktenbasiert zu informieren, die Erfahrungen unserer Patienten zu teilen und Sie \u00fcber deren klinische Bewertungen auf dem Laufenden zu halten. Als Mitglieder der Smile Hair Clinic legen wir gr\u00f6\u00dften Wert auf das Gl\u00fcck unserer Patienten, legen Wert auf Genauigkeit, lieben und respektieren die Arbeit, die wir leisten. Alle unsere Inhalte stellen keine medizinische Beratung dar, sondern werden direkt von unserem Gesundheitsamt erstellt und \u00e4rztlich gepr\u00fcft.<\/p>\n<p>MEDIZINISCHE REDAKTION<br \/>\nDr. Gokay Bilgin<br \/>\nDr. Mehmet Erdogan<br \/>\nDr. Firdavs Ahmedov<\/p>\n","protected":false},"excerpt":{"rendered":"<p>Unser Gesundheitsrat, bestehend aus unseren \u00c4rzten und dem Social-Media-Team, verfolgt st\u00e4ndig wichtige Entwicklungen und teilt neue Erfahrungen mit Ihnen, um Sie verl\u00e4sslich und faktenbasiert zu informieren, die Erfahrungen unserer Patienten zu teilen und Sie \u00fcber deren klinische Bewertungen auf dem Laufenden zu halten. Als Mitglieder der Smile Hair Clinic legen wir gr\u00f6\u00dften Wert auf das [&hellip;]<\/p>\n","protected":false},"author":1,"featured_media":0,"parent":0,"menu_order":0,"comment_status":"closed","ping_status":"closed","template":"","meta":{"footnotes":""},"class_list":["post-7503","page","type-page","status-publish","hentry"],"_links":{"self":[{"href":"https:\/\/www.smilehairclinic.com\/de\/wp-json\/wp\/v2\/pages\/7503","targetHints":{"allow":["GET"]}}],"collection":[{"href":"https:\/\/www.smilehairclinic.com\/de\/wp-json\/wp\/v2\/pages"}],"about":[{"href":"https:\/\/www.smilehairclinic.com\/de\/wp-json\/wp\/v2\/types\/page"}],"author":[{"embeddable":true,"href":"https:\/\/www.smilehairclinic.com\/de\/wp-json\/wp\/v2\/users\/1"}],"replies":[{"embeddable":true,"href":"https:\/\/www.smilehairclinic.com\/de\/wp-json\/wp\/v2\/comments?post=7503"}],"version-history":[{"count":1,"href":"https:\/\/www.smilehairclinic.com\/de\/wp-json\/wp\/v2\/pages\/7503\/revisions"}],"predecessor-version":[{"id":12998,"href":"https:\/\/www.smilehairclinic.com\/de\/wp-json\/wp\/v2\/pages\/7503\/revisions\/12998"}],"wp:attachment":[{"href":"https:\/\/www.smilehairclinic.com\/de\/wp-json\/wp\/v2\/media?parent=7503"}],"curies":[{"name":"wp","href":"https:\/\/api.w.org\/{rel}","templated":true}]}}