{"id":7502,"date":"2021-07-29T11:27:03","date_gmt":"2021-07-29T08:27:03","guid":{"rendered":"https:\/\/www.smilehairclinic.com\/unsere-klinik\/"},"modified":"2025-01-27T10:13:18","modified_gmt":"2025-01-27T07:13:18","slug":"unsere-klinik","status":"publish","type":"page","link":"https:\/\/www.smilehairclinic.com\/de\/unsere-klinik\/","title":{"rendered":"Unsere Klinik"},"content":{"rendered":"<p>Die Smile Hair Clinic wurde 2018 von Dr. G\u00f6kay Bilgin und Dr. Es wurde von Mehmet Erdo\u011fan gegr\u00fcndet. Die Klinik befindet sich in Ata\u015fehir, einem der beliebtesten Bezirke Istanbuls, und bietet Dienstleistungen in einem 10-st\u00f6ckigen und 1600 m2 gro\u00dfen Smart-Geb\u00e4ude an. Die Klinik bietet Dienstleistungen in allen medizinisch-\u00e4sthetischen Anwendungen an. Die wichtigste Aufgabe der Klinik besteht darin, dass sich ihre Patienten in ihrem famili\u00e4ren Umfeld sicher und zu Hause f\u00fchlen. Unsere Klinik, in der t\u00fcrkische Gastfreundschaft und Qualit\u00e4tsstandards unverzichtbar sind, ist stolz darauf, ihren G\u00e4sten seit dem Tag ihrer Gr\u00fcndung einen qualitativ hochwertigen Service zu bieten.<\/p>\n<p>&nbsp;<\/p>\n<p class=\"nitro-offscreen\">Bei FUE-Haartransplantationsverfahren werden alle Prozesse von \u00c4rzten befolgt und jedes an der Operation beteiligte Teammitglied hat eine medizinische Schulung erhalten. Bisher wurden Haartransplantationen bei mehr als 15.000 Patienten aus verschiedenen L\u00e4ndern durchgef\u00fchrt und es wurden erfolgreiche Ergebnisse erzielt.<\/p>\n<p class=\"nitro-offscreen\">Das freundliche und gastfreundliche Team von Smile Hair arbeitet mit dem Ziel, dass sich die Patienten wie zu Hause f\u00fchlen. Die St\u00fchle, auf denen der Eingriff durchgef\u00fchrt wird, sind speziell angefertigt und mit Visco-Matratzen ausgestattet, damit sich unsere Patienten w\u00e4hrend des gesamten Haartransplantationsprozesses wohl f\u00fchlen.<\/p>\n<p class=\"nitro-offscreen\">In der Smile Hair Clinic; Patienten aus aller Welt werden Behandlungen mit der neuesten Technologie der <a href=\"https:\/\/www.smilehairclinic.com\/de\/\">Haartransplantation<\/a> angeboten. \u201eSAPHIR-HAARTRANSPLANTATION\u201c ist in unserer Klinik Standard. G\u00e4ste aus aller Welt k\u00f6nnen kostenlos von den \u00dcbersetzungsdiensten von Smile Hair profitieren;Sie k\u00f6nnen auch auf Dienstleistungen wie Hotelreservierungen, Treffen am Flughafen, Absetzen am Flughafen und Visa-Beratung zugreifen.<\/p>\n<p>&nbsp;<\/p>\n","protected":false},"excerpt":{"rendered":"<p>Die Smile Hair Clinic wurde 2018 von Dr. G\u00f6kay Bilgin und Dr. Es wurde von Mehmet Erdo\u011fan gegr\u00fcndet. Die Klinik befindet sich in Ata\u015fehir, einem der beliebtesten Bezirke Istanbuls, und bietet Dienstleistungen in einem 10-st\u00f6ckigen und 1600 m2 gro\u00dfen Smart-Geb\u00e4ude an. Die Klinik bietet Dienstleistungen in allen medizinisch-\u00e4sthetischen Anwendungen an. Die wichtigste Aufgabe der Klinik [&hellip;]<\/p>\n","protected":false},"author":1,"featured_media":20260,"parent":0,"menu_order":0,"comment_status":"closed","ping_status":"closed","template":"","meta":{"footnotes":""},"class_list":["post-7502","page","type-page","status-publish","has-post-thumbnail","hentry"],"_links":{"self":[{"href":"https:\/\/www.smilehairclinic.com\/de\/wp-json\/wp\/v2\/pages\/7502","targetHints":{"allow":["GET"]}}],"collection":[{"href":"https:\/\/www.smilehairclinic.com\/de\/wp-json\/wp\/v2\/pages"}],"about":[{"href":"https:\/\/www.smilehairclinic.com\/de\/wp-json\/wp\/v2\/types\/page"}],"author":[{"embeddable":true,"href":"https:\/\/www.smilehairclinic.com\/de\/wp-json\/wp\/v2\/users\/1"}],"replies":[{"embeddable":true,"href":"https:\/\/www.smilehairclinic.com\/de\/wp-json\/wp\/v2\/comments?post=7502"}],"version-history":[{"count":2,"href":"https:\/\/www.smilehairclinic.com\/de\/wp-json\/wp\/v2\/pages\/7502\/revisions"}],"predecessor-version":[{"id":9436,"href":"https:\/\/www.smilehairclinic.com\/de\/wp-json\/wp\/v2\/pages\/7502\/revisions\/9436"}],"wp:featuredmedia":[{"embeddable":true,"href":"https:\/\/www.smilehairclinic.com\/de\/wp-json\/wp\/v2\/media\/20260"}],"wp:attachment":[{"href":"https:\/\/www.smilehairclinic.com\/de\/wp-json\/wp\/v2\/media?parent=7502"}],"curies":[{"name":"wp","href":"https:\/\/api.w.org\/{rel}","templated":true}]}}