{"id":32455,"date":"2026-04-15T15:30:22","date_gmt":"2026-04-15T12:30:22","guid":{"rendered":"https:\/\/www.smilehairclinic.com\/misyon-ve-vizyon\/"},"modified":"2026-04-15T15:41:03","modified_gmt":"2026-04-15T12:41:03","slug":"mission-und-vision","status":"publish","type":"page","link":"https:\/\/www.smilehairclinic.com\/de\/mission-und-vision\/","title":{"rendered":"Mission und Vision"},"content":{"rendered":"<p data-start=\"33\" data-end=\"44\"><strong data-start=\"33\" data-end=\"44\">Mission<\/strong><\/p>\n<p data-start=\"46\" data-end=\"856\">Unsere Mission bei Smile Hair Clinic ist es, unseren Patienten zuverl\u00e4ssige, innovative und qualitativ hochwertige L\u00f6sungen f\u00fcr Haartransplantationen anzubieten. Im Rahmen ethischer und professioneller Werte streben wir danach, die Erwartungen unserer Patienten mit ma\u00dfgeschneiderten Ans\u00e4tzen zu \u00fcbertreffen. Durch die enge Verfolgung technologischer Entwicklungen setzen wir die effektivsten Behandlungsmethoden um und steigern die Kompetenzen unseres Expertenteams durch kontinuierliche Schulungen. Unsere Priorit\u00e4t ist es, ein sicheres, komfortables und transparentes Serviceerlebnis zu bieten, wobei Qualit\u00e4t und Patientenzufriedenheit im Vordergrund stehen. Unser Ziel ist es, die Lebensqualit\u00e4t unserer Patienten zu verbessern und ihr Vertrauen durch die von uns angebotenen Dienstleistungen zu gewinnen.<\/p>\n<p data-start=\"858\" data-end=\"868\"><strong data-start=\"858\" data-end=\"868\">Vision<\/strong><\/p>\n<p data-start=\"870\" data-end=\"1940\" data-is-last-node=\"\" data-is-only-node=\"\">Unsere Vision bei Smile Hair Clinic ist es, die beste Haartransplantationsklinik der Welt zu werden. In diesem Sinne bieten wir unseren Patienten innovative und qualitativ hochwertige Gesundheitsdienstleistungen an. Indem wir den Prinzipien der True\u2122-Philosophie treu bleiben, stellen wir die Gesundheit und das Gl\u00fcck des Menschen in den Mittelpunkt. Bei der Auswahl unserer Mitarbeiter bevorzugen wir spezialisierte, erfahrene und kompetente Fachleute und unterst\u00fctzen ihre kontinuierliche Entwicklung und Motivation. Durch den Einsatz modernster Technologie und innovativer Methoden erhalten wir unsere F\u00fchrungsposition in der Branche. Dabei stellen wir die Sicherheit der Patienten und Mitarbeiter in den Vordergrund und bieten einen sicheren und komfortablen Behandlungsprozess. Durch verantwortungsbewusstes Handeln im Bereich der sozialen Verantwortung streben wir danach, einen positiven Beitrag zur Gesellschaft und Umwelt zu leisten. Indem wir weltweit wachsen, gehen wir auf dem Weg, eine anerkannte und referenzierte Gesundheitseinrichtung weltweit zu werden.<\/p>\n","protected":false},"excerpt":{"rendered":"<p>Mission Unsere Mission bei Smile Hair Clinic ist es, unseren Patienten zuverl\u00e4ssige, innovative und qualitativ hochwertige L\u00f6sungen f\u00fcr Haartransplantationen anzubieten. Im Rahmen ethischer und professioneller Werte streben wir danach, die Erwartungen unserer Patienten mit ma\u00dfgeschneiderten Ans\u00e4tzen zu \u00fcbertreffen. Durch die enge Verfolgung technologischer Entwicklungen setzen wir die effektivsten Behandlungsmethoden um und steigern die Kompetenzen unseres [&hellip;]<\/p>\n","protected":false},"author":1,"featured_media":0,"parent":0,"menu_order":0,"comment_status":"closed","ping_status":"closed","template":"","meta":{"footnotes":""},"class_list":["post-32455","page","type-page","status-publish","hentry"],"_links":{"self":[{"href":"https:\/\/www.smilehairclinic.com\/de\/wp-json\/wp\/v2\/pages\/32455","targetHints":{"allow":["GET"]}}],"collection":[{"href":"https:\/\/www.smilehairclinic.com\/de\/wp-json\/wp\/v2\/pages"}],"about":[{"href":"https:\/\/www.smilehairclinic.com\/de\/wp-json\/wp\/v2\/types\/page"}],"author":[{"embeddable":true,"href":"https:\/\/www.smilehairclinic.com\/de\/wp-json\/wp\/v2\/users\/1"}],"replies":[{"embeddable":true,"href":"https:\/\/www.smilehairclinic.com\/de\/wp-json\/wp\/v2\/comments?post=32455"}],"version-history":[{"count":3,"href":"https:\/\/www.smilehairclinic.com\/de\/wp-json\/wp\/v2\/pages\/32455\/revisions"}],"predecessor-version":[{"id":32474,"href":"https:\/\/www.smilehairclinic.com\/de\/wp-json\/wp\/v2\/pages\/32455\/revisions\/32474"}],"wp:attachment":[{"href":"https:\/\/www.smilehairclinic.com\/de\/wp-json\/wp\/v2\/media?parent=32455"}],"curies":[{"name":"wp","href":"https:\/\/api.w.org\/{rel}","templated":true}]}}