{"id":15524,"date":"2025-05-30T12:55:41","date_gmt":"2025-05-30T09:55:41","guid":{"rendered":"https:\/\/www.smilehairclinic.com\/?page_id=15524"},"modified":"2025-12-05T10:10:49","modified_gmt":"2025-12-05T07:10:49","slug":"anmeldeformular","status":"publish","type":"page","link":"https:\/\/www.smilehairclinic.com\/de\/anmeldeformular\/","title":{"rendered":"Anmeldeformular"},"content":{"rendered":"<p>&nbsp;<\/p>\n<p><strong>\u00a0<\/strong><\/p>\n<h2>I.\u00a0\u00a0\u00a0\u00a0\u00a0\u00a0\u00a0\u00a0\u00a0\u00a0\u00a0\u00a0\u00a0\u00a0\u00a0\u00a0\u00a0\u00a0 Allgemeine Information<\/h2>\n<p><strong>\u00a0<\/strong><\/p>\n<p>Eigent\u00fcmer personenbezogener Daten, definiert als betroffene Person im Datenschutzgesetz Nr. 6698 (KVKK) und der Europ\u00e4ischen Datenschutz-Grundverordnung (DSGVO), haben das Recht, bestimmte Anfragen bez\u00fcglich der Verarbeitung personenbezogener Daten zu stellen, d.h in Artikel 11. KVKK und Artikel 12 der DSGVO.<\/p>\n<p>&nbsp;<\/p>\n<p>Dieses Antragsformular ist zugeordnet<\/p>\n<p>&nbsp;<\/p>\n<p>Dieses Antragsformular ist Smile Hair Sa\u011fl\u0131k Hizmetleri ve Turizm Dan. Tic. Ltd. \u015eti. (\u201e <strong>Smile Hair Clinic <\/strong>\u201c), falls vorhanden, indem Sie Ihre Beziehung zur <strong>Smile Hair Clinic bestimmen . <\/strong>Es angeordnet wurde, um Ihre von uns verarbeiteten personenbezogenen Daten zu ermitteln , alle Arten von administrativen und technischen Ma\u00dfnahmen zu ergreifen, um Ihre Bewerbung effektiv, in \u00dcbereinstimmung mit dem Gesetz und der Ehrlichkeit abzuschlie\u00dfen ; auf den Antrag korrekt und innerhalb der gesetzlichen Frist zu antworten ; um die rechtlichen Risiken zu beseitigen, die sich aus einer illegalen und unlauteren Weitergabe von Daten ergeben k\u00f6nnen ; insbesondere um die Sicherheit Ihrer pers\u00f6nlichen Daten zu gew\u00e4hrleisten, bleibt die Anforderung zus\u00e4tzlicher Dokumente und Informationen (Kopie nur der obligatorischen Teile des Personalausweises oder F\u00fchrerscheins etc.) zur Identifizierung und Autorisierung vorbehalten. Smile Hair Clinic \u00fcbernimmt keine Verantwortung f\u00fcr falsche Informationen oder Anfragen, die sich aus unangemessenen Bewerbungen ergeben, wenn die Informationen zu Ihren Anfragen, die Sie im Rahmen des Bewerbungsformulars \u00fcbermitteln, nicht korrekt und aktuell sind oder wenn eine Bewerbung gestellt wird, die dies tut entsprechen nicht der KVKK und der DSGVO. KVKK, Communiqu\u00e9 on Application Procedures and Principles to Data Controller (\u201e <strong>Communiqu\u00e9 <\/strong>\u201c) und European General Data Protection Regulation <strong>(\u201eDSGVO\u201c <\/strong>) <strong>Smile Hair Clinic <\/strong>\u00fcbernimmt keine rechtliche Verantwortung, wenn die f\u00fcr Ihre Bewerbung erforderlichen Informationen und Dokumente in \u00dcbereinstimmung mit ihren einschl\u00e4gigen Bestimmungen sind nicht vollst\u00e4ndig und ordnungsgem\u00e4\u00df an uns \u00fcbermittelt.<\/p>\n<p>&nbsp;<\/p>\n<p>In \u00dcbereinstimmung mit dem 1. Absatz des 13. Artikels der KVKK, des <strong>Kommuniqu\u00e9s <\/strong>und der DSGVO; an die <strong>Smile Hair Clinic <\/strong>, die der Datenverantwortliche ist, m\u00fcssen die Antr\u00e4ge bez\u00fcglich dieser Rechte in \u00dcbereinstimmung mit dem <strong>Kommuniqu\u00e9 auf T\u00fcrkisch gestellt werden, gem\u00e4\u00df <\/strong>GDPR m\u00fcssen sie auf Englisch eingereicht werden.<\/p>\n<p>&nbsp;<\/p>\n<p>&nbsp;<\/p>\n<p>&nbsp;<\/p>\n<p>&nbsp;<\/p>\n<p>&nbsp;<\/p>\n<p><strong>Smile Hair Clinic innerhalb des vom <\/strong>Datenschutzausschuss (\u201e <strong>KVK-Vorstand <\/strong>\u201c) und den zust\u00e4ndigen Datenschutzbeh\u00f6rden festgelegten Rahmens in \u00dcbereinstimmung mit dem KVKK und der DSGVO;<\/p>\n<p>&nbsp;<\/p>\n<p>\u00b0\u00a0\u00a0\u00a0\u00a0\u00a0\u00a0\u00a0\u00a0\u00a0\u00a0 Schriftlich<\/p>\n<p>\u00b0\u00a0\u00a0\u00a0\u00a0\u00a0\u00a0\u00a0\u00a0\u00a0\u00a0 Registrierte E-Mail-Adresse (KEP).<\/p>\n<p>\u00b0\u00a0\u00a0\u00a0\u00a0\u00a0\u00a0\u00a0\u00a0\u00a0\u00a0 Sichere elektronische Signatur<\/p>\n<p>\u00b0\u00a0\u00a0\u00a0\u00a0\u00a0\u00a0\u00a0\u00a0\u00a0\u00a0 Mobile Signatur<\/p>\n<p>\u00b0\u00a0\u00a0\u00a0\u00a0\u00a0\u00a0\u00a0\u00a0\u00a0\u00a0 Durch die Verwendung der E-Mail-Adresse, die der Antragsteller zuvor dem Datenverantwortlichen mitgeteilt und im System des Datenverantwortlichen registriert hat<\/p>\n<p>&nbsp;<\/p>\n<p>d\u00fcrfen an uns weitergeleitet werden.<\/p>\n<p>&nbsp;<\/p>\n<p>Nachfolgend finden Sie Informationen dar\u00fcber, wie die Bewerbungen an die <strong>Smile Hair Clinic \u00fcbermittelt <\/strong>werden, spezifisch f\u00fcr die Bewerbungskan\u00e4le.<\/p>\n<p>&nbsp;<\/p>\n<p>&nbsp;<\/p>\n<table>\n<tbody>\n<tr>\n<td width=\"152\"><strong>Anwendungsverfah <\/strong><strong>ren<\/strong><\/td>\n<td width=\"229\"><strong>Adresse zum Bewerben<\/strong><\/td>\n<td width=\"237\"><strong>Informationen, die in der<\/strong><\/p>\n<p><strong>Antragseinreichung anzugeben sind<\/strong><\/td>\n<\/tr>\n<tr>\n<td width=\"152\">Pers\u00f6nliche Bewerbung (Antragsteller kommt pers\u00f6nlich und bewirbt sich mit einem<\/p>\n<p>Ausweisdokument)<\/td>\n<td width=\"229\">&nbsp;<\/p>\n<p>Tatl\u0131su Mahallesi Arif Ay Sokak Nr.: 3B Innent\u00fcr Nr.: 2 Umraniye\/Istanbul<\/td>\n<td width=\"237\">&nbsp;<\/p>\n<p>Bitte schreiben Sie \u201eInformation Request Under the Personal Data Protection Law\u201c auf den Umschlag.<\/td>\n<\/tr>\n<tr>\n<td width=\"152\">&nbsp;<\/p>\n<p>Durch einen Notar<\/td>\n<td width=\"229\">Tatl\u0131su Mahallesi Arif Ay Sokak Nr.: 3B Innent\u00fcr Nr.: 2 Umraniye\/Istanbul<\/td>\n<td width=\"237\">Bitte schreiben Sie<\/p>\n<p>\u201eInformationsanfrage nach dem Gesetz zum Schutz personenbezogener Daten\u201c in den Benachrichtigungsumschlag.<\/td>\n<\/tr>\n<\/tbody>\n<\/table>\n<p>&nbsp;<\/p>\n<table>\n<tbody>\n<tr>\n<td width=\"152\">Per Einschreiben<\/td>\n<td width=\"229\"><\/td>\n<td width=\"237\">Bitte schreiben Sie \u201ePersonal<\/td>\n<\/tr>\n<tr>\n<td width=\"152\">(KEP) durch<\/td>\n<td width=\"229\"><a href=\"mailto:smilehair@hs01.kep.tr\">smilehair@hs01.kep.tr<\/a><\/td>\n<td width=\"237\">Data Protection Law Information<\/td>\n<\/tr>\n<tr>\n<td width=\"152\">Signieren mit einer<\/td>\n<td width=\"229\"><\/td>\n<td width=\"237\">Request\u201c in die Betreffzeile der<\/td>\n<\/tr>\n<tr>\n<td width=\"152\">\u201esicheren<\/td>\n<td width=\"229\"><\/td>\n<td width=\"237\">E-Mail.<\/td>\n<\/tr>\n<tr>\n<td width=\"152\">elektronischen<\/td>\n<td width=\"229\"><\/td>\n<td width=\"237\"><\/td>\n<\/tr>\n<tr>\n<td width=\"152\">Signatur\u201c<\/td>\n<td width=\"229\"><\/td>\n<td width=\"237\"><\/td>\n<\/tr>\n<\/tbody>\n<\/table>\n<p>&nbsp;<\/p>\n<p><strong>Smile Hair Clinic <\/strong>wird je nach Art der Anfrage so schnell wie m\u00f6glich und sp\u00e4testens innerhalb von 30 (drei\u00dfig) Tagen ab dem Datum des Eingangs Ihrer Anfrage gem\u00e4\u00df KVKK und DSGVO beantwortet. Unsere Antworten werden Ihnen physisch oder elektronisch zugestellt.<\/p>\n<p>&nbsp;<\/p>\n<p>&nbsp;<\/p>\n<h2>II.\u00a0\u00a0\u00a0\u00a0\u00a0\u00a0\u00a0\u00a0\u00a0\u00a0\u00a0\u00a0\u00a0\u00a0\u00a0 Inhalt des Bewerbungsrechts<\/h2>\n<p><strong>\u00a0<\/strong><\/p>\n<p>Mit Ausnahme der in Artikel 28 der KVKK und der DSGVO aufgef\u00fchrten Ausschl\u00fcsse hat jeder das Recht, sich bei der Smile Hair Clinic unter Verwendung der durch die KVKK und andere Gesetze festgelegten Wege sowie der oben beschriebenen Methoden zu bewerben und Anfragen zu stellen, die in Artikel beschrieben sind v.<\/p>\n<p>&nbsp;<\/p>\n<h2>III.\u00a0\u00a0\u00a0\u00a0\u00a0\u00a0\u00a0\u00a0\u00a0\u00a0\u00a0\u00a0 Kommunikationsinformationen f\u00fcr Anwendungseigent\u00fcmer<\/h2>\n<p><strong>\u00a0<\/strong><\/p>\n<table>\n<tbody>\n<tr>\n<td width=\"181\">Name ( * )<\/td>\n<td width=\"404\"><\/td>\n<\/tr>\n<tr>\n<td width=\"181\">Nachname ( * )<\/td>\n<td width=\"404\"><\/td>\n<\/tr>\n<tr>\n<td width=\"181\">TR-ID\/<\/p>\n<p>Reisepassnummer ( * )<\/td>\n<td width=\"404\"><\/td>\n<\/tr>\n<tr>\n<td width=\"181\">Telefonnummer<\/td>\n<td width=\"404\"><\/td>\n<\/tr>\n<tr>\n<td width=\"181\">Email<\/td>\n<td width=\"404\"><\/td>\n<\/tr>\n<tr>\n<td width=\"181\">Wohnort oder<\/p>\n<p>Arbeitsadresse gem\u00e4\u00df Meldung ( * )<\/td>\n<td width=\"404\"><\/td>\n<\/tr>\n<\/tbody>\n<\/table>\n<p><strong><em>( * : <\/em><\/strong><em>Pflichtfelder. <strong>)<\/strong><\/em><\/p>\n<p><strong><em>\u00a0<\/em><\/strong><\/p>\n<p><strong><em>\u00a0<\/em><\/strong><\/p>\n<p><strong><em>\u00a0<\/em><\/strong><\/p>\n<p><strong><em>\u00a0<\/em><\/strong><\/p>\n<p><strong><em>\u00a0<\/em><\/strong><\/p>\n<ol>\n<li><strong>Ihre Beziehung zur Smile Hair Clinic<\/strong><\/li>\n<\/ol>\n<p><strong>\u00a0<\/strong><\/p>\n<table>\n<tbody>\n<tr>\n<td width=\"283\">\u2610\u00a0\u00a0\u00a0\u00a0\u00a0\u00a0 Kunde<\/p>\n<p>\u2610\u00a0\u00a0\u00a0\u00a0\u00a0\u00a0 Besucher<\/p>\n<p>\u2610\u00a0\u00a0\u00a0\u00a0\u00a0\u00a0 Arbeiter<\/p>\n<p>\u2610\u00a0\u00a0\u00a0\u00a0\u00a0\u00a0 Mitarbeiter Kandidat<\/td>\n<td width=\"295\">\u2610\u00a0\u00a0\u00a0\u00a0\u00a0\u00a0 Produkt-\u00a0\u00a0\u00a0\u00a0\u00a0\u00a0\u00a0\u00a0\u00a0\u00a0\u00a0\u00a0\u00a0\u00a0\u00a0\u00a0\u00a0\u00a0\u00a0\u00a0\u00a0\u00a0\u00a0\u00a0\u00a0\u00a0\u00a0\u00a0\u00a0\u00a0\u00a0\u00a0\u00a0\u00a0\u00a0\u00a0 oder<\/p>\n<p>Dienstleistungsempf\u00e4nger<\/p>\n<p>\u2610\u00a0\u00a0\u00a0\u00a0\u00a0\u00a0 Andere:<\/p>\n<p>\u2026\u2026\u2026\u2026\u2026\u2026\u2026\u2026\u2026\u2026\u2026\u2026\u2026\u2026\u2026\u2026\u2026<\/p>\n<p>\u2026\u2026\u2026\u2026\u2026\u2026..<\/td>\n<\/tr>\n<tr>\n<td colspan=\"2\" width=\"577\">Sie sind in Kontakt mit der Smile Hair Clinic<\/p>\n<p><strong>\u00a0<\/strong><\/p>\n<p>Einheit:<\/p>\n<p>\u2026\u2026\u2026\u2026\u2026\u2026\u2026.\u2026\u2026\u2026\u2026\u2026\u2026\u2026\u2026\u2026\u2026\u2026\u2026\u2026\u2026\u2026\u2026\u2026\u2026\u2026\u2026\u2026. Fach:<\/p>\n<p>\u2026\u2026\u2026\u2026\u2026\u2026\u2026\u2026\u2026\u2026\u2026\u2026\u2026\u2026..\u2026\u2026\u2026\u2026\u2026\u2026\u2026\u2026\u2026\u2026\u2026\u2026\u2026\u2026.\u2026\u2026\u2026\u2026\u2026&#8230;<\/p>\n<p>\u2026\u2026\u2026\u2026\u2026\u2026\u2026\u2026\u2026 \u2026\u2026\u2026\u2026\u2026\u2026\u2026\u2026\u2026\u2026\u2026\u2026\u2026\u2026\u2026\u2026\u2026\u2026\u2026\u2026\u2026\u2026\u2026..<\/td>\n<\/tr>\n<\/tbody>\n<\/table>\n<p><strong>\u00a0<\/strong><\/p>\n<ol>\n<li><strong>Themen der Anfrage, die vom Inhaber personenbezogener Daten an die Smile Hair Clinic gerichtet werden k\u00f6nnen ( * )<\/strong><\/li>\n<\/ol>\n<p><strong>\u00a0<\/strong><\/p>\n<table>\n<tbody>\n<tr>\n<td width=\"73\"><strong>Nein.<\/strong><\/td>\n<td width=\"388\"><strong>Beantragbare Themen und Rechtsgrundlagen<\/strong><\/td>\n<td width=\"163\"><strong>deine Entscheidung<\/strong><\/td>\n<\/tr>\n<tr>\n<td width=\"73\"><strong>1<\/strong><\/td>\n<td width=\"388\">Ich w\u00fcrde gerne wissen, ob die Smile Hair Clinic eine Datenbank mit meinen pers\u00f6nlichen Daten f\u00fchrt.<\/td>\n<td width=\"163\">\u2610 \u200b<\/td>\n<\/tr>\n<tr>\n<td width=\"73\"><strong>2<\/strong><\/td>\n<td width=\"388\">Ich\u00a0\u00a0\u00a0\u00a0\u00a0\u00a0\u00a0\u00a0\u00a0\u00a0\u00a0 verlange\u00a0\u00a0\u00a0\u00a0\u00a0\u00a0\u00a0\u00a0\u00a0\u00a0\u00a0 Auskunft\u00a0\u00a0\u00a0\u00a0\u00a0\u00a0\u00a0\u00a0\u00a0\u00a0\u00a0 \u00fcber\u00a0\u00a0\u00a0\u00a0\u00a0\u00a0\u00a0\u00a0\u00a0\u00a0\u00a0 die<\/p>\n<p>Datenverarbeitungst\u00e4tigkeit,\u00a0\u00a0\u00a0\u00a0\u00a0\u00a0\u00a0\u00a0\u00a0\u00a0\u00a0\u00a0\u00a0\u00a0 wenn\u00a0\u00a0\u00a0\u00a0\u00a0\u00a0\u00a0\u00a0\u00a0\u00a0\u00a0\u00a0\u00a0\u00a0 meine personenbezogenen Daten verarbeitet werden.<\/td>\n<td width=\"163\"><strong>\u00a0<\/strong><\/p>\n<p>\u2610 \u200b<\/td>\n<\/tr>\n<tr>\n<td width=\"73\"><strong>3<\/strong><\/td>\n<td width=\"388\"><strong>\u00a0<\/strong><\/p>\n<p>Ich m\u00f6chte wissen, zu welchem Zweck meine personenbezogenen Daten verarbeitet werden und ob sie gem\u00e4\u00df dem Verarbeitungszweck verwendet werden.<\/td>\n<td width=\"163\"><strong>\u00a0<\/strong><\/p>\n<p>\u2610 \u200b<\/td>\n<\/tr>\n<tr>\n<td width=\"73\"><strong>4<\/strong><\/td>\n<td width=\"388\">Ich bitte um Auskunft, ob meine personenbezogenen Daten an Dritte im In-\/Ausland \u00fcbermittelt werden, und<\/p>\n<p>wenn ja, bitte ich um Auskunft \u00fcber Dritte.<\/td>\n<td width=\"163\"><strong>\u00a0<\/strong><\/p>\n<p>\u2610 \u200b<\/td>\n<\/tr>\n<tr>\n<td width=\"73\"><strong>5<\/strong><\/td>\n<td width=\"388\">Ich beantrage die Berichtigung meiner unvollst\u00e4ndigen oder falsch verarbeiteten personenbezogenen Daten gegen\u00fcber dem Dritten, an den meine personenbezogenen Daten \u00fcbermittelt werden.<\/p>\n<p>(Korrekte und erg\u00e4nzende Informationen\/Dokumente m\u00fcssen auf Anfrage vorgelegt werden, um Ihre pers\u00f6nlichen\u00a0 Daten\u00a0 zu\u00a0 korrigieren,\u00a0 die\u00a0 Sie\u00a0 f\u00fcr<\/p>\n<p>unvollst\u00e4ndig oder falsch halten.)<\/td>\n<td width=\"163\"><strong>\u00a0<\/strong><\/p>\n<p><strong>\u00a0<\/strong><\/p>\n<p>\u2610 \u200b<\/td>\n<\/tr>\n<tr>\n<td width=\"73\"><strong>6<\/strong><\/td>\n<td width=\"388\">Ich denke, dass die Gr\u00fcnde, die die Verarbeitung meiner<\/td>\n<td width=\"163\"><\/td>\n<\/tr>\n<\/tbody>\n<\/table>\n<p>&nbsp;<\/p>\n<table>\n<tbody>\n<tr>\n<td width=\"73\"><\/td>\n<td width=\"388\">personenbezogenen Daten erfordern, und in diesem Zusammenhang meine personenbezogenen Daten verschwunden sind;<\/p>\n<p>a)\u00a0 Ich bitte um L\u00f6schung.<\/p>\n<p>b)\u00a0 Ich verlange, dass es vernichtet wird.<\/td>\n<td width=\"163\">ein)\u2610<\/p>\n<p><strong>\u00a0<\/strong><\/p>\n<p>B)\u2610<\/td>\n<\/tr>\n<tr>\n<td width=\"73\"><strong>7<\/strong><\/td>\n<td width=\"388\">Ich m\u00f6chte, dass meine personenbezogenen Daten, die meines Erachtens unvollst\u00e4ndig oder falsch verarbeitet sind (im Rahmen meiner Anfrage in Feld 5), von den<\/p>\n<p>Dritten, an die sie \u00fcbermittelt wurden, berichtigt werden.<\/td>\n<td width=\"163\"><strong>\u00a0<\/strong><\/p>\n<p>\u2610<\/td>\n<\/tr>\n<tr>\n<td width=\"73\"><strong>8<\/strong><\/td>\n<td width=\"388\">Ich m\u00f6chte die Dritten, die meine personenbezogenen Daten erhalten haben, \u00fcber die Schritte informieren, die in Reaktion auf meinen Antrag auf L\u00f6schung oder Vernichtung (im Rahmen meines Antrags in Feld 6)<\/p>\n<p>unternommen wurden.<\/td>\n<td width=\"163\"><strong>\u00a0<\/strong><\/p>\n<p><strong>\u00a0<\/strong><\/p>\n<p>\u2610<\/td>\n<\/tr>\n<tr>\n<td width=\"73\"><strong>9<\/strong><\/td>\n<td width=\"388\">Ich glaube, dass ein Ergebnis gegen mich entstanden ist, indem meine verarbeiteten personenbezogenen Daten ausschlie\u00dflich durch automatisierte Systeme analysiert<\/p>\n<p>wurden. Ich widerspreche dieser Schlussfolgerung.<\/td>\n<td width=\"163\"><strong>\u00a0<\/strong><\/p>\n<p><strong>\u00a0<\/strong><\/p>\n<p>\u2610<\/td>\n<\/tr>\n<tr>\n<td width=\"73\"><strong>10<\/strong><\/td>\n<td width=\"388\">Ich wurde durch die unrechtm\u00e4\u00dfige Verarbeitung meiner<\/p>\n<p>personenbezogenen Daten gesch\u00e4digt. Dieser Schaden muss behoben werden, und ich verlange es.<\/td>\n<td width=\"163\"><strong>\u00a0<\/strong><\/p>\n<p>\u2610<\/td>\n<\/tr>\n<tr>\n<td width=\"73\"><strong>11<\/strong><\/td>\n<td width=\"388\">Ich beantrage, dass meine Daten an einen anderen von mir\u00a0\u00a0\u00a0 angeforderten\u00a0\u00a0\u00a0 Datenverantwortlichen\u00a0\u00a0\u00a0 \u00fcbertragen<\/p>\n<p>werden.<\/td>\n<td width=\"163\"><strong>\u00a0<\/strong><\/p>\n<p>\u2610<\/td>\n<\/tr>\n<\/tbody>\n<\/table>\n<p><strong>\u00a0<\/strong><\/p>\n<ol>\n<li><strong>Den Gegenstand Ihrer Anfrage k\u00f6nnen Sie im Rahmen der KVKK-DSGVO detailliert spezifizieren.<\/strong><\/li>\n<\/ol>\n<p>\u2026\u2026\u2026\u2026\u2026\u2026\u2026..\u2026\u2026\u2026\u2026\u2026.\u2026\u2026\u2026\u2026\u2026\u2026\u2026\u2026\u2026\u2026.\u2026\u2026\u2026\u2026\u2026\u2026\u2026\u2026\u2026\u2026\u2026\u2026.\u2026\u2026<\/p>\n<p>\u2026\u2026\u2026\u2026\u2026\u2026\u2026\u00a0\u00a0\u00a0\u00a0\u00a0\u00a0\u00a0\u00a0\u00a0\u00a0\u00a0\u00a0\u00a0\u00a0\u00a0\u00a0\u00a0\u00a0\u00a0\u00a0\u00a0\u00a0\u00a0\u00a0\u00a0\u00a0\u00a0\u00a0\u00a0\u00a0\u00a0\u00a0\u00a0\u00a0\u00a0\u00a0\u00a0\u00a0\u00a0\u00a0\u00a0\u00a0\u00a0\u00a0\u00a0\u00a0\u00a0\u00a0\u00a0\u00a0\u00a0\u00a0\u00a0\u00a0\u00a0\u00a0\u00a0\u00a0\u00a0\u00a0\u00a0\u00a0\u00a0\u00a0\u00a0\u00a0\u00a0\u00a0\u00a0\u00a0\u00a0\u00a0\u00a0\u00a0\u00a0\u00a0\u00a0\u00a0\u00a0\u00a0\u00a0\u00a0\u00a0\u00a0\u00a0\u00a0\u00a0\u00a0\u00a0\u00a0\u00a0\u00a0\u00a0\u00a0\u00a0\u00a0\u00a0\u00a0\u00a0\u00a0\u00a0\u00a0\u00a0\u00a0\u00a0\u00a0\u00a0\u00a0\u00a0\u00a0\u00a0\u00a0\u00a0 \u2026\u2026<\/p>\n<p>\u2026\u2026\u2026\u2026\u2026\u2026\u2026\u2026\u2026\u2026\u2026\u2026\u2026\u2026\u2026\u2026\u2026\u2026\u2026\u2026\u2026\u2026\u2026\u2026\u2026\u2026\u2026\u2026\u2026\u2026\u2026\u2026\u2026\u2026\u2026.<\/p>\n<p>\u2026\u2026\u2026\u2026\u2026\u2026\u2026\u2026\u2026\u2026\u2026\u2026\u2026\u2026\u2026\u2026\u2026\u2026\u2026\u2026\u2026\u2026\u2026\u2026\u2026\u2026\u2026\u2026\u2026\u2026\u2026\u2026\u2026\u2026\u2026\u2026\u2026<\/p>\n<p>\u2026.<\/p>\n<p>\u2026\u2026\u2026\u2026\u2026\u2026\u2026\u2026\u2026\u2026\u2026\u2026\u2026\u2026\u2026\u2026\u2026\u2026\u2026\u2026\u2026\u2026\u2026\u2026\u2026\u2026\u2026\u2026\u2026\u2026\u2026\u2026\u2026\u2026\u2026\u2026\u2026<\/p>\n<p>\u2026.<\/p>\n<p>\u2026\u2026\u2026\u2026\u2026\u2026\u2026\u2026\u2026\u2026\u2026\u2026\u2026\u2026\u2026\u2026\u2026\u2026\u2026\u2026\u2026\u2026\u2026\u2026\u2026\u2026\u2026\u2026\u2026\u2026\u2026\u2026\u2026\u2026\u2026\u2026\u2026<\/p>\n<p>\u2026.<\/p>\n<p>\u2026\u2026\u2026\u2026\u2026\u2026\u2026\u2026\u2026\u2026\u2026\u2026\u2026\u2026\u2026\u2026\u2026\u2026\u2026\u2026\u2026\u2026\u2026\u2026\u2026\u2026\u2026\u2026\u2026\u2026\u2026\u2026\u2026\u2026\u2026\u2026\u2026<\/p>\n<p>\u2026.<\/p>\n<p>\u2026\u2026\u2026\u2026\u2026\u2026\u2026\u2026\u2026\u2026\u2026\u2026\u2026\u2026\u2026\u2026\u2026\u2026\u2026\u2026\u2026\u2026\u2026\u2026\u2026\u2026\u2026\u2026\u2026\u2026\u2026\u2026\u2026\u2026\u2026\u2026\u2026<\/p>\n<p>\u2026.<\/p>\n<p>&nbsp;<\/p>\n<p>\u2026\u2026\u2026\u2026\u2026\u2026\u2026\u2026\u2026\u2026\u2026\u2026\u2026\u2026\u2026\u2026\u2026\u2026\u2026\u2026\u2026\u2026\u2026\u2026\u2026\u2026\u2026\u2026\u2026\u2026\u2026\u2026\u2026\u2026\u2026\u2026\u2026<\/p>\n<p>\u2026.<\/p>\n<p>\u2026\u2026\u2026\u2026\u2026\u2026\u2026\u2026\u2026\u2026\u2026\u2026\u2026\u2026\u2026\u2026\u2026\u2026\u2026\u2026\u2026\u2026\u2026\u2026\u2026\u2026\u2026\u2026\u2026\u2026\u2026\u2026\u2026\u2026\u2026\u2026\u2026<\/p>\n<p>\u2026.<\/p>\n<p>\u2026\u2026\u2026\u2026\u2026\u2026\u2026\u2026\u2026\u2026\u2026\u2026\u2026\u2026\u2026\u2026\u2026\u2026\u2026\u2026\u2026\u2026\u2026\u2026\u2026\u2026\u2026\u2026\u2026\u2026\u2026\u2026\u2026\u2026\u2026\u2026\u2026<\/p>\n<p>\u2026.<\/p>\n<p>\u2026\u2026\u2026\u2026\u2026\u2026\u2026\u2026\u2026\u2026\u2026\u2026\u2026\u2026\u2026\u2026\u2026\u2026\u2026\u2026\u2026\u2026\u2026\u2026\u2026\u2026\u2026\u2026\u2026\u2026\u2026\u2026\u2026\u2026\u2026\u2026\u2026<\/p>\n<p>\u2026.<\/p>\n<p>\u2026\u2026\u2026\u2026\u2026\u2026\u2026\u2026\u2026\u2026\u2026\u2026\u2026\u2026\u2026\u2026\u2026\u2026\u2026\u2026\u2026\u2026\u2026\u2026\u2026\u2026\u2026\u2026\u2026\u2026\u2026\u2026\u2026\u2026..\u2026\u2026\u2026<\/p>\n<p>\u2026\u2026\u2026\u2026\u2026 ..\u2026\u2026\u2026\u2026 \u2026.\u2026\u2026\u2026\u2026\u2026\u2026\u2026\u2026\u2026<\/p>\n<p>&nbsp;<\/p>\n<h2>VII.\u00a0\u00a0\u00a0\u00a0\u00a0\u00a0\u00a0\u00a0\u00a0 Verfahren und Zeit zur Beantwortung von Bewerbungen<\/h2>\n<p><strong>\u00a0<\/strong><\/p>\n<p>In \u00dcbereinstimmung mit der KVKK und der DSGVO wird die <strong>Smile Hair Clinic <\/strong>die ordnungsgem\u00e4\u00df gestellten Bewerbungsanfragen des Bewerbers kostenlos innerhalb von sp\u00e4testens 30 (drei\u00dfig) Tagen abschlie\u00dfen, je nach Art der Anfrage. Wenn das Verfahren jedoch zus\u00e4tzliche Kosten verursacht und die vom KVK-Vorstand und der zust\u00e4ndigen Datenschutzbeh\u00f6rde festgelegten Bedingungen erf\u00fcllt sind, kann der Datenverantwortliche die Geb\u00fchr im Tarif verlangen. Die Smile Hair Clinic kann den Antrag annehmen oder aus den folgenden Gr\u00fcnden ablehnen, indem sie den Grund erl\u00e4utert und die betreffende Person schriftlich oder elektronisch benachrichtigt.<\/p>\n<p>&nbsp;<\/p>\n<p>&nbsp;<\/p>\n<p>&nbsp;<\/p>\n<p>&nbsp;<\/p>\n<p>&nbsp;<\/p>\n<p>&nbsp;<\/p>\n<p>&nbsp;<\/p>\n<p>&nbsp;<\/p>\n<h2>VIII.\u00a0\u00a0\u00a0\u00a0\u00a0\u00a0 Beschwerderecht des Antragstellers beim KVK-Vorstand und der zust\u00e4ndigen Datenschutzbeh\u00f6rde<\/h2>\n<p><strong>\u00a0<\/strong><\/p>\n<p>In F\u00e4llen, in denen der Antrag abgelehnt wird, die Antwort unzureichend ist oder der Antrag nicht rechtzeitig beantwortet wird, kann der Eigent\u00fcmer personenbezogener Daten innerhalb von 30 Tagen nach Kenntnisnahme des Datenverantwortlichen eine Beschwerde beim KVK-Vorstand oder der zust\u00e4ndigen Datenschutzbeh\u00f6rde einreichen Antwort, und in jedem Fall innerhalb von 60 Tagen nach Antragstellung. Eine Reklamation ist erst nach Ersch\u00f6pfung des Rechtsbehelfs m\u00f6glich.<\/p>\n<p>&nbsp;<\/p>\n<h2>IX.\u00a0\u00a0\u00a0\u00a0\u00a0\u00a0\u00a0\u00a0\u00a0\u00a0\u00a0\u00a0 Erkl\u00e4rung des Antragstellers<\/h2>\n<p><strong>\u00a0<\/strong><\/p>\n<p>Ich akzeptiere, erkl\u00e4re und stimme zu, dass die Informationen und Unterlagen, die ich Ihnen w\u00e4hrend meiner Bewerbung gegeben habe, korrekt und aktuell sind und mir geh\u00f6ren, in \u00dcbereinstimmung mit den oben genannten Anforderungen.<\/p>\n<p>&nbsp;<\/p>\n<h3>des Antragstellers;<\/h3>\n<p><strong>\u00a0<\/strong><\/p>\n<p>Name , Nachname( * )<\/p>\n<p>:<\/p>\n<p>&nbsp;<\/p>\n<p>TR Identit\u00e4ts-\/Reisepassnummer( * )\u00a0\u00a0\u00a0\u00a0\u00a0\u00a0\u00a0\u00a0\u00a0\u00a0\u00a0\u00a0 :<\/p>\n<p>&nbsp;<\/p>\n<p>Hauptort der Benachrichtigung<\/p>\n<p>oder Gesch\u00e4ftsadresse( * )\u00a0\u00a0\u00a0\u00a0\u00a0\u00a0\u00a0\u00a0\u00a0\u00a0\u00a0\u00a0\u00a0\u00a0\u00a0\u00a0\u00a0 :<\/p>\n<p>&nbsp;<\/p>\n<p>Bewerbungsdatum\u00a0\u00a0\u00a0\u00a0\u00a0\u00a0\u00a0\u00a0\u00a0\u00a0\u00a0\u00a0\u00a0\u00a0\u00a0\u00a0\u00a0 :<\/p>\n<p>&nbsp;<\/p>\n<p>Signatur( * )\u00a0\u00a0\u00a0\u00a0\u00a0\u00a0\u00a0\u00a0\u00a0\u00a0\u00a0\u00a0\u00a0\u00a0\u00a0\u00a0\u00a0\u00a0\u00a0\u00a0\u00a0\u00a0\u00a0\u00a0\u00a0\u00a0\u00a0 :<\/p>\n<p>&nbsp;<\/p>\n<p>&nbsp;<\/p>\n<p>&nbsp;<\/p>\n<p>&nbsp;<\/p>\n<p>&nbsp;<\/p>\n<p><em>( <strong>HINWEIS: <\/strong>Felder mit ( * ) Zeichen im Text sind obligatorische Elemente zum Anwenden und Ausf\u00fcllen des Textes im Rahmen der KVKK-DSGVO und der einschl\u00e4gigen Rechtsvorschriften.)<\/em><\/p>\n","protected":false},"excerpt":{"rendered":"<p>&nbsp; \u00a0 I.\u00a0\u00a0\u00a0\u00a0\u00a0\u00a0\u00a0\u00a0\u00a0\u00a0\u00a0\u00a0\u00a0\u00a0\u00a0\u00a0\u00a0\u00a0 Allgemeine Information \u00a0 Eigent\u00fcmer personenbezogener Daten, definiert als betroffene Person im Datenschutzgesetz Nr. 6698 (KVKK) und der Europ\u00e4ischen Datenschutz-Grundverordnung (DSGVO), haben das Recht, bestimmte Anfragen bez\u00fcglich der Verarbeitung personenbezogener Daten zu stellen, d.h in Artikel 11. KVKK und Artikel 12 der DSGVO. &nbsp; Dieses Antragsformular ist zugeordnet &nbsp; Dieses Antragsformular ist Smile [&hellip;]<\/p>\n","protected":false},"author":1,"featured_media":0,"parent":0,"menu_order":0,"comment_status":"closed","ping_status":"closed","template":"","meta":{"footnotes":""},"class_list":["post-15524","page","type-page","status-publish","hentry"],"_links":{"self":[{"href":"https:\/\/www.smilehairclinic.com\/de\/wp-json\/wp\/v2\/pages\/15524","targetHints":{"allow":["GET"]}}],"collection":[{"href":"https:\/\/www.smilehairclinic.com\/de\/wp-json\/wp\/v2\/pages"}],"about":[{"href":"https:\/\/www.smilehairclinic.com\/de\/wp-json\/wp\/v2\/types\/page"}],"author":[{"embeddable":true,"href":"https:\/\/www.smilehairclinic.com\/de\/wp-json\/wp\/v2\/users\/1"}],"replies":[{"embeddable":true,"href":"https:\/\/www.smilehairclinic.com\/de\/wp-json\/wp\/v2\/comments?post=15524"}],"version-history":[{"count":2,"href":"https:\/\/www.smilehairclinic.com\/de\/wp-json\/wp\/v2\/pages\/15524\/revisions"}],"predecessor-version":[{"id":28974,"href":"https:\/\/www.smilehairclinic.com\/de\/wp-json\/wp\/v2\/pages\/15524\/revisions\/28974"}],"wp:attachment":[{"href":"https:\/\/www.smilehairclinic.com\/de\/wp-json\/wp\/v2\/media?parent=15524"}],"curies":[{"name":"wp","href":"https:\/\/api.w.org\/{rel}","templated":true}]}}