{"id":15520,"date":"2025-05-30T12:55:00","date_gmt":"2025-05-30T09:55:00","guid":{"rendered":"https:\/\/www.smilehairclinic.com\/?page_id=15520"},"modified":"2025-05-30T12:55:00","modified_gmt":"2025-05-30T09:55:00","slug":"website-cookie-blitz","status":"publish","type":"page","link":"https:\/\/www.smilehairclinic.com\/de\/website-cookie-blitz\/","title":{"rendered":"Website-Cookie-Blitz"},"content":{"rendered":"<h1><\/h1>\n<p><strong>\u00a0<\/strong><\/p>\n<ol>\n<li><strong>EINF\u00dcHRUNG<\/strong><\/li>\n<\/ol>\n<p><strong>\u00a0<\/strong><\/p>\n<p>Dieser Cookie-Erkl\u00e4rungstext, <strong>Schutz personenbezogener Daten Nr. 6698 (KVKK) und <\/strong>Europ\u00e4ische Datenschutz-Grundverordnung ( <strong>EU ) DSGVO <\/strong>und <strong>UK-DSGVO <\/strong>) in der Eigenschaft als Datenverantwortlicher Smile Hair Sa\u011fl\u0131k Hizmetleri ve Turizm Dan. Tic. Ltd. \u015eti. (Smile Hair Clinic) .<\/p>\n<p>&nbsp;<\/p>\n<p>W\u00e4hrend des Betriebs von <a href=\"http:\/\/www.smilehairclinic.com\/\">www.smilehairclinic.com,<\/a> das von uns betrieben wird, k\u00f6nnen Website-Besucher unsere Website als verbundene Person besuchen, ohne pers\u00f6nliche Informationen weiterzugeben, um Informationen \u00fcber unsere Produkte und Dienstleistungen zu erhalten. Wir m\u00f6chten Sie auch \u00fcber die Cookie-Nutzungsbereiche informieren, die so konfiguriert sind, dass sie Informationen \u00fcber die Nutzung der Website sammeln.<\/p>\n<p>&nbsp;<\/p>\n<p>&nbsp;<\/p>\n<p><strong>Smile Hair Clinic verwenden wir Cookies (\u201eCookies\u201c), <\/strong>um Ihre Erfahrung w\u00e4hrend Ihrer Besuche auf unseren Online-Kan\u00e4len zu verbessern. Der Einsatz dieser Technologien erfolgt in \u00dcbereinstimmung mit den Gesetzen, denen wir unterliegen, insbesondere KVKK und DSGVO.<\/p>\n<p>&nbsp;<\/p>\n<h1>II.\u00a0\u00a0\u00a0\u00a0\u00a0\u00a0\u00a0\u00a0\u00a0\u00a0\u00a0\u00a0\u00a0\u00a0\u00a0 DEFINITIONEN<\/h1>\n<p><strong>\u00a0<\/strong><\/p>\n<table>\n<tbody>\n<tr>\n<td width=\"225\"><strong>Definition<\/strong><\/td>\n<td width=\"416\"><strong>Beschreibung<\/strong><\/td>\n<\/tr>\n<tr>\n<td width=\"225\"><strong>Pl\u00e4tzchen<\/strong><\/td>\n<td width=\"416\">Es handelt sich um kleine Datenspeicherdateien, die auf Ihrem Computer, Mobiltelefon, Tablet oder anderen Mobilger\u00e4ten<\/p>\n<p>gespeichert werden, auf die Sie \u00fcber Internetseiten zugreifen.<\/td>\n<\/tr>\n<tr>\n<td width=\"225\"><strong>Cookie-Klarstellungstext<\/strong><\/td>\n<td width=\"416\">Erl\u00e4uterungstext\u00a0 zur\u00a0 <strong>Cookie-Richtlinie\u00a0 der\u00a0 Smile\u00a0 Hair<\/strong><\/p>\n<p><strong>Clinic<\/strong><\/td>\n<\/tr>\n<tr>\n<td width=\"225\"><strong>Verwandte<\/strong> <strong>Person<\/strong><\/td>\n<td width=\"416\">Nat\u00fcrliche Person, deren personenbezogene Daten verarbeitet<\/p>\n<p>werden<\/td>\n<\/tr>\n<tr>\n<td width=\"225\"><strong>Pers\u00f6nliche Daten<\/strong><\/td>\n<td width=\"416\">Alle Informationen, die sich auf eine identifizierte oder<\/p>\n<p>identifizierbare nat\u00fcrliche Person beziehen<\/td>\n<\/tr>\n<tr>\n<td width=\"225\"><strong>KVKK<\/strong><\/td>\n<td width=\"416\">Gesetz Nr. 6698 zum Schutz personenbezogener Daten<\/td>\n<\/tr>\n<tr>\n<td width=\"225\"><strong>DSGVO<\/strong><\/td>\n<td width=\"416\">Allgemeine\u00a0\u00a0\u00a0\u00a0\u00a0\u00a0\u00a0 Datenschutzverordnung\u00a0\u00a0\u00a0\u00a0\u00a0\u00a0 &#8211;\u00a0\u00a0\u00a0\u00a0\u00a0\u00a0\u00a0 Europ\u00e4ische<\/p>\n<p>Datenschutz-Grundverordnung<\/td>\n<\/tr>\n<tr>\n<td width=\"225\"><strong>Planke<\/strong><\/td>\n<td width=\"416\">Personal Data Protection Board und Datenschutzbeh\u00f6rde des jeweiligen Mitgliedslandes<\/td>\n<\/tr>\n<\/tbody>\n<\/table>\n<p>&nbsp;<\/p>\n<table>\n<tbody>\n<tr>\n<td width=\"225\"><strong>L\u00e4cheln Haarklinik<\/strong><\/td>\n<td width=\"416\">Smile Hair Sa\u011fl\u0131k Hizmetleri ve Turizm Dan. Tic. Ltd. \u015eti.<\/p>\n<p>(Smile Hair Clinic)<\/td>\n<\/tr>\n<tr>\n<td width=\"225\"><strong>Website \/ Webseite<\/strong><\/td>\n<td width=\"416\"><a href=\"http:\/\/www.smilehairclinic.com\/\"><u>www.smilehairclinic.com-<\/u><\/a> Website<\/td>\n<\/tr>\n<tr>\n<td width=\"225\"><strong>Datencontroller<\/strong><\/td>\n<td width=\"416\">Die nat\u00fcrliche oder juristische Person, die die Zwecke und Mittel der Verarbeitung personenbezogener Daten bestimmt und\u00a0\u00a0 f\u00fcr\u00a0\u00a0 die\u00a0\u00a0 Einrichtung\u00a0\u00a0 und\u00a0\u00a0 Verwaltung\u00a0\u00a0 des<\/p>\n<p>Datenaufzeichnungssystems verantwortlich ist<\/td>\n<\/tr>\n<\/tbody>\n<\/table>\n<p><strong>\u00a0<\/strong><\/p>\n<h2>III.\u00a0\u00a0\u00a0\u00a0\u00a0\u00a0\u00a0\u00a0\u00a0\u00a0\u00a0\u00a0 VERARBEITETE\u00a0\u00a0\u00a0 PERSONENBEZOGENE\u00a0\u00a0\u00a0 DATEN\u00a0\u00a0 und\u00a0\u00a0\u00a0 ZWECK\u00a0\u00a0 DER VERARBEITUNG<\/h2>\n<p><strong>\u00a0<\/strong><\/p>\n<ol>\n<li><strong>Zweck der Verarbeitung personenbezogener Daten durch Cookies<\/strong><\/li>\n<\/ol>\n<p><strong>\u00a0<\/strong><\/p>\n<p>Zusammen mit Ihrem Besuch auf unserer Website, der IP-Adresse Ihres Endger\u00e4ts , der Identit\u00e4t Ihres Internet Service Providers, dem Namen und der Version Ihres Betriebssystems, dem Namen und der Version Ihres Browsers, dem Datum\/der Uhrzeit Ihres Besuchs und den Seitendaten Sie besuchen, werden Ihre Spracheinstellungen im Rahmen der <strong>Transaktionssicherheit verarbeitet. Der Zweck <\/strong>dieser <strong>Cookie -Erkl\u00e4rung <\/strong>besteht darin, Sie \u00fcber die Verarbeitung personenbezogener Daten zu informieren, die durch die Verwendung von Cookies durch die <strong>verbundene Person <\/strong>w\u00e4hrend des Betriebs der <strong>Website erhalten werden. <\/strong>In diesem Text m\u00f6chten wir Ihnen erl\u00e4utern, welche Arten von Cookies wir zu welchen Zwecken verwenden und wie Sie diese Cookies steuern k\u00f6nnen.<\/p>\n<p>&nbsp;<\/p>\n<p>Cookies sind kleine Datenspeicherdateien, die auf Ihrem Computer, Mobiltelefon, Tablet oder anderen mobilen Ger\u00e4ten gespeichert werden, auf die Sie \u00fcber die Internetseiten zugreifen. Diese Datei speichert Informationen \u00fcber Ihre Website-Navigation. Daher erinnern sich die Ger\u00e4te, auf die Sie zugreifen, an diese Daten, wenn Sie die Website erneut verwenden. Daher sind Cookies notwendig und wichtig, damit Sie die Website effektiver und einfacher nutzen k\u00f6nnen.<\/p>\n<p>&nbsp;<\/p>\n<p>Ausf\u00fchrlichere Informationen zu Cookies finden Sie unter <a href=\"http:\/\/www.aboutcookies.org\/\" target=\"_blank\" rel=\"noopener\"><u>http:\/\/www.aboutcookies.org<\/u><\/a> und <a href=\"http:\/\/www.allaboutcookies.org\/\" target=\"_blank\" rel=\"noopener\"><u>http:\/\/www.allaboutcookies.org<\/u><\/a> .<\/p>\n<p>&nbsp;<\/p>\n<h2>Um die grundlegenden Funktionen auszuf\u00fchren, die f\u00fcr den Betrieb der Website erforderlich sind:<\/h2>\n<p><strong>\u00a0<\/strong><\/p>\n<p>Login-Mitglieder m\u00fcssen Passw\u00f6rter nicht erneut eingeben, w\u00e4hrend sie verschiedene Seiten auf der Website besuchen, die Website analysieren und die Leistung der Website steigern; Integration verschiedener Server, auf denen die Website arbeitet, Bestimmung der Anzahl der<\/p>\n<p>&nbsp;<\/p>\n<p>Besucher der Website und entsprechende Anpassung der Leistung oder Erleichterung der Suche f\u00fcr Besucher.<\/p>\n<p>&nbsp;<\/p>\n<p>&nbsp;<\/p>\n<p>&nbsp;<\/p>\n<p>&nbsp;<\/p>\n<p>&nbsp;<\/p>\n<p>&nbsp;<\/p>\n<p>&nbsp;<\/p>\n<p>&nbsp;<\/p>\n<p>&nbsp;<\/p>\n<p>&nbsp;<\/p>\n<p>&nbsp;<\/p>\n<h2>Um die Funktionalit\u00e4t der Website zu erh\u00f6hen und die Benutzerfreundlichkeit zu gew\u00e4hrleisten.<\/h2>\n<p><strong>\u00a0<\/strong><\/p>\n<p>Teilen auf Social-Media-Kan\u00e4len von Drittanbietern \u00fcber die Website, Speichern der Benutzernameninformationen oder Suchanfragen beim n\u00e4chsten Besuch des Besuchers der Website.<\/p>\n<p>&nbsp;<\/p>\n<p><strong>Smile Hair Clinic <\/strong>m\u00f6chten wir darauf hinweisen, dass wir Ihre personenbezogenen Daten im Rahmen des <strong>Cookie-Klarstellungstextes <\/strong>auf die Verwirklichung der oben genannten Zwecke beschr\u00e4nkt und in \u00dcbereinstimmung mit der Gesetzgebung speichern und an die zust\u00e4ndigen Institutionen und Organisationen weitergeben k\u00f6nnen notwendig.<\/p>\n<p>&nbsp;<\/p>\n<ol>\n<li><strong>Zwecke der Verwendung von Cookies Smile Hair Clinic <\/strong>sind wie folgt:<\/li>\n<\/ol>\n<p><strong>Obligatorische Cookies: <\/strong>Diese Cookies sind unbedingt erforderlich, damit die Website ordnungsgem\u00e4\u00df funktioniert. Diese Cookies werden ben\u00f6tigt, um das System zu verwalten und betr\u00fcgerische Transaktionen zu verhindern, und wenn sie blockiert werden, kann die Website nicht funktionieren.<\/p>\n<p>&nbsp;<\/p>\n<p>In diesem Zusammenhang verwenden wir grunds\u00e4tzlich folgende Cookies:<\/p>\n<p>&nbsp;<\/p>\n<table>\n<tbody>\n<tr>\n<td width=\"151\"><strong>Cookie-Name<\/strong><\/td>\n<td width=\"137\"><strong>Cookie-Anbieter<\/strong><\/td>\n<td width=\"88\"><strong>Cookie-Nu<\/strong><\/p>\n<p><strong>tzungstyp<\/strong><\/td>\n<td width=\"157\"><strong>Unsere<\/strong><\/p>\n<p><strong>Verwendungszwecke<\/strong><\/td>\n<td width=\"104\"><strong>Zeit<\/strong><\/td>\n<\/tr>\n<tr>\n<td width=\"151\">&nbsp;<\/p>\n<p>&nbsp;<\/p>\n<p>cookieconsent_status<\/td>\n<td width=\"137\">&nbsp;<\/p>\n<p>&nbsp;<\/p>\n<p>&nbsp;<\/p>\n<p>google.com<\/td>\n<td width=\"88\">&nbsp;<\/p>\n<p>Obligatoris che Cookies<\/td>\n<td width=\"157\">&nbsp;<\/p>\n<p>Sicherstellen, dass die Website w\u00e4hrend des Besuchs<\/td>\n<td width=\"104\"><\/td>\n<\/tr>\n<\/tbody>\n<\/table>\n<p>&nbsp;<\/p>\n<table>\n<tbody>\n<tr>\n<td width=\"151\"><\/td>\n<td width=\"137\"><\/td>\n<td width=\"88\"><\/td>\n<td width=\"157\">ordnungsgem\u00e4\u00df<\/p>\n<p>funktioniert<\/td>\n<td width=\"104\"><\/td>\n<\/tr>\n<\/tbody>\n<\/table>\n<p>&nbsp;<\/p>\n<p>&nbsp;<\/p>\n<h1>IV.\u00a0\u00a0\u00a0\u00a0\u00a0\u00a0\u00a0\u00a0\u00a0\u00a0\u00a0\u00a0 METHODE\u00a0\u00a0\u00a0 ZUR ERHEBUNG PERSONENBEZOGENER DATEN UND RECHTSGRUNDLAGE<\/h1>\n<p><strong>\u00a0<\/strong><\/p>\n<p>Ihre oben erw\u00e4hnten personenbezogenen Daten dienen dem rechtm\u00e4\u00dfigen Nutzen des f\u00fcr die Datenverarbeitung Verantwortlichen, vorausgesetzt, dass sie die Grundrechte und -freiheiten der betroffenen Person nicht beeintr\u00e4chtigen, wie in Abschnitt \u201ef\u201c des 2. Absatzes des 5. Artikels der KVKK und angegeben \/ oder das \u201ef\u201c des 1. Absatzes des 6. Artikels der DSGVO. Die obligatorische Datenverarbeitung wird automatisch im Falle des Zugriffs \u00fcber die Website aufgrund des rechtlichen Grundes erhoben.<\/p>\n<p>&nbsp;<\/p>\n<p>Wenn optionale Cookies von uns erhoben werden, wird auch hierf\u00fcr Ihre ausdr\u00fcckliche Zustimmung eingeholt.<\/p>\n<p>&nbsp;<\/p>\n<p>&nbsp;<\/p>\n<h1>V.\u00a0\u00a0\u00a0\u00a0\u00a0\u00a0\u00a0\u00a0\u00a0\u00a0\u00a0\u00a0\u00a0\u00a0\u00a0 SPEICHERUNG PERSONENBEZOGENER DATEN<\/h1>\n<p><strong>\u00a0<\/strong><\/p>\n<h2>VII.\u00a0\u00a0\u00a0\u00a0 Aufbewahrungsfrist f\u00fcr personenbezogene Daten<\/h2>\n<p><strong>\u00a0<\/strong><\/p>\n<p>werden f\u00fcr einen begrenzten Zeitraum gem\u00e4\u00df der <strong>Richtlinie zur Aufbewahrung und Entsorgung personenbezogener Daten von Smile Hair Clinic <\/strong>im Rahmen der gesetzlichen Ausnahme, deren Rechtsgrund oben angegeben ist, im Rahmen von Absatz 2 von Artikel verarbeitet und gespeichert 5 KVKK und Art. 6 Abs. 1 lit. b DSGVO und deren Fortf\u00fchrung. wird sein.<\/p>\n<p>&nbsp;<\/p>\n<h2>B.\u00a0\u00a0\u00a0\u00a0\u00a0\u00a0\u00a0 Arten von Cookies in Bezug auf die Speicherdauer<\/h2>\n<p><strong>\u00a0<\/strong><\/p>\n<p><strong>Persistente Cookies: <\/strong>Dies sind die Cookies, die auf dem Computer der Person bis zu einem bestimmten Datum oder bis sie vom Benutzer gel\u00f6scht werden, vorhanden sind. Diese Cookies werden haupts\u00e4chlich verwendet, um die Bewegungen und Pr\u00e4ferenzen der Benutzer auf der Website zu messen.<\/p>\n<p>&nbsp;<\/p>\n<p><strong>Tempor\u00e4re Cookies und Sitzungscookies: <\/strong>Diese Cookies werden verwendet, um den Besuch des Benutzers in Sitzungen zu unterteilen, und sammeln keine Daten vom Benutzer. Das Cookie wird gel\u00f6scht, wenn der Benutzer die von ihm besuchte Webseite schlie\u00dft oder f\u00fcr einen bestimmten Zeitraum inaktiv bleibt.<\/p>\n<p>&nbsp;<\/p>\n<p>Zusammen mit dem oben genannten; Wir verwenden auf unserer Website eigene Cookies und Cookies von Drittanbietern. Wir k\u00f6nnen die Cookies, die wir in dieser Richtung verwenden, wie folgt erkl\u00e4ren:<\/p>\n<p>&nbsp;<\/p>\n<p><strong><u>Erstanbieter-Cookies: Dies sind die Cookies<\/u><\/strong><strong>\u00a0 <\/strong>, die von unserer eigenen Website platziert und f\u00fcr die Zwecke unserer eigenen Produkte und Dienstleistungen verwendet werden.<\/p>\n<p>&nbsp;<\/p>\n<p><strong><u>: Dies sind Cookies <\/u>\u00a0<\/strong>, die von anderen Drittanbietern als unserer eigenen Website platziert werden und deren Zweck und Verwendungsmethoden von Drittanbietern abh\u00e4ngen. Ihre Daten werden von Dritten anonym verarbeitet.<\/p>\n<p>&nbsp;<\/p>\n<h1>VI.\u00a0\u00a0\u00a0\u00a0\u00a0\u00a0\u00a0\u00a0\u00a0\u00a0\u00a0\u00a0 \u00dcBERTRAGUNG PERSONENBEZOGENER DATEN<\/h1>\n<p><strong>\u00a0<\/strong><\/p>\n<p>Ihre personenbezogenen Daten; Eine Weitergabe an Dritte erfolgt grunds\u00e4tzlich nicht.<\/p>\n<p>&nbsp;<\/p>\n<h1>VII.\u00a0\u00a0\u00a0\u00a0\u00a0\u00a0\u00a0\u00a0\u00a0 IHRE RECHTE IN BEZUG AUF IHRE PERSONENBEZOGENEN DATEN<\/h1>\n<p><strong>\u00a0<\/strong><\/p>\n<p>In \u00dcbereinstimmung mit der gesetzlichen Regelung, der Sie unterliegen, k\u00f6nnen Sie Ihre in Artikel 11 der KVKK und Abschnitt 3 der DSGVO, der die Rechte der betroffenen <strong>Person regelt, geregelten Rechte und Anfragen an die Smile Hair Clinic weiterleiten <\/strong>.<\/p>\n<p>&nbsp;<\/p>\n<p>Anfragen zu Ihren betreffenden Rechten an die <strong>Smile Hair Clinic <\/strong>, werden Ihre Antr\u00e4ge so schnell wie m\u00f6glich und sp\u00e4testens innerhalb von 30 (drei\u00dfig) Tagen gepr\u00fcft und abgeschlossen. Obwohl es wichtig ist, dass f\u00fcr die Anfragen keine Geb\u00fchr erhoben wird, beh\u00e4lt sich die <strong>Smile Hair Clinic <\/strong>das Recht vor, eine Geb\u00fchr auf der Grundlage der vom Vorstand festgelegten Geb\u00fchrenordnung zu erheben.<\/p>\n<p>&nbsp;<\/p>\n<p><strong>Smile Hair Clinic <\/strong>k\u00f6nnen wir die Verwendung der Cookies, die wir auf unserer Website verwenden, einstellen, ihre Typen oder Funktionen \u00e4ndern oder neue Cookies zu unserer Website hinzuf\u00fcgen. Daher behalten wir uns das Recht vor, die Bestimmungen dieses <strong>Cookie-Klarstellungstextes jederzeit zu \u00e4ndern. <\/strong>In diesem Fall werden Sie in unserem aktuellen Aufkl\u00e4rungstext \u00fcber die erhobenen Cookies informiert. Jede am Beleuchtungstext vorgenommene Aktualisierung wird wirksam, nachdem sie auf dieser Website und in allen \u00f6ffentlichen Medien ver\u00f6ffentlicht wurde. Das Datum der letzten Aktualisierung finden Sie am Anfang des Textes. F\u00fcr detailliertere Informationen \u00fcber die Verarbeitung durch <strong>die Smile Hair Clinic bitten wir Sie, die Richtlinie zur <\/strong><em>Verarbeitung und zum Schutz personenbezogener Daten der Smile Hair Clinic unter <\/em><a href=\"http:\/\/www.smilehairclinic.com\/\"><u>www.smilehairclinic.com<\/u><\/a> zu lesen .<\/p>\n<p>&nbsp;<\/p>\n<p>Die Methode zur \u00c4nderung der Cookie-Nutzungsauswahl variiert je nach Browsertyp und kann beim jeweiligen Dienstanbieter erfahren werden. Wenn Sie Webbrowser-Cookies auf<\/p>\n<p>&nbsp;<\/p>\n<p>Ihrem Ger\u00e4t blockieren oder einschr\u00e4nken m\u00f6chten, k\u00f6nnen Sie dies in Ihren Webbrowser-Einstellungen tun. Die Option \u201eHilfe\u201c in Ihrem Browser bietet Informationen zum Blockieren und Einschr\u00e4nken von Webbrowser-Cookies. Wenn Sie Cookies l\u00f6schen, werden Ihre Einstellungen auf der entsprechenden Website gel\u00f6scht.<\/p>\n<p>&nbsp;<\/p>\n<h1>VIII.\u00a0 VERFAHREN ZUM ENTFERNEN VON COOKIES<\/h1>\n<p>Um Cookies in Ihren Browsern zu blockieren, k\u00f6nnen Sie die folgenden Links f\u00fcr die am h\u00e4ufigsten verwendeten Browser verwenden:<\/p>\n<p>&nbsp;<\/p>\n<p>Google Chrome: <a href=\"https:\/\/support.google.com\/chrome\/answer\/95647?co=GENIE.Platform%3DDesktop&amp;hl=tr\" target=\"_blank\" rel=\"noopener\"><u>https:\/\/support.google.com\/chrome\/answer\/95647?co=GENIE.Platform%3DDesktop&amp;hl=en<\/u><\/a> Mozilla:<\/p>\n<p><a href=\"https:\/\/support.mozilla.org\/tr\/kb\/%C3%87erezleri%20engellemek\" target=\"_blank\" rel=\"noopener\"><u>https:\/\/support.mozilla.org\/tr\/kb\/%C3%87erezleri%20blocking<\/u><\/a> Internet Explorer:<\/p>\n<p><a href=\"https:\/\/support.microsoft.com\/tr-tr\/help\/17442\/windows-internet-explorer-delete-manage-cookies\" target=\"_blank\" rel=\"noopener\"><u>https:\/\/support.microsoft.com\/en-us\/help\/17442\/windows-internet-explorer-delete-manage-co<\/u><\/a> <a href=\"https:\/\/support.microsoft.com\/tr-tr\/help\/17442\/windows-internet-explorer-delete-manage-cookies\" target=\"_blank\" rel=\"noopener\"><u>okies<\/u><\/a><\/p>\n<p>&nbsp;<\/p>\n<p>Es ist nicht m\u00f6glich, Cookies zu l\u00f6schen, die f\u00fcr das Funktionieren der Website und der mobilen Anwendung zwingend erforderlich sind. Wenn Sie sich entscheiden, Cookies vollst\u00e4ndig zu blockieren, m\u00f6chten wir Sie auch daran erinnern, dass die Website der <strong>Smile Hair Clinic m\u00f6glicherweise nicht richtig funktioniert.<\/strong><\/p>\n<p><strong>\u00a0<\/strong><\/p>\n<p>finden Sie auch die erforderlichen Dokumente zum Blockieren von Cookies auf verschiedenen Desktop-Computer-Browsern unter <a href=\"http:\/\/www.aboutcookies.org\/\" target=\"_blank\" rel=\"noopener\"><u>www.aboutcookies.org .<\/u><\/a><\/p>\n<p>&nbsp;<\/p>\n<h1>VIII.\u00a0\u00a0\u00a0 WIRKSAMKEIT DES LICHTTEXTES<\/h1>\n<p><strong>\u00a0<\/strong><\/p>\n<p>Diese von der <strong>Smile Hair Clinic organisierte Richtlinie trat am<\/strong>&#8230;&#8230;&#8230; in Kraft .<\/p>\n","protected":false},"excerpt":{"rendered":"<p>\u00a0 EINF\u00dcHRUNG \u00a0 Dieser Cookie-Erkl\u00e4rungstext, Schutz personenbezogener Daten Nr. 6698 (KVKK) und Europ\u00e4ische Datenschutz-Grundverordnung ( EU ) DSGVO und UK-DSGVO ) in der Eigenschaft als Datenverantwortlicher Smile Hair Sa\u011fl\u0131k Hizmetleri ve Turizm Dan. Tic. Ltd. \u015eti. (Smile Hair Clinic) . &nbsp; W\u00e4hrend des Betriebs von www.smilehairclinic.com, das von uns betrieben wird, k\u00f6nnen Website-Besucher unsere Website [&hellip;]<\/p>\n","protected":false},"author":1,"featured_media":0,"parent":0,"menu_order":0,"comment_status":"closed","ping_status":"closed","template":"","meta":{"footnotes":""},"class_list":["post-15520","page","type-page","status-publish","hentry"],"_links":{"self":[{"href":"https:\/\/www.smilehairclinic.com\/de\/wp-json\/wp\/v2\/pages\/15520","targetHints":{"allow":["GET"]}}],"collection":[{"href":"https:\/\/www.smilehairclinic.com\/de\/wp-json\/wp\/v2\/pages"}],"about":[{"href":"https:\/\/www.smilehairclinic.com\/de\/wp-json\/wp\/v2\/types\/page"}],"author":[{"embeddable":true,"href":"https:\/\/www.smilehairclinic.com\/de\/wp-json\/wp\/v2\/users\/1"}],"replies":[{"embeddable":true,"href":"https:\/\/www.smilehairclinic.com\/de\/wp-json\/wp\/v2\/comments?post=15520"}],"version-history":[{"count":1,"href":"https:\/\/www.smilehairclinic.com\/de\/wp-json\/wp\/v2\/pages\/15520\/revisions"}],"predecessor-version":[{"id":15521,"href":"https:\/\/www.smilehairclinic.com\/de\/wp-json\/wp\/v2\/pages\/15520\/revisions\/15521"}],"wp:attachment":[{"href":"https:\/\/www.smilehairclinic.com\/de\/wp-json\/wp\/v2\/media?parent=15520"}],"curies":[{"name":"wp","href":"https:\/\/api.w.org\/{rel}","templated":true}]}}