{"id":32453,"date":"2026-04-15T15:30:22","date_gmt":"2026-04-15T12:30:22","guid":{"rendered":"https:\/\/www.smilehairclinic.com\/misyon-ve-vizyon\/"},"modified":"2026-04-15T15:38:38","modified_gmt":"2026-04-15T12:38:38","slug":"mission-og-vision","status":"publish","type":"page","link":"https:\/\/www.smilehairclinic.com\/da\/mission-og-vision\/","title":{"rendered":"Mission og Vision"},"content":{"rendered":"<p data-start=\"29\" data-end=\"40\"><strong data-start=\"29\" data-end=\"40\">Mission<\/strong><\/p>\n<p data-start=\"42\" data-end=\"726\">Vores mission p\u00e5 Smile Hair Clinic er at tilbyde p\u00e5lidelige, innovative og h\u00f8j kvalitet h\u00e5rtransplantationsl\u00f8sninger til vores patienter. Inden for etiske og professionelle v\u00e6rdier str\u00e6ber vi efter at overstige vores patienters forventninger med personlige tilgange. Ved at f\u00f8lge de nyeste teknologiske udviklinger t\u00e6t, anvender vi de mest effektive behandlingsmetoder og \u00f8ger kompetencerne i vores ekspertteam gennem l\u00f8bende uddannelse. Vores prioritet er at tilbyde en sikker, komfortabel og gennemsigtig serviceoplevelse, med fokus p\u00e5 kvalitet og patienttilfredshed. Vores m\u00e5l er at forbedre livskvaliteten for vores patienter og opn\u00e5 deres tillid gennem de tjenester, vi tilbyder.<\/p>\n<p data-start=\"728\" data-end=\"738\"><strong data-start=\"728\" data-end=\"738\">Vision<\/strong><\/p>\n<p data-start=\"740\" data-end=\"1600\" data-is-last-node=\"\" data-is-only-node=\"\">Vores vision p\u00e5 Smile Hair Clinic er at blive verdens bedste h\u00e5rtransplantationsklinik. I denne retning tilbyder vi innovative og h\u00f8j kvalitet sundhedsydelser til vores patienter. Ved at forblive tro mod True\u2122 Filosofiens principper, placerer vi menneskers sundhed og lykke i centrum. N\u00e5r vi v\u00e6lger medarbejdere, foretr\u00e6kker vi eksperter med erfaring og kompetence, og vi st\u00f8tter deres kontinuerlige udvikling og motivation. Ved at bruge den nyeste teknologi og innovative metoder, opretholder vi vores lederskab i branchen. Ved at prioritere patient- og medarbejdersikkerhed, tilbyder vi en sikker og komfortabel behandlingsproces. Gennem ansvarlighed overfor samfundet arbejder vi p\u00e5 at bidrage positivt til samfundet og milj\u00f8et. Ved at vokse globalt forts\u00e6tter vi med at bev\u00e6ge os frem mod at blive en anerkendt og refereret sundhedsinstitution verden over.<\/p>\n","protected":false},"excerpt":{"rendered":"<p>Mission Vores mission p\u00e5 Smile Hair Clinic er at tilbyde p\u00e5lidelige, innovative og h\u00f8j kvalitet h\u00e5rtransplantationsl\u00f8sninger til vores patienter. Inden for etiske og professionelle v\u00e6rdier str\u00e6ber vi efter at overstige vores patienters forventninger med personlige tilgange. Ved at f\u00f8lge de nyeste teknologiske udviklinger t\u00e6t, anvender vi de mest effektive behandlingsmetoder og \u00f8ger kompetencerne i vores [&hellip;]<\/p>\n","protected":false},"author":1,"featured_media":0,"parent":0,"menu_order":0,"comment_status":"closed","ping_status":"closed","template":"","meta":{"footnotes":""},"class_list":["post-32453","page","type-page","status-publish","hentry"],"_links":{"self":[{"href":"https:\/\/www.smilehairclinic.com\/da\/wp-json\/wp\/v2\/pages\/32453","targetHints":{"allow":["GET"]}}],"collection":[{"href":"https:\/\/www.smilehairclinic.com\/da\/wp-json\/wp\/v2\/pages"}],"about":[{"href":"https:\/\/www.smilehairclinic.com\/da\/wp-json\/wp\/v2\/types\/page"}],"author":[{"embeddable":true,"href":"https:\/\/www.smilehairclinic.com\/da\/wp-json\/wp\/v2\/users\/1"}],"replies":[{"embeddable":true,"href":"https:\/\/www.smilehairclinic.com\/da\/wp-json\/wp\/v2\/comments?post=32453"}],"version-history":[{"count":2,"href":"https:\/\/www.smilehairclinic.com\/da\/wp-json\/wp\/v2\/pages\/32453\/revisions"}],"predecessor-version":[{"id":32469,"href":"https:\/\/www.smilehairclinic.com\/da\/wp-json\/wp\/v2\/pages\/32453\/revisions\/32469"}],"wp:attachment":[{"href":"https:\/\/www.smilehairclinic.com\/da\/wp-json\/wp\/v2\/media?parent=32453"}],"curies":[{"name":"wp","href":"https:\/\/api.w.org\/{rel}","templated":true}]}}