{"id":25285,"date":"2025-03-07T11:51:33","date_gmt":"2025-03-07T08:51:33","guid":{"rendered":"https:\/\/www.smilehairclinic.com\/operasyon-sonrasi\/"},"modified":"2025-11-10T17:06:24","modified_gmt":"2025-11-10T14:06:24","slug":"efter-operation","status":"publish","type":"page","link":"https:\/\/www.smilehairclinic.com\/da\/efter-operation\/","title":{"rendered":"Efter operation"},"content":{"rendered":"\n<h2 class=\"wp-block-heading\">Efter operation<\/h2>\n\n\n<div id=\"rank-math-faq\" class=\"rank-math-block\">\n<div class=\"rank-math-list \">\n<div id=\"faq-question-1762503473740\" class=\"rank-math-list-item\">\n<h3 class=\"rank-math-question \">Er der nogen kostrestriktioner efter h\u00e5rtransplantation?<\/h3>\n<div class=\"rank-math-answer \">\n\n<p>Der er meget f\u00e5 eller ingen kostrestriktioner. Patienterne bliver kun bedt om ikke at indtage alkohol i de f\u00f8rste 10 dage. Desuden anbefales det at begr\u00e6nse krydret og salt mad i de f\u00f8rste 3 til 5 dage. Selvf\u00f8lgelig kan man spise krydret eller salt mad, men det b\u00f8r ikke overdrives.<br \/><a href=\"https:\/\/youtu.be\/_OTJK4iYDas\" target=\"_blank\" rel=\"noopener\">https:\/\/youtu.be\/_OTJK4iYDas<\/a><\/p>\n\n<\/div>\n<\/div>\n<div id=\"faq-question-1762503486434\" class=\"rank-math-list-item\">\n<h3 class=\"rank-math-question \">Kan jeg rede mit h\u00e5r efter h\u00e5rtransplantation?<\/h3>\n<div class=\"rank-math-answer \">\n\n<p>Ja, du kan rede dit h\u00e5r, fordi det er dit eget eksisterende h\u00e5r. Du kan endda rede og style det, selv hvis det er langt. H\u00e5rtransplantationen forhindrer ikke dette.<\/p>\n\n<\/div>\n<\/div>\n<div id=\"faq-question-1762503491095\" class=\"rank-math-list-item\">\n<h3 class=\"rank-math-question \">Kan jeg klippe mit transplanterede h\u00e5r?<\/h3>\n<div class=\"rank-math-answer \">\n\n<p>Patienterne anbefales ikke at klippe eller barbere deres h\u00e5r i den f\u00f8rste m\u00e5ned. Efter en m\u00e5ned kan saks bruges i modtageromr\u00e5det. Dog b\u00f8r barbermaskine eller trimmer ikke anvendes i modtageromr\u00e5det i 2-3 m\u00e5neder, da det kan skade huden eller h\u00e5rs\u00e6kkene.<\/p>\n\n<\/div>\n<\/div>\n<div id=\"faq-question-1762503505413\" class=\"rank-math-list-item\">\n<h3 class=\"rank-math-question \">M\u00e5 jeg tage et bad p\u00e5 dagen for h\u00e5rtransplantationen?<\/h3>\n<div class=\"rank-math-answer \">\n\n<p>Ja, du kan tage et brusebad. Men vand m\u00e5 ikke komme i kontakt med det nytransplanterede omr\u00e5de. Du kan vaske dig fra halsen og ned.<\/p>\n\n<\/div>\n<\/div>\n<div id=\"faq-question-1762503520317\" class=\"rank-math-list-item\">\n<h3 class=\"rank-math-question \">Kan jeg bruge en barbermaskine efter en h\u00e5rtransplantation?<\/h3>\n<div class=\"rank-math-answer \">\n\n<p>Brug af barbermaskine i donoromr\u00e5det og p\u00e5 siderne er mulig efter 1 m\u00e5ned. Men for det transplanterede omr\u00e5de b\u00f8r man vente mindst 6 m\u00e5neder.<\/p>\n\n<\/div>\n<\/div>\n<div id=\"faq-question-1762503528276\" class=\"rank-math-list-item\">\n<h3 class=\"rank-math-question \">Kan jeg bruge h\u00e5rfarve efter en h\u00e5rtransplantation?<\/h3>\n<div class=\"rank-math-answer \">\n\n<p>Ja, du kan farve dit h\u00e5r. Men det anbefales at vente 6 til 8 uger efter indgrebet, s\u00e5 h\u00e5ret kan begynde at vokse ud igen.<\/p>\n\n<\/div>\n<\/div>\n<div id=\"faq-question-1762503534972\" class=\"rank-math-list-item\">\n<h3 class=\"rank-math-question \">M\u00e5 jeg k\u00f8re bil efter h\u00e5rtransplantation?<\/h3>\n<div class=\"rank-math-answer \">\n\n<p>Vi anbefaler, at patienterne bliver k\u00f8rt hjem af en p\u00e5r\u00f8rende efter h\u00e5rtransplantationen. Indgrebet varer l\u00e6nge (6-8 timer), og nogle af de anvendte l\u00e6gemidler kan give en d\u00f8sig fornemmelse. Derfor b\u00f8r man ikke k\u00f8re bil efter operationen.<\/p>\n\n<\/div>\n<\/div>\n<div id=\"faq-question-1762503545860\" class=\"rank-math-list-item\">\n<h3 class=\"rank-math-question \">Kan jeg g\u00e5 ud efter en h\u00e5rtransplantation? Er det skadeligt at g\u00e5 ud i solen?<\/h3>\n<div class=\"rank-math-answer \">\n\n<p>I de f\u00f8rste 6 m\u00e5neder b\u00f8r man undg\u00e5 for meget direkte sollys eller UV-lys. Det kan f\u00f8re til ar eller pigmentforandringer i huden. N\u00e5r du g\u00e5r ud i solen, b\u00f8r du bruge en hat, et t\u00f8rkl\u00e6de eller solcreme med SPF 40-50.<\/p>\n\n<\/div>\n<\/div>\n<div id=\"faq-question-1762503552202\" class=\"rank-math-list-item\">\n<h3 class=\"rank-math-question \">M\u00e5 jeg have en hat p\u00e5 efter en h\u00e5rtransplantation?<\/h3>\n<div class=\"rank-math-answer \">\n\n<p>10 dage efter transplantationen kan du b\u00e6re en l\u00f8s hat, bandana eller t\u00f8rkl\u00e6de. Det er vigtigt at v\u00e6lge tilbeh\u00f8r, der ikke sidder stramt.<\/p>\n\n<\/div>\n<\/div>\n<div id=\"faq-question-1762503561610\" class=\"rank-math-list-item\">\n<h3 class=\"rank-math-question \">Er det n\u00f8dvendigt at bruge medicin efter h\u00e5rtransplantation?<\/h3>\n<div class=\"rank-math-answer \">\n\n<p>Patienterne f\u00e5r som regel ordineret antibiotika, smertestillende og medicin mod h\u00e6velse. I nogle tilf\u00e6lde kan din l\u00e6ge ogs\u00e5 anbefale langtidsmedicin, afh\u00e6ngigt af den anvendte teknik.<\/p>\n\n<\/div>\n<\/div>\n<div id=\"faq-question-1762503569716\" class=\"rank-math-list-item\">\n<h3 class=\"rank-math-question \">Er det n\u00f8dvendigt at bruge finasterid efter h\u00e5rtransplantation?<\/h3>\n<div class=\"rank-math-answer \">\n\n<p>Ja, det anbefales is\u00e6r at bruge Finasterid for at forhindre, at det eksisterende h\u00e5r falder af, og for at bevare dets tykkelse. De transplanterede h\u00e5r er allerede permanente, men da det eksisterende h\u00e5r kan falde af, kan medicinen bruges som st\u00f8tte.<\/p>\n\n<\/div>\n<\/div>\n<\/div>\n<\/div>","protected":false},"excerpt":{"rendered":"<p>Efter operation<\/p>\n","protected":false},"author":1,"featured_media":0,"parent":0,"menu_order":0,"comment_status":"closed","ping_status":"closed","template":"","meta":{"footnotes":""},"class_list":["post-25285","page","type-page","status-publish","hentry"],"_links":{"self":[{"href":"https:\/\/www.smilehairclinic.com\/da\/wp-json\/wp\/v2\/pages\/25285","targetHints":{"allow":["GET"]}}],"collection":[{"href":"https:\/\/www.smilehairclinic.com\/da\/wp-json\/wp\/v2\/pages"}],"about":[{"href":"https:\/\/www.smilehairclinic.com\/da\/wp-json\/wp\/v2\/types\/page"}],"author":[{"embeddable":true,"href":"https:\/\/www.smilehairclinic.com\/da\/wp-json\/wp\/v2\/users\/1"}],"replies":[{"embeddable":true,"href":"https:\/\/www.smilehairclinic.com\/da\/wp-json\/wp\/v2\/comments?post=25285"}],"version-history":[{"count":2,"href":"https:\/\/www.smilehairclinic.com\/da\/wp-json\/wp\/v2\/pages\/25285\/revisions"}],"predecessor-version":[{"id":25297,"href":"https:\/\/www.smilehairclinic.com\/da\/wp-json\/wp\/v2\/pages\/25285\/revisions\/25297"}],"wp:attachment":[{"href":"https:\/\/www.smilehairclinic.com\/da\/wp-json\/wp\/v2\/media?parent=25285"}],"curies":[{"name":"wp","href":"https:\/\/api.w.org\/{rel}","templated":true}]}}