{"id":13036,"date":"2021-07-29T11:27:03","date_gmt":"2021-07-29T08:27:03","guid":{"rendered":"https:\/\/www.smilehairclinic.com\/our-clinic\/"},"modified":"2025-05-16T10:59:54","modified_gmt":"2025-05-16T07:59:54","slug":"vores-klinik","status":"publish","type":"page","link":"https:\/\/www.smilehairclinic.com\/da\/vores-klinik\/","title":{"rendered":"Vores klinik"},"content":{"rendered":"<p>Smile Hair Clinic blev grundlagt i 2018 af Dr. G\u00f6kay Bilgin og Dr. Mehmet Erdo\u011fan, som begge har dedikeret deres \u00e5r til at udvikle FUE-h\u00e5rtransplantationsteknikker og er anerkendte kirurger i hele Europa. Klinikken, der ligger i Ata\u015fehir, et af de mest popul\u00e6re distrikter i Istanbul, tilbyder tjenester i sin 10-etagers smarte bygning p\u00e5 1600 m2. Klinikken tilbyder tjenester inden for alle medicinsk-\u00e6stetiske anvendelser. Klinikkens vigtigste mission er at f\u00e5 patienterne til at f\u00f8le sig hjemme, i et famili\u00e6rt milj\u00f8 og trygge. Vores klinik, hvor tyrkisk g\u00e6stfrihed og kvalitetsstandarder er uundv\u00e6rlige, har v\u00e6ret stolt af at levere kvalitetsservice til sine g\u00e6ster siden den dag, den blev grundlagt.<\/p>\n<p>Alle processer i FUE-h\u00e5rtransplantationsprocedurer overv\u00e5ges af l\u00e6ger, og hvert teammedlem, der er involveret i operationen, har modtaget medicinsk tr\u00e6ning. Til dato har mere end 15.000 patienter fra forskellige lande gennemg\u00e5et h\u00e5rtransplantation, og der er opn\u00e5et succesfulde resultater.<\/p>\n<p>Smile Hairs varme og g\u00e6stfrie team arbejder med det form\u00e5l at f\u00e5 patienterne til at f\u00f8le sig hjemme. Stolene, hvor proceduren udf\u00f8res, er specialfremstillede, og der anvendes viskosenge, s\u00e5 vores patienter f\u00f8ler sig komfortable under hele h\u00e5rtransplantationsproceduren.<\/p>\n<p>Smile Hair Clinic tilbyder behandlinger udf\u00f8rt ved hj\u00e6lp af den nyeste teknologi inden for h\u00e5rtransplantation til patienter fra hele verden. &#8220;SAPHIR H\u00c5RTRANSPLANTATION&#8221; er standard p\u00e5 vores klinik. G\u00e6ster fra hele verden kan drage fordel af Smile Hairs overs\u00e6ttelsestjenester gratis; de kan ogs\u00e5 f\u00e5 adgang til tjenester som hotelreservationer, at blive modtaget i lufthavnen, at blive sat af i lufthavnen og visumr\u00e5dgivning.<\/p>\n","protected":false},"excerpt":{"rendered":"<p>Smile Hair Clinic blev grundlagt i 2018 af Dr. G\u00f6kay Bilgin og Dr. Mehmet Erdo\u011fan, som begge har dedikeret deres \u00e5r til at udvikle FUE-h\u00e5rtransplantationsteknikker og er anerkendte kirurger i hele Europa. Klinikken, der ligger i Ata\u015fehir, et af de mest popul\u00e6re distrikter i Istanbul, tilbyder tjenester i sin 10-etagers smarte bygning p\u00e5 1600 m2. [&hellip;]<\/p>\n","protected":false},"author":1,"featured_media":20257,"parent":0,"menu_order":0,"comment_status":"closed","ping_status":"closed","template":"","meta":{"footnotes":""},"class_list":["post-13036","page","type-page","status-publish","has-post-thumbnail","hentry"],"_links":{"self":[{"href":"https:\/\/www.smilehairclinic.com\/da\/wp-json\/wp\/v2\/pages\/13036","targetHints":{"allow":["GET"]}}],"collection":[{"href":"https:\/\/www.smilehairclinic.com\/da\/wp-json\/wp\/v2\/pages"}],"about":[{"href":"https:\/\/www.smilehairclinic.com\/da\/wp-json\/wp\/v2\/types\/page"}],"author":[{"embeddable":true,"href":"https:\/\/www.smilehairclinic.com\/da\/wp-json\/wp\/v2\/users\/1"}],"replies":[{"embeddable":true,"href":"https:\/\/www.smilehairclinic.com\/da\/wp-json\/wp\/v2\/comments?post=13036"}],"version-history":[{"count":2,"href":"https:\/\/www.smilehairclinic.com\/da\/wp-json\/wp\/v2\/pages\/13036\/revisions"}],"predecessor-version":[{"id":13039,"href":"https:\/\/www.smilehairclinic.com\/da\/wp-json\/wp\/v2\/pages\/13036\/revisions\/13039"}],"wp:featuredmedia":[{"embeddable":true,"href":"https:\/\/www.smilehairclinic.com\/da\/wp-json\/wp\/v2\/media\/20257"}],"wp:attachment":[{"href":"https:\/\/www.smilehairclinic.com\/da\/wp-json\/wp\/v2\/media?parent=13036"}],"curies":[{"name":"wp","href":"https:\/\/api.w.org\/{rel}","templated":true}]}}