{"id":13016,"date":"2022-06-30T15:07:19","date_gmt":"2022-06-30T12:07:19","guid":{"rendered":"https:\/\/www.smilehairclinic.com\/medikal-kurul\/"},"modified":"2025-05-16T10:22:36","modified_gmt":"2025-05-16T07:22:36","slug":"laegeraad","status":"publish","type":"page","link":"https:\/\/www.smilehairclinic.com\/da\/laegeraad\/","title":{"rendered":"L\u00e6ger\u00e5d"},"content":{"rendered":"<p>L\u00e6ger\u00e5det for Smile Hair Clinic; Den blev skabt i samarbejde med vores stiftende l\u00e6ger og sundhedspersonale. Vores m\u00e5l er at give dig videnskabeligt n\u00f8jagtig, p\u00e5lidelig og opdateret information om h\u00e5rsundhed og -behandlinger.<\/p>\n<p>Vores bestyrelse; Vi f\u00f8lger den kliniske udvikling n\u00f8je, evaluerer vores patienters reelle oplevelser og deler dem transparent med offentligheden. Alt det indhold, vi producerer, er udarbejdet i overensstemmelse med medicinske etiske principper og revideres direkte af l\u00e6ger\u00e5det. Vores publikationer er til orientering; Det er ikke en erstatning for diagnose eller behandlingsr\u00e5dgivning.<\/p>\n<p>Som Smile Hair Clinic prioriterer vi gennemsigtighed, videnskabelig n\u00f8jagtighed og patienttilfredshed. Vi br\u00e6nder for det, vi laver, og vi handler med respekt for b\u00e5de vores fag og dig.<\/p>\n<p>Som Smile Hair Clinic mener vi, at:<br \/>\nPr\u00e6cis information er fundamentet for en sikker sundhedsrejse.<\/p>\n<h2>Medicinsk redaktion<\/h2>\n<p>Dr. G\u00f6kay Bilgin \u2013 medstifter, h\u00e5rtransplantationsspecialist<br \/>\nDr. Mehmet Erdo\u011fan \u2013 medstifter, specialist i h\u00e5rtransplantationer<br \/>\nDr. Firdavs Ahmedov \u2013 Medicinsk indholdskonsulent<\/p>\n","protected":false},"excerpt":{"rendered":"<p>L\u00e6ger\u00e5det for Smile Hair Clinic; Den blev skabt i samarbejde med vores stiftende l\u00e6ger og sundhedspersonale. Vores m\u00e5l er at give dig videnskabeligt n\u00f8jagtig, p\u00e5lidelig og opdateret information om h\u00e5rsundhed og -behandlinger. Vores bestyrelse; Vi f\u00f8lger den kliniske udvikling n\u00f8je, evaluerer vores patienters reelle oplevelser og deler dem transparent med offentligheden. Alt det indhold, vi [&hellip;]<\/p>\n","protected":false},"author":1,"featured_media":0,"parent":0,"menu_order":0,"comment_status":"closed","ping_status":"closed","template":"","meta":{"footnotes":""},"class_list":["post-13016","page","type-page","status-publish","hentry"],"_links":{"self":[{"href":"https:\/\/www.smilehairclinic.com\/da\/wp-json\/wp\/v2\/pages\/13016","targetHints":{"allow":["GET"]}}],"collection":[{"href":"https:\/\/www.smilehairclinic.com\/da\/wp-json\/wp\/v2\/pages"}],"about":[{"href":"https:\/\/www.smilehairclinic.com\/da\/wp-json\/wp\/v2\/types\/page"}],"author":[{"embeddable":true,"href":"https:\/\/www.smilehairclinic.com\/da\/wp-json\/wp\/v2\/users\/1"}],"replies":[{"embeddable":true,"href":"https:\/\/www.smilehairclinic.com\/da\/wp-json\/wp\/v2\/comments?post=13016"}],"version-history":[{"count":2,"href":"https:\/\/www.smilehairclinic.com\/da\/wp-json\/wp\/v2\/pages\/13016\/revisions"}],"predecessor-version":[{"id":13031,"href":"https:\/\/www.smilehairclinic.com\/da\/wp-json\/wp\/v2\/pages\/13016\/revisions\/13031"}],"wp:attachment":[{"href":"https:\/\/www.smilehairclinic.com\/da\/wp-json\/wp\/v2\/media?parent=13016"}],"curies":[{"name":"wp","href":"https:\/\/api.w.org\/{rel}","templated":true}]}}